{"id":1670,"date":"2013-01-02T11:19:27","date_gmt":"2013-01-02T10:19:27","guid":{"rendered":"http:\/\/schillerinstitut.com\/?page_id=1670"},"modified":"2013-01-02T11:25:12","modified_gmt":"2013-01-02T10:25:12","slug":"contattaci","status":"publish","type":"page","link":"https:\/\/schillerinstitute.com\/it\/contattaci\/","title":{"rendered":"Contattaci!"},"content":{"rendered":"<div class=\"info-box\">\n<h3 class=\"info-box-title\" style=\"\">Fatti sentire!<\/h3>\n<div class=\"info-box-content\" style=\"\">\n<p><div>La civilt\u00e0 umana \u00e8 minacciata dalla pi\u00f9 grave crisi nella storia moderna: la disintegrazione del sistema economico mondiale, che conduce alla minaccia di un confronto termonucleare, ed \u00e8 aggravata dalla degenerazione culturale. Una svolta verso un nuovo paradigma dovr\u00e0 affrontare gli assiomi che sono alla base dell&#8217;attuale politica catastrofica, e dovr\u00e0 essere fondamentale quanto la svolta assiomatica che port\u00f2 la civilt\u00e0 europea dal Medioevo al Rinascimento, grazie a grandi scoperte nelle scienze naturali e nella composizione artistica classica. Il Medioevo, caratterzzato dallo scolasticismo e dalla superstizione, fu sostituito dalla scienza moderna e dalla cultura moderna.<\/div>\n<div>\n<p>Nel guardare la documentazione su questo sito, avrai notato quanto sia cruciale che tutti gli strati della societ\u00e0 vadano oltre il loro campo specifico di attivit\u00e0 e si impegnino insieme ai propri concittadini per un fine pi\u00f9 alto per l&#8217;umanit\u00e0. Scienziato, ingegnere, ricercatore, cantante, attore o pittore, qualunque sia il tuo campo di specializzazione, se ritieni di poter fare un contributo alla creazione del Nuovo Paradigma necessario ad assicurare la sopravvivenza della civilt\u00e0 umana, contattaci!<\/p>\n<\/div>\n<\/div>\n<\/div>\n<h1>Mandaci un messaggio<\/h1>\n<!-- AddThis Advanced Settings generic via filter on the_content --><!-- AddThis Share Buttons generic via filter on the_content -->","protected":false},"excerpt":{"rendered":"<p>Fatti sentire! La civilt\u00e0 umana \u00e8 minacciata dalla pi\u00f9 grave crisi nella storia moderna: la disintegrazione del sistema economico mondiale, che conduce alla minaccia di un confronto termonucleare, ed \u00e8 aggravata dalla degenerazione culturale. Una svolta verso un nuovo paradigma dovr\u00e0 affrontare gli assiomi che&hellip;<!-- AddThis Advanced Settings generic via filter on get_the_excerpt --><!-- AddThis Share Buttons generic via filter on get_the_excerpt --><\/p>\n","protected":false},"author":33,"featured_media":0,"parent":0,"menu_order":0,"comment_status":"open","ping_status":"closed","template":"template_contact.php","meta":{"_lmt_disableupdate":"","_lmt_disable":"","footnotes":""},"categories":[],"tags":[],"class_list":["post-1670","page","type-page","status-publish","hentry"],"featured_image_src":null,"_links":{"self":[{"href":"https:\/\/schillerinstitute.com\/it\/wp-json\/wp\/v2\/pages\/1670","targetHints":{"allow":["GET"]}}],"collection":[{"href":"https:\/\/schillerinstitute.com\/it\/wp-json\/wp\/v2\/pages"}],"about":[{"href":"https:\/\/schillerinstitute.com\/it\/wp-json\/wp\/v2\/types\/page"}],"author":[{"embeddable":true,"href":"https:\/\/schillerinstitute.com\/it\/wp-json\/wp\/v2\/users\/33"}],"replies":[{"embeddable":true,"href":"https:\/\/schillerinstitute.com\/it\/wp-json\/wp\/v2\/comments?post=1670"}],"version-history":[{"count":0,"href":"https:\/\/schillerinstitute.com\/it\/wp-json\/wp\/v2\/pages\/1670\/revisions"}],"wp:attachment":[{"href":"https:\/\/schillerinstitute.com\/it\/wp-json\/wp\/v2\/media?parent=1670"}],"wp:term":[{"taxonomy":"category","embeddable":true,"href":"https:\/\/schillerinstitute.com\/it\/wp-json\/wp\/v2\/categories?post=1670"},{"taxonomy":"post_tag","embeddable":true,"href":"https:\/\/schillerinstitute.com\/it\/wp-json\/wp\/v2\/tags?post=1670"}],"curies":[{"name":"wp","href":"https:\/\/api.w.org\/{rel}","templated":true}]}}