{"id":3382,"date":"2013-05-18T18:18:09","date_gmt":"2013-05-18T16:18:09","guid":{"rendered":"http:\/\/newparadigm.schillerinstitute.com\/?page_id=3382"},"modified":"2013-05-20T17:39:23","modified_gmt":"2013-05-20T15:39:23","slug":"conference-de-francfort-%e2%80%a2-13-14-avril-2013","status":"publish","type":"page","link":"https:\/\/schillerinstitute.com\/fr\/conference-de-francfort-%e2%80%a2-13-14-avril-2013\/","title":{"rendered":"Conf\u00e9rence de Francfort \u2022 13 &#8211; 14 avril 2013"},"content":{"rendered":"<h3>R\u00e9solution de Francfort : Un Glass-Steagall ou ce sera le chaos<\/h3>\n<div class=\"toggle-container\"><a href=\"#\" class=\"toggle\"><span class=\"toggle-sign\"><\/span><span class=\"toggle-title\">Lire la r\u00e9solution de Francfort<\/span><\/a><\/p>\n<div class=\"toggle-content\">\n<p>La r\u00e9solution suivante a \u00e9t\u00e9 adopt\u00e9e le 14 avril dernier, suite \u00e0 la conf\u00e9rence de deux jours de l\u2019<a href=\"http:\/\/www.schillerinstitute.org\/\" target=\"_blank\" rel=\"external\">Institut Schiller<\/a> tenue en Allemagne et d\u00e9di\u00e9e \u00e0 la cr\u00e9ation d\u2019un <a href=\"http:\/\/newparadigm.schillerinstitute.com\/\" target=\"_blank\" rel=\"external\">nouveau paradigme<\/a> pour sauver la civilisation.<\/p>\n<blockquote><p>\u00ab Rassembl\u00e9s \u00e0 Fl\u00f6rsheim-an-Main en Allemagne, et repr\u00e9sentants des pays de tous les continents, nous affirmons notre soutien sans r\u00e9serve \u00e0 l\u2019adoption par le Congr\u00e8s des Etats-Unis d\u2019une Loi Glass-Steagall, tant \u00e0 la Chambre des repr\u00e9sentants qu\u2019au S\u00e9nat, dans l\u2019esprit de la proposition de loi H.R. 129 de Marcy Kaptur et Walter Jones.<\/p>\n<p>\u00ab Nous sommes tous convaincus qu\u2019il s\u2019agit-l\u00e0 d\u2019une question de vie ou de mort, et que seule une Loi Glass-Steagall aux Etats-Unis peut mettre un terme aux politiques de g\u00e9nocide du syst\u00e8me mon\u00e9taire international existant. C\u2019est l\u2019arme indispensable pour rompre les cha\u00eenes de l\u2019Empire Britannique. En bref, c\u2019est soit Glass-Steagall, soit le chaos et le g\u00e9nocide.<\/p>\n<p>\u00ab Nous sommes par cons\u00e9quent engag\u00e9s \u00e0 mener la bataille pour que le principe Glass-Steagall soit adopt\u00e9, tant aux Etats-Unis qu\u2019au sein de chacun de nos pays. C\u2019est \u00e0 partir de l\u00e0 que pourra se mettre en place un syst\u00e8me de cr\u00e9dit public dans la tradition d\u2019Alexander Hamilton, fond\u00e9 sur une banque nationale pour financer la reconstruction de l\u2019\u00e9conomie mondiale. Cette reconstruction suppose l\u2019exercice de la souverainet\u00e9 de chaque nation sur sa propre monnaie.<\/p>\n<p>\u00ab Afin que l\u2019humanit\u00e9 ait un avenir, il faut que nous mettions fin aux politiques actuelles de r\u00e9solution des conflits par la guerre et nous accordions sur les objectifs communs de l\u2019humanit\u00e9, tels qu\u2019une victoire contre la pauvret\u00e9 dans le monde et la d\u00e9fense de notre plan\u00e8te contre les tr\u00e8s r\u00e9elles menaces provenant de l\u2019espace en organisant une Initiative de d\u00e9fense terrestre.<\/p>\n<p>\u00ab L\u2019adoption imm\u00e9diate de Glass-Steagall, cependant, est le premier pas, sans lequel aucun autre objectif ne pourra jamais \u00eatre r\u00e9alis\u00e9.<\/p>\n<p>\u00ab Notre d\u00e9veloppement mutuel est le nouveau nom de la paix, et la seule alternative \u00e0 la d\u00e9rive vers la guerre thermonucl\u00e9aire. \u00bb<\/p><\/blockquote>\n<p>Les participants \u00e0 cette conf\u00e9rence sont venus d&#8217;Allemagne, Argentine, Australie, Autriche, Bi\u00e9lorussie, Belgique, Chine, Danemark, R\u00e9publique D\u00e9mocratique du Congo, Espagne, France, Gr\u00e8ce, Irak, Iran, Italie, Japon, Kosovo, Mexique, Pays-Bas, Norv\u00e8ge, Russie, Suisse, Su\u00e8de, Ukraine, USA, Venezuela, et Zimbabwe.<\/p><\/div>\n<\/div>\n<!-- AddThis Advanced Settings generic via filter on the_content --><!-- AddThis Share Buttons generic via filter on the_content -->","protected":false},"excerpt":{"rendered":"<p>R\u00e9solution de Francfort : Un Glass-Steagall ou ce sera le chaos Lire la r\u00e9solution de Francfort La r\u00e9solution suivante a \u00e9t\u00e9 adopt\u00e9e le 14 avril dernier, suite \u00e0 la conf\u00e9rence de deux jours de l\u2019Institut Schiller tenue en Allemagne et d\u00e9di\u00e9e \u00e0 la cr\u00e9ation d\u2019un&hellip;<!-- AddThis Advanced Settings generic via filter on get_the_excerpt --><!-- AddThis Share Buttons generic via filter on get_the_excerpt --><\/p>\n","protected":false},"author":26,"featured_media":0,"parent":0,"menu_order":0,"comment_status":"open","ping_status":"closed","template":"template_portfolio1column.php","meta":{"_lmt_disableupdate":"","_lmt_disable":"","footnotes":""},"categories":[],"tags":[],"class_list":["post-3382","page","type-page","status-publish","hentry"],"featured_image_src":null,"_links":{"self":[{"href":"https:\/\/schillerinstitute.com\/fr\/wp-json\/wp\/v2\/pages\/3382","targetHints":{"allow":["GET"]}}],"collection":[{"href":"https:\/\/schillerinstitute.com\/fr\/wp-json\/wp\/v2\/pages"}],"about":[{"href":"https:\/\/schillerinstitute.com\/fr\/wp-json\/wp\/v2\/types\/page"}],"author":[{"embeddable":true,"href":"https:\/\/schillerinstitute.com\/fr\/wp-json\/wp\/v2\/users\/26"}],"replies":[{"embeddable":true,"href":"https:\/\/schillerinstitute.com\/fr\/wp-json\/wp\/v2\/comments?post=3382"}],"version-history":[{"count":0,"href":"https:\/\/schillerinstitute.com\/fr\/wp-json\/wp\/v2\/pages\/3382\/revisions"}],"wp:attachment":[{"href":"https:\/\/schillerinstitute.com\/fr\/wp-json\/wp\/v2\/media?parent=3382"}],"wp:term":[{"taxonomy":"category","embeddable":true,"href":"https:\/\/schillerinstitute.com\/fr\/wp-json\/wp\/v2\/categories?post=3382"},{"taxonomy":"post_tag","embeddable":true,"href":"https:\/\/schillerinstitute.com\/fr\/wp-json\/wp\/v2\/tags?post=3382"}],"curies":[{"name":"wp","href":"https:\/\/api.w.org\/{rel}","templated":true}]}}