{"id":1736,"date":"2013-01-03T12:12:59","date_gmt":"2013-01-03T11:12:59","guid":{"rendered":"http:\/\/schillerinstitut.com\/?page_id=1736"},"modified":"2013-01-03T12:15:04","modified_gmt":"2013-01-03T11:15:04","slug":"panel-i-le-grand-moyen-orient","status":"publish","type":"page","link":"https:\/\/schillerinstitute.com\/fr\/conference-internationale-24-25-novembre-2012\/panel-i-le-grand-moyen-orient\/","title":{"rendered":"Panel I : Le grand Moyen-Orient"},"content":{"rendered":"<div class=\"portfolio-shortcode\">\n<ul class=\"portfolio-2-columns-list portfolio-scale clearfix\">\n<li class=\"portfolio-item\"><a class=\"portfolio-image\" href=\"http:\/\/www.youtube.com\/watch?v=R49azzcd5pw&#038;width=640&#038;height=360\" title=\"Helga Zepp-LaRouche: Seul un changement de paradigme peut nous \u00e9viter la catastrophe\" data-rel=\"lightbox[portfolio]\"><img loading=\"lazy\" decoding=\"async\" src=\"https:\/\/schillerinstitute.com\/wp-content\/uploads\/2012\/12\/20121125-zepplarouche-podium-2-470x280-crop.jpg\" width=\"470\" height=\"280\" alt=\"Helga Zepp-LaRouche, President of the international Schiller Institute\" \/><\/a>\n<div class=\"long-bar\"><\/div>\n<div class=\"portfolio-info\"><a class=\"portfolio-title\" href=\"https:\/\/schillerinstitute.com\/fr\/media\/helga-zepp-larouche-seul-un-changement-de-paradigme-peut-nous-eviter-la-catastrophe-2\/\" >Helga Zepp-LaRouche: Seul un changement de paradigme peut nous \u00e9viter la catastrophe<\/a><\/div>\n<\/li>\n<li class=\"portfolio-item\"><a class=\"portfolio-image\" href=\"http:\/\/www.youtube.com\/watch?v=2tw9KSpKjvg&#038;width=640&#038;height=360\" title=\"Hussein Askary: Un plan de d\u00e9veloppement r\u00e9volutionnaire pour les proche et moyen-orient\" data-rel=\"lightbox[portfolio]\"><img loading=\"lazy\" decoding=\"async\" src=\"https:\/\/schillerinstitute.com\/wp-content\/uploads\/2012\/12\/20121124-askary-470x280-crop.jpg\" width=\"470\" height=\"280\" alt=\"Hussein, Askary\" \/><\/a>\n<div class=\"long-bar\"><\/div>\n<div class=\"portfolio-info\"><a class=\"portfolio-title\" href=\"https:\/\/schillerinstitute.com\/fr\/media\/hussein-askary-un-plan-de-developpement-revolutionnaire-pour-les-proche-et-moyen-orient\/\" >Hussein Askary: Un plan de d\u00e9veloppement r\u00e9volutionnaire pour les proche et moyen-orient<\/a><\/div>\n<\/li>\n<li class=\"portfolio-item\"><a class=\"portfolio-image\" href=\"http:\/\/www.youtube.com\/watch?v=b6InLi3wrf4&#038;width=640&#038;height=360\" title=\"Ali Reza Sheikh Attar: Les cons\u00e9quences globales de l&#8217;instabilit\u00e9 au moyen-orient\" data-rel=\"lightbox[portfolio]\"><img loading=\"lazy\" decoding=\"async\" src=\"https:\/\/schillerinstitute.com\/wp-content\/uploads\/2012\/12\/20121124-ambassador-attar-2-470x280-crop.jpg\" width=\"470\" height=\"280\" alt=\"Ali Reza Sheikh Attar, Ambassador of the Islamic Republic of Iran to Germany\" \/><\/a>\n<div class=\"long-bar\"><\/div>\n<div class=\"portfolio-info\"><a class=\"portfolio-title\" href=\"https:\/\/schillerinstitute.com\/fr\/media\/ali-reza-sheikh-attar-les-consequences-globales-de-linstabilite-au-moyen-orient\/\" >Ali Reza Sheikh Attar: Les cons\u00e9quences globales de l&#8217;instabilit\u00e9 au moyen-orient<\/a><\/div>\n<\/li>\n<li class=\"portfolio-item\"><a class=\"portfolio-image\" href=\"http:\/\/www.youtube.com\/watch?v=6-aMTq7uDdI&#038;width=640&#038;height=360\" title=\"Ghoncheh Tazmini: Une perspective nouvelle pour l&#8217;Iran\" data-rel=\"lightbox[portfolio]\"><img loading=\"lazy\" decoding=\"async\" src=\"https:\/\/schillerinstitute.com\/wp-content\/uploads\/2012\/12\/20121124-tazmini-470x280-crop.jpg\" width=\"470\" height=\"280\" alt=\"Ghoncheh Tazmini\" \/><\/a>\n<div class=\"long-bar\"><\/div>\n<div class=\"portfolio-info\"><a class=\"portfolio-title\" href=\"https:\/\/schillerinstitute.com\/fr\/media\/ghoncheh-tazmini-une-perspective-nouvelle-pour-liran\/\" >Ghoncheh Tazmini: Une perspective nouvelle pour l&#8217;Iran<\/a><\/div>\n<\/li>\n<li class=\"portfolio-item\"><a class=\"portfolio-image\" href=\"http:\/\/www.youtube.com\/watch?v=pWMx24-LrkM&#038;width=640&#038;height=360\" title=\"Bassam Tahhan: Une perspective pour la Paix en Syrie et dans la r\u00e9gion\" data-rel=\"lightbox[portfolio]\"><img loading=\"lazy\" decoding=\"async\" src=\"https:\/\/schillerinstitute.com\/wp-content\/uploads\/2012\/12\/20121124-tahhan-470x280-crop.jpg\" width=\"470\" height=\"280\" alt=\"Prof. Bassam Tahhan\" \/><\/a>\n<div class=\"long-bar\"><\/div>\n<div class=\"portfolio-info\"><a class=\"portfolio-title\" href=\"https:\/\/schillerinstitute.com\/fr\/media\/bassam-tahhan-une-perspective-pour-la-paix-en-syrie-et-dans-la-region\/\" >Bassam Tahhan: Une perspective pour la Paix en Syrie et dans la r\u00e9gion<\/a><\/div>\n<\/li>\n<\/ul>\n<\/div>\n<div class=\"hr to-top\">\n<hr \/>\n<p><span class=\"to-top\">To Top<\/span><\/div>\n<!-- AddThis Advanced Settings generic via filter on the_content --><!-- AddThis Share Buttons generic via filter on the_content -->","protected":false},"excerpt":{"rendered":"<p>Helga Zepp-LaRouche: Seul un changement de paradigme peut nous \u00e9viter la catastrophe Hussein Askary: Un plan de d\u00e9veloppement r\u00e9volutionnaire pour les proche et moyen-orient Ali Reza Sheikh Attar: Les cons\u00e9quences globales de l&#8217;instabilit\u00e9 au moyen-orient Ghoncheh Tazmini: Une perspective nouvelle pour l&#8217;Iran Bassam Tahhan: Une&hellip;<!-- AddThis Advanced Settings generic via filter on get_the_excerpt --><!-- AddThis Share Buttons generic via filter on get_the_excerpt --><\/p>\n","protected":false},"author":33,"featured_media":0,"parent":1730,"menu_order":1,"comment_status":"open","ping_status":"closed","template":"template_fullwidth.php","meta":{"_lmt_disableupdate":"","_lmt_disable":"","footnotes":""},"categories":[],"tags":[],"class_list":["post-1736","page","type-page","status-publish","hentry"],"featured_image_src":null,"_links":{"self":[{"href":"https:\/\/schillerinstitute.com\/fr\/wp-json\/wp\/v2\/pages\/1736","targetHints":{"allow":["GET"]}}],"collection":[{"href":"https:\/\/schillerinstitute.com\/fr\/wp-json\/wp\/v2\/pages"}],"about":[{"href":"https:\/\/schillerinstitute.com\/fr\/wp-json\/wp\/v2\/types\/page"}],"author":[{"embeddable":true,"href":"https:\/\/schillerinstitute.com\/fr\/wp-json\/wp\/v2\/users\/33"}],"replies":[{"embeddable":true,"href":"https:\/\/schillerinstitute.com\/fr\/wp-json\/wp\/v2\/comments?post=1736"}],"version-history":[{"count":0,"href":"https:\/\/schillerinstitute.com\/fr\/wp-json\/wp\/v2\/pages\/1736\/revisions"}],"up":[{"embeddable":true,"href":"https:\/\/schillerinstitute.com\/fr\/wp-json\/wp\/v2\/pages\/1730"}],"wp:attachment":[{"href":"https:\/\/schillerinstitute.com\/fr\/wp-json\/wp\/v2\/media?parent=1736"}],"wp:term":[{"taxonomy":"category","embeddable":true,"href":"https:\/\/schillerinstitute.com\/fr\/wp-json\/wp\/v2\/categories?post=1736"},{"taxonomy":"post_tag","embeddable":true,"href":"https:\/\/schillerinstitute.com\/fr\/wp-json\/wp\/v2\/tags?post=1736"}],"curies":[{"name":"wp","href":"https:\/\/api.w.org\/{rel}","templated":true}]}}