{"id":2375,"date":"2013-03-07T21:20:04","date_gmt":"2013-03-07T20:20:04","guid":{"rendered":"http:\/\/newparadigm.schillerinstitute.com\/?page_id=2375"},"modified":"2015-08-21T15:58:23","modified_gmt":"2015-08-21T13:58:23","slug":"alto-a-la-tercera-guerra-mundial","status":"publish","type":"page","link":"https:\/\/schillerinstitute.com\/es\/alto-a-la-tercera-guerra-mundial\/","title":{"rendered":"Alto a la tercera guerra Mundial"},"content":{"rendered":"<div class=\"one-half\">\n<p>Desde el oto\u00f1o de 2011, el Instituto Schiller se ha movilzado para impedir una nueva Guerra Mundial que pudiera resultar de cualquiera de las conflagraciones en el Medio Oriente o el Pac\u00edfico Occidental. Los acuales gobiernos de Occidente \u2014 en particular el gobierno de Obama, asesorado por Tony Blair \u2014 est\u00e1n en una trayectoria de confrontaci\u00f3n con Rusia y China. Hoy, una Guerra Mundial significa un intercambio de armas termonucleares. Como lo muestran muchos estudios realizados durante la Guerra Fr\u00eda, esto implicar\u00eda sin duda la extinci\u00f3n de la raza humana. Sin embargo, en contraste con la Guerra Fr\u00eda, no hay ning\u00fan clamor en contra y casi ninguna personalidad p\u00fablica se manifiesta contra este peligro. Es necesario reconocer que el peligro de guerra es un efecto directo del desplome econ\u00f3mico sist\u00e9mico del mundo transatl\u00e1ntico, donde la oligarqu\u00eda financiera dominante ha declarado el final del Estado nacional, para mantener su posici\u00f3n de dominio. Por eso, Rusia y China, en virtud de su relativo progreso econ\u00f3mico y su defensa de la Carta de la ONU, son una amenaz a ese dominio.<\/p>\n<\/div>\n<div class=\"one-half last\">\n<div class=\"testimonial-container\">\n<div class=\"testimonial-content\" style=\"\">\n<p>\nTodos ustedes saben que la situaci\u00f3n en el Sudoeste de Asia o en el Gran Oriente Medio, es un polvor\u00edn ahora mismo. De hecho, se puede comparar a la situaci\u00f3n de los Balcanes antes de la Primera Guerra Mundial. Y se puede ver f\u00e1cilmente que solo un incidente m\u00e1s y puede estallar en una nueva Tercera Guerra Mundial, que en esta ocasi\u00f3n, con toda probabilidad, ser\u00eda una guerra termonuclear, y estamos literalmente al borde de ello. Si eso sucediera, nuestra estimaci\u00f3n es que eso conducir\u00eda a la extinci\u00f3n de la raza humana, porque si solo se utilizara una peque\u00f1a parte del arsenal nuclear disponible, eso llevar\u00eda a un invierno nuclear, y despu\u00e9s de una hora y media, la mayor parte de la vida se extinguir\u00eda, y en unas pocas semanas o quiz\u00e1s a\u00f1os, la probabilidad es que no sobrevivir\u00eda nadie.<\/p>\n<div class=\"triangle\" style=\"\"><\/div>\n<\/div>\n<div class=\"testimonial-meta\"><span class=\"testimonial-person\">Helga Zepp-LaRouche, Presidenta del Instituto Schiller, 24 de Noviembre de 2012<\/span><\/div>\n<\/div>\n<\/div>\n<div class=\"clearfix\"><\/div>\n<div><\/div>\n<div class=\"hr\">\n<hr \/>\n<\/div>\n<div class=\"big-title\">\n<div class=\"bar\"><\/div>\n<h2>Un llamado a detener el peligro inmediato de <strong>una Tercera Guerra Mundial<\/strong><\/h2>\n<p class=\"sub-title-empty\">&nbsp;<\/p>\n<\/div>\n<p><span lang=\"es\" xml:lang=\"es\"><strong><em>5 de agosto de 2015<\/em><\/strong> \u2014\u00a0<\/span><span lang=\"es\" xml:lang=\"es\">Ya es hora de romper el m\u00e1s peligroso tab\u00fa del presente: Reconocer la aguda posibilidad de que la humanidad sea aniquilada en d\u00edas o semanas, y actuar en consecuencia.<\/span><\/p>\n<p><span lang=\"es\" xml:lang=\"es\">En el 70 aniversario del bombardeo de Hiroshima y Nagasaki, el mundo se encuentra m\u00e1s cerca del umbral de una guerra termonuclear que en ning\u00fan momento desde la Crisis de los Misiles Cubanos de 1962. El gobierno de Obama y la OTAN han puesto a la humanidad en peligro de una extinci\u00f3n repentina mediante una serie de provocaciones insensatas dirigidas contra Rusia, primero, y luego contra China.<\/span><\/p>\n<p><span lang=\"es\" xml:lang=\"es\">Cuando cay\u00f3 la Cortina de Hierro, se lleg\u00f3 al acuerdo de que, a cambio de que Rusia aceptase la reunificaci\u00f3n de Alemania dentro de la OTAN, no habr\u00eda una mayor expansi\u00f3n de la OTAN hacia el este. Quienes anhelaban una Europa de estabilidad y cooperaci\u00f3n despu\u00e9s de la Guerra Fr\u00eda, esperaban que las naciones con econom\u00edas industriales potencialmente poderosas, como Polonia y la entonces Checoslovaquia, as\u00ed como \u2014 despu\u00e9s de la disoluci\u00f3n de la Uni\u00f3n Sovi\u00e9tica en 1991\u2014 Ucrania, servir\u00edan como puente entre la Uni\u00f3n Europea y el bloque econ\u00f3mico euroasi\u00e1tico emergente.<\/span><\/p>\n<p><span lang=\"es\" xml:lang=\"es\">Todos estos acuerdos fundamentales para prevenir la guerra se han violado. La subsecretaria de Estado de EU para Asuntos Europeos y Euroasi\u00e1ticos, Victoria Nuland, se jact\u00f3 p\u00fablicamente en diciembre de 2013 de que Estados Unidos ha gastado $5 mil millones de d\u00f3lares en &#8220;revoluciones de color&#8221; para jalar a Ucrania a la Uni\u00f3n Europea, y eventualmente, hacia la OTAN.<\/span><\/p>\n<p><span lang=\"es\" xml:lang=\"es\">Estados Unidos se retir\u00f3 unilateralmente del Tratado ABM, sobre misiles antibal\u00edsticos, a fin de desplegar un sistema de defensa antimisiles en Europa Oriental y del Sur, supuestamente apuntando hacia Ir\u00e1n, pero en realidad con Rusia en la mira. La semana pasada, el gobierno de Obama confirm\u00f3 esta realidad cuando anunci\u00f3 que el despliegue de esos sistemas seguir\u00e1n adelante a pesar del acuerdo al que lleg\u00f3 el grupo P5+1 con Ir\u00e1n. Funcionarios rusos han se\u00f1alado, desde el primer momento, que la instalaci\u00f3n unilateral del sistema de defensa antimisiles (conocido como Sistema ABM, por sus siglas en ingl\u00e9s) de Estados Unidos en Europa era parte de un plan para desarrollar una capacidad de lanzar un ataque termonuclear preventivo en contra de Rusia.<\/span><\/p>\n<p><span lang=\"es\" xml:lang=\"es\">El despliegue de ese sistema ABM est\u00e1 muy avanzado en Rumania y Polonia, y los tres primeros buques equipados con sistemas de defensa antimisiles AEGIS ya est\u00e1n ubicados en su sitio y han realizado maniobras en el Mar Negro y en el Mar B\u00e1ltico, ambos en la frontera del territorio ruso.<\/span><\/p>\n<p><span lang=\"es\" xml:lang=\"es\">Ahora han salido a la luz informes de que las pr\u00f3ximas maniobras militares de la OTAN denominadas Trident Juncture 15, consistir\u00e1n en ejercicios del empleo de armas nucleares contra Rusia. Washington avanza con la producci\u00f3n y despliegue de una nueva generaci\u00f3n de armas nucleares t\u00e1cticas, las B-61-12, que pueden alcanzar objetivos dentro del territorio ruso desde los aviones caza sigilosos F-35. Se estima que se producir\u00e1n unas 500 de estas armas nucleares B-61-12, y los planes actuales contemplan que se desplieguen 200 de esas en Europea continental.<\/span><\/p>\n<p><span lang=\"es\" xml:lang=\"es\">Estas provocaciones inconfundibles no han pasado desapercibidas en el Oriente y Occidente. Desde que se desat\u00f3 el golpe de Estado en Ucrania en noviembre de 2013, Rusia ha llevado a cabo una importante actualizaci\u00f3n de todas sus fuerzas estrat\u00e9gicas termonucleares. Funcionarios de defensa rusos han advertido p\u00fablicamente que han desarrollado y desplegado una capacidad nuclear invencible de segundo ataque. Para demostrar esto, los bombarderos estrat\u00e9gicos y submarinos rusos han realizado maniobras en aguas internacionales cerca de los territorios de la OTAN.<\/span><\/p>\n<p><span lang=\"es\" xml:lang=\"es\">Durante el lapso del mes de agosto, hay un grave peligro de provocaciones contra Rusia por parte del Presidente Obama, quien podr\u00eda aprovechar la ocasi\u00f3n del receso del Congreso para lanzar una guerra. Una amplia gama de personalidades influyentes ya han expresado sus preocupaciones, entre ellos oficiales militares de alto rango estadounidenses y rusos. La gravedad del peligro se muestra en la decisi\u00f3n de Obama, de cambiar las reglas de ataque de la Fuerza A\u00e9rea de EU en Siria, sin la aprobaci\u00f3n del Congreso, tres d\u00edas despu\u00e9s de que el Congreso sali\u00f3 a receso, con lo cual se ocasiona el peligro inmediato de una escalada de guerra en contra de Siria misma, contra lo cual el Congreso vot\u00f3 hace dos a\u00f1os.<\/span><\/p>\n<p><span lang=\"es\" xml:lang=\"es\">En 1914 el mundo caminaba son\u00e1mbulo hacia la cat\u00e1strofe. Hoy en d\u00eda, con arsenales de armas termonucleares suficientes como para extinguir a la civilizaci\u00f3n decenas de veces, el mundo camina son\u00e1mbulo de nuevo hacia el abismo.<\/span><\/p>\n<p><span lang=\"es\" xml:lang=\"es\">Nosotros, los abajo firmantes, exigimos el alto inmediato a la confrontaci\u00f3n contra Rusia y China, y el retorno a la soluci\u00f3n pol\u00edtica de todos los conflictos.<\/span><a id=\"form\" name=\"form\"><\/a><\/p>\n<div id=\"vfb-form-12\" class=\"visual-form-builder-container\"><form id=\"call-to-stop-world-war-iii-sp-12\" class=\"visual-form-builder vfb-form-12 \" method=\"post\" enctype=\"multipart\/form-data\">\n\t  \t<input type=\"hidden\" name=\"form_id\" value=\"12\" \/><fieldset class=\"vfb-fieldset vfb-fieldset-1 forma-para-firmar-la-declaracion \" id=\"item-vfb-163\"><div class=\"vfb-legend\"><h3>FORMA PARA FIRMAR LA DECLARACI\u00d3N<\/h3><\/div><ul class=\"vfb-section vfb-section-1\"><li class=\"vfb-item vfb-item-text   vfb-left-half\" id=\"item-vfb-158\"><label for=\"vfb-158\" class=\"vfb-desc\">Nombre  <span class=\"vfb-required-asterisk\">*<\/span><\/label><input type=\"text\" name=\"vfb-158\" id=\"vfb-158\" value=\"\" class=\"vfb-text  vfb-medium  required  \" \/><\/li><li class=\"vfb-item vfb-item-text   vfb-right-half\" id=\"item-vfb-155\"><label for=\"vfb-155\" class=\"vfb-desc\">Apellido  <span class=\"vfb-required-asterisk\">*<\/span><\/label><input type=\"text\" name=\"vfb-155\" id=\"vfb-155\" value=\"\" class=\"vfb-text  vfb-medium  required  \" \/><\/li><li class=\"vfb-item vfb-item-email   vfb-left-half\" id=\"item-vfb-156\"><label for=\"vfb-156\" class=\"vfb-desc\">Email  <span class=\"vfb-required-asterisk\">*<\/span><\/label><input type=\"email\" name=\"vfb-156\" id=\"vfb-156\" value=\"\" class=\"vfb-text  vfb-medium  required  email \" \/><\/li><li class=\"vfb-item vfb-item-phone   vfb-right-half\" id=\"item-vfb-154\"><label for=\"vfb-154\" class=\"vfb-desc\">Tel\u00e9fono  <span class=\"vfb-required-asterisk\">*<\/span><\/label><input type=\"tel\" name=\"vfb-154\" id=\"vfb-154\" value=\"\" class=\"vfb-text  vfb-medium  required  phone \" \/><\/li><li class=\"vfb-item vfb-item-text  \" id=\"item-vfb-153\"><label for=\"vfb-153\" class=\"vfb-desc\">T\u00edtulo\/Afiliaci\u00f3n\/ Organizaci\u00f3n <\/label><span class=\"vfb-span\"><input type=\"text\" name=\"vfb-153\" id=\"vfb-153\" value=\"\" class=\"vfb-text  vfb-large   \" \/><label>(solo para fines de identificaci\u00f3n)<\/label><\/span><\/li><li class=\"vfb-item vfb-item-address  \" id=\"item-vfb-157\"><label class=\"vfb-desc\">Direcci\u00f3n  <span class=\"vfb-required-asterisk\">*<\/span><\/label><div><span class=\"vfb-full\"><input type=\"text\" name=\"vfb-157[address]\" id=\"vfb-157-address\" maxlength=\"150\" class=\"vfb-text vfb-medium  required \" \/><label for=\"vfb-157-address\">Street Address<\/label><\/span><span class=\"vfb-full\"><input type=\"text\" name=\"vfb-157[address-2]\" id=\"vfb-157-address-2\" maxlength=\"150\" class=\"vfb-text vfb-medium  \" \/><label for=\"vfb-157-address-2\">Apt, Suite, Bldg. (optional)<\/label><\/span><span class=\"vfb-left\"><input type=\"text\" name=\"vfb-157[city]\" id=\"vfb-157-city\" maxlength=\"150\" class=\"vfb-text vfb-medium  required \" \/><label for=\"vfb-157-city\">Ciudad<\/label><\/span><span class=\"vfb-right\"><input type=\"text\" name=\"vfb-157[state]\" id=\"vfb-157-state\" maxlength=\"150\" class=\"vfb-text vfb-medium  required \" \/><label for=\"vfb-157-state\">Estado \/ provincia \/ regi\u00f3n<\/label><\/span><span class=\"vfb-left\"><input type=\"text\" name=\"vfb-157[zip]\" id=\"vfb-157-zip\" maxlength=\"150\" class=\"vfb-text vfb-medium  required \" \/><label for=\"vfb-157-zip\">Postal \/ C\u00f3digo postal<\/label><\/span><span class=\"vfb-right\"><select name=\"vfb-157[country]\" class=\"vfb-select  required \" id=\"vfb-157-country\"><option value=\"\" selected='selected'><\/option><option value=\"Afghanistan\">Afghanistan<\/option><option value=\"Albania\">Albania<\/option><option value=\"Algeria\">Algeria<\/option><option value=\"Andorra\">Andorra<\/option><option value=\"Angola\">Angola<\/option><option value=\"Antigua and Barbuda\">Antigua and Barbuda<\/option><option value=\"Argentina\">Argentina<\/option><option value=\"Armenia\">Armenia<\/option><option value=\"Australia\">Australia<\/option><option value=\"Austria\">Austria<\/option><option value=\"Azerbaijan\">Azerbaijan<\/option><option value=\"Bahamas\">Bahamas<\/option><option value=\"Bahrain\">Bahrain<\/option><option value=\"Bangladesh\">Bangladesh<\/option><option value=\"Barbados\">Barbados<\/option><option value=\"Belarus\">Belarus<\/option><option value=\"Belgium\">Belgium<\/option><option value=\"Belize\">Belize<\/option><option value=\"Benin\">Benin<\/option><option value=\"Bhutan\">Bhutan<\/option><option value=\"Bolivia\">Bolivia<\/option><option value=\"Bosnia and Herzegovina\">Bosnia and Herzegovina<\/option><option value=\"Botswana\">Botswana<\/option><option value=\"Brazil\">Brazil<\/option><option value=\"Brunei\">Brunei<\/option><option value=\"Bulgaria\">Bulgaria<\/option><option value=\"Burkina Faso\">Burkina Faso<\/option><option value=\"Burundi\">Burundi<\/option><option value=\"Cambodia\">Cambodia<\/option><option value=\"Cameroon\">Cameroon<\/option><option value=\"Canada\">Canada<\/option><option value=\"Cape Verde\">Cape Verde<\/option><option value=\"Central African Republic\">Central African Republic<\/option><option value=\"Chad\">Chad<\/option><option value=\"Chile\">Chile<\/option><option value=\"China\">China<\/option><option value=\"Colombia\">Colombia<\/option><option value=\"Comoros\">Comoros<\/option><option value=\"Congo (Brazzaville)\">Congo (Brazzaville)<\/option><option value=\"Congo\">Congo<\/option><option value=\"Costa Rica\">Costa Rica<\/option><option value=\"Cote d\\'Ivoire\">Cote d\\'Ivoire<\/option><option value=\"Croatia\">Croatia<\/option><option value=\"Cuba\">Cuba<\/option><option value=\"Cyprus\">Cyprus<\/option><option value=\"Czech Republic\">Czech Republic<\/option><option value=\"Denmark\">Denmark<\/option><option value=\"Djibouti\">Djibouti<\/option><option value=\"Dominica\">Dominica<\/option><option value=\"Dominican Republic\">Dominican Republic<\/option><option value=\"East Timor (Timor Timur)\">East Timor (Timor Timur)<\/option><option value=\"Ecuador\">Ecuador<\/option><option value=\"Egypt\">Egypt<\/option><option value=\"El Salvador\">El Salvador<\/option><option value=\"Equatorial Guinea\">Equatorial Guinea<\/option><option value=\"Eritrea\">Eritrea<\/option><option value=\"Estonia\">Estonia<\/option><option value=\"Ethiopia\">Ethiopia<\/option><option value=\"Fiji\">Fiji<\/option><option value=\"Finland\">Finland<\/option><option value=\"France\">France<\/option><option value=\"Gabon\">Gabon<\/option><option value=\"Gambia, The\">Gambia, The<\/option><option value=\"Georgia\">Georgia<\/option><option value=\"Germany\">Germany<\/option><option value=\"Ghana\">Ghana<\/option><option value=\"Greece\">Greece<\/option><option value=\"Grenada\">Grenada<\/option><option value=\"Guatemala\">Guatemala<\/option><option value=\"Guinea\">Guinea<\/option><option value=\"Guinea-Bissau\">Guinea-Bissau<\/option><option value=\"Guyana\">Guyana<\/option><option value=\"Haiti\">Haiti<\/option><option value=\"Honduras\">Honduras<\/option><option value=\"Hungary\">Hungary<\/option><option value=\"Iceland\">Iceland<\/option><option value=\"India\">India<\/option><option value=\"Indonesia\">Indonesia<\/option><option value=\"Iran\">Iran<\/option><option value=\"Iraq\">Iraq<\/option><option value=\"Ireland\">Ireland<\/option><option value=\"Israel\">Israel<\/option><option value=\"Italy\">Italy<\/option><option value=\"Jamaica\">Jamaica<\/option><option value=\"Japan\">Japan<\/option><option value=\"Jordan\">Jordan<\/option><option value=\"Kazakhstan\">Kazakhstan<\/option><option value=\"Kenya\">Kenya<\/option><option value=\"Kiribati\">Kiribati<\/option><option value=\"Korea, North\">Korea, North<\/option><option value=\"Korea, South\">Korea, South<\/option><option value=\"Kuwait\">Kuwait<\/option><option value=\"Kyrgyzstan\">Kyrgyzstan<\/option><option value=\"Laos\">Laos<\/option><option value=\"Latvia\">Latvia<\/option><option value=\"Lebanon\">Lebanon<\/option><option value=\"Lesotho\">Lesotho<\/option><option value=\"Liberia\">Liberia<\/option><option value=\"Libya\">Libya<\/option><option value=\"Liechtenstein\">Liechtenstein<\/option><option value=\"Lithuania\">Lithuania<\/option><option value=\"Luxembourg\">Luxembourg<\/option><option value=\"Macedonia\">Macedonia<\/option><option value=\"Madagascar\">Madagascar<\/option><option value=\"Malawi\">Malawi<\/option><option value=\"Malaysia\">Malaysia<\/option><option value=\"Maldives\">Maldives<\/option><option value=\"Mali\">Mali<\/option><option value=\"Malta\">Malta<\/option><option value=\"Marshall Islands\">Marshall Islands<\/option><option value=\"Mauritania\">Mauritania<\/option><option value=\"Mauritius\">Mauritius<\/option><option value=\"Mexico\">Mexico<\/option><option value=\"Micronesia\">Micronesia<\/option><option value=\"Moldova\">Moldova<\/option><option value=\"Monaco\">Monaco<\/option><option value=\"Mongolia\">Mongolia<\/option><option value=\"Montenegro\">Montenegro<\/option><option value=\"Morocco\">Morocco<\/option><option value=\"Mozambique\">Mozambique<\/option><option value=\"Myanmar\">Myanmar<\/option><option value=\"Namibia\">Namibia<\/option><option value=\"Nauru\">Nauru<\/option><option value=\"Nepal\">Nepal<\/option><option value=\"Netherlands\">Netherlands<\/option><option value=\"New Zealand\">New Zealand<\/option><option value=\"Nicaragua\">Nicaragua<\/option><option value=\"Niger\">Niger<\/option><option value=\"Nigeria\">Nigeria<\/option><option value=\"Norway\">Norway<\/option><option value=\"Oman\">Oman<\/option><option value=\"Pakistan\">Pakistan<\/option><option value=\"Palestinian Territory\">Palestinian Territory<\/option><option value=\"Palau\">Palau<\/option><option value=\"Panama\">Panama<\/option><option value=\"Papua New Guinea\">Papua New Guinea<\/option><option value=\"Paraguay\">Paraguay<\/option><option value=\"Peru\">Peru<\/option><option value=\"Philippines\">Philippines<\/option><option value=\"Poland\">Poland<\/option><option value=\"Portugal\">Portugal<\/option><option value=\"Qatar\">Qatar<\/option><option value=\"Romania\">Romania<\/option><option value=\"Russia\">Russia<\/option><option value=\"Rwanda\">Rwanda<\/option><option value=\"Saint Kitts and Nevis\">Saint Kitts and Nevis<\/option><option value=\"Saint Lucia\">Saint Lucia<\/option><option value=\"Saint Vincent\">Saint Vincent<\/option><option value=\"Samoa\">Samoa<\/option><option value=\"San Marino\">San Marino<\/option><option value=\"Sao Tome and Principe\">Sao Tome and Principe<\/option><option value=\"Saudi Arabia\">Saudi Arabia<\/option><option value=\"Senegal\">Senegal<\/option><option value=\"Serbia\">Serbia<\/option><option value=\"Seychelles\">Seychelles<\/option><option value=\"Sierra Leone\">Sierra Leone<\/option><option value=\"Singapore\">Singapore<\/option><option value=\"Slovakia\">Slovakia<\/option><option value=\"Slovenia\">Slovenia<\/option><option value=\"Solomon Islands\">Solomon Islands<\/option><option value=\"Somalia\">Somalia<\/option><option value=\"South Africa\">South Africa<\/option><option value=\"Spain\">Spain<\/option><option value=\"Sri Lanka\">Sri Lanka<\/option><option value=\"Sudan\">Sudan<\/option><option value=\"Suriname\">Suriname<\/option><option value=\"Swaziland\">Swaziland<\/option><option value=\"Sweden\">Sweden<\/option><option value=\"Switzerland\">Switzerland<\/option><option value=\"Syria\">Syria<\/option><option value=\"Taiwan\">Taiwan<\/option><option value=\"Tajikistan\">Tajikistan<\/option><option value=\"Tanzania\">Tanzania<\/option><option value=\"Thailand\">Thailand<\/option><option value=\"Togo\">Togo<\/option><option value=\"Tonga\">Tonga<\/option><option value=\"Trinidad and Tobago\">Trinidad and Tobago<\/option><option value=\"Tunisia\">Tunisia<\/option><option value=\"Turkey\">Turkey<\/option><option value=\"Turkmenistan\">Turkmenistan<\/option><option value=\"Tuvalu\">Tuvalu<\/option><option value=\"Uganda\">Uganda<\/option><option value=\"Ukraine\">Ukraine<\/option><option value=\"United Arab Emirates\">United Arab Emirates<\/option><option value=\"United Kingdom\">United Kingdom<\/option><option value=\"United States of America\">United States of America<\/option><option value=\"Uruguay\">Uruguay<\/option><option value=\"Uzbekistan\">Uzbekistan<\/option><option value=\"Vanuatu\">Vanuatu<\/option><option value=\"Vatican City\">Vatican City<\/option><option value=\"Venezuela\">Venezuela<\/option><option value=\"Vietnam\">Vietnam<\/option><option value=\"Western Sahara\">Western Sahara<\/option><option value=\"Western Samoa\">Western Samoa<\/option><option value=\"Yemen\">Yemen<\/option><option value=\"Zambia\">Zambia<\/option><option value=\"Zimbabwe\">Zimbabwe<\/option><\/select><label for=\"vfb-157-country\">Pa\u00eds<\/label><\/span><\/div><\/li><li class=\"vfb-item vfb-item-textarea  \" id=\"item-vfb-159\"><label for=\"vfb-159\" class=\"vfb-desc\">comentario (opcional) <\/label><div><textarea name=\"vfb-159\" id=\"vfb-159\" class=\"vfb-textarea  vfb-medium  \"><\/textarea><\/div><\/li><\/ul>&nbsp;<\/fieldset><fieldset class=\"vfb-fieldset vfb-fieldset-2 verificacion \" id=\"item-vfb-160\" style=\"display:block\"><div class=\"vfb-legend\"><h3>Verificaci\u00f3n<\/h3><\/div><ul class=\"vfb-section vfb-section-2\"><li class=\"vfb-item vfb-item-secret\"  style=\"display:block\"><label for=\"vfb-164\" class=\"vfb-desc\">Please enter any two digits<\/label><input type=\"hidden\" name=\"_vfb-required-secret\" value=\"0\" \/><input type=\"hidden\" name=\"_vfb-secret\" value=\"vfb-164\" \/><span class=\"vfb-span\"><input type=\"text\" name=\"vfb-164\" id=\"vfb-164\" value=\"\" class=\"vfb-text  vfb-medium  {digits:true,maxlength:2,minlength:2} \" style=\"display:block\" \/><label>Example: 12<\/label><\/span><li style=\"display:none;\"><label>Esta caja es para protecci\u00f3n contra el spam - &lt;strong&gt;por favor d\u00e9jalo en blanco&lt;\/strong&gt;:<\/label><div><input name=\"vfb-spam\" \/><\/div><\/li>\n\t\t\t<li class=\"vfb-item vfb-item-submit\" id=\"item-vfb-162\">\n\t\t\t\t<input type=\"submit\" name=\"vfb-submit\" id=\"vfb-162\" value=\"Haz clic para firmar\" class=\"vfb-submit \" \/>\n\t\t\t\t<\/li><\/ul>\n\t\t\t<\/fieldset><input type=\"hidden\" name=\"_wp_http_referer\" value=\"\/es\/wp-json\/wp\/v2\/pages\/2375\" \/><\/form><\/div> <!-- .visual-form-builder-container -->\n<p style=\"text-align: left;\" align=\"center\">\n<div class=\"hr\">\n<hr \/>\n<\/div>\n<div class=\"big-title\">\n<div class=\"bar\"><\/div>\n<h2>Ay\u00fadanos a <strong>detener la guerra<\/strong><\/h2>\n<p class=\"sub-title\">\u00bfQu\u00e9 puedes hacer con respecto al \u2018Cambio de r\u00e9gimen\u2019 y la \u2018Guerra al terrorismo\u2019?<\/p>\n<\/div>\n<p><a href=\"es\/contactenos\/\" class=\"custom-button medium\">com\u00faniquese ahora<\/a><\/p>\n<!-- AddThis Advanced Settings generic via filter on the_content --><!-- AddThis Share Buttons generic via filter on the_content -->","protected":false},"excerpt":{"rendered":"<p>Desde el oto\u00f1o de 2011, el Instituto Schiller se ha movilzado para impedir una nueva Guerra Mundial que pudiera resultar de cualquiera de las conflagraciones en el Medio Oriente o el Pac\u00edfico Occidental. Los acuales gobiernos de Occidente \u2014 en particular el gobierno de Obama,&hellip;<!-- AddThis Advanced Settings generic via filter on get_the_excerpt --><!-- AddThis Share Buttons generic via filter on get_the_excerpt --><\/p>\n","protected":false},"author":33,"featured_media":0,"parent":0,"menu_order":2,"comment_status":"open","ping_status":"closed","template":"template_fullwidth.php","meta":{"_lmt_disableupdate":"","_lmt_disable":"","footnotes":""},"categories":[],"tags":[],"class_list":["post-2375","page","type-page","status-publish","hentry"],"featured_image_src":null,"_links":{"self":[{"href":"https:\/\/schillerinstitute.com\/es\/wp-json\/wp\/v2\/pages\/2375","targetHints":{"allow":["GET"]}}],"collection":[{"href":"https:\/\/schillerinstitute.com\/es\/wp-json\/wp\/v2\/pages"}],"about":[{"href":"https:\/\/schillerinstitute.com\/es\/wp-json\/wp\/v2\/types\/page"}],"author":[{"embeddable":true,"href":"https:\/\/schillerinstitute.com\/es\/wp-json\/wp\/v2\/users\/33"}],"replies":[{"embeddable":true,"href":"https:\/\/schillerinstitute.com\/es\/wp-json\/wp\/v2\/comments?post=2375"}],"version-history":[{"count":0,"href":"https:\/\/schillerinstitute.com\/es\/wp-json\/wp\/v2\/pages\/2375\/revisions"}],"wp:attachment":[{"href":"https:\/\/schillerinstitute.com\/es\/wp-json\/wp\/v2\/media?parent=2375"}],"wp:term":[{"taxonomy":"category","embeddable":true,"href":"https:\/\/schillerinstitute.com\/es\/wp-json\/wp\/v2\/categories?post=2375"},{"taxonomy":"post_tag","embeddable":true,"href":"https:\/\/schillerinstitute.com\/es\/wp-json\/wp\/v2\/tags?post=2375"}],"curies":[{"name":"wp","href":"https:\/\/api.w.org\/{rel}","templated":true}]}}