{"id":91628,"date":"2022-09-29T05:16:06","date_gmt":"2022-09-29T09:16:06","guid":{"rendered":"https:\/\/schillerinstitute.com\/?page_id=91628"},"modified":"2022-11-08T05:57:02","modified_gmt":"2022-11-08T10:57:02","slug":"den-atomaren-3-weltkrieg-stoppen-abschaffung-der-neuen-goebbelspropaganda-operationen","status":"publish","type":"page","link":"https:\/\/schillerinstitute.com\/de\/den-atomaren-3-weltkrieg-stoppen-abschaffung-der-neuen-goebbelspropaganda-operationen\/","title":{"rendered":"Den atomaren 3. Weltkrieg stoppen: Weg mit den neuen Goebbels-Propaganda-Operationen!"},"content":{"rendered":"<p><img loading=\"lazy\" decoding=\"async\" class=\"aligncenter wp-image-91751 size-large\" src=\"https:\/\/schillerinstitute.com\/wp-content\/uploads\/2022\/09\/Mobilisierung-Alarmstufe-Rot-1-1024x576.png\" alt=\"\" width=\"960\" height=\"540\" srcset=\"https:\/\/schillerinstitute.com\/wp-content\/uploads\/2022\/09\/Mobilisierung-Alarmstufe-Rot-1-1024x576.png 1024w, https:\/\/schillerinstitute.com\/wp-content\/uploads\/2022\/09\/Mobilisierung-Alarmstufe-Rot-1-300x169.png 300w, https:\/\/schillerinstitute.com\/wp-content\/uploads\/2022\/09\/Mobilisierung-Alarmstufe-Rot-1-768x432.png 768w, https:\/\/schillerinstitute.com\/wp-content\/uploads\/2022\/09\/Mobilisierung-Alarmstufe-Rot-1.png 1280w\" sizes=\"auto, (max-width: 960px) 100vw, 960px\" \/><\/p>\n<p><div class=\"wide-bar white-text\" style=\"background-color: #333; background-position: center center; background-repeat: no-repeat; padding-top: 20px; padding-bottom: 20px; margin-bottom: 0px; \"><\/p>\n<h3><strong>\u00dcberblick<\/strong><\/h3>\n<p>Die zivilisationsbedrohende Gefahr einer nuklearen Zerst\u00f6rung ist gr\u00f6\u00dfer als je zuvor in der Geschichte der Menschheit. Aber die Wahrheit zu sagen, ist verboten. Das ukrainische Zentrum f\u00fcr Desinformationsbek\u00e4mpfung (CCD) und die Mirotworets (\u201eFriedensw\u00e4chter\u201c)-Webseiten ver\u00f6ffentlichen Abschu\u00dflisten von angeblichen Verbreitern der Kreml-Propaganda und bezeichnen jeden, der sich dem r\u00fccksichtslosen und unumkehrbaren Sturz in den Weltkrieg widersetzt, als Putin-Marionette.<\/p>\n<p>Wird dieser Angriff auf die Meinungsfreiheit zur\u00fcckgeschlagen werden?<\/p>\n<p><\/div><\/p>\n<h2><strong>Helga Zepp-LaRouche:<\/strong><\/h2>\n<p><blockquote><\/p>\n<p>\u201eWir stehen vor der gr\u00f6\u00dften Katastrophe der Geschichte, die das Ende der Zivilisation bedeuten k\u00f6nnte. So wie die Dinge derzeit stehen, k\u00f6nnte genau das bereits diese Woche eintreten. Ich denke, die Menschen m\u00fcssen aufwachen, denn die Welt befindet sich derzeit in zwei v\u00f6llig unterschiedlichen Paralleluniversen. Ein Universum ist das, was die Russen denken, und ich sage nicht, da\u00df alles, was sie denken, richtig ist, aber sie sind eindeutig davon \u00fcberzeugt, da\u00df die NATO und der Westen darauf aus sind, Ru\u00dfland vollst\u00e4ndig zu zerst\u00f6ren, und ein gro\u00dfer Teil der russischen Zivilisation ist in diesem Sinne mobilisiert; und auf der anderen Seite stehen die NATO und der Westen, die entschlossen sind, ihre Agenda um jeden Preis durchzusetzen, komme was wolle.<\/p>\n<p>Etwas droht derzeit furchtbar schief zu gehen. Ich denke, wir m\u00fcssen ein ganz anderes Gef\u00fchl der Dringlichkeit und der Mobilisierung entwickeln, und wir m\u00fcssen die Menschen dazu bringen, ihre Stimme zu erheben. In der Vergangenheit haben zwar bereits viele Leute davor gewarnt, aber jetzt, wo die Gefahr akut ist, habe ich das Gef\u00fchl, da\u00df die Leute, die wissen, wie schlimm es ist, mehr und mehr paralysiert sind. Sie haben sich ge\u00e4u\u00dfert, doch nichts ist passiert; es hatte keine Wirkung und die Dinge laufen weiter \u2013 es ist fast wie eine L\u00e4hmung. Angesichts der Akutheit der Situation sollte es einen Sturm von Meinungs\u00e4u\u00dferungen geben, doch das passiert nicht&#8230;<\/p>\n<p>Ich denke wirklich, da\u00df eine Mobilisierung mit der Alarmstufe Rot eingeleitet werden mu\u00df. Ich wei\u00df, da\u00df viele Menschen bereits mobilisiert sind, aber ich denke, diese Situation ist wirklich etwas Besonderes&#8230; Wenn aus den Vereinigten Staaten keine Stimmen zu Fragen wie Krieg und Frieden kommen, ist das ein Faktor f\u00fcr die strategische Einsch\u00e4tzung dessen, was andere Kr\u00e4fte f\u00fcr m\u00f6glich halten.\u201c<\/p>\n<p><\/blockquote><\/p>\n<p>Helfen Sie mit, auch in Deutschland und Europa, die Kr\u00e4fte zu b\u00fcndeln, die in Anbetracht der enormen Herausforderung den Mut aufbringen, mit den vern\u00fcnftigen Stimmen in den USA, wie der LaRouche-Organisation, zusammenzuarbeiten, um die Zukunft der Menschheit zu sichern.<\/p>\n<p>Die gesamte LaRouche-Bewegung hat in dieser Woche die \u201eAlarmstufe Rot\u201c ausgerufen, um den Drang zu einem thermonuklearen Krieg zu stoppen. Die Gr\u00fcnderin des Schiller-Instituts Helga Zepp-LaRouche hat die Situation sehr klar formuliert, und wir brauchen jeden Unterst\u00fctzer, der sich uns anschlie\u00dft.<\/p>\n<p><div class=\"hr\"><hr \/><\/div><\/p>\n<h2><b>Helga <\/b><b>Zepp-LaRouche: \u201e<\/b><b>Wir brauchen keine russischen Analysen, um<\/b><b> zu unseren Schlu\u00dffolgerungen zu kommen\u201c<\/b><\/h2>\n<p>Auszug aus Helga Zepp-LaRouches Grundsatzrede <a href=\"https:\/\/schillerinstitute.com\/de\/blog\/2022\/08\/20\/konferenz-wie-die-menschheit-die-groesste-krise-der-weltgeschichte-ueberleben-kann\/\">\u201eWie die Menschheit die gr\u00f6\u00dfte Krise der Weltgeschichte \u00fcberleben kann\u201c<\/a> w\u00e4hrend der Konferenz des Schiller-Instituts am 10.September 2022:<\/p>\n<p><div class=\"one-half\"> <span style=\"color: #000000;\">\u201eUnd ich will eines f\u00fcrs Protokoll festhalten: Wir brauchen keine russischen Analysen, um zu unseren Schlu\u00dffolgerungen zu kommen. Wir haben eine internationale private Nachrichtenagentur, <i>Executive Intelligence Review<\/i>, die 1974 von Lyndon LaRouche gegr\u00fcndet wurde. Der Direktor f\u00fcr internationale Wirtschaftsangelegenheiten im Nationalen Sicherheitsrat der USA, Norman Bailey, sagte uns 1984 in seiner Funktion als Berater der Reagan-Regierung im Wei\u00dfen Haus, er halte <i>EIR<\/i> f\u00fcr den besten privaten Nachrichtendienst der Welt. Noch wichtiger ist, da\u00df wir unsere Erkenntnisse nicht gewinnen, indem wir Zeitungsausschnitte lesen, sondern indem wir unsere eigene Politik vorschlagen, und dann werten wir die Reaktionen aus, ziehen unsere Schl\u00fcsse und analysieren, was sie bedeuten.\u201c <\/span><\/div><br \/><div class=\"one-half last\"><!--more--><img loading=\"lazy\" decoding=\"async\" class=\"wp-image-91243  alignleft\" src=\"https:\/\/schillerinstitute.com\/wp-content\/uploads\/2022\/09\/how_to_inspire_humanity_to_survive_the_greatest_crisis_in_world_history-720p.04_12_01_28.Still002-1024x576.png\" alt=\"\" width=\"579\" height=\"326\" srcset=\"https:\/\/schillerinstitute.com\/wp-content\/uploads\/2022\/09\/how_to_inspire_humanity_to_survive_the_greatest_crisis_in_world_history-720p.04_12_01_28.Still002-1024x576.png 1024w, https:\/\/schillerinstitute.com\/wp-content\/uploads\/2022\/09\/how_to_inspire_humanity_to_survive_the_greatest_crisis_in_world_history-720p.04_12_01_28.Still002-300x169.png 300w, https:\/\/schillerinstitute.com\/wp-content\/uploads\/2022\/09\/how_to_inspire_humanity_to_survive_the_greatest_crisis_in_world_history-720p.04_12_01_28.Still002-768x432.png 768w, https:\/\/schillerinstitute.com\/wp-content\/uploads\/2022\/09\/how_to_inspire_humanity_to_survive_the_greatest_crisis_in_world_history-720p.04_12_01_28.Still002.png 1280w\" sizes=\"auto, (max-width: 579px) 100vw, 579px\" \/><\/p>\n<p><\/div><div class=\"clearfix\"><\/div> <a href=\"https:\/\/www.youtube.com\/watch?v=giN75DQRJk4&amp;t=209s\" class=\"custom-button small\" data-newwindow=\"true\">Ganze Rede ansehen<\/a><\/p>\n<p><div class=\"wide-bar white-text\" style=\"background-color: #333; background-position: center center; background-repeat: no-repeat; padding-top: 20px; padding-bottom: 20px; margin-bottom: 0px; \"><\/p>\n<h2>Neo-Nazi Angriffe auf die Redefreiheit<\/h2>\n<h3>Was sind Mirotworets und das CCD?<\/h3>\n<p><\/div> <div class=\"one-third\"><\/p>\n<p><img loading=\"lazy\" decoding=\"async\" class=\"aligncenter wp-image-89864 size-medium\" src=\"https:\/\/schillerinstitute.com\/wp-content\/uploads\/2022\/08\/petition-image-draft-4-300x169.png\" alt=\"\" width=\"300\" height=\"169\" srcset=\"https:\/\/schillerinstitute.com\/wp-content\/uploads\/2022\/08\/petition-image-draft-4-300x169.png 300w, https:\/\/schillerinstitute.com\/wp-content\/uploads\/2022\/08\/petition-image-draft-4-1024x576.png 1024w, https:\/\/schillerinstitute.com\/wp-content\/uploads\/2022\/08\/petition-image-draft-4-768x432.png 768w, https:\/\/schillerinstitute.com\/wp-content\/uploads\/2022\/08\/petition-image-draft-4.png 1280w\" sizes=\"auto, (max-width: 300px) 100vw, 300px\" \/><\/p>\n<p><\/div><br \/><div class=\"two-third last\"><\/p>\n<h3>Von der Ukraine als \u201eInformationsterroristen\u201c gebrandmarkt<\/h3>\n<h2>Globale NATO setzt Friedensbef\u00fcrworter auf die Abschu\u00dfliste<\/h2>\n<p class=\"autor\">Von einem <i>EIR<\/i>-Rechercheteam <\/div><div class=\"clearfix\"><\/div><\/p>\n<p>Rasches und entschlossenes internationales Handeln ist erforderlich, um die Schlie\u00dfung des Zentrums f\u00fcr Desinformationsbek\u00e4mpfung (Center for Countering Disinformation \u2013 CCD) zu erzwingen, das dem Nationalen Sicherheits- und Verteidigungsrat (NSDC) der Ukraine unterstellt ist. Die am 14. Juli 2022 vom CCD verbreitete Schwarze Liste, auf der mehr als 70 prominente Journalisten, Wissenschaftler, Politiker, Milit\u00e4rs und andere Fachleute aus 22 L\u00e4ndern als \u201eKreml-Propagandisten\u201c aufgef\u00fchrt sind, ist eine Abschu\u00dfliste, die eine ernste Bedrohung f\u00fcr die pers\u00f6nliche Sicherheit der darin aufgef\u00fchrten Personen darstellt. <a href=\"https:\/\/www.solidaritaet.com\/neuesol\/2022\/37\/schwarze-liste.htm\" target=\"_blank\" rel=\"noopener\">Weiterlesen\u00a0<\/a><\/p>\n<p><div class=\"one-third\"><\/p>\n<p><img loading=\"lazy\" decoding=\"async\" class=\"aligncenter wp-image-91705 size-medium\" src=\"https:\/\/schillerinstitute.com\/wp-content\/uploads\/2022\/09\/darya-dugina-300x83.jpg\" alt=\"\" width=\"300\" height=\"83\" srcset=\"https:\/\/schillerinstitute.com\/wp-content\/uploads\/2022\/09\/darya-dugina-300x83.jpg 300w, https:\/\/schillerinstitute.com\/wp-content\/uploads\/2022\/09\/darya-dugina.jpg 690w\" sizes=\"auto, (max-width: 300px) 100vw, 300px\" \/><\/p>\n<p><\/div><br \/><div class=\"two-third last\"><\/p>\n<h2>Die Todeslisten-Datenbank der Ukraine: <i>Myrotworets.center<\/i><\/h2>\n<p><\/div><div class=\"clearfix\"><\/div><\/p>\n<p>Die Webseite <i>Mirotvorets.center<\/i> aus Kiew dient seit ihrer Gr\u00fcndung nach dem von den USA und Gro\u00dfbritannien gef\u00f6rderten Maidan-Putsch gegen die Ukraine 2014 als ein Goebbels-\u00e4hnliches Register von \u201eStaatsfeinden\u201c, die beseitigt werden sollen. Myrotvorets (deutsche Transliteration: Mirotworez) bedeutet \u00fcbersetzt \u201eFriedensstifter\u201c. Auf der Webseite werden Namen und pers\u00f6nliche Daten wie Privatadressen von Zielpersonen und -gruppen ver\u00f6ffentlicht und regelm\u00e4\u00dfig aktualisiert, in einer Art und Weise, die nicht nur der Einsch\u00fcchterung, sondern auch der physischen Eliminierung dient. <a href=\"https:\/\/www.solidaritaet.com\/neuesol\/2022\/37\/mirotworez.htm\" target=\"_blank\" rel=\"noopener\">Weiterlesen<\/a><\/p>\n<p><div class=\"wide-bar white-text\" style=\"background-color: #333; background-position: center center; background-repeat: no-repeat; padding-top: 20px; padding-bottom: 20px; margin-bottom: 0px; \"><\/p>\n<h2>Die Freiheit verteidigen<\/h2>\n<h3>Weltweite Reaktionen auf die Nazi-Hitliste des ukrainischen Zentrums zur Desinformationsbek\u00e4mpfung<\/h3>\n<p><\/div> <div class=\"one-half\"><\/p>\n<h2 class=\"sub-header-title\"><strong>Weltweite Reaktionen auf die Nazi-Hitliste der Ukraine<\/strong><\/h2>\n<p>Regierungen und Pers\u00f6nlichkeiten auf der ganzen Welt haben auf die nazi\u00e4hnliche <a href=\"https:\/\/cpd.gov.ua\/reports\/%D1%81%D0%BF%D1%96%D0%BA%D0%B5%D1%80%D0%B8-%D1%8F%D0%BA%D1%96-%D0%BF%D1%80%D0%BE%D1%81%D1%83%D0%B2%D0%B0%D1%8E%D1%82%D1%8C-%D1%81%D0%BF%D1%96%D0%B2%D0%B7%D0%B2%D1%83%D1%87%D0%BD%D1%96-%D1%80%D0%BE\/\" target=\"_blank\" rel=\"noreferrer noopener\">\u201eSchwarze Liste\u201c<\/a>, die am 25. Juli vom ukrainischen Zentrum f\u00fcr Desinformationsbek\u00e4mpfung verbreitet wurde, mit Emp\u00f6rung, Wut und in mehreren F\u00e4llen mit der Forderung nach staatlichen Ma\u00dfnahmen reagiert, die Finanzierung der ukrainischen Regierung einzustellen. <a href=\"https:\/\/schillerinstitute.com\/de\/blog\/2022\/08\/12\/weltweite-reaktionen-auf-die-nazi-hitliste-der-ukraine\/\" target=\"_blank\" rel=\"noopener\">Weiterlesen<\/a><\/p>\n<p><\/div><br \/><div class=\"one-half last\"><\/p>\n<h2 class=\"sub-header-title\"><strong>Reaktionen aus aller Welt auf die ukrainische Nazi-Hitliste \u2013 Teil 2<\/strong><\/h2>\n<p>13. August \u2013 Es folgt eine zweite Sammlung von Reaktionen auf die Ver\u00f6ffentlichung einer schwarzen Liste am 14. Juli (in Teil 1 f\u00e4lschlicherweise auf den 25. Juli datiert) durch das Zentrum f\u00fcr die Bek\u00e4mpfung von Desinformation (CCD) beim Nationalen Sicherheits- und Verteidigungsrat der Ukraine, in der prominente Personen aus der ganzen Welt als \u201erussische Propagandisten\u201c aufgef\u00fchrt sind, w\u00e4hrend der amtierende Direktor des Zentrums sie am selben Tag zu \u201eInformationsterroristen\u201c und \u201eKriegsverbrechern\u201c erkl\u00e4rte. <a href=\"https:\/\/schillerinstitute.com\/de\/blog\/2022\/08\/18\/weltweite-reaktionen-auf-die-nazi-hitliste-der-ukraine-teil-2\/\" target=\"_blank\" rel=\"noopener\">Weiterlesen<\/a><\/p>\n<p><\/div><div class=\"clearfix\"><\/div> <div class=\"one-half\"><\/p>\n<h2 class=\"sub-header-title\"><strong>Reaktionen aus aller Welt auf die ukrainische Nazi-Hitliste \u2013 Teil 3<\/strong><\/h2>\n<p>20. August \u2013 Dies ist der dritte Teil der EIR-Zusammenstellung von weltweiten Reaktionen auf die Ver\u00f6ffentlichung einer Schwarzen Liste \u2013 im Wesentlichen einer \u201eHitliste\u201c \u2013 von 72 prominenten Pers\u00f6nlichkeiten aus vielen L\u00e4ndern durch das von den USA finanzierte und vom Au\u00dfenministerium gef\u00f6rderte ukrainische Zentrum zur Desinformationsbek\u00e4mpfung (CCD),&#8230; <a href=\"https:\/\/schillerinstitute.com\/de\/blog\/2022\/09\/29\/reaktionen-aus-aller-welt-auf-die-ukrainische-nazi-hitliste-teil-3\/\" target=\"_blank\" rel=\"noopener\">Weiterlesen<\/a><\/p>\n<p><\/div><br \/><div class=\"one-half last\"><\/p>\n<h2 class=\"sub-header-title\"><strong>Reaktionen aus aller Welt auf die Nazi-Hitliste der Ukraine \u2013 Teil 4<\/strong><\/h2>\n<p>Zus\u00e4tzlich zu den zunehmenden Reaktionen aus der ganzen Welt, die die Hitliste des ukrainischen Zentrums zur Desinformationsbek\u00e4mpfung anprangern, gab es diese Woche zwei wichtige, relevante Entwicklungen. <a href=\"https:\/\/schillerinstitute.com\/de\/blog\/2022\/09\/29\/reaktionen-aus-aller-welt-auf-die-nazi-hitliste-der-ukraine-teil-4\/\" target=\"_blank\" rel=\"noopener\">Weiterlesen<\/a><\/p>\n<p><\/div><div class=\"clearfix\"><\/div> <div class=\"wide-bar white-text\" style=\"background-color: #333; background-position: center center; background-repeat: no-repeat; padding-top: 20px; padding-bottom: 20px; margin-bottom: 0px; \"><\/p>\n<h2><strong>Veranstaltungen<\/strong><\/h2>\n<p><\/div> <div class=\"one-third\"><\/p>\n<h2 class=\"mb20\"><strong><i>EIR<\/i>-Pressekonferenz prangert Mordlisten <\/strong><br \/><strong>gegen Kritiker der Globalen NATO an<\/strong><\/h2>\n<p><a href=\"https:\/\/www.solidaritaet.com\/neuesol\/2022\/37\/leitartikel.htm\" class=\"custom-button small\" data-newwindow=\"true\">Deutsche Zusammenfassung lesen<\/a><\/p>\n<p><\/div><br \/><div class=\"two-third last\"><\/p>\n<p><iframe loading=\"lazy\" title=\"Shut Down the Ukrainian Hit List Targeting Americans and International Voices of Opposition\" width=\"960\" height=\"540\" src=\"https:\/\/www.youtube.com\/embed\/RO9oD5uw0yg?feature=oembed\" frameborder=\"0\" allow=\"accelerometer; autoplay; clipboard-write; encrypted-media; gyroscope; picture-in-picture\" allowfullscreen><\/iframe><\/p>\n<p><\/div><div class=\"clearfix\"><\/div> <div class=\"hr\"><hr \/><\/div><\/p>\n<h2 class=\"sub-header-title\"><strong>Konferenz: Wie die Menschheit die gr\u00f6\u00dfte Krise der Weltgeschichte \u00fcberleben kann<\/strong><\/h2>\n<p>Wir alle erleben heute den gef\u00e4hrlichsten Moment in der Geschichte der Menschheit. Ein m\u00f6glicher Nuklearkrieg, ein beispiellose Hungersnot und die rasche Ausbreitung neuer Krankheiten ereignen sich gleichzeitig, hervorgerufen durch die malthusianische Politik einer verr\u00fcckten Fraktion der transatlantischen Elite. Sie inszeniert einen Krieg und einen Staatsstreich nach dem anderen, was, auch wenn sie es ableugnet, vielleicht schon kurzfristig zum Tod von Milliarden von Menschen durch ein nukleares Massaker f\u00fchren kann.<\/p>\n<p style=\"text-align: center;\"><a href=\"https:\/\/schillerinstitute.com\/de\/blog\/2022\/08\/20\/konferenz-wie-die-menschheit-die-groesste-krise-der-weltgeschichte-ueberleben-kann\/\" class=\"custom-button large\">Gesamte Konferenz ansehen<\/a><\/p>\n<p><div class=\"one-half\"><\/p>\n<h2><strong>Rede von Ray McGovern (USA), Analyst, Central Intelligence Agency (CIA-ret.), Mitbegr\u00fcnder von Veteran Intelligence Professionals for Sanity (VIPS) w\u00e4hrend des ersten Panels:<\/strong><\/h2>\n<p><span style=\"color: #e21010;\"><span style=\"color: #250b0b;\"><strong>&#8222;Warum greift das ukrainische Zentrum zur Desinformationsbek\u00e4mpfung das Schiller-Institut an?&#8220;<\/strong><\/div><br \/><div class=\"one-half last\"><\/span><\/span><\/p>\n<p><iframe loading=\"lazy\" title=\"Niemals aufgeben\" width=\"960\" height=\"540\" src=\"https:\/\/www.youtube.com\/embed\/D4SI-yrM6Yc?start=1&#038;feature=oembed\" frameborder=\"0\" allow=\"accelerometer; autoplay; clipboard-write; encrypted-media; gyroscope; picture-in-picture\" allowfullscreen><\/iframe><\/p>\n<p><\/div><div class=\"clearfix\"><\/div><\/p>\n<p>\u00a0<\/p>\n<h2><strong>Panel 2: F\u00fcr das Recht auf freie Meinungs\u00e4u\u00dferung und Diskussion! Widerstand gegen Schwarze Listen und die Unterdr\u00fcckung der Wahrheitssuche!<\/strong><\/h2>\n<p><div class=\"one-half\"><\/p>\n<p>1 <a href=\"https:\/\/www.youtube.com\/watch?v=xyopIBsko8o&amp;t=393s\" target=\"_blank\" rel=\"noopener\">Diane Sare (USA), Kandidatin f\u00fcr den US-Senat, 2022 (N.Y.), LaRouche-Partei: Hauptrede: \u201eDie Beste aller m\u00f6glichen Welten\u201c<\/a><\/p>\n<p>2 <a href=\"https:\/\/www.youtube.com\/watch?v=zUwVgpflE4s&amp;t=1s\" target=\"_blank\" rel=\"noopener\">Gretchen Small (USA), Executive Intelligence Review: \u201eSchlie\u00dfung des ukrainischen Zentrums zur Desinformationsbek\u00e4mpfung, die Gedankenpolizei der Globalen NATO\u201c<\/a><\/p>\n<p>3 <a href=\"https:\/\/www.youtube.com\/watch?v=KujOxKSFUcM&amp;t=22s\" target=\"_blank\" rel=\"noopener\">Oberst Richard H. Black (a.D.) (USA), ehemaliger Leiter der Strafrechtsabteilung der Armee im Pentagon; ehemaliger Staatssenator, Virginia: \u201eIllegale Bestrebungen verbieten, amerikanische B\u00fcrger zum Schweigen zu bringen\u201c<\/a><\/p>\n<p>4<a href=\"https:\/\/www.youtube.com\/watch?v=wReovEVdhVE&amp;t=76s\" target=\"_blank\" rel=\"noopener\"> George Koo, (USA), Vorsitzender der Burlingame-Stiftung, ehemaliger internationaler Unternehmensberater: \u201eDie USA m\u00fcssen aufh\u00f6ren, die Hitliste zu finanzieren\u201c<\/a><\/p>\n<p>5<a href=\"https:\/\/www.youtube.com\/watch?v=wB0QMnNG6tA&amp;t=3s\" target=\"_blank\" rel=\"noopener\"> James Jatras (USA), ehemaliger Diplomat, ehemaliger Berater der F\u00fchrung der Republikaner im US-Senat: \u201eDas Schiller-Institut: Der Blitzableiter in gef\u00e4hrlichen Zeiten\u201c<\/a><\/p>\n<p><\/div><br \/><div class=\"one-half last\"><\/p>\n<p>6 <a href=\"https:\/\/www.youtube.com\/watch?v=WlMhYdczUQM&amp;t=1s\" target=\"_blank\" rel=\"noopener\">David T. Pyne: (USA), Stellvertretender Direktor f\u00fcr nationale Operationen der EMP-Task Force f\u00fcr nationale Sicherheit und Heimatschutz: \u201eWarum die Unterst\u00fctzung eines realistischen Friedensplans ein \u201aKriegsverbrechen\u2018 ist\u201c<\/a><\/p>\n<p>7 <a href=\"https:\/\/www.youtube.com\/watch?v=4-aHbjoWIV8&amp;t=6s\" target=\"_blank\" rel=\"noopener\">Igor Lopatonok (USA), Regisseur und Autor des Dokumentarfilms Ukraine on Fire: \u201eWeg mit der Nazi-T\u00f6tungsliste \u2013 nicht nur in der Ukraine\u201c<\/a><\/p>\n<p>8 <a href=\"https:\/\/www.youtube.com\/watch?v=n-tUxC8eHk8\" target=\"_blank\" rel=\"noopener\"><span class=\"style-scope yt-formatted-string\" dir=\"auto\">Eva Bartlett, Investigativ-Journalistin<\/span><\/a>\u00a0<\/p>\n<p>9 <a href=\"https:\/\/www.youtube.com\/watch?v=TD-Ctw0N55U\" target=\"_blank\" rel=\"noopener\"><span class=\"style-scope yt-formatted-string\" dir=\"auto\">Mira Terada, Vorsitzende der Stiftung \u201eTo Battle Injustice\u201c<\/span><\/a><\/p>\n<p>10 <a href=\"https:\/\/www.youtube.com\/watch?v=87wtI6clZf8\" target=\"_blank\" rel=\"noopener\">Bradley Blankenship, (USA) Journalist: \u201eDie Ansicht eines jungen Journalisten \u00fcber die kriminelle Kriegspolitik der USA und den Versuch, mich zum Schweigen zu bringen\u201c<\/a><\/p>\n<p><\/div><div class=\"clearfix\"><\/div> <div class=\"wide-bar white-text\" style=\"background-color: #333; background-position: center center; background-repeat: no-repeat; padding-top: 20px; padding-bottom: 20px; margin-bottom: 0px; \"><\/p>\n<h2><strong>Handeln Sie!<\/strong><\/h2>\n<p><\/div><\/p>\n<p><a href=\"https:\/\/schillerinstitute.com\/de\/blog\/2022\/09\/22\/offener-brief-an-die-vereinten-nationen-nr-2-des-schiller-instituts-und-der-foundation-to-battle-injustice\/\" target=\"_blank\" rel=\"noopener\"><img loading=\"lazy\" decoding=\"async\" class=\"aligncenter wp-image-91410 size-large\" src=\"https:\/\/schillerinstitute.com\/wp-content\/uploads\/2022\/09\/offener-brief-an-die-vereinten-nationen-nr.2-1024x576.png\" alt=\"\" width=\"960\" height=\"540\" srcset=\"https:\/\/schillerinstitute.com\/wp-content\/uploads\/2022\/09\/offener-brief-an-die-vereinten-nationen-nr.2-1024x576.png 1024w, https:\/\/schillerinstitute.com\/wp-content\/uploads\/2022\/09\/offener-brief-an-die-vereinten-nationen-nr.2-300x169.png 300w, https:\/\/schillerinstitute.com\/wp-content\/uploads\/2022\/09\/offener-brief-an-die-vereinten-nationen-nr.2-768x432.png 768w, https:\/\/schillerinstitute.com\/wp-content\/uploads\/2022\/09\/offener-brief-an-die-vereinten-nationen-nr.2.png 1280w\" sizes=\"auto, (max-width: 960px) 100vw, 960px\" \/><\/a><\/p>\n<p>\u00a0<\/p>\n<p><a href=\"https:\/\/solidaritaet.com\/neuesol\/2022\/20\/bundestag.htm?fbclid=IwAR0K_ecNC1EpzNuBDWFgM8D7lF4qCiqo4UhX1fdKy7bQVGa0kzIslMj7Wsc\" target=\"_blank\" rel=\"noopener\"><img loading=\"lazy\" decoding=\"async\" class=\"aligncenter wp-image-91814 size-large\" src=\"https:\/\/schillerinstitute.com\/wp-content\/uploads\/2022\/09\/281144528_548965390075195_4109183591817012689_n-1024x576.png\" alt=\"\" width=\"960\" height=\"540\" srcset=\"https:\/\/schillerinstitute.com\/wp-content\/uploads\/2022\/09\/281144528_548965390075195_4109183591817012689_n-1024x576.png 1024w, https:\/\/schillerinstitute.com\/wp-content\/uploads\/2022\/09\/281144528_548965390075195_4109183591817012689_n-300x169.png 300w, https:\/\/schillerinstitute.com\/wp-content\/uploads\/2022\/09\/281144528_548965390075195_4109183591817012689_n-768x432.png 768w, https:\/\/schillerinstitute.com\/wp-content\/uploads\/2022\/09\/281144528_548965390075195_4109183591817012689_n.png 1280w\" sizes=\"auto, (max-width: 960px) 100vw, 960px\" \/><\/a><\/p>\n<p>\u00a0<\/p>\n<p><div class=\"wide-bar white-text\" style=\"background-color: #333; background-position: center center; background-repeat: no-repeat; padding-top: 20px; padding-bottom: 20px; margin-bottom: 0px; \"><\/p>\n<p>\u00a0<\/p>\n<h2><strong><b>Tragen Sie sich bitte f\u00fcr den Newsletter des Schiller-Instituts ein, um die neuesten Nachrichten zu erhalten. Wenn Sie eine Telefonnummer angeben, k\u00f6nnen wir gemeinsam konkrete Aktivit\u00e4ten besprechen.<\/b><\/strong><\/h2>\n<h3><strong><a href=\"https:\/\/schillerinstitute.com\/de\/newsletter-des-internationalen-schiller-instituts\/\" target=\"_blank\" rel=\"noopener\">Zum Newsletter<\/a><\/strong><\/h3>\n<p><\/div><\/p>\n<p>\u00a0<\/p>\n\n\n<p><\/p>\n<!-- AddThis Advanced Settings generic via filter on the_content --><!-- AddThis Share Buttons generic via filter on the_content -->","protected":false},"excerpt":{"rendered":"<p>\u00dcberblick Die zivilisationsbedrohende Gefahr einer nuklearen Zerst\u00f6rung ist gr\u00f6\u00dfer als je zuvor in der Geschichte der Menschheit. Aber die Wahrheit zu sagen, ist verboten. Das ukrainische Zentrum f\u00fcr Desinformationsbek\u00e4mpfung (CCD) und die Mirotworets (\u201eFriedensw\u00e4chter\u201c)-Webseiten ver\u00f6ffentlichen Abschu\u00dflisten von angeblichen Verbreitern der Kreml-Propaganda und bezeichnen jeden, der&hellip;<!-- AddThis Advanced Settings generic via filter on get_the_excerpt --><!-- AddThis Share Buttons generic via filter on get_the_excerpt --><\/p>\n","protected":false},"author":34,"featured_media":0,"parent":0,"menu_order":0,"comment_status":"closed","ping_status":"closed","template":"template_fullwidth.php","meta":{"_lmt_disableupdate":"no","_lmt_disable":"","footnotes":""},"categories":[],"tags":[],"class_list":["post-91628","page","type-page","status-publish","hentry"],"featured_image_src":null,"_links":{"self":[{"href":"https:\/\/schillerinstitute.com\/de\/wp-json\/wp\/v2\/pages\/91628","targetHints":{"allow":["GET"]}}],"collection":[{"href":"https:\/\/schillerinstitute.com\/de\/wp-json\/wp\/v2\/pages"}],"about":[{"href":"https:\/\/schillerinstitute.com\/de\/wp-json\/wp\/v2\/types\/page"}],"author":[{"embeddable":true,"href":"https:\/\/schillerinstitute.com\/de\/wp-json\/wp\/v2\/users\/34"}],"replies":[{"embeddable":true,"href":"https:\/\/schillerinstitute.com\/de\/wp-json\/wp\/v2\/comments?post=91628"}],"version-history":[{"count":86,"href":"https:\/\/schillerinstitute.com\/de\/wp-json\/wp\/v2\/pages\/91628\/revisions"}],"predecessor-version":[{"id":92649,"href":"https:\/\/schillerinstitute.com\/de\/wp-json\/wp\/v2\/pages\/91628\/revisions\/92649"}],"wp:attachment":[{"href":"https:\/\/schillerinstitute.com\/de\/wp-json\/wp\/v2\/media?parent=91628"}],"wp:term":[{"taxonomy":"category","embeddable":true,"href":"https:\/\/schillerinstitute.com\/de\/wp-json\/wp\/v2\/categories?post=91628"},{"taxonomy":"post_tag","embeddable":true,"href":"https:\/\/schillerinstitute.com\/de\/wp-json\/wp\/v2\/tags?post=91628"}],"curies":[{"name":"wp","href":"https:\/\/api.w.org\/{rel}","templated":true}]}}