{"id":80328,"date":"2021-10-07T17:17:55","date_gmt":"2021-10-07T21:17:55","guid":{"rendered":"https:\/\/schillerinstitute.com\/?page_id=80328"},"modified":"2022-02-17T09:32:19","modified_gmt":"2022-02-17T14:32:19","slug":"afghanistan-am-scheideweg","status":"publish","type":"page","link":"https:\/\/schillerinstitute.com\/de\/afghanistan-am-scheideweg\/","title":{"rendered":"Afghanistan am Scheideweg"},"content":{"rendered":"<p><div class=\"wide-bar\" style=\"background-color: #e6e3e3; background-position: center center; background-repeat: no-repeat; padding-top: 20px; padding-bottom: 20px; margin-bottom: 0px; \"><\/p>\n<p><div class=\"big-title\"><div class=\"bar\"><\/div><h2><strong>Ein Aufruf zur Freigabe der Gelder des afghanischen Volkes<\/strong><\/h2><p class=\"sub-title-empty\">&nbsp;<\/p><\/div><\/p>\n<p><div class=\"one-half\"><\/p>\n<p><em>Dieser Aufruf des Schiller-Instituts wird international, u.a. an w\u00e4hrend eines weltweiten Aktionstages am 14. Oktober, verbreitet.<\/em><\/p>\n<p>Heute und in den kommenden Tagen stehen wir, informierte Weltb\u00fcrger und Patrioten unserer jeweiligen Nationen, in Washington, Berlin, Lima, Paris, Rom, Buenos Aires, Kopenhagen, Madrid, Stockholm, Br\u00fcssel und in vielen anderen St\u00e4dten der Welt zusammen, um ein Verbrechen aufzudecken und anzuprangern.<\/p>\n<p><a href=\"https:\/\/schillerinstitute.com\/de\/blog\/2021\/10\/12\/ein-aufruf-zur-freigabe-der-gelder-des-afghanischen-volkes\/\" class=\"custom-button small\" data-newwindow=\"true\">Aufruf lesen und unterst\u00fctzen<\/a><\/p>\n<p><\/div><br \/><div class=\"one-half last\"><\/p>\n<p><img loading=\"lazy\" decoding=\"async\" class=\"\" src=\"https:\/\/schillerinstitute.com\/wp-content\/uploads\/2021\/10\/children-63175__480.jpg\" alt=\"\" width=\"355\" height=\"256\" \/><\/p>\n<p><\/div><div class=\"clearfix\"><\/div><\/p>\n<p><\/div><\/p>\n<p><div class=\"big-title\"><div class=\"bar\"><\/div><h2><strong>Artikel von Helga Zepp-LaRouche<\/strong><\/h2><p class=\"sub-title-empty\">&nbsp;<\/p><\/div> <div class=\"one-half\"><\/p>\n<p><img loading=\"lazy\" decoding=\"async\" class=\"alignnone  wp-image-79624\" src=\"https:\/\/schillerinstitute.com\/wp-content\/uploads\/2021\/09\/Y2Mate.is-Part-2-September-11-Afghanistan-and-the-Surveillance-State-mnRceGlOnSc-1080p-1631419530871.02_05_52_14.Still004-300x169.jpg\" alt=\"\" width=\"502\" height=\"283\" srcset=\"https:\/\/schillerinstitute.com\/wp-content\/uploads\/2021\/09\/Y2Mate.is-Part-2-September-11-Afghanistan-and-the-Surveillance-State-mnRceGlOnSc-1080p-1631419530871.02_05_52_14.Still004-300x169.jpg 300w, https:\/\/schillerinstitute.com\/wp-content\/uploads\/2021\/09\/Y2Mate.is-Part-2-September-11-Afghanistan-and-the-Surveillance-State-mnRceGlOnSc-1080p-1631419530871.02_05_52_14.Still004-1024x576.jpg 1024w, https:\/\/schillerinstitute.com\/wp-content\/uploads\/2021\/09\/Y2Mate.is-Part-2-September-11-Afghanistan-and-the-Surveillance-State-mnRceGlOnSc-1080p-1631419530871.02_05_52_14.Still004-768x432.jpg 768w, https:\/\/schillerinstitute.com\/wp-content\/uploads\/2021\/09\/Y2Mate.is-Part-2-September-11-Afghanistan-and-the-Surveillance-State-mnRceGlOnSc-1080p-1631419530871.02_05_52_14.Still004-1536x864.jpg 1536w, https:\/\/schillerinstitute.com\/wp-content\/uploads\/2021\/09\/Y2Mate.is-Part-2-September-11-Afghanistan-and-the-Surveillance-State-mnRceGlOnSc-1080p-1631419530871.02_05_52_14.Still004.jpg 1920w\" sizes=\"auto, (max-width: 502px) 100vw, 502px\" \/><\/p>\n<p><\/div> <div class=\"one-half last\"><\/p>\n<h3 class=\"sub-header-title\" style=\"text-align: right;\">Afghanistan am Scheideweg: \u201eTotenacker f\u00fcr Imperien\u201c oder Beginn einer neuen \u00c4ra?<\/h3>\n<p style=\"text-align: right;\"><a href=\"https:\/\/schillerinstitute.com\/de\/blog\/2021\/07\/10\/helga-zepp-larouche-afghanistan-am-scheideweg-totenacker-fuer-imperien-oder-beginn-einer-neuen-aera\/\" class=\"custom-button small\" data-newwindow=\"true\">Artikel lesen<\/a><\/p>\n<h3 id=\"block-4a218fc6-523f-4cf9-9e62-b0454812674a\" class=\"has-text-align-center\" style=\"text-align: right;\">Ist der \u201eWesten\u201c lernf\u00e4hig? Was Afghanistan jetzt braucht!<\/h3>\n<p style=\"text-align: right;\"><a href=\"https:\/\/schillerinstitute.com\/de\/blog\/2021\/09\/06\/artikel-von-helga-zepp-larouche\/\" class=\"custom-button small\" data-newwindow=\"true\">Artikel lesen<\/a> <\/div><div class=\"clearfix\"><\/div> <div class=\"wide-bar\" style=\"background-color: #e6e3e3; background-position: center center; background-repeat: no-repeat; padding-top: 20px; padding-bottom: 20px; margin-bottom: 0px; \"><\/p>\n<p><div class=\"big-title\"><div class=\"bar\"><\/div><h2><strong>Unterst\u00fctzer der Afghanistan-Initiative<\/strong><\/h2><p class=\"sub-title-empty\">&nbsp;<\/p><\/div><\/p>\n<p style=\"text-align: left;\"><div class=\"one-half\"><\/p>\n<h3 class=\"sub-header-title\">Zwei ehemalige US-Surgeon General unterst\u00fctzen die Afghanistan-Initiative von Helga Zepp-LaRouche<\/h3>\n<p><a href=\"https:\/\/schillerinstitute.com\/de\/blog\/2021\/09\/22\/zwei-ehemalige-us-surgeon-general-unterstuetzen-die-afghanistan-initiative-von-helga-zepp-larouche\/\" class=\"custom-button small\" data-newwindow=\"true\">Bericht lesen<\/a><\/p>\n<p><\/div><br \/><div class=\"one-half last\"><\/p>\n<p class=\"sub-header-title\" style=\"text-align: right;\"><img loading=\"lazy\" decoding=\"async\" class=\"alignnone  wp-image-79817\" src=\"https:\/\/schillerinstitute.com\/wp-content\/uploads\/2021\/09\/Elders-satcher-300x169.png\" alt=\"\" width=\"498\" height=\"280\" srcset=\"https:\/\/schillerinstitute.com\/wp-content\/uploads\/2021\/09\/Elders-satcher-300x169.png 300w, https:\/\/schillerinstitute.com\/wp-content\/uploads\/2021\/09\/Elders-satcher-1024x576.png 1024w, https:\/\/schillerinstitute.com\/wp-content\/uploads\/2021\/09\/Elders-satcher-768x432.png 768w, https:\/\/schillerinstitute.com\/wp-content\/uploads\/2021\/09\/Elders-satcher.png 1280w\" sizes=\"auto, (max-width: 498px) 100vw, 498px\" \/><\/p>\n<p class=\"sub-header-title\" style=\"text-align: right;\"><\/div><div class=\"clearfix\"><\/div> <\/div> <div class=\"big-title\"><div class=\"bar\"><\/div><h2><strong>Konferenzen des Schiller-Instituts<\/strong><\/h2><p class=\"sub-title-empty\">&nbsp;<\/p><\/div><\/p>\n<p><div class=\"one-half\"> <strong>Afghanistan nach der gescheiterten Regimewechsel-\u00c4ra: Ein Wendepunkt in der Geschichte <\/strong>Internetkonferenz, 31. Juli 2021<\/p>\n<div class=\"fluid-width-video-wrapper\"><img loading=\"lazy\" decoding=\"async\" class=\"alignnone size-medium wp-image-80502\" src=\"https:\/\/schillerinstitute.com\/wp-content\/uploads\/2021\/10\/2-300x169.png\" alt=\"\" width=\"300\" height=\"169\" srcset=\"https:\/\/schillerinstitute.com\/wp-content\/uploads\/2021\/10\/2-300x169.png 300w, https:\/\/schillerinstitute.com\/wp-content\/uploads\/2021\/10\/2-1024x576.png 1024w, https:\/\/schillerinstitute.com\/wp-content\/uploads\/2021\/10\/2-768x432.png 768w, https:\/\/schillerinstitute.com\/wp-content\/uploads\/2021\/10\/2.png 1280w\" sizes=\"auto, (max-width: 300px) 100vw, 300px\" \/><\/div>\n<div>\u00a0<\/div>\n<div>\u00a0<\/div>\n<div><a href=\"https:\/\/schillerinstitute.com\/de\/konferenz\/\" class=\"custom-button small\" data-newwindow=\"true\">Konferenzseite<\/a><\/div>\n<div><\/div><\/div>\n<div><div class=\"one-half last\"><\/div>\n<div><strong>Jetzt dringender als zuvor: In Afghanistan bietet sich die Chance f\u00fcr eine neue Epoche der Menschheit<\/strong><\/div>\n<p>Internetkonferenz, 21. August 2021<\/p>\n<p><img loading=\"lazy\" decoding=\"async\" class=\"alignnone  wp-image-78685\" src=\"https:\/\/schillerinstitute.com\/wp-content\/uploads\/2021\/08\/Afghan-children-_-austronautPicture1-300x169.png\" alt=\"\" width=\"307\" height=\"173\" srcset=\"https:\/\/schillerinstitute.com\/wp-content\/uploads\/2021\/08\/Afghan-children-_-austronautPicture1-300x169.png 300w, https:\/\/schillerinstitute.com\/wp-content\/uploads\/2021\/08\/Afghan-children-_-austronautPicture1-1024x576.png 1024w, https:\/\/schillerinstitute.com\/wp-content\/uploads\/2021\/08\/Afghan-children-_-austronautPicture1-768x432.png 768w, https:\/\/schillerinstitute.com\/wp-content\/uploads\/2021\/08\/Afghan-children-_-austronautPicture1-1536x864.png 1536w, https:\/\/schillerinstitute.com\/wp-content\/uploads\/2021\/08\/Afghan-children-_-austronautPicture1-2048x1152.png 2048w\" sizes=\"auto, (max-width: 307px) 100vw, 307px\" \/><\/p>\n<p><a href=\"https:\/\/schillerinstitute.com\/de\/blog\/2021\/08\/19\/samstag-21-august-jetzt-dringender-als-zuvor-in-afghanistan-bietet-sich-die-chance-fuer-eine-neue-epoche-der-menschheit\/\" class=\"custom-button small\" data-newwindow=\"true\">Konferenzseite<\/a><\/p>\n<p><\/div><div class=\"clearfix\"><\/div> <div class=\"one-half\"> <strong>Internationales Seminar: Beendet das Morden in Afghanistan, 17. Januar 2022<\/strong><\/p>\n<p><img loading=\"lazy\" decoding=\"async\" class=\"alignnone wp-image-83912\" src=\"https:\/\/schillerinstitute.com\/wp-content\/uploads\/2022\/01\/deutsch-20220117-afghan-event-thumb-1.png\" alt=\"\" width=\"307\" height=\"173\" srcset=\"https:\/\/schillerinstitute.com\/wp-content\/uploads\/2022\/01\/deutsch-20220117-afghan-event-thumb-1.png 1280w, https:\/\/schillerinstitute.com\/wp-content\/uploads\/2022\/01\/deutsch-20220117-afghan-event-thumb-1-300x169.png 300w, https:\/\/schillerinstitute.com\/wp-content\/uploads\/2022\/01\/deutsch-20220117-afghan-event-thumb-1-1024x576.png 1024w, https:\/\/schillerinstitute.com\/wp-content\/uploads\/2022\/01\/deutsch-20220117-afghan-event-thumb-1-768x432.png 768w\" sizes=\"auto, (max-width: 307px) 100vw, 307px\" \/><\/p>\n<p><a href=\"https:\/\/schillerinstitute.com\/de\/blog\/2022\/01\/13\/internationales-seminar-zur-beendigung-des-mordes-in-afghanistan-17-januar-2022\/\" class=\"custom-button small\" data-newwindow=\"true\">Zur Konferenzseite<\/a><\/p>\n<p><\/div><br \/><div class=\"one-half last\"><\/p>\n<p>\u00a0<\/p>\n<p><\/div><div class=\"clearfix\"><\/div> <div class=\"hr\"><hr \/><\/div><\/p>\n<p style=\"text-align: center;\"><a href=\"https:\/\/schillerinstitute.com\/de\/international-conferences\/\" class=\"custom-button small\" data-newwindow=\"true\">Alle Konferenzen des Schiller-Instituts<\/a><\/p>\n<p><div class=\"wide-bar\" style=\"background-color: #e6e3e3; background-position: center center; background-repeat: no-repeat; padding-top: 20px; padding-bottom: 20px; margin-bottom: 0px; \"><\/p>\n<p><div class=\"big-title\"><div class=\"bar\"><\/div><h2><strong>Internationale Berichterstattung \u00fcber die Afghanistan-Initiative<\/strong><\/h2><p class=\"sub-title-empty\">&nbsp;<\/p><\/div><\/p>\n<p><div class=\"one-third\"><\/p>\n<p><strong>Helga Zepp-LaRouche: Operation &#8222;Ibn Sina&#8220;\u2013 dringende Hilfe f\u00fcr Afghanistan<\/strong><\/p>\n<p><img loading=\"lazy\" decoding=\"async\" class=\"alignleft wp-image-50066 \" src=\"https:\/\/schillerinstitute.com\/wp-content\/uploads\/2018\/11\/1280px-Helga_Zepp-LaRouche_Axis_for_Peace_2005-11-17-150x150.jpg\" alt=\"\" width=\"147\" height=\"147\" \/><\/p>\n<p><a href=\"https:\/\/schillerinstitute.com\/de\/blog\/2021\/10\/31\/operation-ibn-sina-dringende-hilfe-fuer-afghanistan\/\" class=\"custom-button small\" data-newwindow=\"true\">Zum Interview mit PTV<\/a><\/p>\n<p><\/div><br \/><div class=\"one-third\"><\/p>\n<p><strong>PTV World interviewt Helga Zepp-LaRouche<\/strong><\/p>\n<p><img loading=\"lazy\" decoding=\"async\" class=\"alignnone\" src=\"https:\/\/schillerinstitute.com\/wp-content\/uploads\/2021\/09\/PTV-World-Pakistan-TV-Zepp-LaRouche-plus.jpg\" alt=\"\" width=\"224\" height=\"149\" \/><\/p>\n<p><a href=\"https:\/\/schillerinstitute.com\/de\/blog\/2021\/09\/22\/ptv-world-interviewt-helga-zepp-larouche\/\" class=\"custom-button small\" data-newwindow=\"true\">Zum Interview<\/a><\/p>\n<p><\/div><br \/><div class=\"one-third last\"><\/p>\n<p><strong>Helga Zepp-LaRouche im Interview mit dem chinesischen Fernsehsender CGTN<\/strong><\/p>\n<p><img loading=\"lazy\" decoding=\"async\" class=\"\" src=\"https:\/\/schillerinstitute.com\/wp-content\/uploads\/2021\/07\/hzl-cgtn-02072021-710x399.png\" alt=\"\" width=\"265\" height=\"149\" \/><\/p>\n<p><a href=\"https:\/\/schillerinstitute.com\/de\/blog\/2021\/07\/05\/helga-zepp-larouche-im-interview-mit-dem-chinesischen-fernsehsender-cgtn\/\" class=\"custom-button small\" data-newwindow=\"true\">Zum Interview<\/a>\u00a0 <\/div><div class=\"clearfix\"><\/div> <div class=\"one-third\"><\/p>\n<p class=\"sub-header-title\"><strong>Helga Zepp-LaRouche und Hussein Askary im pakistanischen Fernsehen (PTV)<\/strong><\/p>\n<p><img loading=\"lazy\" decoding=\"async\" class=\"alignnone wp-image-83090 \" src=\"https:\/\/schillerinstitute.com\/wp-content\/uploads\/2021\/12\/2021-12-17_Helga-on-Pakistan-TV.png\" alt=\"\" width=\"235\" height=\"113\" srcset=\"https:\/\/schillerinstitute.com\/wp-content\/uploads\/2021\/12\/2021-12-17_Helga-on-Pakistan-TV.png 1088w, https:\/\/schillerinstitute.com\/wp-content\/uploads\/2021\/12\/2021-12-17_Helga-on-Pakistan-TV-300x144.png 300w, https:\/\/schillerinstitute.com\/wp-content\/uploads\/2021\/12\/2021-12-17_Helga-on-Pakistan-TV-1024x492.png 1024w, https:\/\/schillerinstitute.com\/wp-content\/uploads\/2021\/12\/2021-12-17_Helga-on-Pakistan-TV-768x369.png 768w\" sizes=\"auto, (max-width: 235px) 100vw, 235px\" \/><\/p>\n<p><a href=\"https:\/\/schillerinstitute.com\/de\/blog\/2021\/12\/21\/helga-zepp-larouche-und-hussein-askary-im-pakistanischen-fernsehen-ptv\/\" class=\"custom-button small\" data-newwindow=\"true\">Zum Interview mit PTV<\/a><\/p>\n<p><\/div><br \/><div class=\"one-third\"><\/p>\n<p class=\"sub-header-title\"><strong>Helga Zepp-LaRouche wirbt in Pakistan f\u00fcr \u201eOperation Ibn Sina\u201c<\/strong><\/p>\n<p><img loading=\"lazy\" decoding=\"async\" class=\"alignnone wp-image-84108\" src=\"https:\/\/schillerinstitute.com\/wp-content\/uploads\/2022\/01\/2022-01-18-Pakistant-TV-News-Views.png\" alt=\"\" width=\"235\" height=\"126\" srcset=\"https:\/\/schillerinstitute.com\/wp-content\/uploads\/2022\/01\/2022-01-18-Pakistant-TV-News-Views.png 880w, https:\/\/schillerinstitute.com\/wp-content\/uploads\/2022\/01\/2022-01-18-Pakistant-TV-News-Views-300x160.png 300w, https:\/\/schillerinstitute.com\/wp-content\/uploads\/2022\/01\/2022-01-18-Pakistant-TV-News-Views-768x410.png 768w\" sizes=\"auto, (max-width: 235px) 100vw, 235px\" \/><\/p>\n<p><a href=\"https:\/\/schillerinstitute.com\/de\/blog\/2022\/01\/20\/helga-zepp-larouche-wirbt-in-pakistan-fuer-operation-ibn-sina\/\" class=\"custom-button small\" data-newwindow=\"true\">Zum Interview mit PTV<\/a><\/p>\n<p><\/div><br \/><div class=\"one-third last\"><\/p>\n<p><\/div><div class=\"clearfix\"><\/div><\/p>\n<p><\/div><\/p>\n\n<div class=\"cpt-alm-main\" id=\"cptalm_69e0dda865a19\"><div class=\"cpt-alm-wrapper  cpt-alm-grid-1\" data-id=\"cptalm_69e0dda865a19\"data-post-type=\"post, page\"data-post-status=\"publish\"data-posts-per-page=\"10\"data-init-load=\"6\"data-category=\"afghanistan-allgemein-de, ibn-sina\"data-category--and=\"\"data-category--not-in=\"\"data-tag=\"\"data-tag--and=\"\"data-tag--not-in=\"\"data-taxonomy=\"\"data-taxonomy-terms=\"\"data-taxonomy-operator=\"\"data-taxonomy-relation=\"\"data-order=\"DESC\"data-orderby=\"date\"data-offset=\"6\"data-template=\"default\"data-default-css=\"yes\"data-scroll=\"\"data-grid=\"1\"data-item-class=\"\"data-container-class=\"\"data-button-text=\"Load More\"data-button-color=\"#6bd298\"data-loading-style=\"normal\"data-loading-text=\"Loading...\"data-found-posts=\"62\"><div class=\"cpt-alm-item cpt-alm-col-12 \"><div class=\"cpt-list-box\">\r\n\t<div class=\"cpt-list-box-img\" style=\"background: url(https:\/\/schillerinstitute.com\/wp-content\/uploads\/2022\/03\/2022-03-22_HZL-on-Pakistan-TV-w-Rehman-600x468.png)\">\r\n\t\t<a href=\"https:\/\/schillerinstitute.com\/de\/blog\/2022\/03\/25\/pakistanisches-fernsehen-interviewt-helga-zepp-larouche-zum-treffen-der-oic-aussenminister-in-islamabad\/\">\r\n\t\t\t<span class=\"cpt-list-details\">Read More<\/span>\r\n\t\t<\/a>\r\n\t<\/div>\r\n\t<div class=\"cpt-list-box-text\">\r\n\t\t<a href=\"https:\/\/schillerinstitute.com\/de\/blog\/2022\/03\/25\/pakistanisches-fernsehen-interviewt-helga-zepp-larouche-zum-treffen-der-oic-aussenminister-in-islamabad\/\"><h3>Pakistanisches Fernsehen interviewt Helga Zepp-LaRouche zum Treffen der OIC-Au\u00dfenminister in Islamabad<\/h3>\r\n\t\t\t<p>23. M\u00e4rz (EIRNS). Helga Zepp-LaRouche geh\u00f6rte zu einer Gruppe Experten, die der pakistanische PTV-Moderator Faisal Rehman gestern \u00fcber das Au\u00dfenministertreffen der Organisation f\u00fcr Islamische Zusammenarbeit (OIC) am 22. M\u00e4rz in Islamabad befrag... <\/p>\r\n\t\t\t<div class=\"cpt-list-metainfo\">\r\n\t\t\t\t<div class=\"cpt-post-meta\">\r\n\t\t\t\t\t<span class=\"cpt-user\"><i class=\"cpt-icon cpt-user-icon\"><\/i> By madeleine<\/span>\r\n\t\t\t\t\t<span class=\"cpt-comments\"><i class=\"cpt-icon cpt-comments-icon\"><\/i> No comments<\/span>\r\n\t\t\t\t<\/div>\r\n\t\t\t<\/div>\r\n\t\t<\/a>\r\n\t<\/div>\r\n\t<div class=\"clear\"><\/div>\r\n<\/div><\/div><div class=\"cpt-alm-item cpt-alm-col-12 \"><div class=\"cpt-list-box\">\r\n\t<div class=\"cpt-list-box-img\" style=\"background: url(https:\/\/schillerinstitute.com\/wp-content\/uploads\/2022\/02\/2022-02-09_HZL-w-Rehman-of-Pakistan-TV-600x553.png)\">\r\n\t\t<a href=\"https:\/\/schillerinstitute.com\/de\/blog\/2022\/02\/11\/zepp-larouche-die-unipolare-welt-ist-zu-ende\/\">\r\n\t\t\t<span class=\"cpt-list-details\">Read More<\/span>\r\n\t\t<\/a>\r\n\t<\/div>\r\n\t<div class=\"cpt-list-box-text\">\r\n\t\t<a href=\"https:\/\/schillerinstitute.com\/de\/blog\/2022\/02\/11\/zepp-larouche-die-unipolare-welt-ist-zu-ende\/\"><h3>Zepp-LaRouche: Die unipolare Welt ist zu Ende<\/h3>\r\n\t\t\t<p>Wir brauchen ein neues Modell der internationalen Beziehungen &#8222;Die Welt befindet sich in einer unglaublich gef\u00e4hrlichen Situation, mit einem Kalten Krieg, der jeden Moment zu einem hei\u00dfen Krieg zu werden droht&#8220;, erkl\u00e4rte Helga Zepp-LaR... <\/p>\r\n\t\t\t<div class=\"cpt-list-metainfo\">\r\n\t\t\t\t<div class=\"cpt-post-meta\">\r\n\t\t\t\t\t<span class=\"cpt-user\"><i class=\"cpt-icon cpt-user-icon\"><\/i> By tobi<\/span>\r\n\t\t\t\t\t<span class=\"cpt-comments\"><i class=\"cpt-icon cpt-comments-icon\"><\/i> No comments<\/span>\r\n\t\t\t\t<\/div>\r\n\t\t\t<\/div>\r\n\t\t<\/a>\r\n\t<\/div>\r\n\t<div class=\"clear\"><\/div>\r\n<\/div><\/div><div class=\"cpt-alm-item cpt-alm-col-12 \"><div class=\"cpt-list-box\">\r\n\t<div class=\"cpt-list-box-img\" style=\"background: url(https:\/\/schillerinstitute.com\/wp-content\/uploads\/2022\/02\/HZL-Afghanistan-eine-Holle-auf-Erden-1-600x600.png)\">\r\n\t\t<a href=\"https:\/\/schillerinstitute.com\/de\/blog\/2022\/02\/11\/helga-zepp-larouche-afghanistan-eine-hoelle-auf-erden\/\">\r\n\t\t\t<span class=\"cpt-list-details\">Read More<\/span>\r\n\t\t<\/a>\r\n\t<\/div>\r\n\t<div class=\"cpt-list-box-text\">\r\n\t\t<a href=\"https:\/\/schillerinstitute.com\/de\/blog\/2022\/02\/11\/helga-zepp-larouche-afghanistan-eine-hoelle-auf-erden\/\"><h3>Helga Zepp-LaRouche: Afghanistan: eine H\u00f6lle auf Erden<\/h3>\r\n\t\t\t<p>Beim Internetseminar \u201eDie humanit\u00e4re Krise in Afghanistan: auf dem Weg zu einer langfristigen L\u00f6sung\u201c des Russischen Rats f\u00fcr Internationale Angelegenheiten und des Schiller-Instituts am 10. Februar hielt Helga Zepp-LaRouche das folgende Einga... <\/p>\r\n\t\t\t<div class=\"cpt-list-metainfo\">\r\n\t\t\t\t<div class=\"cpt-post-meta\">\r\n\t\t\t\t\t<span class=\"cpt-user\"><i class=\"cpt-icon cpt-user-icon\"><\/i> By madeleine<\/span>\r\n\t\t\t\t\t<span class=\"cpt-comments\"><i class=\"cpt-icon cpt-comments-icon\"><\/i> No comments<\/span>\r\n\t\t\t\t<\/div>\r\n\t\t\t<\/div>\r\n\t\t<\/a>\r\n\t<\/div>\r\n\t<div class=\"clear\"><\/div>\r\n<\/div><\/div><div class=\"cpt-alm-item cpt-alm-col-12 \"><div class=\"cpt-list-box\">\r\n\t<div class=\"cpt-list-box-img\" style=\"background: url(https:\/\/schillerinstitute.com\/wp-content\/uploads\/2022\/02\/MaglianoNew-600x600.jpg)\">\r\n\t\t<a href=\"https:\/\/schillerinstitute.com\/de\/blog\/2022\/02\/09\/katholischer-journalist-wir-haben-die-moralische-verpflichtung-afghanen-vor-dem-verhungern-zu-retten\/\">\r\n\t\t\t<span class=\"cpt-list-details\">Read More<\/span>\r\n\t\t<\/a>\r\n\t<\/div>\r\n\t<div class=\"cpt-list-box-text\">\r\n\t\t<a href=\"https:\/\/schillerinstitute.com\/de\/blog\/2022\/02\/09\/katholischer-journalist-wir-haben-die-moralische-verpflichtung-afghanen-vor-dem-verhungern-zu-retten\/\"><h3>Katholischer Journalist: Wir haben die moralische Verpflichtung, Afghanen vor dem Verhungern zu retten<\/h3>\r\n\t\t\t<p>Tony Magliano, ein katholischer Kolumnist f\u00fcr Frieden und Gerechtigkeit, der international publiziert, ver\u00f6ffentlichte am 3. Februar auf Catholic Online einen Artikel mit der \u00dcberschrift \u201eWir haben die moralische Verpflichtung, Afghanen vor dem ... <\/p>\r\n\t\t\t<div class=\"cpt-list-metainfo\">\r\n\t\t\t\t<div class=\"cpt-post-meta\">\r\n\t\t\t\t\t<span class=\"cpt-user\"><i class=\"cpt-icon cpt-user-icon\"><\/i> By madeleine<\/span>\r\n\t\t\t\t\t<span class=\"cpt-comments\"><i class=\"cpt-icon cpt-comments-icon\"><\/i> No comments<\/span>\r\n\t\t\t\t<\/div>\r\n\t\t\t<\/div>\r\n\t\t<\/a>\r\n\t<\/div>\r\n\t<div class=\"clear\"><\/div>\r\n<\/div><\/div><div class=\"cpt-alm-item cpt-alm-col-12 \"><div class=\"cpt-list-box\">\r\n\t<div class=\"cpt-list-box-img\" style=\"background: url(https:\/\/schillerinstitute.com\/wp-content\/uploads\/2022\/01\/51836209115_834cb3a518_c-600x533.jpg)\">\r\n\t\t<a href=\"https:\/\/schillerinstitute.com\/de\/blog\/2022\/01\/29\/webcast-die-kriegsgefahr-besteht-weiter-ein-neues-paradigma-ist-im-gemeinsamen-interesse-der-menschheit\/\">\r\n\t\t\t<span class=\"cpt-list-details\">Read More<\/span>\r\n\t\t<\/a>\r\n\t<\/div>\r\n\t<div class=\"cpt-list-box-text\">\r\n\t\t<a href=\"https:\/\/schillerinstitute.com\/de\/blog\/2022\/01\/29\/webcast-die-kriegsgefahr-besteht-weiter-ein-neues-paradigma-ist-im-gemeinsamen-interesse-der-menschheit\/\"><h3>Webcast &#8211; Die Kriegsgefahr besteht weiter &#8211; Ein Neues Paradigma ist im gemeinsamen Interesse der Menschheit<\/h3>\r\n\t\t\t<p>Der russische Au\u00dfenminister Sergej Lawrow brachte die russische Entt\u00e4uschung \u00fcber die schriftliche Antwort der USA auf Pr\u00e4sident Putins Forderung nach neuen Vertr\u00e4gen \u00fcber Sicherheitsgarantien f\u00fcr Ru\u00dfland zum Ausdruck. Die Regierung Biden sch... <\/p>\r\n\t\t\t<div class=\"cpt-list-metainfo\">\r\n\t\t\t\t<div class=\"cpt-post-meta\">\r\n\t\t\t\t\t<span class=\"cpt-user\"><i class=\"cpt-icon cpt-user-icon\"><\/i> By madeleine<\/span>\r\n\t\t\t\t\t<span class=\"cpt-comments\"><i class=\"cpt-icon cpt-comments-icon\"><\/i> No comments<\/span>\r\n\t\t\t\t<\/div>\r\n\t\t\t<\/div>\r\n\t\t<\/a>\r\n\t<\/div>\r\n\t<div class=\"clear\"><\/div>\r\n<\/div><\/div><div class=\"cpt-alm-item cpt-alm-col-12 \"><div class=\"cpt-list-box\">\r\n\t<div class=\"cpt-list-box-img\" style=\"background: url(https:\/\/schillerinstitute.com\/wp-content\/uploads\/2022\/01\/Ops-Ibn-Sina-Afghanistan-Cadeusses-600x600.png)\">\r\n\t\t<a href=\"https:\/\/schillerinstitute.com\/de\/blog\/2022\/01\/20\/operation-ibn-sina-fuer-afghanistan-und-die-welt\/\">\r\n\t\t\t<span class=\"cpt-list-details\">Read More<\/span>\r\n\t\t<\/a>\r\n\t<\/div>\r\n\t<div class=\"cpt-list-box-text\">\r\n\t\t<a href=\"https:\/\/schillerinstitute.com\/de\/blog\/2022\/01\/20\/operation-ibn-sina-fuer-afghanistan-und-die-welt\/\"><h3>\u201eOperation Ibn Sina\u201c f\u00fcr Afghanistan und die Welt!<\/h3>\r\n\t\t\t<p>Die von Helga Zepp-LaRouche initiierte \u201eOperation Ibn Sina\u201c hat im Rahmen des internationalen Seminars des Schiller-Instituts am 17. Januar mit dem Titel \u201eUngerechtigkeit irgendwo ist eine Bedrohung f\u00fcr die Gerechtigkeit \u00fcberall \u2013 Beendet d... <\/p>\r\n\t\t\t<div class=\"cpt-list-metainfo\">\r\n\t\t\t\t<div class=\"cpt-post-meta\">\r\n\t\t\t\t\t<span class=\"cpt-user\"><i class=\"cpt-icon cpt-user-icon\"><\/i> By madeleine<\/span>\r\n\t\t\t\t\t<span class=\"cpt-comments\"><i class=\"cpt-icon cpt-comments-icon\"><\/i> No comments<\/span>\r\n\t\t\t\t<\/div>\r\n\t\t\t<\/div>\r\n\t\t<\/a>\r\n\t<\/div>\r\n\t<div class=\"clear\"><\/div>\r\n<\/div><\/div><\/div>\r\n\t\t\t<div class=\"cpt-alm-read-more\">\r\n\t\t\t\t<div class=\"cpt-alm-loader cpt-custom-loader\"><div class=\"cpt-loading-icon loading-normal-inner\">\r\n\t\t\t\t<div><\/div><div><\/div><div><\/div><div><\/div><div><\/div><div><\/div><div><\/div><div><\/div><div><\/div><div><\/div><div><\/div><div><\/div><\/div><\/div>\r\n\t\t\t\t<a href=\"javascript:void(0)\" class=\"cpt-alm-btn-load-more\">\r\n\t\t\t\tLoad More\r\n\t\t\t\t<\/a>\r\n\t\t\t<\/div><\/div>\n<!-- AddThis Advanced Settings generic via filter on the_content --><!-- AddThis Share Buttons generic via filter on the_content -->","protected":false},"excerpt":{"rendered":"<p>Ein Aufruf zur Freigabe der Gelder des afghanischen Volkes &nbsp; Dieser Aufruf des Schiller-Instituts wird international, u.a. an w\u00e4hrend eines weltweiten Aktionstages am 14. Oktober, verbreitet. Heute und in den kommenden Tagen stehen wir, informierte Weltb\u00fcrger und Patrioten unserer jeweiligen Nationen, in Washington, Berlin, Lima,&hellip;<!-- AddThis Advanced Settings generic via filter on get_the_excerpt --><!-- AddThis Share Buttons generic via filter on get_the_excerpt --><\/p>\n","protected":false},"author":34,"featured_media":0,"parent":0,"menu_order":0,"comment_status":"closed","ping_status":"closed","template":"template_fullwidth.php","meta":{"_lmt_disableupdate":"no","_lmt_disable":"","footnotes":""},"categories":[],"tags":[],"class_list":["post-80328","page","type-page","status-publish","hentry"],"featured_image_src":null,"_links":{"self":[{"href":"https:\/\/schillerinstitute.com\/de\/wp-json\/wp\/v2\/pages\/80328","targetHints":{"allow":["GET"]}}],"collection":[{"href":"https:\/\/schillerinstitute.com\/de\/wp-json\/wp\/v2\/pages"}],"about":[{"href":"https:\/\/schillerinstitute.com\/de\/wp-json\/wp\/v2\/types\/page"}],"author":[{"embeddable":true,"href":"https:\/\/schillerinstitute.com\/de\/wp-json\/wp\/v2\/users\/34"}],"replies":[{"embeddable":true,"href":"https:\/\/schillerinstitute.com\/de\/wp-json\/wp\/v2\/comments?post=80328"}],"version-history":[{"count":70,"href":"https:\/\/schillerinstitute.com\/de\/wp-json\/wp\/v2\/pages\/80328\/revisions"}],"predecessor-version":[{"id":90036,"href":"https:\/\/schillerinstitute.com\/de\/wp-json\/wp\/v2\/pages\/80328\/revisions\/90036"}],"wp:attachment":[{"href":"https:\/\/schillerinstitute.com\/de\/wp-json\/wp\/v2\/media?parent=80328"}],"wp:term":[{"taxonomy":"category","embeddable":true,"href":"https:\/\/schillerinstitute.com\/de\/wp-json\/wp\/v2\/categories?post=80328"},{"taxonomy":"post_tag","embeddable":true,"href":"https:\/\/schillerinstitute.com\/de\/wp-json\/wp\/v2\/tags?post=80328"}],"curies":[{"name":"wp","href":"https:\/\/api.w.org\/{rel}","templated":true}]}}