{"id":76940,"date":"2021-07-16T08:59:32","date_gmt":"2021-07-16T12:59:32","guid":{"rendered":"https:\/\/schillerinstitute.com\/?page_id=76940"},"modified":"2021-07-27T12:58:51","modified_gmt":"2021-07-27T16:58:51","slug":"es-gibt-keinen-klimanotstand","status":"publish","type":"page","link":"https:\/\/schillerinstitute.com\/de\/es-gibt-keinen-klimanotstand\/","title":{"rendered":"Es gibt keinen &#8218;Klimanotstand&#8216;"},"content":{"rendered":"<p><div class=\"big-title\"><div class=\"bar\"><\/div><h2><b>Es gibt keinen ,Klimanotstand&#8216; \u2013 mit Wissenschaft und Wirtschaftsentwicklung Blackouts und Sterben verhindern<\/b><\/h2><p class=\"sub-title\">Internationales virtuelles Schiller-Institut Seminar, 24. Juli 2021<\/p><\/div><\/p>\n\n\n<p>Die Umstellung der Stromerzeugung mit hoher Energiedichte \u2013 Kohle und Kernkraft \u2013 auf energiearme, unzuverl\u00e4ssige Wind- und Sonnenenergie hat in den Vereinigten Staaten und Europa das Stadium drohender Stromausf\u00e4lle erreicht. Die North American Electric Reliability Corporation (die Aufsichtsbeh\u00f6rde f\u00fcr Stromzuverl\u00e4ssigkeit in den USA, Mexiko und Kanada) hat eine <a rel=\"noreferrer noopener\" href=\"https:\/\/www.eia.gov\/todayinenergy\/detail.php?id=48536\" data-type=\"URL\" data-id=\"https:\/\/www.eia.gov\/todayinenergy\/detail.php?id=48536\" target=\"_blank\">Karte erstellt<\/a>, die zeigt, wo &#8222;Stromversorgungsengp\u00e4sse im Westen der USA, in Texas, Neuengland und Teilen des Mittleren Westens auftreten k\u00f6nnen&#8220;, und zwar von jetzt bis September.<\/p>\n\n\n\n<p>Gleichzeitig ist anderswo auf der Welt \u2013 mit Ausnahme Chinas \u2013 die grundlegende Infrastruktur f\u00fcr die Strom-, Wasser- und Gesundheitsversorgung soweit heruntergekommen, da\u00df anhaltende globale Krankheiten und Hungersn\u00f6te unausweichlich sind.<\/p>\n\n\n\n<p>Diese gef\u00e4hrliche Situation mu\u00df behoben werden. Eine sichere Wasser-, Strom- und Gesundheitsversorgung mu\u00df in Angriff genommen werden, zusammen mit wirksamen Ma\u00dfnahmen gegen die COVID-19-Pandemie, wozu in allen L\u00e4ndern ein modernes Gesundheitssystem aufgebaut werden mu\u00df.<\/p>\n\n\n\n<p>Besonders vordringlich sind dabei L\u00e4nder wie Afghanistan sowie Zentral- und S\u00fcdwestasien, wo die jahrzehntelange Politik &#8222;endloser Kriege&#8220; massive Verw\u00fcstungen angerichtet hat, w\u00e4hrend gleichzeitig einschneidende Sanktionen den Wiederaufbau verhindern.<\/p>\n\n\n\n<p>Um die gegenseitige Sicherheit weltweit zu gew\u00e4hrleisten, mu\u00df es eine R\u00fcckbesinnung auf die Tradition milit\u00e4rischer Ingenieurskunst von &#8222;West Point&#8220;, nicht auf die Kriegstreiberei des milit\u00e4risch-industriellen Komplexes geben. Dies liegt im gemeinsamen Interesse aller Nationen und wird am besten durch eine Zusammenarbeit zwischen den Gro\u00dfm\u00e4chten erreicht, wof\u00fcr das Treffen zwischen den Pr\u00e4sidenten Biden und Putin am 16. Juni ein erster Schritt war.<\/p>\n\n\n\n<p>Am dringlichsten ist es, die Behauptung zu entkr\u00e4ften, es gebe einen &#8222;Klimanotstand&#8220;, der eine drastische Reduzierung menschlicher Aktivit\u00e4ten \u2013 Landwirtschaft, Industrie, Energie, Wasser \u2013 erforderte, um die Treibhausgasemissionen zu begrenzen. Dies ist eine todbringende Unwahrheit. Die Entwicklung einer immer h\u00f6heren Energieflu\u00dfdichte, wie sie der Staatsmann und \u00d6konom Lyndon LaRouche vorschl\u00e4gt, ist f\u00fcr den menschlichen Fortschritt unerl\u00e4\u00dflich.<\/p>\n\n\n\n<p>Ziel der Konferenz ist es, Experten und Laien aus vielen Nationen zusammenzubringen, um konkrete Ver\u00e4nderungen zu bewirken. Die vollst\u00e4ndige Liste der Redner, das Programm und die Einladungsanmeldung folgen in K\u00fcrze. Merken Sie sich den Termin vor und machen Sie andere darauf aufmerksam. <\/p>\n\n\n<p><a href=\"https:\/\/schillerinstitute.com\/blog\/2021\/07\/15\/conference-there-is-no-climate-emergency-apply-the-science-and-economics-of-development-to-stop-blackouts-and-death\/\" class=\"custom-button small\" data-newwindow=\"true\">Die Konferenz im englischen Original ansehen<\/a><\/p>\n\n\n<p><br><br><strong>PANEL I: Die wirtschaftlichen Auswirkungen des gr\u00fcnen Wahnsinns<\/strong><br><\/p>\n\n\n\n<p>Moderator:<strong> <\/strong>Dennis Speed (USA), Schiller-Institut<\/p>\n\n\n\n<ul class=\"wp-block-list\"><li>Lyndon LaRouche (1922-2019): <a rel=\"noreferrer noopener\" href=\"https:\/\/www.youtube.com\/watch?v=_R0O3g9ulBI\" data-type=\"URL\" data-id=\"https:\/\/www.youtube.com\/watch?v=_R0O3g9ulBI\" target=\"_blank\">&#8222;Die Wissenschaft und das Gute&#8220;<\/a><\/li><\/ul>\n\n\n\n<ul class=\"wp-block-list\"><li>Jason Ross (USA), wissenschaftlicher Berater, Schiller-Institut: <a href=\"https:\/\/www.youtube.com\/watch?v=WUBLzgRByVg\" data-type=\"URL\" data-id=\"https:\/\/www.youtube.com\/watch?v=WUBLzgRByVg\" target=\"_blank\" rel=\"noreferrer noopener\">\u201eEs gibt eine Grenze der erneuerbaren Energie: Prolog\u201c<\/a><\/li><\/ul>\n\n\n\n<ul class=\"wp-block-list\"><li>Guus Berkhout, emeritierter Professor f\u00fcr Geophysik, Mitglied der K\u00f6niglich Niederl\u00e4ndischen Akademie der Wissenschaften, langj\u00e4hriges Mitglied der Niederl\u00e4ndischen Akademie der Ingenieurwissenschaften und Pr\u00e4sident von CLINTEL, Thema: <a rel=\"noreferrer noopener\" href=\"https:\/\/www.youtube.com\/watch?v=AG-ZxrPohoc\" data-type=\"URL\" data-id=\"https:\/\/www.youtube.com\/watch?v=AG-ZxrPohoc\" target=\"_blank\">&#8222;H\u00f6rt auf, den Klimawandel f\u00fcr euer Versagen verantwortlich zu machen&#8220;<\/a><\/li><\/ul>\n\n\n\n<ul class=\"wp-block-list\"><li>Landessenator Mike Thomson, Kansas (USA), Vorsitzender des Senatsausschusses f\u00fcr Energieversorgung: <a rel=\"noreferrer noopener\" href=\"https:\/\/www.youtube.com\/watch?v=ggVFG5L2QYM\" data-type=\"URL\" data-id=\"https:\/\/www.youtube.com\/watch?v=ggVFG5L2QYM\" target=\"_blank\">\u201eDen Kurs der Wind- und Solarenergie umkehren \u2013 Ein Bericht der Central States der USA\u201c<\/a><\/li><\/ul>\n\n\n\n<ul class=\"wp-block-list\"><li>Prof. Franco Battaglia (Italien), Professor f\u00fcr Physikalische Chemie, Universit\u00e4t Modena; Mitglied des initiierenden Komitees der Erkl\u00e4rung \u201eKlima, eine Gegenstrom-Petition\u201c, Juli 2019: Thema: <a rel=\"noreferrer noopener\" href=\"https:\/\/www.youtube.com\/watch?v=71_HW6b5cRE\" data-type=\"URL\" data-id=\"https:\/\/www.youtube.com\/watch?v=71_HW6b5cRE\" target=\"_blank\">\u201eDas IPCC liegt falsch \u2013 die Folgen sind t\u00f6dlich\u201c<\/a><\/li><\/ul>\n\n\n\n<ul class=\"wp-block-list\"><li>Angel Cushing (USA, Kansas), Ziegenz\u00fcchter; County Action Leader: \u201eStoppt den Green Land Grab \u2013 Sch\u00fctzt die Nahrungsmittelproduktion und die Menschen\u201c<\/li><\/ul>\n\n\n\n<ul class=\"wp-block-list\"><li>Paul Driessen, Autor von &#8222;\u00d6ko-Imperialismus: Gr\u00fcne Macht, schwarzer Tod&#8220;: <a rel=\"noreferrer noopener\" href=\"https:\/\/www.youtube.com\/watch?v=WasyXoZ3aj4&amp;t=1s\" data-type=\"URL\" data-id=\"https:\/\/www.youtube.com\/watch?v=WasyXoZ3aj4&amp;t=1s\" target=\"_blank\">&#8222;Extreme Wetterereignisse: Mythos und Realit\u00e4t&#8220;<\/a><\/li><\/ul>\n\n\n\n<ul class=\"wp-block-list\"><li>Prof. Alwin Burgholte (Deutschland), emerierter Professor, JADE; Hochschule Wilhelmshaven: <a rel=\"noreferrer noopener\" href=\"https:\/\/www.youtube.com\/watch?v=zTy-_a9_sjk\" data-type=\"URL\" data-id=\"https:\/\/www.youtube.com\/watch?v=zTy-_a9_sjk\" target=\"_blank\">\u201eDie zunehmende Gefahr von Blackouts durch Wind- und Solarenergie<\/a>&#8220; <\/li><\/ul>\n\n\n\n<ul class=\"wp-block-list\"><li>Christian Lohmeyer (Deutschland, Niedersachsen), Landwirt: <a rel=\"noreferrer noopener\" href=\"https:\/\/www.youtube.com\/watch?v=G_pIp2voK3k\" data-type=\"URL\" data-id=\"https:\/\/www.youtube.com\/watch?v=G_pIp2voK3k\" target=\"_blank\">\u201eDie Hochwasserkatastrophe wurde nicht durch \u201aKlima\u2018, sondern durch unmoralische Vernachl\u00e4ssigung verursacht\u201c<\/a><\/li><\/ul>\n\n\n\n<ul class=\"wp-block-list\"><li>Jason Ross (USA), wissenschaftlicher Berater, Schiller-Institut: <a href=\"https:\/\/www.youtube.com\/watch?v=dHIGZgqfj3M\" data-type=\"URL\" data-id=\"https:\/\/www.youtube.com\/watch?v=dHIGZgqfj3M\" target=\"_blank\" rel=\"noreferrer noopener\">\u201eEs gibt eine Grenze der erneuerbaren Energie: Epilog\u201c<\/a><\/li><\/ul>\n\n\n\n<p><strong>PANEL II:  Energie, Weltgesundheit und Ende von Kriegen &#8211; die unverzichtbare Rolle der Energieflu\u00dfdichte<\/strong><\/p>\n\n\n\n<p>Moderator: Dennis Speed (USA), Schiller-Institut<\/p>\n\n\n\n<ul class=\"wp-block-list\"><li>Dr. Walter Faggett (USA),ehem. medizinischer Chefkoordinator des Gesundheitsministeriums, Washington D.C., Beisitzender des DC WArd 8 Gesundheitsausschusses, Gru\u00dfbotschaft: \u201eDie Mission der \u00f6ffentlichen Gesundheit\u201c<\/li><\/ul>\n\n\n\n<ul class=\"wp-block-list\"><li>Helga Zepp-LaRouche (Deutschland), Gr\u00fcnderin und Pr\u00e4sidentin, Schiller-Institut: <a href=\"https:\/\/www.youtube.com\/watch?v=it-srotS0-U\" data-type=\"URL\" data-id=\"https:\/\/www.youtube.com\/watch?v=it-srotS0-U\" target=\"_blank\" rel=\"noreferrer noopener\">&#8222;Flutkatastrophe? Mangelde Investitionen in Infrastruktur!&#8220;<\/a><\/li><\/ul>\n\n\n\n<ul class=\"wp-block-list\"><li>Dr. Kelvin Kemm (S\u00fcdafrika), Kernphysiker, ehemaliger Vorsitzender des Kernenergieunternehmens in S\u00fcdafrika: <a rel=\"noreferrer noopener\" href=\"https:\/\/www.youtube.com\/watch?v=-vDf3pM_0aY\" data-type=\"URL\" data-id=\"https:\/\/www.youtube.com\/watch?v=-vDf3pM_0aY\" target=\"_blank\">\u201eDie Notwendigkeit der Kernenergie f\u00fcr Afrika\u201c<\/a><\/li><\/ul>\n\n\n\n<ul class=\"wp-block-list\"><li>Marc Y.E. Pelaez (USA), Konteradmiral a.D. der US-Navy: <a href=\"https:\/\/www.youtube.com\/watch?v=-t8LRe0aUGw&amp;t=2s\" data-type=\"URL\" data-id=\"https:\/\/www.youtube.com\/watch?v=-t8LRe0aUGw&amp;t=2s\" target=\"_blank\" rel=\"noreferrer noopener\">&#8222;Eine milit\u00e4rische Perspektive.&#8220;\u00a0<\/a><\/li><\/ul>\n\n\n\n<ul class=\"wp-block-list\"><li>Alberto Vizcarra (Mexiko) Direktor, B\u00fcrgerbewegung f\u00fcr Wasser: <a rel=\"noreferrer noopener\" href=\"https:\/\/www.youtube.com\/watch?v=_R3PNvgUrSU\" data-type=\"URL\" data-id=\"https:\/\/www.youtube.com\/watch?v=_R3PNvgUrSU\" target=\"_blank\">\u201eBinationale D\u00fcrre und die binationale L\u00f6sung\u201c<\/a><\/li><\/ul>\n\n\n\n<ul class=\"wp-block-list\"><li>Richard McPherson (USA), Offizier f\u00fcr Kerningenieurwesen der U.S. Navy im Ruhestand; Navy Board of Inspection and Survey, Propulsion Examining Board; U.S.-Vertreter im 6-Nationen-Panel der Internationalen Atomenergiebeh\u00f6rde (IAEA) nach dem Tschernobyl-Unfall. Thema: <a rel=\"noreferrer noopener\" href=\"https:\/\/www.youtube.com\/watch?v=a9Fd7UA1mB8\" data-type=\"URL\" data-id=\"https:\/\/www.youtube.com\/watch?v=a9Fd7UA1mB8\" target=\"_blank\">\u201eDie Wahrheit \u00fcber Atomkraft, das Ende des Krieges und der Beginn der Weltentwicklung\u201c<\/a><\/li><\/ul>\n\n\n\n<ul class=\"wp-block-list\"><li>Vincenzo Romanello, PhD (Italien), Ingenieur f\u00fcr Kerntechnik, Forschungszentrum Rez, Gr\u00fcnder \u201eAtome f\u00fcr den Frieden\u201c in der Tschechischen Republik: &#8222;Eine Kernenergie-Plattform f\u00fcr die Welt aufbauen&#8220;&nbsp;<\/li><\/ul>\n\n\n\n<ul class=\"wp-block-list\"><li>John Shanahan (USA), Bauingenieur, Herausgeber: allaboutenergy.net, M.Sc.Bauingenieurwesen<\/li><\/ul>\n\n\n<p><div class=\"call-to-action-big\"><h2>Unterst\u00fctzen Sie die Arbeit des Schiller-Instituts<\/h2><p class=\"excerpt\">durch eine Mitgliedschaft oder Spende<\/p><p><a href=\"https:\/\/schillerinstitute.com\/de\/mitglied-werden\/\" class=\"custom-button large\" data-newwindow=\"true\">Mitglied werden<\/a><\/p><\/div><\/p><!-- AddThis Advanced Settings generic via filter on the_content --><!-- AddThis Share Buttons generic via filter on the_content -->","protected":false},"excerpt":{"rendered":"<p>Es gibt keinen ,Klimanotstand&#8216; \u2013 mit Wissenschaft und Wirtschaftsentwicklung Blackouts und Sterben verhindern Internationales virtuelles Schiller-Institut Seminar, 24. Juli 2021 Die Umstellung der Stromerzeugung mit hoher Energiedichte \u2013 Kohle und Kernkraft \u2013 auf energiearme, unzuverl\u00e4ssige Wind- und Sonnenenergie hat in den Vereinigten Staaten und Europa&hellip;<!-- AddThis Advanced Settings generic via filter on get_the_excerpt --><!-- AddThis Share Buttons generic via filter on get_the_excerpt --><\/p>\n","protected":false},"author":34,"featured_media":0,"parent":0,"menu_order":0,"comment_status":"closed","ping_status":"closed","template":"template_fullwidth.php","meta":{"_lmt_disableupdate":"no","_lmt_disable":"","footnotes":""},"categories":[],"tags":[],"class_list":["post-76940","page","type-page","status-publish","hentry"],"featured_image_src":null,"_links":{"self":[{"href":"https:\/\/schillerinstitute.com\/de\/wp-json\/wp\/v2\/pages\/76940","targetHints":{"allow":["GET"]}}],"collection":[{"href":"https:\/\/schillerinstitute.com\/de\/wp-json\/wp\/v2\/pages"}],"about":[{"href":"https:\/\/schillerinstitute.com\/de\/wp-json\/wp\/v2\/types\/page"}],"author":[{"embeddable":true,"href":"https:\/\/schillerinstitute.com\/de\/wp-json\/wp\/v2\/users\/34"}],"replies":[{"embeddable":true,"href":"https:\/\/schillerinstitute.com\/de\/wp-json\/wp\/v2\/comments?post=76940"}],"version-history":[{"count":27,"href":"https:\/\/schillerinstitute.com\/de\/wp-json\/wp\/v2\/pages\/76940\/revisions"}],"predecessor-version":[{"id":77580,"href":"https:\/\/schillerinstitute.com\/de\/wp-json\/wp\/v2\/pages\/76940\/revisions\/77580"}],"wp:attachment":[{"href":"https:\/\/schillerinstitute.com\/de\/wp-json\/wp\/v2\/media?parent=76940"}],"wp:term":[{"taxonomy":"category","embeddable":true,"href":"https:\/\/schillerinstitute.com\/de\/wp-json\/wp\/v2\/categories?post=76940"},{"taxonomy":"post_tag","embeddable":true,"href":"https:\/\/schillerinstitute.com\/de\/wp-json\/wp\/v2\/tags?post=76940"}],"curies":[{"name":"wp","href":"https:\/\/api.w.org\/{rel}","templated":true}]}}