{"id":75063,"date":"2021-06-02T09:17:03","date_gmt":"2021-06-02T13:17:03","guid":{"rendered":"https:\/\/schillerinstitute.com\/?page_id=75063"},"modified":"2021-07-27T08:01:59","modified_gmt":"2021-07-27T12:01:59","slug":"internationale-schiller-institut-internetkonferenz-26-u-27-juni-2021","status":"publish","type":"page","link":"https:\/\/schillerinstitute.com\/de\/internationale-schiller-institut-internetkonferenz-26-u-27-juni-2021\/","title":{"rendered":"Internationale Schiller-Institut Internetkonferenz, 26. u. 27. Juni 2021"},"content":{"rendered":"<p><div class=\"big-title\"><div class=\"bar\"><\/div><h2><strong>F\u00fcr das Gemeinwohl aller, statt dem Nutzen Weniger!<\/strong><\/h2><p class=\"sub-title\">Internationale Schiller-Institut\/ICLC Internetkonferenz, 26. und 27. Juni 2021<\/p><\/div><\/p>\n<p><img loading=\"lazy\" decoding=\"async\" class=\"wp-image-75682  alignnone\" src=\"https:\/\/schillerinstitute.com\/wp-content\/uploads\/2021\/06\/German-Conference-thumbnail-June-26-27-2021-300x169.png\" alt=\"\" width=\"861\" height=\"485\" srcset=\"https:\/\/schillerinstitute.com\/wp-content\/uploads\/2021\/06\/German-Conference-thumbnail-June-26-27-2021-300x169.png 300w, https:\/\/schillerinstitute.com\/wp-content\/uploads\/2021\/06\/German-Conference-thumbnail-June-26-27-2021-1024x576.png 1024w, https:\/\/schillerinstitute.com\/wp-content\/uploads\/2021\/06\/German-Conference-thumbnail-June-26-27-2021-768x432.png 768w, https:\/\/schillerinstitute.com\/wp-content\/uploads\/2021\/06\/German-Conference-thumbnail-June-26-27-2021.png 1280w\" sizes=\"auto, (max-width: 861px) 100vw, 861px\" \/><\/p>\n\n\n<p><\/p>\n\n\n\n<figure class=\"wp-block-pullquote\"><blockquote><p>Sie k\u00f6nnen sich die Konferenzvideos im englischen Original <a rel=\"noreferrer noopener\" href=\"https:\/\/schillerinstitute.com\/blog\/2021\/06\/25\/conference-for-the-common-good-of-all-people-not-rules-benefiting-the-few\/\" data-type=\"URL\" data-id=\"https:\/\/schillerinstitute.com\/blog\/2021\/06\/25\/conference-for-the-common-good-of-all-people-not-rules-benefiting-the-few\/\" target=\"_blank\">hier <\/a>oder auf <a rel=\"noreferrer noopener\" href=\"https:\/\/www.youtube.com\/c\/SchillerInstitute\/videos\" target=\"_blank\">Youtube<\/a> ansehen.&nbsp; Die deutsche \u00dcbersetzung wird in K\u00fcrze ver\u00f6ffentlicht. Die bereits ver\u00f6ffentlichten Reden finden Sie auf den Links der einzelnen Panel.<\/p><\/blockquote><\/figure>\n\n\n<p><strong>Abonnieren Sie unseren <a href=\"https:\/\/schillerinstitute.com\/de\/newsletter-des-internationalen-schiller-instituts\/\" target=\"_blank\" rel=\"noopener\">Newsletter<\/a>, unterst\u00fctzen Sie die Arbeit des Schiller-Instituts durch eine <a href=\"https:\/\/schillerinstitute.com\/de\/mitglied-werden\/\" target=\"_blank\" rel=\"noopener\">Mitgliedschaft<\/a> und helfen Sie mit, die Konferenzreden in Ihren Netzwerken und dar\u00fcber hinaus zu verbreiten. <\/strong><div class=\"hr\"><hr \/><\/div><strong><br><\/strong><\/p>\n\n\n<p>Die zweit\u00e4gige <strong>Internetkonferenz<\/strong> des internationalen Schiller-Instituts am <strong>26. und 27. Juni<\/strong> ist Teil eines kontinuierlichen Prozesses zum Aufbau einer immer st\u00e4rker werdenden weltweiten anti-malthusianischen Allianz, die ein Netzwerk von Menschen miteinbezieht, die die grundlegende Bedeutung einer Renaissance der klassischen Kultur verstehen. &nbsp; <\/p>\n\n\n\n<h2 class=\"wp-block-heading\">Samstag, 26. Juni 2021<\/h2>\n\n\n\n<h3 class=\"wp-block-heading\">15.00 Uhr: Panel 1 &#8211; &#8222;Wen die G\u00f6tter vernichten wollen: ein Krieg gegen Russland und China ist schlimmer als verr\u00fcckt&#8220;<\/h3>\n\n\n<p><img loading=\"lazy\" decoding=\"async\" class=\"alignnone  wp-image-75981\" src=\"https:\/\/schillerinstitute.com\/wp-content\/uploads\/2021\/06\/Panel-1-deutsch-300x169.png\" alt=\"\" width=\"847\" height=\"477\" srcset=\"https:\/\/schillerinstitute.com\/wp-content\/uploads\/2021\/06\/Panel-1-deutsch-300x169.png 300w, https:\/\/schillerinstitute.com\/wp-content\/uploads\/2021\/06\/Panel-1-deutsch-1024x576.png 1024w, https:\/\/schillerinstitute.com\/wp-content\/uploads\/2021\/06\/Panel-1-deutsch-768x432.png 768w, https:\/\/schillerinstitute.com\/wp-content\/uploads\/2021\/06\/Panel-1-deutsch.png 1280w\" sizes=\"auto, (max-width: 847px) 100vw, 847px\" \/><\/p>\n<p>Was war die Absicht der britischen Provokation im Schwarzen Meer? Sind diese Provokation nicht genau das Gegenteil der Aussage nach dem Gipfeltreffen zwischen Pr\u00e4sident Putin und Pr\u00e4sident Biden, da\u00df ein Atomkrieg nicht gewonnen werden kann und deshalb niemals gef\u00fchrt werden darf? Oder haben die Kriegstreiber ungewollt das Thema unterstrichen, das Helga Zepp-LaRouche f\u00fcr das erste Panel der bevorstehenden Konferenz des Schiller-Instituts vorgesehen hat?<\/p>\n<p>Im ersten Panel \u201eWen die G\u00f6tter vernichten wollen: ein Krieg gegen Russland und China ist schlimmer als verr\u00fcckt\u201c haben hochkar\u00e4tig Redner die Gefahren und Auswege aus der strategischen Krise diskutiert.<\/p>\n\n\n<p>Moderator: <strong>Dennis Speed<\/strong>, Schiller-Institut (USA)<\/p>\n\n\n\n<ol class=\"wp-block-list\"><li>Wolfgang Amadeus Mozart, Laudate Dominum, Kammers\u00e4nger, Schiller-Institut<\/li><li><strong><a href=\"https:\/\/www.youtube.com\/watch?v=4hDUkf5Pnik\" data-type=\"URL\" data-id=\"https:\/\/www.youtube.com\/watch?v=4hDUkf5Pnik\" target=\"_blank\" rel=\"noreferrer noopener\">Helga Zepp-LaRouche<\/a><\/strong>, Gr\u00fcnderin und Vorsitzende des Schiller-Instituts, Keynote: &#8222;Die Sofortma\u00dfnahmen, die jetzt ergriffen werden m\u00fcssen!&#8220;<\/li><li><strong><a rel=\"noreferrer noopener\" href=\"https:\/\/www.youtube.com\/watch?v=HirHcCwXlkU\" data-type=\"URL\" data-id=\"https:\/\/www.youtube.com\/watch?v=HirHcCwXlkU\" target=\"_blank\">Dr. Andrej Kortunow<\/a><\/strong>, Generaldirektor des russischen Rates f\u00fcr Internationale Angelegenheiten (RIAC): \u201eHat das Genfer Gipfeltreffen die Beziehungen zwischen den USA und Ru\u00dfland ver\u00e4ndert?\u201c<\/li><li><a href=\"https:\/\/www.youtube.com\/watch?v=606QDTax3HE\" data-type=\"URL\" data-id=\"https:\/\/www.youtube.com\/watch?v=606QDTax3HE\" target=\"_blank\" rel=\"noreferrer noopener\"><strong>Atul Anaja<\/strong> <\/a>(Indien), Herausgeber India Narrative: \u201eDie Ru\u00dfland-China Verbindung als Teil der Neuen Weltordung \u2013 Wie kommt Indien ebenfalls an den Tisch?\u201c<\/li><li><strong><a href=\"https:\/\/www.youtube.com\/watch?v=yR2Hjnoxz60\" data-type=\"URL\" data-id=\"https:\/\/www.youtube.com\/watch?v=yR2Hjnoxz60\" target=\"_blank\" rel=\"noreferrer noopener\">Oberst a.D. Richard H. Black<\/a><\/strong> (USA), ehem. Landessenator des US-Bundesstaates Virginia, ehem. Offizier der US-Marines, ehem. Leiter der Strafrechtsabteilung der US-Armee im Pentagon: \u201eDie Beziehungen zwischen den USA und China: Ein Weg zur Kriegsvermeidung und Zusammenarbeit.\u201c<\/li><li><strong><a href=\"https:\/\/www.youtube.com\/watch?v=ewX_cM7hMtM\" data-type=\"URL\" data-id=\"https:\/\/www.youtube.com\/watch?v=ewX_cM7hMtM\" target=\"_blank\" rel=\"noreferrer noopener\">Ray McGovern<\/a><\/strong> (USA), ehem. Analyst des US-Geheimdienstes CIA, Mitbegr\u00fcnder der Veteran Intelligence Professionals for Sanity (VIPS; Geheimdienstveteranen f\u00fcr Vernunft): \u201eWenn ein Schritt zur\u00fcck auch ein Schritt vorw\u00e4rts ist: Der Zusammenfall der Gegens\u00e4tze\u201c<\/li><li>Diskussion<\/li><\/ol>\n\n\n\n<h3 class=\"wp-block-heading\">20.00 Uhr: Panel 2 &#8211;  &#8222;Die echte Wissenschaft hinter dem Klimawandel: Warum die Welt weitere sieben Terawatt an Energie braucht&#8220;<\/h3>\n\n\n<p><img loading=\"lazy\" decoding=\"async\" class=\"alignnone  wp-image-75961\" src=\"https:\/\/schillerinstitute.com\/wp-content\/uploads\/2021\/06\/Panel-2-deutsch-300x169.png\" alt=\"\" width=\"854\" height=\"481\" srcset=\"https:\/\/schillerinstitute.com\/wp-content\/uploads\/2021\/06\/Panel-2-deutsch-300x169.png 300w, https:\/\/schillerinstitute.com\/wp-content\/uploads\/2021\/06\/Panel-2-deutsch-1024x576.png 1024w, https:\/\/schillerinstitute.com\/wp-content\/uploads\/2021\/06\/Panel-2-deutsch-768x432.png 768w, https:\/\/schillerinstitute.com\/wp-content\/uploads\/2021\/06\/Panel-2-deutsch.png 1280w\" sizes=\"auto, (max-width: 854px) 100vw, 854px\" \/><\/p>\n\n\n<p><strong>Die Wissenschaft des Klimawandels ist nicht gekl\u00e4rt<\/strong>, und vieles von dem, was pr\u00e4sentiert wird, basiert \u00fcberhaupt nicht auf Wissenschaft. F\u00fchrende Wissenschaftler mit der Integrit\u00e4t und dem Mut, sich gegen das gef\u00e4hrliche \u201epopulistische\u201c Dogma zu stellen, werden den sogenannten menschengemachten Klimawandel und die fortschrittlichsten wissenschaftlichen Aspekte, einschlie\u00dflich der wissenschaftlichen Erkenntnisse \u00fcber galaktische Oszillationen in den astronomischen Entwicklungen diskutieren. Der selbstm\u00f6rderische Kurs einiger europ\u00e4ischer Staaten, an der \u201eKernkraft-Nein-Danke\u201c-Haltung festzuhalten, wird ebenfalls er\u00f6rtert werden. &nbsp; <\/p>\n\n\n\n<p><strong>Weltraumforschung und -erkundung<\/strong>, sowie die j\u00fcngsten Durchbr\u00fcche in der kontrollierten <strong>thermonuklearen Fusion<\/strong>, sind die Wissenschaftstreiber einer wachsenden und wohlhabenden menschlichen Gattung. &nbsp; <\/p>\n\n\n\n<p><strong><em>Der Mensch ist mit Sicherheit eine galaktische Spezies, und die Verwirklichung dieser Idee hat tiefgreifende Auswirkungen auf alles, von der Bildung, \u00fcber das Gesundheitswesen bis hin zum Potential f\u00fcr neue Beethovens und Mozarts.<\/em><\/strong> &nbsp; <\/p>\n\n\n\n<p>Moderator: <strong>Jason Ross<\/strong>, wissenschaftlicher Berater, Schiller-Institut (USA)<\/p>\n\n\n\n<ol class=\"wp-block-list\"><li><strong><a rel=\"noreferrer noopener\" href=\"https:\/\/www.youtube.com\/watch?v=chfVL5d6IsU\" data-type=\"URL\" data-id=\"https:\/\/www.youtube.com\/watch?v=chfVL5d6IsU\" target=\"_blank\">Megan Dobrodt<\/a><\/strong>, Pr\u00e4sidentin des Schiller-Instituts in den USA: \u201eWarum das Universum mehr Menschen braucht\u201d&nbsp;<\/li><li><strong><a rel=\"noreferrer noopener\" href=\"https:\/\/www.youtube.com\/watch?v=viu_KyTNtac\" data-type=\"URL\" data-id=\"https:\/\/www.youtube.com\/watch?v=viu_KyTNtac\" target=\"_blank\">Dr. Kelvin Kemm<\/a><\/strong> (S\u00fcdafrika), Kernphysiker, ehemaliger Vorsitzender des Kernenergieunternehmens in S\u00fcdafrika: \u201eDie Herangehensweise eines Ingenieurs bez\u00fcglich Energie und \u2019Erneuerbarer\u2018\u201c<\/li><li><strong><a rel=\"noreferrer noopener\" href=\"https:\/\/www.youtube.com\/watch?v=bapDv1PArlo\" data-type=\"URL\" data-id=\"https:\/\/www.youtube.com\/watch?v=bapDv1PArlo\" target=\"_blank\">Emanuel H\u00f6hener<\/a><\/strong> (Schweiz), Beratender Ingenieur im Energiesektor, Vorsitzender des Carnot-Cournot-Netzwerks: \u201eSchweizer stimmen &#8218;Nein&#8216; zu neuem CO2-Gesetz\u201c<\/li><li><strong><a rel=\"noreferrer noopener\" href=\"https:\/\/www.youtube.com\/watch?v=1G9kueYPdNM\" data-type=\"URL\" data-id=\"https:\/\/www.youtube.com\/watch?v=1G9kueYPdNM\" target=\"_blank\">Prof. Augustinus Berkhout<\/a><\/strong> (Niederlande), Mitglied der K\u00f6niglich Niederl\u00e4ndischen Akademie der K\u00fcnste und Wissenschaften, Tr\u00e4ger des Verdienstordens von Oranien-Nassau (2008), emeritierter Professor f\u00fcr Geophysik an der Technischen Universit\u00e4t Delft, Pr\u00e4sident der Climate Intelligence Group und leitendes Mitglied der niederl\u00e4ndischen Akademie f\u00fcr Ingenieurswesen (AcTI): \u201eGru\u00dfbotschaft an die Konferenz\u201c<\/li><li><strong><a rel=\"noreferrer noopener\" href=\"https:\/\/www.youtube.com\/watch?v=J4QSH_itEHs\" data-type=\"URL\" data-id=\"https:\/\/www.youtube.com\/watch?v=J4QSH_itEHs\" target=\"_blank\">Prof. Horst-Joachim L\u00fcdecke<\/a><\/strong> (Deutschland), Physiker f\u00fcr Str\u00f6mungsmechanik und emeritierter Professor an der Hochschule f\u00fcr Technik und Wirtschaft des Saarlandes: \u201eKlimazyklen und globale Erw\u00e4rmung\u201c<\/li><li><strong><a rel=\"noreferrer noopener\" href=\"https:\/\/www.youtube.com\/watch?v=lMzh5_cKiPw\" data-type=\"URL\" data-id=\"https:\/\/www.youtube.com\/watch?v=lMzh5_cKiPw\" target=\"_blank\">Prof. Nicola Scafetta<\/a><\/strong> (Italien), Fachbereich f\u00fcr Erd-, Umwelt- und Rohstoffwissenschaften, Universit\u00e0 degli Studi di Napoli Federico II<\/li><li><strong><a rel=\"noreferrer noopener\" href=\"https:\/\/www.youtube.com\/watch?v=IZscu_xyy5I\" data-type=\"URL\" data-id=\"https:\/\/www.youtube.com\/watch?v=IZscu_xyy5I\" target=\"_blank\">Dr. med. Ben Greenspan<\/a><\/strong> (USA) Vorstand, The American Board of Science in Nuclear Medicine; ehemaliger Pr\u00e4sident, Society of Nuclear Medicine and Molecular Imaging: \u201eEinf\u00fchrung in die Nuklearmedizin\u201c<\/li><li><strong><a rel=\"noreferrer noopener\" href=\"https:\/\/www.youtube.com\/watch?v=80JDnZ6k2JM\" data-type=\"URL\" data-id=\"https:\/\/www.youtube.com\/watch?v=80JDnZ6k2JM\" target=\"_blank\">Paul Driessen<\/a><\/strong> (USA), leitender politischer Berater des Committee for a Constructive Tomorrow (CFACT) und des Zentrums f\u00fcr die Verteidigung des freien Unternehmertums: \u201eDer Betrug des Biden-AOC Green New Deal: nicht-nachhaltig, nicht-bezahlbar, umweltzerst\u00f6rerisch, CO2-kolonialistisch\u201c&nbsp;<\/li><li><strong><a href=\"https:\/\/www.youtube.com\/watch?v=V7A-N2o9VrU\" data-type=\"URL\" data-id=\"https:\/\/www.youtube.com\/watch?v=V7A-N2o9VrU\" target=\"_blank\" rel=\"noreferrer noopener\">Vincenzo Romanello<\/a><\/strong>, PhD (Italien), Ingenieur f\u00fcr Kerntechnik, Forschungszentrum Rez, Gr\u00fcnder \u201eAtome f\u00fcr den Frieden\u201c in der Tschechischen Republik: \u201eEine Kernenergieplattform f\u00fcr die ganze Welt schaffen\u201c<\/li><li><strong><a rel=\"noreferrer noopener\" href=\"https:\/\/www.youtube.com\/watch?v=7EA_NAe7HhE\" data-type=\"URL\" data-id=\"https:\/\/www.youtube.com\/watch?v=7EA_NAe7HhE\" target=\"_blank\">John Shanahan<\/a><\/strong> (USA), Bauingenieur, Herausgeber: allaboutenergy.net, M.Sc.Bauingenieurwesen, Gru\u00dfbotschaft<\/li><li><strong><a rel=\"noreferrer noopener\" href=\"https:\/\/www.youtube.com\/watch?v=6Km2a0o40kU&amp;t=12s\" data-type=\"URL\" data-id=\"https:\/\/www.youtube.com\/watch?v=6Km2a0o40kU&amp;t=12s\" target=\"_blank\">Florencia de los Angeles Renteria del Toro<\/a><\/strong> (Mexiko), Doktorandin f\u00fcr Nuklearwissenschaft und Technologie, Harbin Engineering University, China: &#8222;Meine pers\u00f6nliche Leidenschaft f\u00fcr die Nuklearwissenschaft&#8220;<\/li><li>Diskussion<\/li><\/ol>\n\n\n\n<h2 class=\"wp-block-heading\">Sonntag, 27. Juni 2021<\/h2>\n\n\n\n<h3 class=\"wp-block-heading\">15.00 Uhr: Panel 3 &#8211; &#8222;Wiederholung von Weimar 1923: Weltweite Glass-Steagall-Bankentrennung zur Verhinderung der Hyperinflation&#8220;<\/h3>\n\n\n<p><img loading=\"lazy\" decoding=\"async\" class=\"alignnone  wp-image-75951\" src=\"https:\/\/schillerinstitute.com\/wp-content\/uploads\/2021\/06\/Panel-3-deutsch-300x169.png\" alt=\"\" width=\"840\" height=\"473\" srcset=\"https:\/\/schillerinstitute.com\/wp-content\/uploads\/2021\/06\/Panel-3-deutsch-300x169.png 300w, https:\/\/schillerinstitute.com\/wp-content\/uploads\/2021\/06\/Panel-3-deutsch-1024x576.png 1024w, https:\/\/schillerinstitute.com\/wp-content\/uploads\/2021\/06\/Panel-3-deutsch-768x432.png 768w, https:\/\/schillerinstitute.com\/wp-content\/uploads\/2021\/06\/Panel-3-deutsch.png 1280w\" sizes=\"auto, (max-width: 840px) 100vw, 840px\" \/><\/p>\n\n\n<p>Das bevorstehende <strong>hyperinflation\u00e4re Platzen oder Zusammenbrechen des Finanzsystems<\/strong> wird immer offensichtlicher und die Warnungen davor werden immer lauter. <strong>Die L\u00f6sungen<\/strong>, ein Win-Win-System durch eine<strong> Glass-Steagall-Bankentrennung <\/strong>im Sinne Franklin Delano Roosevelts, dem Schutz der Gesch\u00e4ftsbanken, nicht der Spekulanten, sowie einem <strong>Nationalbankenwesen nach Alexander Hamiltons<\/strong> Vorbild, werden diskutiert. Dar\u00fcber hinaus braucht die Welt ein Neues <strong>Bretton-Woods-Kreditsystem<\/strong> und eine massive Produktivit\u00e4tssteigerung durch internationale Zusammenarbeit in der Fusions- und Weltraumforschung. &nbsp; <\/p>\n\n\n\n<p>Moderator: <strong>Harley Schlanger<\/strong>, Vizepr\u00e4sident Schiller-Institut (USA)<\/p>\n\n\n\n<ol class=\"wp-block-list\"><li><strong><a href=\"https:\/\/www.youtube.com\/watch?v=W6T_pT_X0VQ&amp;t=2s\" data-type=\"URL\" data-id=\"https:\/\/www.youtube.com\/watch?v=W6T_pT_X0VQ&amp;t=2s\" target=\"_blank\" rel=\"noreferrer noopener\">Jacques Cheminade<\/a><\/strong> (Frankreich), Pr\u00e4sident der Partei \u201eSolidarit\u00e9 et Progr\u00e8s\u201c, ehemaliger Pr\u00e4sidentschaftskandidat: \u201eWarum die die \u00f6ffentliche Gesundheit, Bildung und Nahrungsmittelpolitik die gleiche Herausforderung ist\u201c<\/li><li><strong><a href=\"https:\/\/www.youtube.com\/watch?v=fHfbp4bI-68\" data-type=\"URL\" data-id=\"https:\/\/www.youtube.com\/watch?v=fHfbp4bI-68\" target=\"_blank\" rel=\"noreferrer noopener\">Paul Gallagher<\/a><\/strong> (USA), Wirtschaftsredakteur von Executive Intelligence Review (EIR): \u201eDer Regimewechsel der Zentralbanken und der Great Reset\u201c<\/li><li><strong><a href=\"https:\/\/www.youtube.com\/watch?v=vjIiiQX2qC4\" data-type=\"URL\" data-id=\"https:\/\/www.youtube.com\/watch?v=vjIiiQX2qC4\" target=\"_blank\" rel=\"noreferrer noopener\">Dennis Small<\/a><\/strong> (USA), Executive Intelligence Review (EIR), \u201eVerdoppeln oder Nichts: Das LaRouche-Programm f\u00fcr ein erfolgreiches \u00dcberleben der Menschheit\u201c<\/li><li><strong><a href=\"https:\/\/www.youtube.com\/watch?v=VqMbvsYZaQI\" data-type=\"URL\" data-id=\"https:\/\/www.youtube.com\/watch?v=VqMbvsYZaQI\" target=\"_blank\" rel=\"noreferrer noopener\">Landessenator Mike Thomson<\/a><\/strong>, Kansas (USA), Vorsitzender des Senatsausschusses f\u00fcr Energieversorgung: &#8222;Wie die Amerikaner durch bewaffnete, politisierte und monetarisierte Wissenschaft in die &#8218;gr\u00fcne&#8216; Energie getrieben werden.\u201c<\/li><li><strong><a href=\"https:\/\/www.youtube.com\/watch?v=WEnNZYQbufE\" data-type=\"URL\" data-id=\"https:\/\/www.youtube.com\/watch?v=WEnNZYQbufE\" target=\"_blank\" rel=\"noreferrer noopener\">Mike Callicrate<\/a> <\/strong>(USA), Rinderz\u00fcchter in Colorado, Gr\u00fcnder von Ranch Foods Direct, Politikberater, Betreiber des Internetblogs \u201eNo Bull Food News\u201c: \u201eNahrungsmittelproduktion und Landwirtschaft wiederherstellen und die Monopole der Eliten zerschlagen\u201c<\/li><li><strong><a href=\"https:\/\/www.youtube.com\/watch?v=nLIMi9Z9d38\" data-type=\"URL\" data-id=\"https:\/\/www.youtube.com\/watch?v=nLIMi9Z9d38\" target=\"_blank\" rel=\"noreferrer noopener\">Daisuke Kotegawa<\/a><\/strong> (Japan), ehemaliger leitender Beamter im japanischen Finanzministerium, ehemaliger Direktor des Internationalen W\u00e4hrungsfonds (IWF) f\u00fcr Japan: \u201eWertvolle Lehren zur Finanzkrise aus der japanischen Erfahrung\u201c<\/li><li><strong><a href=\"https:\/\/www.youtube.com\/watch?v=JGAfhG9_l5Q\" data-type=\"URL\" data-id=\"https:\/\/www.youtube.com\/watch?v=JGAfhG9_l5Q\" target=\"_blank\" rel=\"noreferrer noopener\">Marc Gabriel Draghi<\/a><\/strong> (Frankreich), Wirtschaftswissenschaftler, Jurist und Autor: \u201eHyperinflation: Ein Schritt, unsere Freiheit durch den Great Reset zu zerst\u00f6ren\u201c<\/li><li><strong><a href=\"https:\/\/www.youtube.com\/watch?v=xBy5yeqYmTc\" data-type=\"URL\" data-id=\"https:\/\/www.youtube.com\/watch?v=xBy5yeqYmTc\" target=\"_blank\" rel=\"noreferrer noopener\">Pedro Rubio<\/a><\/strong> (Kolumbien), Pr\u00e4sident des Beamtenbundes des zentralen Rechnungshofs der Republik Kolumbien: \u201eCovid und Wirtschaftsausterit\u00e4t zerst\u00f6ren Kolumbien.\u201c<\/li><li>Diskussion<\/li><\/ol>\n\n\n\n<h3 class=\"wp-block-heading\">20.00 Uhr: Panel 4 &#8211; &#8222;Der Zusammenfall der Gegens\u00e4tze: der einzig wahrhaft menschliche Denkansatz&#8220;<\/h3>\n\n\n<p><img loading=\"lazy\" decoding=\"async\" class=\"alignnone  wp-image-75971\" src=\"https:\/\/schillerinstitute.com\/wp-content\/uploads\/2021\/06\/Panel-4-deutsch-300x169.png\" alt=\"\" width=\"850\" height=\"479\" srcset=\"https:\/\/schillerinstitute.com\/wp-content\/uploads\/2021\/06\/Panel-4-deutsch-300x169.png 300w, https:\/\/schillerinstitute.com\/wp-content\/uploads\/2021\/06\/Panel-4-deutsch-1024x576.png 1024w, https:\/\/schillerinstitute.com\/wp-content\/uploads\/2021\/06\/Panel-4-deutsch-768x432.png 768w, https:\/\/schillerinstitute.com\/wp-content\/uploads\/2021\/06\/Panel-4-deutsch.png 1280w\" sizes=\"auto, (max-width: 850px) 100vw, 850px\" \/><\/p>\n\n\n<p>Dieses Thema der wissenschaftlichen und k\u00fcnstlerischen Kreativit\u00e4t wird im Mittelpunkt der Konferenz stehen. &nbsp; <strong>Die internationale Ausweitung des Komitees f\u00fcr den Zusammenfall der Gegens\u00e4tze <\/strong>(Coincidentia Oppositorum) durch den Aufbau eines Dialogs zwischen dem initiierenden Komitee in den Vereinigten Staaten und \u00e4hnlichen Personen(gruppen) in anderen L\u00e4ndern wird ein weiteres wichtiges Thema sein. &nbsp; <\/p>\n\n\n\n<p>Moderator: <strong>Dennis Speed<\/strong>, Schiller-Institut (USA)<\/p>\n\n\n\n<ol class=\"wp-block-list\"><li><a rel=\"noreferrer noopener\" href=\"https:\/\/www.youtube.com\/watch?v=B1EysVD3ejg&amp;t=16s\" data-type=\"URL\" data-id=\"https:\/\/www.youtube.com\/watch?v=B1EysVD3ejg&amp;t=16s\" target=\"_blank\"><strong>Dr. Joycelyn Elders<\/strong>, ehem. Surgeon General der USA und <strong>Dr. David Satcher<\/strong>, 16. Surgeon General der USA, ehem. Stellvertretender US-Gesundheitsminister, ehem. Direktor der Centers for Disease Control and Prevention (CDC):<\/a> \u201eDas Gemeinwohl aller Menschen erfordert ein weltweites modernes Gesundheitssystem<\/li><li><strong><a rel=\"noreferrer noopener\" href=\"https:\/\/www.youtube.com\/watch?v=T86mlIjbDAI\" data-type=\"URL\" data-id=\"https:\/\/www.youtube.com\/watch?v=T86mlIjbDAI\" target=\"_blank\">Helga Zepp-LaRouche<\/a><\/strong> (Deutschland), Gr\u00fcnderin und Vorsitzende des Schiller-Instituts<\/li><li><strong>Boris Meschtschanow<\/strong>, Botschaftsrat der Mission der Russischen F\u00f6deration bei den Vereinten Nationen, New York City, USA: \u201eDie russische Perspektive auf den globalen nachhaltigen und anhaltenden Wiederaufbau\u201c<\/li><li><a rel=\"noreferrer noopener\" href=\"https:\/\/www.youtube.com\/watch?v=rSl1wtn714A\" data-type=\"URL\" data-id=\"https:\/\/www.youtube.com\/watch?v=rSl1wtn714A\" target=\"_blank\"><strong>Dr. Khadijah Lang<\/strong> (USA), Vorsitzende, National Medical Association (NMA) Council on International Affairs; Pr\u00e4sidentin der Golden State Medical Association und <strong>Marcia Merry Baker<\/strong> (USA), Redakteurin von Executive Intelligence Review (EIR):<\/a> \u201eMosambik Pilotprojekt Hilfslieferung \u2013 handlungsorientierte Diplomatie f\u00fcr Weltgesundheitssicherheit\u201c<\/li><li><strong>Generalmajor a.D. Peter Clegg<\/strong> (USA), US Army, und <strong>Konteradmiral a.D. Marc Y.E. Pelaez<\/strong> (USA): \u201eNationale Verteidigung gegen Keime &#8211; Das Milit\u00e4r und das Gesundheitswesen\u201c<\/li><li>Diskussion Teil 1<\/li><li><strong>B\u00fcrgermeister David Castro<\/strong> (Honduras), Pr\u00e4sident der Koalition B\u00fcrgermeister ohne Grenzen: \u201eGru\u00dfbotschaft an die Konferenz\u201c<\/li><li><strong><a href=\"https:\/\/www.youtube.com\/watch?v=D5faldvk51U&amp;t=1s\" data-type=\"URL\" data-id=\"https:\/\/www.youtube.com\/watch?v=D5faldvk51U&amp;t=1s\" target=\"_blank\" rel=\"noreferrer noopener\">Diane Sare<\/a><\/strong> (USA), Kandidatin f\u00fcr den US-Senat; Gr\u00fcnderin des New Yorker Chores des Schiller-Instituts: \u201eE Pluribus Unum: Was wir von Beethoven lernen k\u00f6nnen\u201c<\/li><li>Unabh\u00e4ngigkeitserkl\u00e4rung\/ R\u00fctli-Schwur<\/li><li>Diskussion Teil 2<\/li><\/ol>\n\n\n\n<h2 class=\"has-text-align-center wp-block-heading\" id=\"create-a-page-jump\"><\/h2>\n<!-- AddThis Advanced Settings generic via filter on the_content --><!-- AddThis Share Buttons generic via filter on the_content -->","protected":false},"excerpt":{"rendered":"<p>F\u00fcr das Gemeinwohl aller, statt dem Nutzen Weniger! Internationale Schiller-Institut\/ICLC Internetkonferenz, 26. und 27. Juni 2021 Sie k\u00f6nnen sich die Konferenzvideos im englischen Original hier oder auf Youtube ansehen.&nbsp; Die deutsche \u00dcbersetzung wird in K\u00fcrze ver\u00f6ffentlicht. Die bereits ver\u00f6ffentlichten Reden finden Sie auf den Links&hellip;<!-- AddThis Advanced Settings generic via filter on get_the_excerpt --><!-- AddThis Share Buttons generic via filter on get_the_excerpt --><\/p>\n","protected":false},"author":34,"featured_media":75082,"parent":0,"menu_order":0,"comment_status":"closed","ping_status":"closed","template":"template_fullwidth.php","meta":{"_lmt_disableupdate":"no","_lmt_disable":"","footnotes":""},"categories":[],"tags":[],"class_list":["post-75063","page","type-page","status-publish","has-post-thumbnail","hentry"],"featured_image_src":"https:\/\/schillerinstitute.com\/wp-content\/uploads\/2021\/06\/konferenzbild.jpg","_links":{"self":[{"href":"https:\/\/schillerinstitute.com\/de\/wp-json\/wp\/v2\/pages\/75063","targetHints":{"allow":["GET"]}}],"collection":[{"href":"https:\/\/schillerinstitute.com\/de\/wp-json\/wp\/v2\/pages"}],"about":[{"href":"https:\/\/schillerinstitute.com\/de\/wp-json\/wp\/v2\/types\/page"}],"author":[{"embeddable":true,"href":"https:\/\/schillerinstitute.com\/de\/wp-json\/wp\/v2\/users\/34"}],"replies":[{"embeddable":true,"href":"https:\/\/schillerinstitute.com\/de\/wp-json\/wp\/v2\/comments?post=75063"}],"version-history":[{"count":49,"href":"https:\/\/schillerinstitute.com\/de\/wp-json\/wp\/v2\/pages\/75063\/revisions"}],"predecessor-version":[{"id":77491,"href":"https:\/\/schillerinstitute.com\/de\/wp-json\/wp\/v2\/pages\/75063\/revisions\/77491"}],"wp:featuredmedia":[{"embeddable":true,"href":"https:\/\/schillerinstitute.com\/de\/wp-json\/wp\/v2\/media\/75082"}],"wp:attachment":[{"href":"https:\/\/schillerinstitute.com\/de\/wp-json\/wp\/v2\/media?parent=75063"}],"wp:term":[{"taxonomy":"category","embeddable":true,"href":"https:\/\/schillerinstitute.com\/de\/wp-json\/wp\/v2\/categories?post=75063"},{"taxonomy":"post_tag","embeddable":true,"href":"https:\/\/schillerinstitute.com\/de\/wp-json\/wp\/v2\/tags?post=75063"}],"curies":[{"name":"wp","href":"https:\/\/api.w.org\/{rel}","templated":true}]}}