{"id":74772,"date":"2021-05-26T07:27:57","date_gmt":"2021-05-26T11:27:57","guid":{"rendered":"https:\/\/schillerinstitute.com\/?page_id=74772"},"modified":"2021-05-26T07:27:59","modified_gmt":"2021-05-26T11:27:59","slug":"weltweiter-widerstand-gegen-globalen-faschismus-stoppt-die-machtergreifung-der-zentralbanken","status":"publish","type":"page","link":"https:\/\/schillerinstitute.com\/de\/weltweiter-widerstand-gegen-globalen-faschismus-stoppt-die-machtergreifung-der-zentralbanken\/","title":{"rendered":"Weltweiter Widerstand gegen globalen Faschismus: Stoppt die Machtergreifung der Zentralbanken!"},"content":{"rendered":"<p><img loading=\"lazy\" decoding=\"async\" class=\"alignnone  wp-image-64537\" src=\"https:\/\/schillerinstitute.com\/wp-content\/uploads\/2020\/11\/city-of-london-300x169.jpg\" alt=\"\" width=\"847\" height=\"477\" srcset=\"https:\/\/schillerinstitute.com\/wp-content\/uploads\/2020\/11\/city-of-london-300x169.jpg 300w, https:\/\/schillerinstitute.com\/wp-content\/uploads\/2020\/11\/city-of-london-1024x576.jpg 1024w, https:\/\/schillerinstitute.com\/wp-content\/uploads\/2020\/11\/city-of-london-768x432.jpg 768w, https:\/\/schillerinstitute.com\/wp-content\/uploads\/2020\/11\/city-of-london.jpg 1280w\" sizes=\"auto, (max-width: 847px) 100vw, 847px\" \/><\/p>\n<p align=\"left\">75 Jahre nach dem Ende des Zweiten Weltkriegs droht der Welt eine neue faschistische Diktatur. Diesmal kommt sie in Form des Versuchs der f\u00fchrenden Zentralbanken, der Londoner City und der Wall Street, ihre totale Kontrolle \u00fcber alle Finanzanlagen zum Wohle der Superreichen auf Kosten der Mittelschicht und der Armen weltweit zu konsolidieren. Der \u201e\u00f6kologische \u00dcbergang\u201c, mit dem sie hausieren gehen, bedeutet eine destruktive finanzielle \u00dcbernahme der Volkswirtschaften, wobei die \u201egr\u00fcne\u201c Farbe nur die Flagge ihrer beabsichtigten Pl\u00fcnderung ist.<\/p>\n<p align=\"left\">Sie nennen es \u201eGreat Reset\u201c, den \u201eGro\u00dfen Neustart\u201c. Unter dem Vorwand, die Weltwirtschaft nach der COVID-19-Pandemie wieder aufzubauen, wollen die f\u00fchrenden Privatbankiers und Milliard\u00e4re einen globalen \u201eRegimewechsel\u201c durchf\u00fchren, bei dem die Geld- und Finanzpolitik nicht mehr von gew\u00e4hlten Regierungen, sondern direkt von den privaten Zentralbanken und f\u00fchrenden Finanzakteuren bestimmt werden soll. Es ist die letzte Phase der jahrzehntelangen neomalthusianischen Politik, um die v\u00f6llige Kontrolle \u00fcber alle Investitionen zugunsten der Spekulanten zu \u00fcbernehmen und sie ausschlie\u00dflich in sog. \u201egr\u00fcne Technologien\u201c zu lenken, w\u00e4hrend alle Investitionen in den produktiven Sektor, die Hochtechnologie-Energie, Industrie, Landwirtschaft und Infrastruktur unterbunden werden.<\/p>\n<p align=\"left\">Wenn dieser Plan, den das Weltwirtschaftsforum durch eine Reihe von Great-Reset-Konferenzen vorantreibt, durchkommt, bedeutet dies das Ende der Industrienationen des so-genannten fortgeschrittenen Sektors und der Tod von buchst\u00e4blich Millionen und dann Milliarden von Menschen in den Entwicklungsl\u00e4ndern. Denn es besteht ein direkter Zusammenhang zwischen der Produktivit\u00e4t einer Wirtschaft, der im Produktionsproze\u00df eingesetzten Energieflu\u00dfdichte und der Zahl der Menschen, die versorgt werden k\u00f6nnen. Wenn in der \u201eGro\u00dfen Transformation der Weltwirtschaft\u201c, wie Schellnhuber und seine Kollegen sie schon vor Jahren genannt haben, die gesamte Wirtschaft \u201edekarbonisiert\u201c wird &#8211; einschlie\u00dflich des Ausstiegs aus Kernenergie und Kernforschung -, dann wird die Zahl der Menschen, die weltweit versorgt werden k\u00f6nnen, nicht viel mehr als eine Milliarde betragen. Was wird aus den anderen sieben Milliarden Menschen? Wenn das nicht r\u00fcckg\u00e4ngig gemacht wird, dann kann dieses Vorhaben nur im Chaos und in einem neuen Weltkrieg enden.<\/p>\n<p align=\"left\">Ein wesentlicher Bestandteil des \u201eGreat Reset\u201c ist der Plan zur Einf\u00fchrung von Kryptow\u00e4hrungen und die Digitalisierung des Geldes. Dies w\u00fcrde die totale \u00dcberwachung aller pers\u00f6nlichen Daten &#8211; zus\u00e4tzlich zu der bereits laufenden physischen \u00dcberwachung durch NSA und GCHQ &#8211; auf alle wirtschaftlichen T\u00e4tigkeiten ausweiten. Wenn die Unterwerfung der Gesellschaft unter die privilegierte Finanzelite weitergeht, wird dies dazu benutzt werden, die angeh\u00e4uften, unbezahlbaren Schulden durch Abschreibung und Inflation abzuwerten, wie 1923 in Deutschland, wodurch die Menschen wie auch die produktive Wirtschaft ausgepl\u00fcndert werden. Die Digitalisierung der W\u00e4hrungen kann nur dann von allgemeinem Nutzen sein, wenn die Politik auf das Gemeinwohl ausgerichtet ist.<\/p>\n<p align=\"left\">Der gegenw\u00e4rtige Vorsto\u00df f\u00fcr die totale Kontrolle der Geld- und Fiskalpolitik \u00fcber die Kontrolle der Zentralbanken durch den Great Reset und die Durchsetzung eines Gr\u00fcnen New Deal basiert auf den gleichen faschistischen Prinzipien wie die Politik von Hitlers Reichsbankpr\u00e4sident Hjalmar Schacht, und das mu\u00df absolut abgelehnt werden.<\/p>\n<p align=\"left\"><b>Statt dessen fordern wir:<\/b><\/p>\n<p align=\"left\">1. eine weltweite Glass-Steagall-Bankentrennung, um jegliche staatliche Unterst\u00fctzung f\u00fcr den spekulativen Sektor der Investmentbanken einzustellen und die Schattenwirtschaft zum Erliegen zu bringen;<\/p>\n<p align=\"left\">2. die Wiederherstellung der Souver\u00e4nit\u00e4t \u00fcber die nationalen W\u00e4hrungen;<\/p>\n<p align=\"left\">3. die Schaffung einer Nationalbank in jedem Land und die Wiederherstellung der Hoheit souver\u00e4ner Regierungen \u00fcber die Kreditsch\u00f6pfung;<\/p>\n<p align=\"left\">4. die Schaffung eines neuen Kreditsystems in der Tradition der urspr\u00fcnglichen Absicht des Bretton-Woods-Systems von Franklin Delano Roosevelt und der Blockfreien Staaten auf der Konferenz von Colombo 1976, mit dem wesentlichen Ziel, als Voraussetzung f\u00fcr Frieden den Lebensstandard jedes Menschen auf der Erde zu erh\u00f6hen und alle dr\u00e4ngenden Herausforderungen wie Pandemie, Hungersnot und Armut zu \u00fcberwinden.<\/p>\n<p align=\"left\">5. eine massive Steigerung der Produktivit\u00e4t durch den \u00dcbergang zu neuen Wirtschaftsplattformen, auf der Grundlage der kommerziellen Nutzung der Kernfusionsenergie und der internationalen Zusammenarbeit in der Raumfahrt und Weltraumforschung.<\/p>\n<p align=\"left\">Die fundamentale Entscheidung f\u00fcr unsere Zukunft und die der kommenden Generationen ist die zwischen einer Gesellschaft der Massen\u00fcberwachung unter der Herrschaft eines gr\u00fcnen faschistischen Finanzwesens und einer Welt von Entspannung, Entente und Zusammenarbeit der V\u00f6lker und Nationen &#8211; die Herausforderung, die alle Humanisten immer gestellt haben. Unsere Verpflichtung ist es, f\u00fcr eine solche Welt zu k\u00e4mpfen.<\/p>\n<p align=\"left\">Dieser Text wird international verbreitet, und Sie alle sind aufgerufen, ihn zu unterzeichnen. 1945 war den Menschen, die gerade durch Faschismus und Weltkrieg gegangen waren, klar: \u201eNie wieder!\u201c Wir sind jetzt in der Stunde der Entscheidung: Haben wir etwas aus der Geschichte gelernt, oder sind wir unmoralischer als unsere Vorfahren?<\/p>\n<p align=\"left\">Bitte unterst\u00fctzen Sie diesen Aufruf mit Ihrer Unterschrift, helfen Sie mit, ihn zu verbreiten und bleiben Sie durch den Newsletter auf dem Laufenden.<\/p>\n<p><b>Hiermit unterst\u00fctze ich die Resolution und m\u00f6chte den Newsletter beziehen, um mehr \u00fcber die Arbeit des Schiller-Instituts zu erfahren.<\/b><\/p>\n<p><iframe loading=\"lazy\" src=\"https:\/\/5d8e173e.sibforms.com\/serve\/MUIEAP97dhAohRqA61gS_GhBwELUPNMduaAS-XY-CDgweZfOJFk_aFiup7oKUGNWUZlzlkJSRTiMW0s-BVfCvVCEiQE31HyvIKnv5WZnMiNoInBMLXRtDRemx7z2HM4yQH8y3zYgt3EKVSD6FClsukyS2lShKqbHgqihUOg_V7L-i86yhuArsgts9m4Mmzjgxz7IKwe27g3Cmneq\" scrolling=\"auto\" allowfullscreen=\"\" style=\"display: block;margin-left: auto;margin-right: auto;max-width: 100%;\" width=\"1000\" height=\"1500\" frameborder=\"0\"><\/iframe><\/p>\n<!-- AddThis Advanced Settings generic via filter on the_content --><!-- AddThis Share Buttons generic via filter on the_content -->","protected":false},"excerpt":{"rendered":"<p>75 Jahre nach dem Ende des Zweiten Weltkriegs droht der Welt eine neue faschistische Diktatur. Diesmal kommt sie in Form des Versuchs der f\u00fchrenden Zentralbanken, der Londoner City und der Wall Street, ihre totale Kontrolle \u00fcber alle Finanzanlagen zum Wohle der Superreichen auf Kosten der&hellip;<!-- AddThis Advanced Settings generic via filter on get_the_excerpt --><!-- AddThis Share Buttons generic via filter on get_the_excerpt --><\/p>\n","protected":false},"author":34,"featured_media":0,"parent":0,"menu_order":0,"comment_status":"closed","ping_status":"closed","template":"template_fullwidth.php","meta":{"_lmt_disableupdate":"","_lmt_disable":"","footnotes":""},"categories":[],"tags":[],"class_list":["post-74772","page","type-page","status-publish","hentry"],"featured_image_src":null,"_links":{"self":[{"href":"https:\/\/schillerinstitute.com\/de\/wp-json\/wp\/v2\/pages\/74772","targetHints":{"allow":["GET"]}}],"collection":[{"href":"https:\/\/schillerinstitute.com\/de\/wp-json\/wp\/v2\/pages"}],"about":[{"href":"https:\/\/schillerinstitute.com\/de\/wp-json\/wp\/v2\/types\/page"}],"author":[{"embeddable":true,"href":"https:\/\/schillerinstitute.com\/de\/wp-json\/wp\/v2\/users\/34"}],"replies":[{"embeddable":true,"href":"https:\/\/schillerinstitute.com\/de\/wp-json\/wp\/v2\/comments?post=74772"}],"version-history":[{"count":2,"href":"https:\/\/schillerinstitute.com\/de\/wp-json\/wp\/v2\/pages\/74772\/revisions"}],"predecessor-version":[{"id":74860,"href":"https:\/\/schillerinstitute.com\/de\/wp-json\/wp\/v2\/pages\/74772\/revisions\/74860"}],"wp:attachment":[{"href":"https:\/\/schillerinstitute.com\/de\/wp-json\/wp\/v2\/media?parent=74772"}],"wp:term":[{"taxonomy":"category","embeddable":true,"href":"https:\/\/schillerinstitute.com\/de\/wp-json\/wp\/v2\/categories?post=74772"},{"taxonomy":"post_tag","embeddable":true,"href":"https:\/\/schillerinstitute.com\/de\/wp-json\/wp\/v2\/tags?post=74772"}],"curies":[{"name":"wp","href":"https:\/\/api.w.org\/{rel}","templated":true}]}}