{"id":74762,"date":"2021-05-26T07:07:52","date_gmt":"2021-05-26T11:07:52","guid":{"rendered":"https:\/\/schillerinstitute.com\/?page_id=74762"},"modified":"2021-05-26T07:07:55","modified_gmt":"2021-05-26T11:07:55","slug":"petition-alle-nationen-muessen-sich-zusammentun-um-die-pandemie-die-wirtschaftliche-depression-und-die-kriegsgefahr-zu-stoppen","status":"publish","type":"page","link":"https:\/\/schillerinstitute.com\/de\/petition-alle-nationen-muessen-sich-zusammentun-um-die-pandemie-die-wirtschaftliche-depression-und-die-kriegsgefahr-zu-stoppen\/","title":{"rendered":"Petition: Alle Nationen m\u00fcssen sich zusammentun, um die Pandemie, die wirtschaftliche Depression und die Kriegsgefahr zu stoppen"},"content":{"rendered":"<p><img loading=\"lazy\" decoding=\"async\" class=\"alignnone  wp-image-61807\" src=\"https:\/\/schillerinstitute.com\/wp-content\/uploads\/2020\/08\/P5_Petition_UNSC-300x200.jpg\" alt=\"\" width=\"851\" height=\"567\" srcset=\"https:\/\/schillerinstitute.com\/wp-content\/uploads\/2020\/08\/P5_Petition_UNSC-300x200.jpg 300w, https:\/\/schillerinstitute.com\/wp-content\/uploads\/2020\/08\/P5_Petition_UNSC-1024x683.jpg 1024w, https:\/\/schillerinstitute.com\/wp-content\/uploads\/2020\/08\/P5_Petition_UNSC-768x512.jpg 768w, https:\/\/schillerinstitute.com\/wp-content\/uploads\/2020\/08\/P5_Petition_UNSC-1536x1024.jpg 1536w, https:\/\/schillerinstitute.com\/wp-content\/uploads\/2020\/08\/P5_Petition_UNSC.jpg 2048w\" sizes=\"auto, (max-width: 851px) 100vw, 851px\" \/><\/p>\n\n\n<p><em>Die folgende Resolution wurde von <a href=\"https:\/\/schillerinstitute.com\/de\/helga-zepp-larouche\/\" data-type=\"URL\" data-id=\"https:\/\/schillerinstitute.com\/de\/helga-zepp-larouche\/\" target=\"_blank\" rel=\"noreferrer noopener\">Helga Zepp-LaRouche<\/a> auf einer spanischsprachigen Konferenz des Schiller-Instituts am 15. August 2020 vorgestellt. Sie zirkuliert bereits international.<\/em><\/p>\n\n\n\n<p><em><strong>Wir, die Unterzeichner, unterst\u00fctzen nachdr\u00fccklich den Aufruf des Schiller-Instituts an die Staatschefs der f\u00fcnf St\u00e4ndigen Mitglieder des Sicherheitsrates der Vereinten Nationen (P5), dringend zusammenzukommen, um die Zusammenbruchskrise zu bew\u00e4ltigen, mit der jedes Land auf diesem Planeten konfrontiert ist. Wir sind mit der gleichzeitigen Eskalation mehrerer Krisensituationen konfrontiert: Der au\u00dfer Kontrolle geratenen Pandemie, dem durch die Pandemie ausgel\u00f6sten, aber nicht verursachten wirtschaftlichen Zusammenbruch, dem bevorstehenden Kollaps des transatlantischen Finanzsystems und der zunehmenden Gefahr nicht nur eines neuen Kalten Krieges, sondern eines nuklearen Kriegs.<\/strong><\/em><\/p>\n\n\n\n<p>Es wird immer deutlicher, da\u00df Lyndon LaRouches Warnung von 1971 absolut prophetisch war: da\u00df die Politik des Monetarismus die Welt der Gefahr eines neuen Faschismus, einer Depression, von Pandemien und Krieg aussetzen w\u00fcrde.<\/p>\n\n\n\n<p>Als politisch Verantwortliche, Studenten, Gesch\u00e4ftsleute, Arbeiter, Journalisten und einfache B\u00fcrger zahlreicher Nationen auf der ganzen Welt, insbesondere des sogenannten unterentwickelten Sektors, rufen wir unsere Regierungen dazu auf, sich f\u00fcr einen P5-Gipfel einzusetzen und seine Ergebnisse aktiv mitzugestalten. Wir schlie\u00dfen uns dem weltweit wachsenden Chor an, um kundzutun, da\u00df wir uns den drohenden Gefahren stellen und rechtzeitig handeln m\u00fcssen, um das bereits einsetzende Chaos zu stoppen und uns auf Grunds\u00e4tze zu einigen, die \u00e4hnlich dem Westf\u00e4lischem Frieden des 17. Jahrhunderts die langfristige \u00dcberlebensf\u00e4higkeit der menschlichen Gattung garantieren k\u00f6nnen.<\/p>\n\n\n\n<p>Von einem P5-Gipfel k\u00f6nnte die Initialz\u00fcndung ausgehen, um die T\u00fcr zu einem solchen neuen Paradigma zu \u00f6ffnen, aber andere Nationen, insbesondere die des S\u00fcdens, m\u00fcssen ebenfalls einen Platz am Tisch der Politikgestaltung haben.<\/p>\n\n\n\n<p>Wir schlie\u00dfen unsere Stimme denjenigen an, die ein Gipfeltreffen fordern, um Ma\u00dfnahmen wie diese zu beschlie\u00dfen:<\/p>\n\n\n\n<p>1. Einen Mechanismus zur L\u00f6sung aller internationalen Probleme durch Dialog und Diplomatie.<\/p>\n\n\n\n<p>2. Ein neues <a href=\"https:\/\/schillerinstitute.com\/de\/petition-dringender-appell-an-trump-xi-putin-und-modi-setzen-sie-umgehend-larouches-vier-gesetze-um\/\" data-type=\"URL\" data-id=\"https:\/\/schillerinstitute.com\/de\/petition-dringender-appell-an-trump-xi-putin-und-modi-setzen-sie-umgehend-larouches-vier-gesetze-um\/\" target=\"_blank\" rel=\"noreferrer noopener\">Bretton-Woods-System<\/a>, wie es von Franklin D. Roosevelt beabsichtigt und von Lyndon LaRouche weiter ausgearbeitet wurde. Ausdr\u00fcckliches Ziel mu\u00df die Beseitigung von Armut und Unterentwicklung der sogenannten Entwicklungsl\u00e4nder sein, angefangen mit modernen Gesundheitssystemen in allen L\u00e4ndern der Welt.<\/p>\n\n\n\n<p>3. Eine Vereinbarung, das Programm <a href=\"https:\/\/schillerinstitute.com\/de\/unsere-kampagne\/baut-die-weltlandbrucke\/\" data-type=\"URL\" data-id=\"https:\/\/schillerinstitute.com\/de\/unsere-kampagne\/baut-die-weltlandbrucke\/\" target=\"_blank\" rel=\"noreferrer noopener\">\u201eDie Neue Seidenstra\u00dfe wird zur Weltlandbr\u00fccke\u201c<\/a> zur Grundlage zu machen, um den modernsten Standard infrastruktureller und industrieller Entwicklung in allen L\u00e4ndern der Erde zu schaffen.<\/p>\n\n\n\n<p>4. Eine neue Sicherheitsarchitektur auf der Grundlage der gemeinsamen wirtschaftlichen Interessen der Weltgemeinschaft, die das Sicherheitsinteresse jeder einzelnen Nation ber\u00fccksichtigt. Es mu\u00df Schlu\u00df sein mit Farbrevolutionen und Destabilisierungen, die vom britischen Empire und seinen bankrotten Finanzinteressen gegen mi\u00dfliebige Regierungen inszeniert werden \u2013 wozu auch die versuchte Destabilisierung der Regierungen von Donald Trump, Xi Jinping, und Wladimir Putin z\u00e4hlt.<\/p>\n\n\n\n<p>5. Internationale Zusammenarbeit an einem Crash-Programm f\u00fcr die Kernfusionstechnologie, internationale Weltraumzusammenarbeit f\u00fcr den Bau eines Monddorfes und einer Stadt auf dem Mars sowie Zusammenarbeit in den Biowissenschaften.<\/p>\n\n\n\n<p>6. Ein Abkommen zur Einleitung eines wahren <a href=\"https:\/\/schillerinstitute.com\/de\/unsere-kampagne\/a-new-renaissance\/\" data-type=\"URL\" data-id=\"https:\/\/schillerinstitute.com\/de\/unsere-kampagne\/a-new-renaissance\/\" target=\"_blank\" rel=\"noreferrer noopener\">Dialogs der Kulturen<\/a>, in dem sich jede Kultur dazu verpflichtet, die besten Traditionen und universellen Beitr\u00e4ge der anderen kennenzulernen, um die Grundlage f\u00fcr Frieden, V\u00f6lkerverst\u00e4ndigung und eine neue weltweite Renaissance zu schaffen.<\/p>\n\n\n\n<p><strong>Hiermit unterst\u00fctze ich die Resolution und m\u00f6chte den Newsletter beziehen, um mehr \u00fcber die Arbeit des Schiller-Instituts zu erfahren.<\/strong><\/p>\n\n\n<p><iframe loading=\"lazy\" src=\"https:\/\/5d8e173e.sibforms.com\/serve\/MUIEAKIYvRVpQCN0ZwDtKgFmFJD2siy60KYSzbfZxGn8oTyKuVsPc8FEnj7gZauYCf52d3lMml_MZgFUMc0791pnUXvE2NaKnbsXHucqZJg7VMSb9z2_n_xKD7Anajl_LTo3dyA07A-KPQvmbvpzVES2fWXnoHYfgh1ZZMc6t0KwpeWGxJWDw7zp6WX4NYXZSfnGqTNjO3HuLbOL\" scrolling=\"auto\" allowfullscreen=\"\" style=\"display: block;margin-left: auto;margin-right: auto;max-width: 100%;\" width=\"1000\" height=\"1500\" frameborder=\"0\"><\/iframe><\/p><!-- AddThis Advanced Settings generic via filter on the_content --><!-- AddThis Share Buttons generic via filter on the_content -->","protected":false},"excerpt":{"rendered":"<p>Die folgende Resolution wurde von Helga Zepp-LaRouche auf einer spanischsprachigen Konferenz des Schiller-Instituts am 15. August 2020 vorgestellt. Sie zirkuliert bereits international. Wir, die Unterzeichner, unterst\u00fctzen nachdr\u00fccklich den Aufruf des Schiller-Instituts an die Staatschefs der f\u00fcnf St\u00e4ndigen Mitglieder des Sicherheitsrates der Vereinten Nationen (P5), dringend&hellip;<!-- AddThis Advanced Settings generic via filter on get_the_excerpt --><!-- AddThis Share Buttons generic via filter on get_the_excerpt --><\/p>\n","protected":false},"author":34,"featured_media":0,"parent":0,"menu_order":0,"comment_status":"closed","ping_status":"closed","template":"template_fullwidth.php","meta":{"_lmt_disableupdate":"","_lmt_disable":"","footnotes":""},"categories":[],"tags":[],"class_list":["post-74762","page","type-page","status-publish","hentry"],"featured_image_src":null,"_links":{"self":[{"href":"https:\/\/schillerinstitute.com\/de\/wp-json\/wp\/v2\/pages\/74762","targetHints":{"allow":["GET"]}}],"collection":[{"href":"https:\/\/schillerinstitute.com\/de\/wp-json\/wp\/v2\/pages"}],"about":[{"href":"https:\/\/schillerinstitute.com\/de\/wp-json\/wp\/v2\/types\/page"}],"author":[{"embeddable":true,"href":"https:\/\/schillerinstitute.com\/de\/wp-json\/wp\/v2\/users\/34"}],"replies":[{"embeddable":true,"href":"https:\/\/schillerinstitute.com\/de\/wp-json\/wp\/v2\/comments?post=74762"}],"version-history":[{"count":4,"href":"https:\/\/schillerinstitute.com\/de\/wp-json\/wp\/v2\/pages\/74762\/revisions"}],"predecessor-version":[{"id":74766,"href":"https:\/\/schillerinstitute.com\/de\/wp-json\/wp\/v2\/pages\/74762\/revisions\/74766"}],"wp:attachment":[{"href":"https:\/\/schillerinstitute.com\/de\/wp-json\/wp\/v2\/media?parent=74762"}],"wp:term":[{"taxonomy":"category","embeddable":true,"href":"https:\/\/schillerinstitute.com\/de\/wp-json\/wp\/v2\/categories?post=74762"},{"taxonomy":"post_tag","embeddable":true,"href":"https:\/\/schillerinstitute.com\/de\/wp-json\/wp\/v2\/tags?post=74762"}],"curies":[{"name":"wp","href":"https:\/\/api.w.org\/{rel}","templated":true}]}}