{"id":74457,"date":"2021-05-23T04:31:22","date_gmt":"2021-05-23T08:31:22","guid":{"rendered":"https:\/\/schillerinstitute.com\/?page_id=74457"},"modified":"2021-05-29T13:46:31","modified_gmt":"2021-05-29T17:46:31","slug":"newsletter-des-internationalen-schiller-instituts","status":"publish","type":"page","link":"https:\/\/schillerinstitute.com\/de\/newsletter-des-internationalen-schiller-instituts\/","title":{"rendered":"Newsletter des internationalen Schiller-Instituts"},"content":{"rendered":"\n<figure class=\"wp-block-pullquote\"><blockquote><p><em>Der Menschheit W\u00fcrde ist in eure Hand gegeben,<\/em><\/p><p><em>Bewahret sie! Sie sinkt mit euch! Mit euch wird sie sich heben!<\/em><\/p><cite>Friedrich schiller, die k\u00fcnstler<\/cite><\/blockquote><\/figure>\n\n\n\n<h3 class=\"wp-block-heading\">Wir wollen Sie \u00fcber die Aktivit\u00e4ten des Schiller-Instituts auf dem Laufenden halten!<\/h3>\n\n\n\n<p><\/p>\n\n\n\n<h3 class=\"wp-block-heading\">Seit der Gr\u00fcndung des Schiller-Instituts 1984 hat sich viel getan, und unsere Ideen sind auf dem Vormarsch. Ein globales neues Paradigma von internationaler Zusammenarbeit zur wirtschaftlichen Entwicklung entsteht langsam, aber sicher \u2013 angef\u00fchrt von Chinas Neuer Seidenstra\u00dfe. Seit Anfang der 1990er Jahre haben wir diese Perspektive entworfen und an ihrer Umsetzung gearbeitet.<\/h3>\n\n\n\n<p><\/p>\n\n\n\n<h3 class=\"wp-block-heading\">Bleiben Sie auf dem neusten Stand, um in unserer sich schnell \u00e4ndernden Welt orientiert zu bleiben, indem Sie sich hier eintragen!<\/h3>\n\n\n\n<p><\/p>\n\n\n\n<p><\/p>\n\n\n<p><iframe loading=\"lazy\" src=\"https:\/\/5d8e173e.sibforms.com\/serve\/MUIEADCweEdCuX4N2VdwCV1Mf0eBEaoDx0dxnwpba5HO5IAL7eyFdkRlfHf7Gaag4ra8Wkjwa9tCIlZgHRWNm8rpu3s9pNZ7dwcJxHL_oAm4M0YQAHp2FPMPrJlq5Ct--yOr5rQNnICg52yzR1Ro4qZEC5aJkQMwrbUap3EoLj9FWhBwpDJyPakZMQ95UCYCe4UzCwb6jfgtuP2m\" scrolling=\"auto\" allowfullscreen=\"\" style=\"display: block;margin-left: auto;margin-right: auto;max-width: 100%;\" width=\"1000\" height=\"1900\" frameborder=\"0\"><\/iframe><\/p>\n\n\n<p><\/p>\n\n\n<p><div class=\"hr to-top\"><hr \/><span class=\"to-top\">To Top<\/span><\/div><\/p><!-- AddThis Advanced Settings generic via filter on the_content --><!-- AddThis Share Buttons generic via filter on the_content -->","protected":false},"excerpt":{"rendered":"<p>Der Menschheit W\u00fcrde ist in eure Hand gegeben, Bewahret sie! Sie sinkt mit euch! Mit euch wird sie sich heben! Friedrich schiller, die k\u00fcnstler Wir wollen Sie \u00fcber die Aktivit\u00e4ten des Schiller-Instituts auf dem Laufenden halten! Seit der Gr\u00fcndung des Schiller-Instituts 1984 hat sich viel&hellip;<!-- AddThis Advanced Settings generic via filter on get_the_excerpt --><!-- AddThis Share Buttons generic via filter on get_the_excerpt --><\/p>\n","protected":false},"author":34,"featured_media":74176,"parent":0,"menu_order":0,"comment_status":"closed","ping_status":"closed","template":"template_fullwidth.php","meta":{"_lmt_disableupdate":"no","_lmt_disable":"","footnotes":""},"categories":[],"tags":[],"class_list":["post-74457","page","type-page","status-publish","has-post-thumbnail","hentry"],"featured_image_src":"https:\/\/schillerinstitute.com\/wp-content\/uploads\/2021\/05\/weasal.jpg","_links":{"self":[{"href":"https:\/\/schillerinstitute.com\/de\/wp-json\/wp\/v2\/pages\/74457","targetHints":{"allow":["GET"]}}],"collection":[{"href":"https:\/\/schillerinstitute.com\/de\/wp-json\/wp\/v2\/pages"}],"about":[{"href":"https:\/\/schillerinstitute.com\/de\/wp-json\/wp\/v2\/types\/page"}],"author":[{"embeddable":true,"href":"https:\/\/schillerinstitute.com\/de\/wp-json\/wp\/v2\/users\/34"}],"replies":[{"embeddable":true,"href":"https:\/\/schillerinstitute.com\/de\/wp-json\/wp\/v2\/comments?post=74457"}],"version-history":[{"count":33,"href":"https:\/\/schillerinstitute.com\/de\/wp-json\/wp\/v2\/pages\/74457\/revisions"}],"predecessor-version":[{"id":74970,"href":"https:\/\/schillerinstitute.com\/de\/wp-json\/wp\/v2\/pages\/74457\/revisions\/74970"}],"wp:featuredmedia":[{"embeddable":true,"href":"https:\/\/schillerinstitute.com\/de\/wp-json\/wp\/v2\/media\/74176"}],"wp:attachment":[{"href":"https:\/\/schillerinstitute.com\/de\/wp-json\/wp\/v2\/media?parent=74457"}],"wp:term":[{"taxonomy":"category","embeddable":true,"href":"https:\/\/schillerinstitute.com\/de\/wp-json\/wp\/v2\/categories?post=74457"},{"taxonomy":"post_tag","embeddable":true,"href":"https:\/\/schillerinstitute.com\/de\/wp-json\/wp\/v2\/tags?post=74457"}],"curies":[{"name":"wp","href":"https:\/\/api.w.org\/{rel}","templated":true}]}}