{"id":70246,"date":"2021-02-18T12:23:18","date_gmt":"2021-02-18T17:23:18","guid":{"rendered":"https:\/\/schillerinstitute.com\/the-international-larouche-youth-movement\/"},"modified":"2025-12-21T10:30:34","modified_gmt":"2025-12-21T15:30:34","slug":"the-international-larouche-youth-movement","status":"publish","type":"page","link":"https:\/\/schillerinstitute.com\/de\/the-international-larouche-youth-movement\/","title":{"rendered":""},"content":{"rendered":"\n<div class=\"wp-block-columns is-layout-flex wp-container-core-columns-is-layout-2 wp-block-columns-is-layout-flex\">\n<div class=\"wp-block-column is-layout-flow wp-block-column-is-layout-flow\">\n<h1>Die Internationale LaRouche-Jugendbewegung<\/h1>\n<p><img loading=\"lazy\" decoding=\"async\" class=\"n3VNCb\" src=\"https:\/\/images.squarespace-cdn.com\/content\/v1\/5e6ae6bca208d5325e0641b2\/1587680075134-PXI3ZVLA8KWESJNHPVFY\/ke17ZwdGBToddI8pDm48kNOa7PkY9n_3NilAvUu_3RJ7gQa3H78H3Y0txjaiv_0fDoOvxcdMmMKkDsyUqMSsMWxHk725yiiHCCLfrh8O1z5QPOohDIaIeljMHgDF5CVlOqpeNLcJ80NK65_fV7S1UQc0fmPWrogaxrfDWUbTeu44v5rDU_zer0FUlHzJZECno7_tlxR_lVQEw-Dp9hs2vg\/LYN_ICLC_conf_1976_03.jpg?format=2500w\" alt=\"LaRouche Legacy Foundation\" width=\"642\" height=\"329\" data-noaft=\"1\" \/><\/p>\n\n\n\n<p><em>Diese Seite soll eine Plattform f\u00fcr junge Menschen auf der ganzen Welt sein, die entschlossen sind, die Menschheit aus der gro\u00dfen Krise zu f\u00fchren, mit der wir alle konfrontiert sind: Kriegsgefahr, Armut, Pandemien und kultureller Verfall. Wir brauchen ein neues Paradigma, eine neue Renaissance. Auf dieser noch im Aufbau begriffenen Seite sollen Materialien zur Bildung und organisatorische Ressourcen zur Verf\u00fcgung gestellt werden, um eine neue schlagkr\u00e4ftige F\u00fchrung aufzubauen und zu entwickeln: die Internationale LaRouche-Jugendbewegung.<\/em><\/p>\n\n\n\n<hr class=\"wp-block-separator has-alpha-channel-opacity\"\/>\n\n\n\n<div class=\"wp-block-columns is-layout-flex wp-container-core-columns-is-layout-1 wp-block-columns-is-layout-flex\">\n<div class=\"wp-block-column is-layout-flow wp-block-column-is-layout-flow\" style=\"flex-basis:33.33%\">\n<figure class=\"wp-block-image size-large\"><img loading=\"lazy\" decoding=\"async\" width=\"1024\" height=\"1024\" src=\"http:\/\/schillerinstitute.com\/wp-content\/uploads\/2025\/12\/pressemitteilung-jugendbewegung-1024x1024.png\" alt=\"\" class=\"wp-image-113757\" srcset=\"https:\/\/schillerinstitute.com\/wp-content\/uploads\/2025\/12\/pressemitteilung-jugendbewegung-1024x1024.png 1024w, https:\/\/schillerinstitute.com\/wp-content\/uploads\/2025\/12\/pressemitteilung-jugendbewegung-300x300.png 300w, https:\/\/schillerinstitute.com\/wp-content\/uploads\/2025\/12\/pressemitteilung-jugendbewegung-150x150.png 150w, https:\/\/schillerinstitute.com\/wp-content\/uploads\/2025\/12\/pressemitteilung-jugendbewegung-768x768.png 768w, https:\/\/schillerinstitute.com\/wp-content\/uploads\/2025\/12\/pressemitteilung-jugendbewegung-600x600.png 600w, https:\/\/schillerinstitute.com\/wp-content\/uploads\/2025\/12\/pressemitteilung-jugendbewegung.png 1080w\" sizes=\"auto, (max-width: 1024px) 100vw, 1024px\" \/><\/figure>\n<\/div>\n\n\n\n<div class=\"wp-block-column is-layout-flow wp-block-column-is-layout-flow\" style=\"flex-basis:66.66%\">\n<p><strong>Internationale Jugendbewegung entsteht: eine neue strategische Flanke f\u00fcr das Gute<\/strong><br>F\u00fcr alle Kr\u00e4fte, die eine neue, gerechte Sicherheits- und Entwicklungsarchitektur f\u00fcr die Welt fordern, entsteht jetzt eine wichtige neue strategische Flanke: eine internationale Jugendbewegung, die sich den gemeinsamen Interessen der Menschheit verschrieben hat. <br><strong><a href=\"https:\/\/schillerinstitute.com\/de\/blog\/2025\/12\/21\/internationale-jugendbewegung-entsteht-eine-neue-strategische-flanke-fuer-das-gute\/\" data-type=\"link\" data-id=\"https:\/\/schillerinstitute.com\/de\/blog\/2025\/12\/21\/internationale-jugendbewegung-entsteht-eine-neue-strategische-flanke-fuer-das-gute\/\" target=\"_blank\" rel=\"noreferrer noopener\">Weiterlesen<\/a><\/strong><\/p>\n\n\n\n<div class=\"wp-block-buttons is-layout-flex wp-block-buttons-is-layout-flex\"><\/div>\n<\/div>\n<\/div>\n\n\n\n<p><div class=\"big-title\"><div class=\"bar\"><\/div><h2>Ein Beispiel f\u00fcr wahre Agape &#8211; LaRouche in den Universit\u00e4ten<\/h2><p class=\"sub-title\">Der wirkliche Begriff von Kraft<\/p><\/div><\/p>\n\n\n\n<p><em>Die Internationale LaRouche-Jugendbewegung verfa\u00dfte anl\u00e4\u00dflich des zweiten Todestages von Lyndon H. LaRouche (8. September 1922 \u2013 12. Februar 2019) die folgende Erkl\u00e4rung:<\/em><\/p>\n<p>Wir, Jugendliche aus aller Welt und Mitglieder des internationalen Schiller-Instituts, haben die Frage gestellt, ob in der akademischen und moralischen Erziehung der vielen jungen Menschen auf diesem Planeten wirklich das Richtige getan wird. Bei der Beantwortung dieser Frage sto\u00dfen wir auf das Paradox, da\u00df, wenn tats\u00e4chlich das Richtige getan w\u00fcrde, die schwere internationale Systemkrise, mit der wir es zu tun haben, nicht existierte.<\/p>\n<p>Was durch Erziehung und Bildung in die K\u00f6pfe und Herzen unserer Jugend eingeht, gibt ihnen die Mittel an die Hand, um zu entscheiden, was sie mit ihrem Leben anfangen wollen, ob sie eine \u201eVerpflichtung gegen\u00fcber der Gesellschaft\u201c eingehen, um unser Universum zu verbessern. Wenn sie die Methode hinter Lyndon LaRouches Ideen kennenlernen, wird das Wort \u201eVerpflichtung\u201c sie nicht erschrecken. Sie werden darin die Verwirklichung ihrer Ideale sehen, wenn sie sich selbst st\u00e4ndig weiterentwickeln und damit auch den Vorteil ihrer Mitmenschen anstreben.<\/p>\n<p>In diesem Sinne haben wir eine Initiative mit dem Titel \u201eLaRouche in den Universit\u00e4ten \u2013 der wirkliche Begriff von Kraft\u201c gestartet. Mit ihr wollen wir junge Studenten, Professoren und andere Interessierte mit der Methode und den Beitr\u00e4gen des amerikanischen \u00d6konomen Lyndon LaRouche vertraut machen. In alle Lehrpl\u00e4ne mu\u00df die Geschichte jener Ideen einflie\u00dfen, die es uns im Laufe der Entwicklung der menschlichen Zivilisation erm\u00f6glicht haben, aus existenziellen Krisen gest\u00e4rkt hervorzugehen und eine Renaissance auf h\u00f6herem Niveau zu schaffen. Dies sind das agapische Prinzip und die Ideen zur Staatskunst, die LaRouche zu Lebzeiten entwickelt und beigesteuert hat. Deshalb setzen wir heute, wo diese Ideen notwendiger denn je sind, dieses Projekt am zweiten Jahrestag seines Todes, am 12. Februar, in Gang.<\/p>\n<p><a href=\"https:\/\/schillerinstitute.com\/de\/blog\/2021\/02\/13\/larouche-in-the-universities-an-example-of-true-agape-what-really-is-power\/\" class=\"custom-button small\" data-newwindow=\"true\">Weiterlesen<\/a><\/p>\n<p><div class=\"hr\"><hr \/><\/div><\/p>\n<p><div class=\"big-title\"><div class=\"bar\"><\/div><h2>Jugendkonferenz des Schiller-Instituts mit Helga Zepp-LaRouche<\/h2><p class=\"sub-title\">Stoppt den Gro\u00dfen Neustart und entwickelt alle Nationen!<\/p><\/div><\/p>\n\n\n\n<figure class=\"wp-block-embed is-type-video is-provider-youtube wp-block-embed-youtube wp-embed-aspect-16-9 wp-has-aspect-ratio\"><div class=\"wp-block-embed__wrapper\">\n<iframe loading=\"lazy\" title=\"Great Reset Dark Age, or a New Era for Civilization? Helga Zepp-LaRouche Addresses Youth Dialogue\" width=\"960\" height=\"540\" src=\"https:\/\/www.youtube.com\/embed\/h3HNoJCjkVM?feature=oembed\" frameborder=\"0\" allow=\"accelerometer; autoplay; clipboard-write; encrypted-media; gyroscope; picture-in-picture; web-share\" referrerpolicy=\"strict-origin-when-cross-origin\" allowfullscreen><\/iframe>\n<\/div><\/figure>\n\n\n\n<p>Dies ist die Eingangspr\u00e4sentation von <a href=\"https:\/\/schillerinstitute.com\/de\/helga-zepp-larouche\/\" target=\"_blank\" rel=\"noopener\">Helga Zepp-LaRouche<\/a>. Die Jugendkonferenz fand auf englisch statt. Die deutsche Zusammenfassung <a href=\"https:\/\/solidaritaet.com\/neuesol\/2021\/9\/jugend.htm\" target=\"_blank\" rel=\"noopener\">hier lesen<\/a>.<\/p>\n<p><div class=\"hr\"><hr \/><\/div><\/p>\n<p><div class=\"big-title\"><div class=\"bar\"><\/div><h2>Internationale LaRouche Jugendbewegung ruft zur Rehabilitierung von Lyndon LaRouche auf<\/h2><p class=\"sub-title-empty\">&nbsp;<\/p><\/div><\/p>\n<p>Ein Chor verschiedener Stimmen antwortet auf den Aufruf von Theo Mitchell, ehemaliger Staatssenator von South Carolina, was getan werden kann, um <span class=\"hiddenSpellError\">Lyndon<\/span>\u00a0<span class=\"hiddenSpellError\">LaRouche<\/span>\u00a0zu rehabilitieren und das weltweit grassierende Unrecht zu korrigieren. F\u00fchrungspers\u00f6nlichkeiten der Internationalen\u00a0<span class=\"hiddenSpellError\">LaRouche<\/span>\u00a0Jugendbewegung sprachen auf der Konferenz des Schiller-Instituts am 27. Juni \u00fcber die dringende Notwendigkeit, eine neue Generation von F\u00fchrungskr\u00e4ften dazu zu begeistern, auf der Ebene von\u00a0<span class=\"hiddenSpellError\">Lyndon<\/span>\u00a0und Helga\u00a0<span class=\"hiddenSpellError\">LaRouche<\/span> zu denken.<\/p>\n<p><a href=\"https:\/\/schillerinstitute.com\/de\/blog\/2020\/07\/03\/international-larouche-youth-movement-calls-for-the-exoneration-of-lyndon-larouche\/\" class=\"custom-button small\" data-newwindow=\"true\">Video ansehen<\/a><\/p>\n<p><div class=\"hr to-top\"><hr \/><span class=\"to-top\">To Top<\/span><\/div><\/p>\n<\/p>\n<\/div>\n<\/div>\n<!-- AddThis Advanced Settings generic via filter on the_content --><!-- AddThis Share Buttons generic via filter on the_content -->","protected":false},"excerpt":{"rendered":"<p>Die Internationale LaRouche-Jugendbewegung Diese Seite soll eine Plattform f\u00fcr junge Menschen auf der ganzen Welt sein, die entschlossen sind, die Menschheit aus der gro\u00dfen Krise zu f\u00fchren, mit der wir alle konfrontiert sind: Kriegsgefahr, Armut, Pandemien und kultureller Verfall. Wir brauchen ein neues Paradigma, eine&hellip;<!-- AddThis Advanced Settings generic via filter on get_the_excerpt --><!-- AddThis Share Buttons generic via filter on get_the_excerpt --><\/p>\n","protected":false},"author":36,"featured_media":0,"parent":0,"menu_order":0,"comment_status":"closed","ping_status":"closed","template":"","meta":{"_lmt_disableupdate":"no","_lmt_disable":"","footnotes":""},"categories":[],"tags":[],"class_list":["post-70246","page","type-page","status-publish","hentry"],"featured_image_src":null,"_links":{"self":[{"href":"https:\/\/schillerinstitute.com\/de\/wp-json\/wp\/v2\/pages\/70246","targetHints":{"allow":["GET"]}}],"collection":[{"href":"https:\/\/schillerinstitute.com\/de\/wp-json\/wp\/v2\/pages"}],"about":[{"href":"https:\/\/schillerinstitute.com\/de\/wp-json\/wp\/v2\/types\/page"}],"author":[{"embeddable":true,"href":"https:\/\/schillerinstitute.com\/de\/wp-json\/wp\/v2\/users\/36"}],"replies":[{"embeddable":true,"href":"https:\/\/schillerinstitute.com\/de\/wp-json\/wp\/v2\/comments?post=70246"}],"version-history":[{"count":4,"href":"https:\/\/schillerinstitute.com\/de\/wp-json\/wp\/v2\/pages\/70246\/revisions"}],"predecessor-version":[{"id":113771,"href":"https:\/\/schillerinstitute.com\/de\/wp-json\/wp\/v2\/pages\/70246\/revisions\/113771"}],"wp:attachment":[{"href":"https:\/\/schillerinstitute.com\/de\/wp-json\/wp\/v2\/media?parent=70246"}],"wp:term":[{"taxonomy":"category","embeddable":true,"href":"https:\/\/schillerinstitute.com\/de\/wp-json\/wp\/v2\/categories?post=70246"},{"taxonomy":"post_tag","embeddable":true,"href":"https:\/\/schillerinstitute.com\/de\/wp-json\/wp\/v2\/tags?post=70246"}],"curies":[{"name":"wp","href":"https:\/\/api.w.org\/{rel}","templated":true}]}}