{"id":67476,"date":"2021-01-20T14:07:38","date_gmt":"2021-01-20T19:07:38","guid":{"rendered":"https:\/\/schillerinstitute.com\/?page_id=67476"},"modified":"2021-03-11T15:08:34","modified_gmt":"2021-03-11T20:08:34","slug":"gruen-bedeutet-tod","status":"publish","type":"page","link":"https:\/\/schillerinstitute.com\/de\/gruen-bedeutet-tod\/","title":{"rendered":"&#8222;Gr\u00fcn&#8220; bedeutet Tod"},"content":{"rendered":"<div class=\"big-title\">\n<div class=\"bar\"><\/div>\n<h2><strong>Meldungen<\/strong><\/h2>\n<p class=\"sub-title-empty\">&nbsp;<\/p>\n<\/div>\n<div class=\"hr\">\n<hr \/>\n<\/div>\n<div class=\"cpt-alm-main\" id=\"cptalm_69d687acdd423\"><div class=\"cpt-alm-wrapper  cpt-alm-grid-1\" data-id=\"cptalm_69d687acdd423\"data-post-type=\"post, page\"data-post-status=\"publish\"data-posts-per-page=\"3\"data-init-load=\"6\"data-category=\"grun-bedeutet-tod\"data-category--and=\"\"data-category--not-in=\"\"data-tag=\"\"data-tag--and=\"\"data-tag--not-in=\"\"data-taxonomy=\"\"data-taxonomy-terms=\"\"data-taxonomy-operator=\"\"data-taxonomy-relation=\"\"data-order=\"DESC\"data-orderby=\"date\"data-offset=\"6\"data-template=\"default\"data-default-css=\"yes\"data-scroll=\"\"data-grid=\"1\"data-item-class=\"\"data-container-class=\"\"data-button-text=\"Load More\"data-button-color=\"#6bd298\"data-loading-style=\"normal\"data-loading-text=\"Loading...\"data-found-posts=\"61\"><div class=\"cpt-alm-item cpt-alm-col-12 \"><div class=\"cpt-list-box\">\r\n\t<div class=\"cpt-list-box-img\" style=\"background: url(https:\/\/schillerinstitute.com\/wp-content\/uploads\/2022\/03\/german_train-1-600x600.jpg)\">\r\n\t\t<a href=\"https:\/\/schillerinstitute.com\/de\/blog\/2022\/03\/25\/teilweiser-stromausfall-bei-der-deutschen-bahn\/\">\r\n\t\t\t<span class=\"cpt-list-details\">Read More<\/span>\r\n\t\t<\/a>\r\n\t<\/div>\r\n\t<div class=\"cpt-list-box-text\">\r\n\t\t<a href=\"https:\/\/schillerinstitute.com\/de\/blog\/2022\/03\/25\/teilweiser-stromausfall-bei-der-deutschen-bahn\/\"><h3>Teilweiser Stromausfall bei der Deutschen Bahn<\/h3>\r\n\t\t\t<p>23. M\u00e4rz (EIRNS) &#8211; Am fr\u00fchen Mittwochmorgen des 23. M\u00e4rz ist der gesamte Schieneng\u00fcterverkehr in Deutschland wegen einer &#8222;Unterversorgung&#8220; mit Strom zum Erliegen gekommen, wie die DB Netz mitteilte. Die Deutsche Bahn mu\u00dfte den ... <\/p>\r\n\t\t\t<div class=\"cpt-list-metainfo\">\r\n\t\t\t\t<div class=\"cpt-post-meta\">\r\n\t\t\t\t\t<span class=\"cpt-user\"><i class=\"cpt-icon cpt-user-icon\"><\/i> By madeleine<\/span>\r\n\t\t\t\t\t<span class=\"cpt-comments\"><i class=\"cpt-icon cpt-comments-icon\"><\/i> No comments<\/span>\r\n\t\t\t\t<\/div>\r\n\t\t\t<\/div>\r\n\t\t<\/a>\r\n\t<\/div>\r\n\t<div class=\"clear\"><\/div>\r\n<\/div><\/div><div class=\"cpt-alm-item cpt-alm-col-12 \"><div class=\"cpt-list-box\">\r\n\t<div class=\"cpt-list-box-img\" style=\"background: url(https:\/\/schillerinstitute.com\/wp-content\/uploads\/2021\/06\/scafretta-600x600.jpg)\">\r\n\t\t<a href=\"https:\/\/schillerinstitute.com\/de\/blog\/2021\/06\/07\/klima-wissenschaftler-erklaert-beim-klima-notstand-ginge-es-nur-um-finanzen\/\">\r\n\t\t\t<span class=\"cpt-list-details\">Read More<\/span>\r\n\t\t<\/a>\r\n\t<\/div>\r\n\t<div class=\"cpt-list-box-text\">\r\n\t\t<a href=\"https:\/\/schillerinstitute.com\/de\/blog\/2021\/06\/07\/klima-wissenschaftler-erklaert-beim-klima-notstand-ginge-es-nur-um-finanzen\/\"><h3>Klima-Wissenschaftler erkl\u00e4rt, beim &#8218;Klima-Notstand&#8216; ginge es nur um Finanzen<\/h3>\r\n\t\t\t<p>Nicola Scafetta, ein weltweit f\u00fchrender italienischer Wissenschaftler auf dem Gebiet derjenigen Klimamodelle, die auf astronomischen Oszillationen basieren, hat bereits in einem fr\u00fcheren Interview mit italienischen Medien die Klimapolitik als Vorwa... <\/p>\r\n\t\t\t<div class=\"cpt-list-metainfo\">\r\n\t\t\t\t<div class=\"cpt-post-meta\">\r\n\t\t\t\t\t<span class=\"cpt-user\"><i class=\"cpt-icon cpt-user-icon\"><\/i> By madeleine<\/span>\r\n\t\t\t\t\t<span class=\"cpt-comments\"><i class=\"cpt-icon cpt-comments-icon\"><\/i> No comments<\/span>\r\n\t\t\t\t<\/div>\r\n\t\t\t<\/div>\r\n\t\t<\/a>\r\n\t<\/div>\r\n\t<div class=\"clear\"><\/div>\r\n<\/div><\/div><div class=\"cpt-alm-item cpt-alm-col-12 \"><div class=\"cpt-list-box\">\r\n\t<div class=\"cpt-list-box-img\" style=\"background: url(https:\/\/schillerinstitute.com\/wp-content\/uploads\/2021\/03\/helga-600x600.jpg)\">\r\n\t\t<a href=\"https:\/\/schillerinstitute.com\/de\/blog\/2021\/06\/02\/zunehmende-verdichtung-falscher-narrative-im-vorfeld-der-bevorstehenden-gipfeltreffen\/\">\r\n\t\t\t<span class=\"cpt-list-details\">Read More<\/span>\r\n\t\t<\/a>\r\n\t<\/div>\r\n\t<div class=\"cpt-list-box-text\">\r\n\t\t<a href=\"https:\/\/schillerinstitute.com\/de\/blog\/2021\/06\/02\/zunehmende-verdichtung-falscher-narrative-im-vorfeld-der-bevorstehenden-gipfeltreffen\/\"><h3>ZUNEHMENDE DICHTE FALSCHER ERZ\u00c4HLUNGEN DER KRIEGSPARTEI IM VORFELD DER BEVORSTEHENDEN GIPFELTREFFEN<\/h3>\r\n\t\t\t<p>In ihrem w\u00f6chentlichen Dialog beschreibt Helga Zepp-LaRouche detailliert die Vielzahl falscher Stories und erfundener Narrative, die von den imperialen geopolitischen Kriegsfalken in Vorbereitung auf die bevorstehenden Gipfel der G7, der NATO und zw... <\/p>\r\n\t\t\t<div class=\"cpt-list-metainfo\">\r\n\t\t\t\t<div class=\"cpt-post-meta\">\r\n\t\t\t\t\t<span class=\"cpt-user\"><i class=\"cpt-icon cpt-user-icon\"><\/i> By madeleine<\/span>\r\n\t\t\t\t\t<span class=\"cpt-comments\"><i class=\"cpt-icon cpt-comments-icon\"><\/i> No comments<\/span>\r\n\t\t\t\t<\/div>\r\n\t\t\t<\/div>\r\n\t\t<\/a>\r\n\t<\/div>\r\n\t<div class=\"clear\"><\/div>\r\n<\/div><\/div><div class=\"cpt-alm-item cpt-alm-col-12 \"><div class=\"cpt-list-box\">\r\n\t<div class=\"cpt-list-box-img\" style=\"background: url(https:\/\/schillerinstitute.com\/wp-content\/uploads\/2018\/11\/1280px-Helga_Zepp-LaRouche_Axis_for_Peace_2005-11-17.jpg)\">\r\n\t\t<a href=\"https:\/\/schillerinstitute.com\/de\/blog\/2021\/05\/31\/wer-haelt-die-schnuere-bei-der-nato-sprechpuppe-gruene-entlarven-sich-als-koloniale-kriegspartei\/\">\r\n\t\t\t<span class=\"cpt-list-details\">Read More<\/span>\r\n\t\t<\/a>\r\n\t<\/div>\r\n\t<div class=\"cpt-list-box-text\">\r\n\t\t<a href=\"https:\/\/schillerinstitute.com\/de\/blog\/2021\/05\/31\/wer-haelt-die-schnuere-bei-der-nato-sprechpuppe-gruene-entlarven-sich-als-koloniale-kriegspartei\/\"><h3>Wer h\u00e4lt die Schn\u00fcre bei der NATO-Sprechpuppe? Gr\u00fcne entlarven sich als koloniale Kriegspartei<\/h3>\r\n\t\t\t<p>von Helga Zepp-LaRouche Den SUV-fahrenden Lifestyle-Gr\u00fcnen in der Partei der ehemaligen Jute-Tr\u00e4ger d\u00fcrfte es ohnhin egal sein, aber so manchem W\u00e4hler der Gr\u00fcnen, der sich ehrlich um ein harmonisches Verh\u00e4ltnis zwischen Mensch und Natur sorgt, ... <\/p>\r\n\t\t\t<div class=\"cpt-list-metainfo\">\r\n\t\t\t\t<div class=\"cpt-post-meta\">\r\n\t\t\t\t\t<span class=\"cpt-user\"><i class=\"cpt-icon cpt-user-icon\"><\/i> By madeleine<\/span>\r\n\t\t\t\t\t<span class=\"cpt-comments\"><i class=\"cpt-icon cpt-comments-icon\"><\/i> No comments<\/span>\r\n\t\t\t\t<\/div>\r\n\t\t\t<\/div>\r\n\t\t<\/a>\r\n\t<\/div>\r\n\t<div class=\"clear\"><\/div>\r\n<\/div><\/div><div class=\"cpt-alm-item cpt-alm-col-12 \"><div class=\"cpt-list-box\">\r\n\t<div class=\"cpt-list-box-img\" style=\"background: url(https:\/\/schillerinstitute.com\/wp-content\/uploads\/2021\/12\/arctic-600x600.png)\">\r\n\t\t<a href=\"https:\/\/schillerinstitute.com\/de\/blog\/2021\/12\/05\/russland-entwicklung-der-arktis-mit-kernenergie\/\">\r\n\t\t\t<span class=\"cpt-list-details\">Read More<\/span>\r\n\t\t<\/a>\r\n\t<\/div>\r\n\t<div class=\"cpt-list-box-text\">\r\n\t\t<a href=\"https:\/\/schillerinstitute.com\/de\/blog\/2021\/12\/05\/russland-entwicklung-der-arktis-mit-kernenergie\/\"><h3>Ru\u00dfland: Entwicklung der Arktis mit Kernenergie<\/h3>\r\n\t\t\t<p>Der russische Pr\u00e4sident Wladimir Putin hat am 2. Dezember mit Oleg Nowatschuk, Gesch\u00e4ftsf\u00fchrer des kasachischen Unternehmens KAZ Minerals, das in Baimskoje in der fern\u00f6stlichen Region Tschukotka ein gro\u00dfes Kupferabbauprojekt betreiben will, \u00fcbe... <\/p>\r\n\t\t\t<div class=\"cpt-list-metainfo\">\r\n\t\t\t\t<div class=\"cpt-post-meta\">\r\n\t\t\t\t\t<span class=\"cpt-user\"><i class=\"cpt-icon cpt-user-icon\"><\/i> By madeleine<\/span>\r\n\t\t\t\t\t<span class=\"cpt-comments\"><i class=\"cpt-icon cpt-comments-icon\"><\/i> No comments<\/span>\r\n\t\t\t\t<\/div>\r\n\t\t\t<\/div>\r\n\t\t<\/a>\r\n\t<\/div>\r\n\t<div class=\"clear\"><\/div>\r\n<\/div><\/div><div class=\"cpt-alm-item cpt-alm-col-12 \"><div class=\"cpt-list-box\">\r\n\t<div class=\"cpt-list-box-img\" style=\"background: url(https:\/\/schillerinstitute.com\/wp-content\/uploads\/2021\/11\/Joe-Biden-Xi-Jinping-Vladimir-Putin-e1622204178915-600x488.jpg)\">\r\n\t\t<a href=\"https:\/\/schillerinstitute.com\/de\/blog\/2021\/11\/27\/video-die-strategische-krise-ein-schreckliches-ende-oder-ein-neues-paradigma-hauptrede-von-helga-zepp-larouche\/\">\r\n\t\t\t<span class=\"cpt-list-details\">Read More<\/span>\r\n\t\t<\/a>\r\n\t<\/div>\r\n\t<div class=\"cpt-list-box-text\">\r\n\t\t<a href=\"https:\/\/schillerinstitute.com\/de\/blog\/2021\/11\/27\/video-die-strategische-krise-ein-schreckliches-ende-oder-ein-neues-paradigma-hauptrede-von-helga-zepp-larouche\/\"><h3>Video &#8211; Die strategische Krise: Ein schreckliches Ende oder ein neues Paradigma &#8211; Hauptrede von Helga Zepp-LaRouche<\/h3>\r\n\t\t\t<p>Ein schreckliches Ende oder ein neues Paradigma? Von Helga Zepp-LaRouche Die Gr\u00fcnderin und Pr\u00e4sidentin des Schiller-Instituts er\u00f6ffnete die Internetkonferenz des Schiller-Instituts am 13. November mit dem folgenden Vortrag. Er wurde aus dem Englis... <\/p>\r\n\t\t\t<div class=\"cpt-list-metainfo\">\r\n\t\t\t\t<div class=\"cpt-post-meta\">\r\n\t\t\t\t\t<span class=\"cpt-user\"><i class=\"cpt-icon cpt-user-icon\"><\/i> By madeleine<\/span>\r\n\t\t\t\t\t<span class=\"cpt-comments\"><i class=\"cpt-icon cpt-comments-icon\"><\/i> No comments<\/span>\r\n\t\t\t\t<\/div>\r\n\t\t\t<\/div>\r\n\t\t<\/a>\r\n\t<\/div>\r\n\t<div class=\"clear\"><\/div>\r\n<\/div><\/div><\/div>\r\n\t\t\t<div class=\"cpt-alm-read-more\">\r\n\t\t\t\t<div class=\"cpt-alm-loader cpt-custom-loader\"><div class=\"cpt-loading-icon loading-normal-inner\">\r\n\t\t\t\t<div><\/div><div><\/div><div><\/div><div><\/div><div><\/div><div><\/div><div><\/div><div><\/div><div><\/div><div><\/div><div><\/div><div><\/div><\/div><\/div>\r\n\t\t\t\t<a href=\"javascript:void(0)\" class=\"cpt-alm-btn-load-more\">\r\n\t\t\t\tLoad More\r\n\t\t\t\t<\/a>\r\n\t\t\t<\/div><\/div>\n<!-- AddThis Advanced Settings generic via filter on the_content --><!-- AddThis Share Buttons generic via filter on the_content -->","protected":false},"excerpt":{"rendered":"<p>Meldungen &nbsp;<!-- AddThis Advanced Settings generic via filter on get_the_excerpt --><!-- AddThis Share Buttons generic via filter on get_the_excerpt --><\/p>\n","protected":false},"author":34,"featured_media":0,"parent":0,"menu_order":0,"comment_status":"closed","ping_status":"closed","template":"","meta":{"_lmt_disableupdate":"no","_lmt_disable":"","footnotes":""},"categories":[],"tags":[],"class_list":["post-67476","page","type-page","status-publish","hentry"],"featured_image_src":null,"_links":{"self":[{"href":"https:\/\/schillerinstitute.com\/de\/wp-json\/wp\/v2\/pages\/67476","targetHints":{"allow":["GET"]}}],"collection":[{"href":"https:\/\/schillerinstitute.com\/de\/wp-json\/wp\/v2\/pages"}],"about":[{"href":"https:\/\/schillerinstitute.com\/de\/wp-json\/wp\/v2\/types\/page"}],"author":[{"embeddable":true,"href":"https:\/\/schillerinstitute.com\/de\/wp-json\/wp\/v2\/users\/34"}],"replies":[{"embeddable":true,"href":"https:\/\/schillerinstitute.com\/de\/wp-json\/wp\/v2\/comments?post=67476"}],"version-history":[{"count":3,"href":"https:\/\/schillerinstitute.com\/de\/wp-json\/wp\/v2\/pages\/67476\/revisions"}],"predecessor-version":[{"id":70066,"href":"https:\/\/schillerinstitute.com\/de\/wp-json\/wp\/v2\/pages\/67476\/revisions\/70066"}],"wp:attachment":[{"href":"https:\/\/schillerinstitute.com\/de\/wp-json\/wp\/v2\/media?parent=67476"}],"wp:term":[{"taxonomy":"category","embeddable":true,"href":"https:\/\/schillerinstitute.com\/de\/wp-json\/wp\/v2\/categories?post=67476"},{"taxonomy":"post_tag","embeddable":true,"href":"https:\/\/schillerinstitute.com\/de\/wp-json\/wp\/v2\/tags?post=67476"}],"curies":[{"name":"wp","href":"https:\/\/api.w.org\/{rel}","templated":true}]}}