{"id":65771,"date":"2020-11-05T13:21:15","date_gmt":"2020-11-05T18:21:15","guid":{"rendered":"https:\/\/schillerinstitute.com\/the-committee-for-the-coincidence-of-opposites\/"},"modified":"2021-10-07T14:21:04","modified_gmt":"2021-10-07T18:21:04","slug":"the-committee-for-the-coincidence-of-opposites","status":"publish","type":"page","link":"https:\/\/schillerinstitute.com\/de\/the-committee-for-the-coincidence-of-opposites\/","title":{"rendered":"Das Komitee f\u00fcr die Coincidentia Oppositorum"},"content":{"rendered":"<p><img loading=\"lazy\" decoding=\"async\" class=\"wp-image-65790 aligncenter\" src=\"https:\/\/schillerinstitute.com\/wp-content\/uploads\/2020\/12\/Komitee-Coincidentia-Oppositorum-300x169.png\" alt=\"\" width=\"600\" height=\"338\" srcset=\"https:\/\/schillerinstitute.com\/wp-content\/uploads\/2020\/12\/Komitee-Coincidentia-Oppositorum-300x169.png 300w, https:\/\/schillerinstitute.com\/wp-content\/uploads\/2020\/12\/Komitee-Coincidentia-Oppositorum-1024x576.png 1024w, https:\/\/schillerinstitute.com\/wp-content\/uploads\/2020\/12\/Komitee-Coincidentia-Oppositorum-768x432.png 768w, https:\/\/schillerinstitute.com\/wp-content\/uploads\/2020\/12\/Komitee-Coincidentia-Oppositorum-1536x864.png 1536w, https:\/\/schillerinstitute.com\/wp-content\/uploads\/2020\/12\/Komitee-Coincidentia-Oppositorum.png 1600w\" sizes=\"auto, (max-width: 600px) 100vw, 600px\" \/><\/p>\n<p><\/p>\n<p><blockquote><span style=\"color: #ff0000;\"><em><strong>In einer Situatio<\/strong><\/em><\/span><span style=\"color: #ff0000;\"><em><strong>n, in der sich viele Menschen angesichts der unz\u00e4hligen Krisen dieses Jahrhunderts machtlos f\u00fchlen, wird dieses Komitee jedem Einzelnen die M\u00f6glichkeit geben, etwas zur Bew\u00e4ltigung der Krise beizutragen.<\/strong><\/em><\/span><\/blockquote><\/p>\n<p><div class=\"call-to-action-big\"><h2>Das Komitee f\u00fcr die Coincidentia Oppositorum<\/h2><p class=\"excerpt\">Der Zusammenfall der Gegens\u00e4tze<\/p><p><a href=\"https:\/\/schillerinstitute.com\/de\/das-komitee-fuer-die-coincidentia-oppositorum\/\" class=\"custom-button large\" data-newwindow=\"true\">Petition lesen<\/a><\/p><\/div><\/p>\n<p><\/p>\n\n<div class=\"cpt-alm-main\" id=\"cptalm_69f924c3cc510\"><div class=\"cpt-alm-wrapper  cpt-alm-grid-1\" data-id=\"cptalm_69f924c3cc510\"data-post-type=\"post, page\"data-post-status=\"publish\"data-posts-per-page=\"10\"data-init-load=\"6\"data-category=\"komitee-coincidenica-oppositorum-zusammenfall-der-gegensatze-de\"data-category--and=\"\"data-category--not-in=\"\"data-tag=\"\"data-tag--and=\"\"data-tag--not-in=\"\"data-taxonomy=\"\"data-taxonomy-terms=\"\"data-taxonomy-operator=\"\"data-taxonomy-relation=\"\"data-order=\"DESC\"data-orderby=\"date\"data-offset=\"6\"data-template=\"default\"data-default-css=\"yes\"data-scroll=\"\"data-grid=\"1\"data-item-class=\"\"data-container-class=\"\"data-button-text=\"Load More\"data-button-color=\"#6bd298\"data-loading-style=\"normal\"data-loading-text=\"Loading...\"data-found-posts=\"16\"><div class=\"cpt-alm-item cpt-alm-col-12 \"><div class=\"cpt-list-box\">\r\n\t<div class=\"cpt-list-box-img\" style=\"background: url(https:\/\/schillerinstitute.com\/wp-content\/uploads\/2022\/01\/Ops-Ibn-Sina-Afghanistan-Cadeusses-600x600.png)\">\r\n\t\t<a href=\"https:\/\/schillerinstitute.com\/de\/blog\/2022\/01\/20\/operation-ibn-sina-fuer-afghanistan-und-die-welt\/\">\r\n\t\t\t<span class=\"cpt-list-details\">Read More<\/span>\r\n\t\t<\/a>\r\n\t<\/div>\r\n\t<div class=\"cpt-list-box-text\">\r\n\t\t<a href=\"https:\/\/schillerinstitute.com\/de\/blog\/2022\/01\/20\/operation-ibn-sina-fuer-afghanistan-und-die-welt\/\"><h3>\u201eOperation Ibn Sina\u201c f\u00fcr Afghanistan und die Welt!<\/h3>\r\n\t\t\t<p>Die von Helga Zepp-LaRouche initiierte \u201eOperation Ibn Sina\u201c hat im Rahmen des internationalen Seminars des Schiller-Instituts am 17. Januar mit dem Titel \u201eUngerechtigkeit irgendwo ist eine Bedrohung f\u00fcr die Gerechtigkeit \u00fcberall \u2013 Beendet d... <\/p>\r\n\t\t\t<div class=\"cpt-list-metainfo\">\r\n\t\t\t\t<div class=\"cpt-post-meta\">\r\n\t\t\t\t\t<span class=\"cpt-user\"><i class=\"cpt-icon cpt-user-icon\"><\/i> By madeleine<\/span>\r\n\t\t\t\t\t<span class=\"cpt-comments\"><i class=\"cpt-icon cpt-comments-icon\"><\/i> No comments<\/span>\r\n\t\t\t\t<\/div>\r\n\t\t\t<\/div>\r\n\t\t<\/a>\r\n\t<\/div>\r\n\t<div class=\"clear\"><\/div>\r\n<\/div><\/div><div class=\"cpt-alm-item cpt-alm-col-12 \"><div class=\"cpt-list-box\">\r\n\t<div class=\"cpt-list-box-img\" style=\"background: url(https:\/\/schillerinstitute.com\/wp-content\/uploads\/2021\/12\/2021-12_Mozambique-Pilot-proj_collage-600x600.png)\">\r\n\t\t<a href=\"https:\/\/schillerinstitute.com\/de\/blog\/2021\/12\/20\/pressemitteilung-komitee-fuer-den-zusammenfall-der-gegensaetze\/\">\r\n\t\t\t<span class=\"cpt-list-details\">Read More<\/span>\r\n\t\t<\/a>\r\n\t<\/div>\r\n\t<div class=\"cpt-list-box-text\">\r\n\t\t<a href=\"https:\/\/schillerinstitute.com\/de\/blog\/2021\/12\/20\/pressemitteilung-komitee-fuer-den-zusammenfall-der-gegensaetze\/\"><h3>Pressemitteilung: Komitee f\u00fcr den Zusammenfall der Gegens\u00e4tze<\/h3>\r\n\t\t\t<p>Komitee f\u00fcr den Zusammenfall der Gegens\u00e4tze schickt Hilfslieferung nach Mosambik \u2013 die Welt braucht moderne Gesundheitssysteme in jedem Land Das Komitee f\u00fcr den Zusammenfall der Gegens\u00e4tze gab heute bekannt, da\u00df es sein erstes Pilotprojekt zur... <\/p>\r\n\t\t\t<div class=\"cpt-list-metainfo\">\r\n\t\t\t\t<div class=\"cpt-post-meta\">\r\n\t\t\t\t\t<span class=\"cpt-user\"><i class=\"cpt-icon cpt-user-icon\"><\/i> By madeleine<\/span>\r\n\t\t\t\t\t<span class=\"cpt-comments\"><i class=\"cpt-icon cpt-comments-icon\"><\/i> No comments<\/span>\r\n\t\t\t\t<\/div>\r\n\t\t\t<\/div>\r\n\t\t<\/a>\r\n\t<\/div>\r\n\t<div class=\"clear\"><\/div>\r\n<\/div><\/div><div class=\"cpt-alm-item cpt-alm-col-12 \"><div class=\"cpt-list-box\">\r\n\t<div class=\"cpt-list-box-img\" style=\"background: url(https:\/\/schillerinstitute.com\/wp-content\/uploads\/2021\/12\/1639560789419-600x600.jpg)\">\r\n\t\t<a href=\"https:\/\/schillerinstitute.com\/de\/blog\/2021\/12\/15\/sizilianische-tageszeitung-veroeffentlicht-aufruf-des-komitees-fuer-den-zusammenfall-der-gegensaetze-zur-not-in-afghanistan\/\">\r\n\t\t\t<span class=\"cpt-list-details\">Read More<\/span>\r\n\t\t<\/a>\r\n\t<\/div>\r\n\t<div class=\"cpt-list-box-text\">\r\n\t\t<a href=\"https:\/\/schillerinstitute.com\/de\/blog\/2021\/12\/15\/sizilianische-tageszeitung-veroeffentlicht-aufruf-des-komitees-fuer-den-zusammenfall-der-gegensaetze-zur-not-in-afghanistan\/\"><h3>Sizilianische Tageszeitung ver\u00f6ffentlicht Aufruf des Komitees f\u00fcr den Zusammenfall der Gegens\u00e4tze zur Not in Afghanistan<\/h3>\r\n\t\t\t<p>Unter der \u00dcberschrift \u201eAfghanistan, das Komitee f\u00fcr die Republik: Helfen wir ihnen\u201c ver\u00f6ffentlichte die Tageszeitung Il Corriere di Sicilia am 10. Dezember einen Aufruf des Komitees f\u00fcr den Zusammenfall der Gegens\u00e4tze mit einer Unterst\u00fctzun... <\/p>\r\n\t\t\t<div class=\"cpt-list-metainfo\">\r\n\t\t\t\t<div class=\"cpt-post-meta\">\r\n\t\t\t\t\t<span class=\"cpt-user\"><i class=\"cpt-icon cpt-user-icon\"><\/i> By madeleine<\/span>\r\n\t\t\t\t\t<span class=\"cpt-comments\"><i class=\"cpt-icon cpt-comments-icon\"><\/i> No comments<\/span>\r\n\t\t\t\t<\/div>\r\n\t\t\t<\/div>\r\n\t\t<\/a>\r\n\t<\/div>\r\n\t<div class=\"clear\"><\/div>\r\n<\/div><\/div><div class=\"cpt-alm-item cpt-alm-col-12 \"><div class=\"cpt-list-box\">\r\n\t<div class=\"cpt-list-box-img\" style=\"background: url(https:\/\/schillerinstitute.com\/wp-content\/uploads\/2021\/11\/EldersPic3.jpg)\">\r\n\t\t<a href=\"https:\/\/schillerinstitute.com\/de\/blog\/2021\/11\/25\/offener-brief-an-virologen-und-medizinische-experten-auf-der-ganzen-welt-die-covid-19-pandemie-global-bekaempfen\/\">\r\n\t\t\t<span class=\"cpt-list-details\">Read More<\/span>\r\n\t\t<\/a>\r\n\t<\/div>\r\n\t<div class=\"cpt-list-box-text\">\r\n\t\t<a href=\"https:\/\/schillerinstitute.com\/de\/blog\/2021\/11\/25\/offener-brief-an-virologen-und-medizinische-experten-auf-der-ganzen-welt-die-covid-19-pandemie-global-bekaempfen\/\"><h3>Offener Brief an Virologen und medizinische Experten auf der ganzen Welt: Die COVID-19-Pandemie global bek\u00e4mpfen!<\/h3>\r\n\t\t\t<p>PDF zum Unterzeichnen Von Dr. Joycelyn Elders, ehemalige US Surgeon General und Mitinitiator des Komitees f\u00fcr den Zusammenfall der Gegens\u00e4tze. Es ist bedauerlich, da\u00df die Welt, obwohl seit 20 Monaten die Coronaviruspandemie grassiert, immer noch n... <\/p>\r\n\t\t\t<div class=\"cpt-list-metainfo\">\r\n\t\t\t\t<div class=\"cpt-post-meta\">\r\n\t\t\t\t\t<span class=\"cpt-user\"><i class=\"cpt-icon cpt-user-icon\"><\/i> By madeleine<\/span>\r\n\t\t\t\t\t<span class=\"cpt-comments\"><i class=\"cpt-icon cpt-comments-icon\"><\/i> No comments<\/span>\r\n\t\t\t\t<\/div>\r\n\t\t\t<\/div>\r\n\t\t<\/a>\r\n\t<\/div>\r\n\t<div class=\"clear\"><\/div>\r\n<\/div><\/div><div class=\"cpt-alm-item cpt-alm-col-12 \"><div class=\"cpt-list-box\">\r\n\t<div class=\"cpt-list-box-img\" style=\"background: url(https:\/\/schillerinstitute.com\/wp-content\/uploads\/2021\/05\/Houshenshan-hospital_nuclear-reactor-600x600.png)\">\r\n\t\t<a href=\"https:\/\/schillerinstitute.com\/de\/blog\/2021\/05\/20\/die-grosse-herausforderung-echter-infrastruktur-moderne-gesundheitssysteme-fuer-alle-nationen\/\">\r\n\t\t\t<span class=\"cpt-list-details\">Read More<\/span>\r\n\t\t<\/a>\r\n\t<\/div>\r\n\t<div class=\"cpt-list-box-text\">\r\n\t\t<a href=\"https:\/\/schillerinstitute.com\/de\/blog\/2021\/05\/20\/die-grosse-herausforderung-echter-infrastruktur-moderne-gesundheitssysteme-fuer-alle-nationen\/\"><h3>Die gro\u00dfe Herausforderung echter Infrastruktur: Moderne Gesundheitssysteme f\u00fcr alle Nationen<\/h3>\r\n\t\t\t<p>Die gro\u00dfe Bauaufgabe f\u00fcr die Industrienationen und Schwellenl\u00e4nder ist klar. Der Aufbau moderner Krankenh\u00e4user und gut ausgestatteter Gesundheitssysteme in jeder Nation der Erde wird eine derart dringende Anforderung zur Erhaltung menschlichen Le... <\/p>\r\n\t\t\t<div class=\"cpt-list-metainfo\">\r\n\t\t\t\t<div class=\"cpt-post-meta\">\r\n\t\t\t\t\t<span class=\"cpt-user\"><i class=\"cpt-icon cpt-user-icon\"><\/i> By madeleine<\/span>\r\n\t\t\t\t\t<span class=\"cpt-comments\"><i class=\"cpt-icon cpt-comments-icon\"><\/i> No comments<\/span>\r\n\t\t\t\t<\/div>\r\n\t\t\t<\/div>\r\n\t\t<\/a>\r\n\t<\/div>\r\n\t<div class=\"clear\"><\/div>\r\n<\/div><\/div><div class=\"cpt-alm-item cpt-alm-col-12 \"><div class=\"cpt-list-box\">\r\n\t<div class=\"cpt-list-box-img\" style=\"background: url(https:\/\/schillerinstitute.com\/wp-content\/uploads\/2021\/05\/Ctte-Co-Oppo-Health-Elders-Helga-600x600.png)\">\r\n\t\t<a href=\"https:\/\/schillerinstitute.com\/de\/blog\/2021\/05\/15\/globale-gesundheitssicherheit-erfordert-medizinische-infrastruktur-in-jedem-land-grosse-industrienationen-muessen-jetzt-zusammenarbeiten\/\">\r\n\t\t\t<span class=\"cpt-list-details\">Read More<\/span>\r\n\t\t<\/a>\r\n\t<\/div>\r\n\t<div class=\"cpt-list-box-text\">\r\n\t\t<a href=\"https:\/\/schillerinstitute.com\/de\/blog\/2021\/05\/15\/globale-gesundheitssicherheit-erfordert-medizinische-infrastruktur-in-jedem-land-grosse-industrienationen-muessen-jetzt-zusammenarbeiten\/\"><h3>Globale Gesundheitssicherheit erfordert medizinische Infrastruktur in jedem Land &#8211; gro\u00dfe Industrienationen m\u00fcssen jetzt zusammenarbeiten!<\/h3>\r\n\t\t\t<p>14. Mai (EIRNS)&#8211;Die folgende Erkl\u00e4rung wurde heute vom Komitee f\u00fcr den Zusammenfall der Gegens\u00e4tze (Committee for the Coincidence of Opposites) f\u00fcr den Weltgesundheitsgipfel in Rom am 21. Mai 2021 und zur allgemeinen Verbreitung ver\u00f6ffentl... <\/p>\r\n\t\t\t<div class=\"cpt-list-metainfo\">\r\n\t\t\t\t<div class=\"cpt-post-meta\">\r\n\t\t\t\t\t<span class=\"cpt-user\"><i class=\"cpt-icon cpt-user-icon\"><\/i> By madeleine<\/span>\r\n\t\t\t\t\t<span class=\"cpt-comments\"><i class=\"cpt-icon cpt-comments-icon\"><\/i> No comments<\/span>\r\n\t\t\t\t<\/div>\r\n\t\t\t<\/div>\r\n\t\t<\/a>\r\n\t<\/div>\r\n\t<div class=\"clear\"><\/div>\r\n<\/div><\/div><\/div>\r\n\t\t\t<div class=\"cpt-alm-read-more\">\r\n\t\t\t\t<div class=\"cpt-alm-loader cpt-custom-loader\"><div class=\"cpt-loading-icon loading-normal-inner\">\r\n\t\t\t\t<div><\/div><div><\/div><div><\/div><div><\/div><div><\/div><div><\/div><div><\/div><div><\/div><div><\/div><div><\/div><div><\/div><div><\/div><\/div><\/div>\r\n\t\t\t\t<a href=\"javascript:void(0)\" class=\"cpt-alm-btn-load-more\">\r\n\t\t\t\tLoad More\r\n\t\t\t\t<\/a>\r\n\t\t\t<\/div><\/div>\n\n\n\n<p><\/p>\n<!-- AddThis Advanced Settings generic via filter on the_content --><!-- AddThis Share Buttons generic via filter on the_content -->","protected":false},"excerpt":{"rendered":"<p>In einer Situation, in der sich viele Menschen angesichts der unz\u00e4hligen Krisen dieses Jahrhunderts machtlos f\u00fchlen, wird dieses Komitee jedem Einzelnen die M\u00f6glichkeit geben, etwas zur Bew\u00e4ltigung der Krise beizutragen. Das Komitee f\u00fcr die Coincidentia Oppositorum Der Zusammenfall der Gegens\u00e4tze Petition lesen<!-- AddThis Advanced Settings generic via filter on get_the_excerpt --><!-- AddThis Share Buttons generic via filter on get_the_excerpt --><\/p>\n","protected":false},"author":25,"featured_media":0,"parent":0,"menu_order":0,"comment_status":"closed","ping_status":"closed","template":"","meta":{"_lmt_disableupdate":"no","_lmt_disable":"","footnotes":""},"categories":[],"tags":[],"class_list":["post-65771","page","type-page","status-publish","hentry"],"featured_image_src":null,"_links":{"self":[{"href":"https:\/\/schillerinstitute.com\/de\/wp-json\/wp\/v2\/pages\/65771","targetHints":{"allow":["GET"]}}],"collection":[{"href":"https:\/\/schillerinstitute.com\/de\/wp-json\/wp\/v2\/pages"}],"about":[{"href":"https:\/\/schillerinstitute.com\/de\/wp-json\/wp\/v2\/types\/page"}],"author":[{"embeddable":true,"href":"https:\/\/schillerinstitute.com\/de\/wp-json\/wp\/v2\/users\/25"}],"replies":[{"embeddable":true,"href":"https:\/\/schillerinstitute.com\/de\/wp-json\/wp\/v2\/comments?post=65771"}],"version-history":[{"count":12,"href":"https:\/\/schillerinstitute.com\/de\/wp-json\/wp\/v2\/pages\/65771\/revisions"}],"predecessor-version":[{"id":80324,"href":"https:\/\/schillerinstitute.com\/de\/wp-json\/wp\/v2\/pages\/65771\/revisions\/80324"}],"wp:attachment":[{"href":"https:\/\/schillerinstitute.com\/de\/wp-json\/wp\/v2\/media?parent=65771"}],"wp:term":[{"taxonomy":"category","embeddable":true,"href":"https:\/\/schillerinstitute.com\/de\/wp-json\/wp\/v2\/categories?post=65771"},{"taxonomy":"post_tag","embeddable":true,"href":"https:\/\/schillerinstitute.com\/de\/wp-json\/wp\/v2\/tags?post=65771"}],"curies":[{"name":"wp","href":"https:\/\/api.w.org\/{rel}","templated":true}]}}