{"id":63047,"date":"2020-10-05T10:50:52","date_gmt":"2020-10-05T08:50:52","guid":{"rendered":"https:\/\/schillerinstitute.com\/?page_id=63047"},"modified":"2020-10-23T14:11:05","modified_gmt":"2020-10-23T12:11:05","slug":"dr-natalia-vitrenko-unueberbrueckbare-probleme-draengen-die-welt-in-die-katastrophe","status":"publish","type":"page","link":"https:\/\/schillerinstitute.com\/de\/dr-natalia-vitrenko-unueberbrueckbare-probleme-draengen-die-welt-in-die-katastrophe\/","title":{"rendered":"Dr. Natalia Vitrenko: &#8222;Un\u00fcberbr\u00fcckbare Probleme dr\u00e4ngen die Welt in die Katastrophe&#8220;"},"content":{"rendered":"\n<p>Sehen Sie hier die Rede von Dr. Natalia Vitrenko (Ukraine), Vorsitzende der Progressiven Sozialistischen Partei, ehemalige Abgeordnete und Pr\u00e4sidentschaftskandidatin im Rahmen der internationalen Internet-Konferenz <em><a rel=\"noreferrer noopener\" href=\"https:\/\/schillerinstitute.com\/de\/blog\/2020\/08\/13\/conference-war-drive-towards-armageddon-or-a-new-paradigm-among-sovereign-nations-united-by-the-common-aims-of-mankind\/\" target=\"_blank\">\u201eKriegstreiberei bis zum Armageddon oder ein neues Paradigma souver\u00e4ner Nationen, geeint durch die gemeinsamen Ziele der Menschheit?\u201c<\/a><\/em><\/p>\n\n\n\n<figure class=\"wp-block-embed-youtube wp-block-embed is-type-video is-provider-youtube wp-embed-aspect-16-9 wp-has-aspect-ratio\"><div class=\"wp-block-embed__wrapper\">\n<iframe loading=\"lazy\" title=\"Un\u00fcberbr\u00fcckbare Probleme dr\u00e4ngen die Welt in die Katastrophe-Dr. Natalia Vitrenko (Ukraine)\" width=\"960\" height=\"540\" src=\"https:\/\/www.youtube.com\/embed\/Yxe-Yf76aSQ?feature=oembed\" frameborder=\"0\" allow=\"accelerometer; autoplay; clipboard-write; encrypted-media; gyroscope; picture-in-picture\" allowfullscreen><\/iframe>\n<\/div><\/figure>\n\n\n<p>\u00a0<\/p>\n<p>\u00a0<\/p>\n<p><div class=\"toggle-container\"><a href=\"#\" class=\"toggle\"><span class=\"toggle-sign\"><\/span><span class=\"toggle-title\">Die Rede lesen<\/span><\/a><div class=\"toggle-content\"><\/p>\n<p>Un\u00fcberb\u00fcckbare Probleme dr\u00e4ngen die Welt in die Katastrophe<\/p>\n<p>Von Natalia Witrenko<\/p>\n<p>Sehr geehrte Konferenzteilnehmer, liebe Frau Helga Zepp-LaRouche,<\/p>\n<p>ich m\u00f6chte den Organisatoren dieser Konferenz danken, die sich mit einem Thema von au\u00dferordentlicher Bedeutung f\u00fcr die Weltgemeinschaft befa\u00dft, und ich danke Ihnen, da\u00df Sie mir, einer Politikerin aus der Ukraine, die Gelegenheit gegeben haben, das Wort zu ergreifen.<\/p>\n<p>Die Ereignisse in der heutigen Welt k\u00f6nnen nicht umhin, alle Menschen zu alarmieren, denen das Schicksal ihres eigenen Landes und der Weltzivilisation als Ganzes am Herzen liegt. Wir stehen vor einer akuten Versch\u00e4rfung un\u00fcberbr\u00fcckbarer Widerspr\u00fcche. Die Geschichte lehrt uns, da\u00df solche Widerspr\u00fcche zu Weltkriegen f\u00fchren. Und wenn ein Dritter Weltkrieg kommt, ein Atomkrieg, dann ist das in der Tat der Weltuntergang.<\/p>\n<p>Wie real ist diese M\u00f6glichkeit? Leider zeigen die Fakten hartn\u00e4ckig, da\u00df die Bedrohung real ist.<\/p>\n<p>Zuallererst fehlen der Welt im Augenblick jegliche Beschr\u00e4nkungen in Bezug auf strategische und taktische Angriffswaffen. Im Jahr 2009 lief der Vertrag zur Reduzierung strategischer Waffen (START-1) aus. Der Vertrag \u00fcber Nuklearstreitkr\u00e4fte mittlerer Reichweite (INF) zwischen den USA und Ru\u00dfland wurde gek\u00fcndigt. Dies bedeutet, da\u00df die Vereinigten Staaten mobile Marschflugk\u00f6rper in europ\u00e4ischen L\u00e4ndern wie Rum\u00e4nien und Polen stationieren k\u00f6nnen. Ru\u00dfland hat erkl\u00e4rt, da\u00df es im Falle der Umsetzung dieser Pl\u00e4ne eigene bodengest\u00fctzte Marschflugk\u00f6rper stationieren wird und da\u00df nicht nur die Startanlagen dieser US-Raketen, sondern auch die Orte, an denen die Entscheidungen \u00fcber den Abschu\u00df von Raketen gegen Ru\u00dfland getroffen worden w\u00e4ren, zerst\u00f6rt w\u00fcrden &#8211; und dies k\u00f6nnte nicht nur auf europ\u00e4ischem Territorium geschehen.<\/p>\n<p>Der am 5. Februar 2011 in Kraft getretene Vertrag zwischen der Russischen F\u00f6deration und den Vereinigten Staaten von Amerika \u00fcber Ma\u00dfnahmen zur weiteren Reduzierung und Begrenzung strategischer Angriffswaffen (New START) l\u00e4uft 2021 aus. Moskaus Aufruf zur Verl\u00e4ngerung des Vertrags ist in Washington auf keine positive Reaktion gesto\u00dfen.<\/p>\n<p>Das bedeutet, da\u00df die Welt im Februar n\u00e4chsten Jahres in eine neue und v\u00f6llig uneingeschr\u00e4nkte Phase des Wettr\u00fcstens eintreten wird. Und das droht einen Dritten Weltkrieg zu provozieren.<\/p>\n<p>Meiner Meinung nach ist dies genau das, worauf sich die NATO vorbereitet. Das NATO-B\u00fcndnis ist zu einer supranationalen Einrichtung geworden, die die UN-Charta und das V\u00f6lkerrecht, die die Grundlage f\u00fcr den Schutz gerechter und friedlicher Wege der Konfliktl\u00f6sung bilden w\u00fcrden, beiseite schiebt. Die NATO n\u00e4hert sich entgegen allen bisherigen Vereinbarungen beharrlich den Grenzen Ru\u00dflands. Das ist ein riesiges geopolitisches Problem.<\/p>\n<p>Ich m\u00f6chte diese Gelegenheit nutzen, um vorzuschlagen, da\u00df unsere Konferenz an die Staatschefs der USA und Ru\u00dflands appelliert, den Neuen START-Vertrag zu verl\u00e4ngern.<\/p>\n<p>Die Oligarchie<\/p>\n<p>Ebenso un\u00fcberbr\u00fcckbare Widerspr\u00fcche bestehen zwischen Arbeit und Kapital (Verarmung der Werkt\u00e4tigen, w\u00e4hrend die Einkommen der Oligarchie steigen); zwischen den f\u00fchrenden kapitalistischen L\u00e4ndern und den L\u00e4ndern der Dritten Welt; zwischen dem Bedarf der entwickelten L\u00e4nder an nat\u00fcrlichen Ressourcen (vor allem an Energie) und ihrer begrenzten F\u00e4higkeit, sie von ihrem eigenen Territorium aus zu versorgen. Die globale Finanzblase der Derivate w\u00e4chst, was auch eine Zunahme der Gefahr ihres Platzens bedeutet.<\/p>\n<p>Ich m\u00f6chte Ihnen noch einmal einige Fakten nennen: Nach Angaben von Oxfam befinden sich 82% aller produzierten Reicht\u00fcmer in den H\u00e4nden von 1% der Menschen auf der Erde, w\u00e4hrend das Einkommen des \u00e4rmsten Teils der Weltbev\u00f6lkerung nicht w\u00e4chst. Es besteht eine erstaunliche Ungleichheit zwischen den L\u00e4ndern, gemessen am Pro-Kopf-BIP (in Kaufkraftparit\u00e4t): Die Statistiken der Weltbank zeigen, da\u00df dieser Indikator im Jahr 2018 in Niger und Burundi 60- bis 70-mal niedriger war als in der Schweiz und den USA &#8211; 1.100 bzw. 700 Dollar pro Kopf gegen\u00fcber 65.000 Dollar und 62.900 Dollar.<\/p>\n<p>Ein deutliches Beispiel f\u00fcr die zunehmenden Auseinandersetzungen um Energieressourcen ist der Druck der USA gegen den Bau der Nord Stream-2- und der South Stream-Pipeline. Was die Bedrohung der Weltwirtschaft durch das Anwachsen der Staatsverschuldung und der Derivate betrifft, gen\u00fcgt es, an die Warnungen unseres Lyndon LaRouche zu erinnern, der vor den ungeheuerlichen sozialen und wirtschaftlichen Folgen warnte: dem Tod mehrerer Milliarden Menschen, wenn die Derivateblase platzt.<\/p>\n<p>Es sei darauf hingewiesen, da\u00df die Zunahme der Spannungen in all diesen Bereichen voranschreitet &#8211; trotz der Arbeit m\u00e4chtiger internationaler Institutionen, die solche Konflikte verhindern oder sie zumindest schnell und gerecht l\u00f6sen sollen. Ich meine die Organisation der Vereinten Nationen (UN), die Welthandelsorganisation (WTO), die Weltbank und die Europ\u00e4ische Bank f\u00fcr Wiederaufbau und Entwicklung (EBWE). Aber das V\u00f6lkerrecht funktioniert nicht, und immer mehr Streitfragen auf der Weltb\u00fchne werden gewaltsam gel\u00f6st. Verschiedene Arten von Sanktionen, Aufst\u00e4nde und bewaffnete Konflikte, \u201eFarbenrevolutionen\u201c und Staatsstreiche, die vom Ausland aus gef\u00fchrt werden: Sie alle liefern eine \u00fcberzeugende Best\u00e4tigung daf\u00fcr, da\u00df dies der Fall ist.<\/p>\n<p>Der wichtigste Regisseur und Lenker dieser Prozesse sind die Vereinigten Staaten. Wenn diese doch wenigstens selbst unersch\u00fctterliche Macht und Stabilit\u00e4t an den Tag legen w\u00fcrden! Aber nein, im Gegenteil! Heute sind in den USA alle Voraussetzungen f\u00fcr eine zerst\u00f6rerische soziale Explosion zusammengekommen. Die US-Demokraten haben ihre Techniken der \u201eFarbenrevolution\u201c in verschiedenen L\u00e4ndern der Welt verfeinert. Aber nachdem Hillary Clinton k\u00fcrzlich dem Pr\u00e4sidentschaftskandidaten Joe Biden geraten hatte, unter keinen Umst\u00e4nden einen Sieg Trumps zu akzeptieren, wurde klar, da\u00df auch f\u00fcr die Vereinigten Staaten eine \u201eFarbenrevolution\u201c vorbereitet wird. Der Kampf auf Leben und Tod zwischen den Trump-Nationalisten und den demokratischen Transnationalisten k\u00f6nnte zu einem B\u00fcrgerkrieg und zum Zerfall des Landes f\u00fchren. Und das ist ein enormes Problem f\u00fcr die Weltgemeinschaft.<\/p>\n<p>Unter diesen Bedingungen ist jede St\u00e4rkung der Macht Ru\u00dflands und Chinas f\u00fcr die USA t\u00f6dlich. Dies erkl\u00e4rt ihre beharrlichen Bem\u00fchungen, die Ukraine dazu zu bringen, den Krieg im Donba\u00df fortzusetzen und in Wei\u00dfru\u00dfland anstelle von Lukaschenko ihre Marionette einzusetzen.<\/p>\n<p>Wei\u00dfru\u00dfland<\/p>\n<p>Zun\u00e4chst zu Wei\u00dfru\u00dfland, einem Land, das ich gut kenne; ich besuche es praktisch jedes Jahr. Am 9. August errang Alexander Lukaschenko bei den dortigen Pr\u00e4sidentschaftswahlen einen klaren Sieg, einen Sieg, den er sich verdient hatte, denn w\u00e4hrend der 26 Jahre seiner Pr\u00e4sidentschaft hat Belarus seine Wirtschaft wiederbelebt und entwickelt sie gut. Und sie bewahrten die staatseigenen Unternehmen (als verl\u00e4\u00dfliche Basis f\u00fcr die L\u00f6sung sozialer Fragen), das \u00f6ffentliche Eigentum an Grund und Boden, die kostenlose Gesundheitsversorgung, Wohnraum und Versorgungseinrichtungen zu erschwinglichen Preisen, Kultur und Sport &#8211; und das bei gleichzeitiger Integration mit Ru\u00dfland in den \u201eUnionsstaat\u201c.<\/p>\n<p>Die Ukraine ist das genaue Gegenteil. Hier sind die Ergebnisse: In den letzten 26 Jahren schrumpfte die Bev\u00f6lkerung Wei\u00dfru\u00dflands um 5% (500.000 Menschen), dagegen ging die der Ukraine um 40% (20 Millionen Menschen) zur\u00fcck. In der Ukraine befinden wir uns nun im siebten Jahr des blutigen Gemetzels am Donba\u00df, wo 15.000 Menschen get\u00f6tet, Hunderttausende verwundet und Millionen Menschen zu Fl\u00fcchtlingen gemacht wurden. Das durchschnittliche Pro-Kopf-BIP (in Kaufkraftparit\u00e4t) ist in Wei\u00dfru\u00dfland w\u00e4hrend der Pr\u00e4sidentschaft Lukaschenkos um das 18fache gestiegen, w\u00e4hrend es in der Ukraine 2019 nur noch 80% des Niveaus von 1990 erreichte. Nach den Statistiken der Weltbank f\u00fcr das Jahr 2020 war das Pro-Kopf-Nationaleinkommen in Belarus fast doppelt so hoch wie in der Ukraine (6280 $ gegen\u00fcber 3370 $ pro Kopf). Die Oligarchen dagegen haben sich in der Ukraine vervielfacht. Das sind Milliard\u00e4re und Million\u00e4re, die ihre Gewinne von vielen hundert Millionen Dollar im Ausland anlegen oder f\u00fcr parasit\u00e4ren Konsum ausgeben.<\/p>\n<p>Die Wei\u00dfrussen wissen das und sehen es selbst. Deshalb stimmten bei 84% Wahlbeteiligung 80% f\u00fcr den amtierenden Pr\u00e4sidenten. Und dann erkl\u00e4rte sich pl\u00f6tzlich die v\u00f6llig unbekannte Hausfrau Swjatlana Zichanouskaja, die 10% der Stimmen erhielt, zur Siegerin! Daf\u00fcr gibt es keine Beweise, trotzdem unterst\u00fctzt der Westen sie vehement!<\/p>\n<p>Die Erkl\u00e4rung ist einfach: Die Regierungen der USA und der EU haben beschlossen, Lukaschenko zu st\u00fcrzen und die Macht an ihre Marionette zu \u00fcbergeben, um Wei\u00dfru\u00dfland zu pl\u00fcndern, sein Volk in die Knie zu zwingen und es zu Ru\u00dflands Feind zu machen. Und sobald Wei\u00dfru\u00dfland in der Gewalt der NATO ist, werden sein Land, seine Banken, seine Fabriken und seine Infrastruktur in den H\u00e4nden ausl\u00e4ndischer Herren sein. Schauen Sie sich nur die Ukraine an! Wie in der Ukraine sind die Nazis der Motor der Verleumdungen gegen Lukaschenko und dieser \u201ewei\u00dfen Revolution\u201c in Wei\u00dfru\u00dfland. Sie wurden vom Westen ausgebildet, vorbereitet und gro\u00dfz\u00fcgig finanziert &#8211; der Westen gab 6 Mrd.$ f\u00fcr die Unterst\u00fctzung der Opposition aus -, so da\u00df die Nazis ihre Metastasen in der ganzen Gesellschaft verstreut haben. Sie sind noch nicht sichtbar. Bisher sieht man Frauen in wei\u00dfen Gew\u00e4ndern, mit wei\u00dfen Blumen, friedliche Demonstrationen, K\u00fcnstler, Lieder&#8230;<\/p>\n<p>Das haben wir (in der Ukraine) bereits hinter uns. Es gibt verschiedene Nuancen, aber es ist derselbe hybride Krieg. Unter dem Schafspelz verbergen sich die Rei\u00dfz\u00e4hne eines Wolfes, der mit Slogans \u00fcber die Sorge um die wei\u00dfrussische Sprache Russophobie und Ha\u00df auf alles Russische s\u00e4t. Mit einem Slogan \u00fcber das nationale Ged\u00e4chtnis bereiten sie sich darauf vor, die Geschichte neu zu schreiben, Kollaborateure zu Helden zu machen und die Taten unserer V\u00e4ter und Gro\u00dfv\u00e4ter, die den Faschismus besiegt haben, mit F\u00fc\u00dfen zu treten. Mit Parolen \u00fcber die Sorge um die Wirtschaft bereiten sie die totale Privatisierung und den freien Verkauf von Land vor. Mit Parolen \u00fcber die Notwendigkeit einer eigenen Kirche bereiten sie die Ausl\u00f6schung der Orthodoxie vor. Mit Parolen \u00fcber die Sorge um das Wohlergehen der Wei\u00dfrussen dr\u00e4ngen sie die Lage in Richtung Krieg mit Ru\u00dfland &#8211; unter der Schirmherrschaft der NATO und mit amerikanischen und EU-Geldern.<\/p>\n<p>In diesem Fall wartet das Schicksal der Ukraine auf Wei\u00dfru\u00dfland. Die Ukraine verlor ihre Verbindungen zu Ru\u00dfland, lie\u00df sich zur Magd des Westens und zum Kanonenfutter f\u00fcr die NATO machen, sie verlor damit ihre Souver\u00e4nit\u00e4t vollst\u00e4ndig und bewegt sich unaufhaltsam auf eine Katastrophe zu. Und sie wird die europ\u00e4ische Gemeinschaft zumindest in den Strudel ihrer Probleme hineinziehen. 2004 und 2014, nach der Inszenierung zweier Revolutionen, ist die Ukraine zu einem Ort des B\u00fcrgerkriegs, einer zerst\u00f6rten Wirtschaft und der \u00e4rmsten Bev\u00f6lkerung Europas geworden. Es ist ein Land, in dem Hitlers Schergen rehabilitiert und zu Helden gemacht wurden, in dem Nazi-Banden auf den Stra\u00dfen w\u00fcten (unter dem Schutz der Strafverfolgungsbeh\u00f6rden), in dem Journalisten und Politiker verpr\u00fcgelt oder ermordet werden und Menschen aus politischen Gr\u00fcnden lebendig verbrannt werden (wie am 2. Mai 2014 in Odessa). Niemand untersucht all dies, niemand bestraft die Schuldigen. Die Ukraine hat sich im wesentlichen in einen Nazi-Staat verwandelt, was auf einen Krieg gegen Ru\u00dfland abzielt.<\/p>\n<p>Heute wird dieselbe Art von Staatsstreich mit denselben Zielen in Wei\u00dfru\u00dfland durchgef\u00fchrt. Armenien und Kasachstan werden die n\u00e4chsten sein. Die Politik des Westens, angef\u00fchrt von den USA, besteht darin, die ehemaligen Sowjet-Republiken in die NATO zu ziehen, und faschistische und nationalistische Parteien und Bewegungen werden dazu benutzt, dies zu erreichen.<\/p>\n<p>Der amerikanische Film <i>Armageddon<\/i> kam zu dem Schlu\u00df: \u201eUm eine Katastrophe zu verhindern, brauchen wir ein Wunder &#8211; oder die gemeinsame Anstrengungen der Besten der Besten, zusammen mit der gesamten technischen Macht der Menschheit.\u201c<\/p>\n<p>Ich denke, unsere Konferenz sollte ein Komitee zur Rettung der Weltzivilisation initiieren. Ich bin \u00fcberzeugt, da\u00df Helga Zepp-LaRouche die Person ist, die w\u00fcrdig ist, dieses Komitee zu leiten. Und dann werden wir unseren Beitrag dazu leisten, Armageddon zu verhindern und die Menschheit zu retten.<\/p>\n<p><\/div><\/div><\/p>\n<p>\u00a0<\/p>\n<p>\u00a0<\/p><!-- AddThis Advanced Settings generic via filter on the_content --><!-- AddThis Share Buttons generic via filter on the_content -->","protected":false},"excerpt":{"rendered":"<p>Sehen Sie hier die Rede von Dr. Natalia Vitrenko (Ukraine), Vorsitzende der Progressiven Sozialistischen Partei, ehemalige Abgeordnete und Pr\u00e4sidentschaftskandidatin im Rahmen der internationalen Internet-Konferenz \u201eKriegstreiberei bis zum Armageddon oder ein neues Paradigma souver\u00e4ner Nationen, geeint durch die gemeinsamen Ziele der Menschheit?\u201c \u00a0 \u00a0 Die Rede&hellip;<!-- AddThis Advanced Settings generic via filter on get_the_excerpt --><!-- AddThis Share Buttons generic via filter on get_the_excerpt --><\/p>\n","protected":false},"author":34,"featured_media":0,"parent":0,"menu_order":0,"comment_status":"closed","ping_status":"closed","template":"","meta":{"_lmt_disableupdate":"no","_lmt_disable":"","footnotes":""},"categories":[],"tags":[],"class_list":["post-63047","page","type-page","status-publish","hentry"],"featured_image_src":null,"_links":{"self":[{"href":"https:\/\/schillerinstitute.com\/de\/wp-json\/wp\/v2\/pages\/63047","targetHints":{"allow":["GET"]}}],"collection":[{"href":"https:\/\/schillerinstitute.com\/de\/wp-json\/wp\/v2\/pages"}],"about":[{"href":"https:\/\/schillerinstitute.com\/de\/wp-json\/wp\/v2\/types\/page"}],"author":[{"embeddable":true,"href":"https:\/\/schillerinstitute.com\/de\/wp-json\/wp\/v2\/users\/34"}],"replies":[{"embeddable":true,"href":"https:\/\/schillerinstitute.com\/de\/wp-json\/wp\/v2\/comments?post=63047"}],"version-history":[{"count":5,"href":"https:\/\/schillerinstitute.com\/de\/wp-json\/wp\/v2\/pages\/63047\/revisions"}],"predecessor-version":[{"id":63502,"href":"https:\/\/schillerinstitute.com\/de\/wp-json\/wp\/v2\/pages\/63047\/revisions\/63502"}],"wp:attachment":[{"href":"https:\/\/schillerinstitute.com\/de\/wp-json\/wp\/v2\/media?parent=63047"}],"wp:term":[{"taxonomy":"category","embeddable":true,"href":"https:\/\/schillerinstitute.com\/de\/wp-json\/wp\/v2\/categories?post=63047"},{"taxonomy":"post_tag","embeddable":true,"href":"https:\/\/schillerinstitute.com\/de\/wp-json\/wp\/v2\/tags?post=63047"}],"curies":[{"name":"wp","href":"https:\/\/api.w.org\/{rel}","templated":true}]}}