{"id":62608,"date":"2020-09-16T11:26:35","date_gmt":"2020-09-16T09:26:35","guid":{"rendered":"https:\/\/schillerinstitute.com\/?page_id=62608"},"modified":"2020-10-23T13:59:27","modified_gmt":"2020-10-23T11:59:27","slug":"dennis-small-das-larouche-programm-fuer-den-planeten-15-mrd-neue-produktive-arbeitsplaetze","status":"publish","type":"page","link":"https:\/\/schillerinstitute.com\/de\/dennis-small-das-larouche-programm-fuer-den-planeten-15-mrd-neue-produktive-arbeitsplaetze\/","title":{"rendered":"Dennis Small: &#8222;Das LaRouche-Programm f\u00fcr den Planeten: 1,5 Mrd neue produktive Arbeitspl\u00e4tze&#8220;"},"content":{"rendered":"\n<p>Sehen Sie hier die Rede von Dennis Small, Leiter der Nachrichtenabteilung f\u00fcr Lateinamerika, EIR im Rahmen der internationalen Internet-Konferenz <em><a rel=\"noreferrer noopener\" href=\"https:\/\/schillerinstitute.com\/de\/blog\/2020\/08\/13\/conference-war-drive-towards-armageddon-or-a-new-paradigm-among-sovereign-nations-united-by-the-common-aims-of-mankind\/\" target=\"_blank\">\u201eKriegstreiberei bis zum Armageddon oder ein neues Paradigma souver\u00e4ner Nationen, geeint durch die gemeinsamen Ziele der Menschheit?\u201c<\/a><\/em> <\/p>\n\n\n\n<figure class=\"wp-block-embed-youtube wp-block-embed is-type-video is-provider-youtube wp-embed-aspect-16-9 wp-has-aspect-ratio\"><div class=\"wp-block-embed__wrapper\">\n<iframe loading=\"lazy\" title=\"Dennis Small (USA): Das LaRouche-Programm f\u00fcr den Planeten: 1.5 Mrd neue produktive Arbeitspl\u00e4tze!\" width=\"960\" height=\"540\" src=\"https:\/\/www.youtube.com\/embed\/hX8oJS0wT8s?feature=oembed\" frameborder=\"0\" allow=\"accelerometer; autoplay; clipboard-write; encrypted-media; gyroscope; picture-in-picture\" allowfullscreen><\/iframe>\n<\/div><\/figure>\n\n\n<p>\u00a0<\/p>\n<p>\u00a0<\/p>\n<p><div class=\"toggle-container\"><a href=\"#\" class=\"toggle\"><span class=\"toggle-sign\"><\/span><span class=\"toggle-title\">Die Rede lesen<\/span><\/a><div class=\"toggle-content\"><\/p>\n<p>Das LaRouche-Programm f\u00fcr den Planeten:<\/p>\n<p>1,5 Milliarden neue produktive Arbeitspl\u00e4tze<\/p>\n<p>Von Dennis Small<\/p>\n<p>Wie aus dem Titel dieser Konferenz hervorgeht, hinterlie\u00df Franklin Delano Roosevelt uns allen einige unerledigte Aufgaben, ebenso wie Lyndon LaRouche. In seiner ber\u00fchmten Rede zur Lage der Nation vom 6. Januar 1941 sprach Roosevelt \u00fcber die \u201ezuk\u00fcnftigen Tage\u201c, f\u00fcr die wir k\u00e4mpfen und in denen vier wichtige menschliche Freiheiten herrschen w\u00fcrden &#8211; \u00fcberall auf der Welt:<\/p>\n<p>\u201eIn zuk\u00fcnftigen Tagen, die wir erreichen m\u00f6chten, freuen wir uns auf eine Welt, die auf vier wesentlichen menschlichen Freiheiten beruht.<\/p>\n<p>Die erste ist die <i>Rede- und Meinungsfreiheit<\/i> &#8211; \u00fcberall auf der Welt.<\/p>\n<p>Die zweite ist <i>die Freiheit jedes Menschen,<\/i> <i>Gott auf seine Weise zu verehren<\/i> &#8211; \u00fcberall auf der Welt.<\/p>\n<p>Die dritte ist die <i>Freiheit von Mangel<\/i> &#8211; was, in Weltbegriffe \u00fcbersetzt, wirtschaftliche Verst\u00e4ndigung bedeutet, die jeder Nation ein gesundes Leben in Friedenszeiten f\u00fcr ihre Bewohner sichert &#8211; \u00fcberall auf der Welt.<\/p>\n<p>Die vierte ist die <i>Freiheit von Furcht<\/i> &#8211; was in Weltbegriffe \u00fcbersetzt, eine weltweite Reduzierung der R\u00fcstung bis zu einem solchen Punkt und in einer so gr\u00fcndlichen Weise bedeutet, da\u00df keine Nation in der Lage sein wird, einen Akt physischer Aggression gegen irgendeinen Nachbarn zu begehen &#8211; egal wo auf der Welt.<\/p>\n<p>Das ist keine Vision eines fernen Jahrtausends. Es ist die definitive Grundlage f\u00fcr eine Welt, die in unserer Zeit und Generation erreichbar ist.\u201c<\/p>\n<p>Beachten Sie, da\u00df Roosevelt betonte, da\u00df diese Mission \u201ein unserer Zeit und Generation erreichbar\u201c sei. Sie war erreichbar, aber sie ist unerf\u00fcllt geblieben. Es ist sein Auftrag an die Zukunft, den wir jetzt \u00fcbernehmen m\u00fcssen, nicht nur f\u00fcr die Vereinigten Staaten, sondern f\u00fcr den gesamten Planeten. Das ist die Aufgabe, die wir dem dringend n\u00f6tigen Gipfel der f\u00fcnf st\u00e4ndigen Mitglieder des UN-Sicherheitsrats vorlegen.<\/p>\n<p>Die gr\u00f6\u00dfte Gefahr seit dem Schwarzen Tod<\/p>\n<p>Die Menschheit steht heute wahrscheinlich vor der gr\u00f6\u00dften Gefahr seit dem Schwarzen Tod im 14. Jahrhundert:<\/p>\n<p>&#8211; einem m\u00f6glichen Krieg zwischen den atomaren Superm\u00e4chten;<\/p>\n<p>&#8211; einer Pandemie, die ihren t\u00f6dlichen Marsch \u00fcber den Planeten fortsetzt;<\/p>\n<p>&#8211; einer finanziellen Explosion, die zwei Billiarden Dollar an wertlosen Finanzpapieren schneller verdampfen l\u00e4\u00dft, als man die Zahl der Nullen der Billiarden z\u00e4hlen kann (es sind 15);<\/p>\n<p>&#8211; ein Zusammenbruch der physischen Wirtschaft, der fast die H\u00e4lfte der Erwerbsbev\u00f6lkerung des Planeten faktisch in die Arbeitslosigkeit gest\u00fcrzt hat;<\/p>\n<p>&#8211; und eine weit verbreitete kulturelle Verdorbenheit und Massenpsychose in weiten Teilen der Bev\u00f6lkerung in den meisten L\u00e4ndern, nicht un\u00e4hnlich den Flagellanten und hedonistischen Narren des 14. Jahrhunderts.<\/p>\n<p>Wir befinden uns mitten im systemischen Zusammenbruch eines ganzen Systems. Institutionen, auf die sich die Menschen einst verlie\u00dfen, haben aufgeh\u00f6rt zu funktionieren. Ganze Bev\u00f6lkerungsgruppen haben ihre Verankerung verloren und werden keine Sicherheit finden, bis ein neues System mit neuen funktionierenden Institutionen und Werten ins Leben gerufen wird &#8211; \u00fcberall auf der Welt. Das ist die Absicht des LaRouche-Plans zur Schaffung von 1,5 Milliarden neuen, produktiven Arbeitspl\u00e4tzen weltweit, darunter 50 Millionen hier in den Vereinigten Staaten.<\/p>\n<p>Die COVID-19-Pandemie hat diese Krise nicht verursacht, sie ri\u00df nur den Schleier von dem weg, was bereits im Argen lag und durch 50 Jahre Pl\u00fcnderung durch die Politik der Londoner City und der Wall Street entstanden war. Bereits 1985, vor 35 Jahren, warnte Lyndon LaRouche in einem Papier mit dem Titel \u201eDie Rolle der Wirtschaftswissenschaft bei der Vorhersage von Pandemien als Aspekt fortgeschrittener Stadien des wirtschaftlichen Zusammenbruchs\u201c, da\u00df aktuell \u201edie Bedingungen f\u00fcr wirtschaftlich bedingte Pandemien\u201c geschaffen w\u00fcrden und r\u00fcckg\u00e4ngig gemacht werden m\u00fc\u00dften: \u201eWir sorgen uns am meisten \u00fcber die Folgen f\u00fcr die Gesundheit, da die Pro-Kopf-Ern\u00e4hrung unter ein relatives biologisches Minimum f\u00e4llt, und auch \u00fcber die Folgen des Zusammenbruchs sanit\u00e4rer Einrichtungen und anderer relevanter Aspekte der grundlegenden wirtschaftlichen Infrastruktur f\u00fcr die Lebensbedingungen einer unterern\u00e4hrten Bev\u00f6lkerung.\u201c<\/p>\n<p>Der Faktor der Arbeitslosigkeit<\/p>\n<p>Betrachten wir ein zentrales Merkmal dieses Problems: Arbeitslosigkeit &#8211; reale Arbeitslosigkeit. In den letzten 50 Jahren des britischen Freihandels und der Globalisierung sind hochqualifizierte Industriearbeitspl\u00e4tze im fortgeschrittenen Sektor zunehmend durch die sog. \u201eGig-\u00d6konomie\u201c ersetzt worden, und in der Dritten Welt hat der sogenannte \u201einformelle Sektor\u201c wie ein Krebsgeschw\u00fcr \u00fcberhand genommen. Im Gro\u00dfen und Ganzen handelt es sich dabei um Menschen, die eigentlich nichts N\u00fctzliches produzieren &#8211; sie bem\u00fchen sich, Geld zu verdienen, um von Tag zu Tag gerade so zu \u00fcberleben. Als die Pandemie zuschlug, brach das ganze Kartenhaus zusammen, und was die Leute t\u00f6richterweise f\u00fcr \u201eBesch\u00e4ftigung\u201c hielten (Geld verdienen, im Gegensatz zu n\u00fctzlicher Produktion) wurde schnell als faktische Arbeitslosigkeit entlarvt.<\/p>\n<p><img loading=\"lazy\" decoding=\"async\" class=\"aligncenter\" src=\"https:\/\/schillerinstitute.com\/wp-content\/uploads\/2020\/10\/Small1-1024x556.jpg\" alt=\"This image has an empty alt attribute; its file name is Small1-1024x556.jpg\" width=\"425\" height=\"231\" \/><\/p>\n<p style=\"text-align: center;\"><em>Abb. 1: Arbeitskr\u00e4fte und reale Arbeitslosigkeit weltweit<\/em><\/p>\n<p>\u00a0<\/p>\n<p>Betrachten Sie <i>Abbildung 1<\/i>. Wir sch\u00e4tzen, da\u00df die weltweite reale Arbeitslosenquote heute bei 46% liegt. Das sind mehr als 1,5 Mrd. Menschen bei weltweit etwa 3,5 Mrd. Arbeitskr\u00e4ften. Wenn wir dies nach Regionen betrachten, sieht man, da\u00df Afrika eine Arbeitslosenquote von 65% hat &#8211; und da\u00df 50% der Bev\u00f6lkerung in Armut leben. In Iberoamerika ist es auch nicht viel besser: 42% Arbeitslose. In den USA und Europa liegt die tats\u00e4chliche Arbeitslosigkeit heute bei etwa 25%.<\/p>\n<p>In China betr\u00e4gt sie jedoch nur 4%. China hat auch seine Armut ph\u00e4nomenal reduziert und in 40 Jahren 850 Millionen Menschen aus der Armut befreit, und es beabsichtigt, bis Ende dieses Jahres auch die restlichen 30 Millionen Menschen aus der Armut zu befreien. (Es hat den Anschein, da\u00df China zumindest einen Teil von Roosevelts unerledigten Aufgaben erledigt hat.)<\/p>\n<p>Diese massive weltweite Arbeitslosigkeit von 1,5 Milliarden Menschen ist der denkbar gr\u00f6\u00dfte Verlust an Reichtum und realem wirtschaftlichen Wert. Warum?<\/p>\n<p>Was ist Wirtschaft?<\/p>\n<p>Beginnen wir mit den Wirtschaftswissenschaften. Was <i>ist<\/i> Wirtschaft? Hier ist eine kurze Definition, die man durch die wunderbare Kunst des \u201eGoogelns\u201c erh\u00e4lt:<\/p>\n<p>\u201eDer angemessene und umsichtige Umgang mit den knappen Ressourcen einer Gesellschaft, einer Familie oder eines Individuums mit dem Ziel der Befriedigung ihrer materiellen Bed\u00fcrfnisse.\u201c<\/p>\n<p>Dieser Satz ist ein wahrer Schatz, denn er enth\u00e4lt in nur 24 Worten mindestens f\u00fcnf grobe wissenschaftliche Fehler: die Ressourcen sind nicht knapp; die Staatsfinanzen sind nicht dasselbe wie ein Familienbudget; die Befriedigung sogenannter \u201ematerieller Bed\u00fcrfnisse\u201c ist einfach Benthamscher Hedonismus in schicken Kleidern; und so weiter und so fort.<\/p>\n<p>Dies geht Hand in Hand mit der typischen Definition von \u201eBesch\u00e4ftigung\u201c, wie sie etwa Professor Oscar Cooley von der Ohio Northern University gibt:<\/p>\n<p>\u201eBesch\u00e4ftigung bezeichnet den Zustand eines jeden, der das tut, was er unter den gegebenen Umst\u00e4nden am liebsten tun m\u00f6chte. Eine solche Person ist voll besch\u00e4ftigt.\u201c<\/p>\n<p>Willkommen im Wirtschafts-Grundkurs in fast allen Universit\u00e4ten der Welt!<\/p>\n<p>Vergleichen wir das mit LaRouches Definition der physischen Wirtschaft:<\/p>\n<p>\u201edie Art und Weise, in der die menschliche Gattung ihre einzigartigen kreativen F\u00e4higkeiten nutzt, um die kontinuierliche erfolgreiche Reproduktion dieser F\u00e4higkeiten im physikalischen Universum zu erreichen\u201c.<\/p>\n<p>Mit anderen Worten, in der realen physikalischen Wirtschaft ist die menschliche Kreativit\u00e4t per se sowohl der Input als auch der Output der Produktionsfunktion. Aber wie messen wir das? Wie steuern wir wirtschaftliche Entscheidungen?<\/p>\n<p>LaRouche erkl\u00e4rt, da\u00df seine eigene zentrale Entdeckung und Fortf\u00fchrung von Leibniz\u2019 Wissenschaft der physikalischen \u00d6konomie darin besteht, da\u00df er einen kausalen Zusammenhang zwischen Fortschritten in der menschlichen Kreativit\u00e4t &#8211; sowohl in den Naturwissenschaften als auch in der klassischen Kultur &#8211; und me\u00dfbaren Steigerungen der potentiellen relativen Bev\u00f6lkerungsdichte hergestellt hat. In <i>Operation Ju\u00e1rez<\/i> erkl\u00e4rt LaRouche:<\/p>\n<p>\u201eWirtschaft ist im wesentlichen ein Studium der Prinzipien, mit deren Hilfe ein Volk die materiellen Voraussetzungen f\u00fcr sein eigenes Fortbestehen schaffen kann. Es sind diese physikalisch-\u00f6konomischen Fragen, die von grundlegender Bedeutung sind; monet\u00e4re Fragen wie W\u00e4hrung, Kredit, Bankwesen und Schulden sind ein untergeordnetes Thema&#8230; Daher nehmen wir in der Wirtschaftswissenschaft als erstes Ma\u00df eine Gr\u00f6\u00dfe, die wir als potentielle relative Bev\u00f6lkerungsdichte bezeichnen.\u201c<\/p>\n<p>Ohne eine ausreichende Steigerungsrate der Kreativit\u00e4t und der daraus resultierenden wissenschaftlichen und technologischen Fortschritte werden diese materiellen Voraussetzungen nicht erf\u00fcllt, und die Entwicklungskraft der Gesellschaft &#8211; ihre potentielle relative Bev\u00f6lkerungsdichte &#8211; wird immer weiter hinter der tats\u00e4chlichen Bev\u00f6lkerung zur\u00fcckbleiben.<\/p>\n<p>So war es in den letzten 50 Jahren, seit dem Ende von Roosevelts Bretton-Woods-System 1971, weil LaRouches klare Warnungen und L\u00f6sungen erst ignoriert und dann verteufelt wurden, als er 1989 zu Unrecht inhaftiert wurde. Das ist der Grund, warum es heute eine Pandemie gibt und warum fast eine Million Menschen unn\u00f6tigerweise gestorben sind &#8211; nur aufgrund dieser Ursache. Wie lange mu\u00df dieser kriminelle Wahnsinn noch andauern?<\/p>\n<p>Nicht nur das. Die \u201egr\u00fcne\u201c Politik von Prinz Philip &#8211; die einen Gro\u00dfteil der Welt, einschlie\u00dflich der Demokratischen Partei der Vereinigten Staaten, erfa\u00dft hat &#8211; w\u00fcrde all dies noch viel schlimmer machen. Durch Atomausstieg und Dekarbonisierung der Wirtschaft w\u00fcrde die Weltbev\u00f6lkerung auf nur noch 1,5 Milliarden Menschen reduziert. Durch die Verdummung der Gesellschaft &#8211; mit Hilfe von Drogen, Subkultur, primitiver Unterhaltung und radikaler jakobinischer Gewalt, wie wir sie heute in vielen St\u00e4dten der USA erleben &#8211; soll auch noch der letzte Funken menschlichen Kreativit\u00e4t ausgel\u00f6scht werden, die allein die Menschheit vom Abgrund zur\u00fcckholen kann.<\/p>\n<p>Der Ausweg<\/p>\n<p>Es gibt nat\u00fcrlich einen Ausweg, denn sind wir nicht Menschen?<\/p>\n<p>Wir m\u00fcssen eine weltweite Erholung der physischen Wirtschaft einleiten, indem wir das bestehende Finanzsystem einer Konkurssanierung unterziehen und staatlich gef\u00f6rderte Kredite zur Finanzierung von 1,5 Milliarden neuen, produktiven Arbeitspl\u00e4tzen vergeben. Vor drei Monaten ver\u00f6ffentlichte das LaRouche-Aktionskomitee (LaRouchePAC) eine 30seitige Brosch\u00fcre, die ein landesweites Team der LaRouche-Bewegung, von Seattle \u00fcber Houston bis nach Detroit und Virginia, ausgearbeitet hat und in der im einzelnen beschrieben wird, wie man dies erreichen kann.<\/p>\n<p>Hier folgt ein grober \u00dcberblick \u00fcber unsere Vorschl\u00e4ge, die noch weiter ausgearbeitet werden m\u00fcssen.<\/p>\n<p>Da wir mit einer Pandemie konfrontiert sind, beginnen wir mit einem Sofortprogramm zur Schaffung eines Weltgesundheitssystems, das in jedem Land der Welt aus tragf\u00e4higen nationalen Einrichtungen besteht, um die COVID-19-Pandemie zu stoppen. Was wir brauchen &#8211; zus\u00e4tzlich zu den bew\u00e4hrten Ma\u00dfnahmen im Bereich der \u00f6ffentlichen Gesundheit -, ist die R\u00fcckkehr der Vereinigten Staaten auf den Standard von 4,5 Krankenhausbetten je 1000 Einwohner, der durch das Hill-Burton-Gesetz von 1946 festgelegt wurde (heute ist dies in den USA auf 2,8 gesunken), und die unterentwickelte Welt (die meist einen Durchschnitt von weniger als 1 hat) mu\u00df auf einen gleichwertigen Standard gebracht werden. Dies erfordert mehr als 600.000 neue Krankenhausbetten in den USA und gut 10 Millionen weltweit, und dies bedeutet nat\u00fcrlich den massiven Bau neuer Krankenhauseinrichtungen, eine angemessene Ausstattung mit Beatmungsger\u00e4ten und anderen Ger\u00e4ten, eine erweiterte Personalausstattung mit \u00c4rzten und Krankenschwestern usw.<\/p>\n<p>Dies ist eine gewaltige Herausforderung, aber sie kann mit einem globalen Crash-Projekt bew\u00e4ltigt werden, bei dem die entwickelteren Nationen helfen, indem sie technische Brigaden entsenden, die sich mit lokalen Einrichtungen in \u00e4rmeren L\u00e4ndern zusammenschlie\u00dfen, um im Zuge dieses Aufbaus Millionen von Arbeitskr\u00e4ften auszubilden.<\/p>\n<p>Gesundheitssektor, Elektrizit\u00e4t, Wasserversorgung und Eisenbahnen<\/p>\n<p>Im Gesundheitswesen sprechen wir von sechs Millionen neuen Arbeitspl\u00e4tzen in den USA und 100 Millionen weltweit. Das sind die unmittelbaren Arbeitspl\u00e4tze. Aber Gesundheitsinfrastruktur steht nicht f\u00fcr sich allein. Man baut kein nagelneues Krankenhaus mitten in der W\u00fcste oder in einem Gro\u00dfstadtslum ohne Wasser und Strom. Allein der Strombedarf f\u00fcr die neuen Krankenh\u00e4user steigt weltweit auf 100 Gigawatt. Doch heute haben \u00fcber eine Milliarde Menschen \u00fcberhaupt keinen Strom, so da\u00df die Deckung dieses Bedarfs weitere 10 Millionen Menschen besch\u00e4ftigen wird. Die Kernenergie &#8211; zuerst die Kernspaltung und dann die Kernfusion &#8211; mu\u00df weltweit Priorit\u00e4t haben, um diesen Bedarf zu decken, so wie es im zweiten Konferenzabschnitt diskutiert wurde [vgl. <i>Neue Solidarit\u00e4t<\/i> 40 und 41\/2020].<\/p>\n<p>Ein weiterer wichtiger Aspekt der Infrastruktur ist Trinkwasser. Roosevelts Tennessee Valley Authority (TVA) ist ein Modell f\u00fcr solche Projekte, darunter NAWAPA f\u00fcr Nordamerika und Transaqua f\u00fcr Afrika (die allein etwa 5 Millionen neue Arbeitspl\u00e4tze schaffen werden, von 20 Millionen, die solche Wasserprojekte weltweit direkt schaffen werden).<\/p>\n<p>Und dann ist da noch die Schiene, vor allem Hochgeschwindigkeits- und Magnetschwebebahnen. China hat mehr Hochgeschwindigkeits-Eisenbahnstrecken gebaut als der Rest der Welt zusammen &#8211; im August 2020 waren es 36.000 km. Geplant ist, diese Zahl bis 2035 zu verdoppeln. In den USA haben wir genau <i>null<\/i> Kilometer Hochgeschwindigkeitsbahn. China spielte auch die zentrale Rolle beim Ausbau von Bahnlinien durch Asien nach Europa und beginnt den gleichen Proze\u00df in Afrika als Teil seiner \u201eBelt &amp; Road\u201c-Initiative.<\/p>\n<p><img decoding=\"async\" class=\"aligncenter\" src=\"https:\/\/schillerinstitute.com\/wp-content\/uploads\/2020\/10\/Small2-1024x429.jpg\" alt=\"This image has an empty alt attribute; its file name is Small2-1024x429.jpg\" \/><\/p>\n<p style=\"text-align: center;\"><em>Abb. 2: Das Infrastrukturnetz der Weltlandbr\u00fccke<\/em><\/p>\n<p>Die USA m\u00fcssen etwa 64.000 km elektrifizierte, zweigleisige Bahnstrecken bauen, und der weltweite Eisenbahnbedarf liegt bei etwa 320.000 km. Wie aus der Karte (<i>Abbildung 2<\/i>) hervorgeht, m\u00fcssen diese Bahnnetze durch Gro\u00dfprojekte miteinander verbunden werden, wie z.B. einen Tunnel durch die Beringstra\u00dfe, der Alaska und Ru\u00dfland verbindet; eine Verbindung \u00fcber die Darien-L\u00fccke, die S\u00fcdamerika mit Mittel- und Nordamerika verbinden soll; die Sachalin-Br\u00fccke, die Japan und Ru\u00dfland verbinden soll; ein Gibraltar-Tunnel, der von Spanien nach Afrika f\u00fchrt; der Kra-Kanal in Thailand, um die Transportzeiten und Staus in der Malakka-Stra\u00dfe erheblich zu reduzieren; und so weiter. Wir sch\u00e4tzen, da\u00df dies direkt eine Million neue produktive Arbeitspl\u00e4tze in den USA und 5 Millionen weltweit schaffen wird.<\/p>\n<p>Wenn man nur diese vier Hauptbereiche von Infrastrukturprojekten zusammennimmt, werden wir direkt 15 Millionen neue Arbeitspl\u00e4tze in den USA und 135 Millionen weltweit schaffen. Aber das sind nur die direkten Arbeitspl\u00e4tze. Die Gesamtzahl der indirekt geschaffenen Arbeitspl\u00e4tze wird weitaus gr\u00f6\u00dfer sein, etwa vier bis zehnmal so viel. Dar\u00fcber hinaus erzeugen Infrastrukturprojekte, wie z.B. Chinas Belt &amp; Road-Initiative oder LaRouches vergleichbare Weltlandbr\u00fccke, h\u00f6here Produktivit\u00e4t, so da\u00df die Gesamtleistung der Wirtschaft und der Arbeitskr\u00e4fte dramatisch steigen wird &#8211; und dies in einer Weise, die jeder einfachen mathematischen Messung trotzt.<\/p>\n<p>Wir k\u00f6nnen also sagen, da\u00df sich die Zusammensetzung der Arbeitskr\u00e4fte im Laufe der n\u00e4chsten Generation dramatisch in Richtung Vollbesch\u00e4ftigung in produktiven T\u00e4tigkeitsbereichen verschieben wird.<\/p>\n<p>Die Arbeitslosigkeit wird auf etwa 2% sinken; 50% der Arbeitskr\u00e4fte werden in der g\u00fcterproduzierenden Industrie t\u00e4tig sein; und weitere 5% werden in der \u00fcberaus wichtigen Kategorie der Forschung und Entwicklung t\u00e4tig sein.<\/p>\n<p>Die nie endende Suche nach universellen physikalischen Prinzipien ist zusammen mit der Entwicklung der Fusionsenergie die eigentliche wissenschaftliche Triebfeder f\u00fcr ein globales Wiederaufbauprogramm. Dies ist wahrscheinlich der herausragende Bereich einer m\u00f6glichen Zusammenarbeit zwischen den Vereinigten Staaten, China, Ru\u00dfland, Indien und anderen Raumfahrtnationen.<\/p>\n<p>Nichts davon kann ein Land allein bew\u00e4ltigen. China ist f\u00fcr die USA der entscheidende Partner in vielen dieser Bem\u00fchungen, z.B. beim Bau eines Netzes von Hochgeschwindigkeits-Eisenbahnstrecken. Aber eine wirtschaftliche Erholung der Welt kann auch nicht ohne die Vereinigten Staaten erreicht werden. Die 50 Millionen neuen produktiven Arbeitspl\u00e4tze, die in den Vereinigten Staaten geschaffen werden sollen, machen vielleicht nur einen Bruchteil, n\u00e4mlich 3% der weltweiten Gesamtzahl von 1,5 Milliarden aus; aber es ist der entscheidende Bruchteil, sowohl in Bezug auf die physische Wirtschaft als auch politisch.<\/p>\n<p>Die USA und China d\u00fcrfen nicht voneinander abgekoppelt werden &#8211; jedenfalls nicht, wenn wir wollen, da\u00df die Welt \u00fcberlebt. Wenn wir zusammenarbeiten, k\u00f6nnen wir damit beginnen, Roosevelts unerledigte Aufgaben endlich zu Ende zu bringen.<\/p>\n<p>Und das, meine Damen und Herren, ist auch der Grund, warum die vollst\u00e4ndige Rehabilitierung von Lyndon LaRouche und seiner Ideen der Schl\u00fcssel zur globalen wirtschaftlichen Erholung ist. Ich danke Ihnen.<\/p>\n<p><\/div><\/div><\/p>\n<p>\u00a0<\/p>\n<p>\u00a0<\/p><!-- AddThis Advanced Settings generic via filter on the_content --><!-- AddThis Share Buttons generic via filter on the_content -->","protected":false},"excerpt":{"rendered":"<p>Sehen Sie hier die Rede von Dennis Small, Leiter der Nachrichtenabteilung f\u00fcr Lateinamerika, EIR im Rahmen der internationalen Internet-Konferenz \u201eKriegstreiberei bis zum Armageddon oder ein neues Paradigma souver\u00e4ner Nationen, geeint durch die gemeinsamen Ziele der Menschheit?\u201c \u00a0 \u00a0 Die Rede lesen Das LaRouche-Programm f\u00fcr den&hellip;<!-- AddThis Advanced Settings generic via filter on get_the_excerpt --><!-- AddThis Share Buttons generic via filter on get_the_excerpt --><\/p>\n","protected":false},"author":34,"featured_media":0,"parent":0,"menu_order":0,"comment_status":"closed","ping_status":"closed","template":"","meta":{"_lmt_disableupdate":"no","_lmt_disable":"","footnotes":""},"categories":[],"tags":[],"class_list":["post-62608","page","type-page","status-publish","hentry"],"featured_image_src":null,"_links":{"self":[{"href":"https:\/\/schillerinstitute.com\/de\/wp-json\/wp\/v2\/pages\/62608","targetHints":{"allow":["GET"]}}],"collection":[{"href":"https:\/\/schillerinstitute.com\/de\/wp-json\/wp\/v2\/pages"}],"about":[{"href":"https:\/\/schillerinstitute.com\/de\/wp-json\/wp\/v2\/types\/page"}],"author":[{"embeddable":true,"href":"https:\/\/schillerinstitute.com\/de\/wp-json\/wp\/v2\/users\/34"}],"replies":[{"embeddable":true,"href":"https:\/\/schillerinstitute.com\/de\/wp-json\/wp\/v2\/comments?post=62608"}],"version-history":[{"count":7,"href":"https:\/\/schillerinstitute.com\/de\/wp-json\/wp\/v2\/pages\/62608\/revisions"}],"predecessor-version":[{"id":63499,"href":"https:\/\/schillerinstitute.com\/de\/wp-json\/wp\/v2\/pages\/62608\/revisions\/63499"}],"wp:attachment":[{"href":"https:\/\/schillerinstitute.com\/de\/wp-json\/wp\/v2\/media?parent=62608"}],"wp:term":[{"taxonomy":"category","embeddable":true,"href":"https:\/\/schillerinstitute.com\/de\/wp-json\/wp\/v2\/categories?post=62608"},{"taxonomy":"post_tag","embeddable":true,"href":"https:\/\/schillerinstitute.com\/de\/wp-json\/wp\/v2\/tags?post=62608"}],"curies":[{"name":"wp","href":"https:\/\/api.w.org\/{rel}","templated":true}]}}