{"id":62475,"date":"2020-09-13T15:49:01","date_gmt":"2020-09-13T13:49:01","guid":{"rendered":"https:\/\/schillerinstitute.com\/?page_id=62475"},"modified":"2020-09-27T19:04:36","modified_gmt":"2020-09-27T17:04:36","slug":"jason-ross-menschlicher-fortschritt-die-entwicklung-hoeherer-wissenschafts-und-technologieplattformen","status":"publish","type":"page","link":"https:\/\/schillerinstitute.com\/de\/jason-ross-menschlicher-fortschritt-die-entwicklung-hoeherer-wissenschafts-und-technologieplattformen\/","title":{"rendered":"Jason Ross: &#8222;Menschlicher Fortschritt: die Entwicklung h\u00f6herer Wissenschafts- und Technologieplattformen&#8220;"},"content":{"rendered":"\n<p>Sehen Sie hier die Rede von Jason Ross, wissenschaftlicher Berater des Schiller-Instituts  im Rahmen der internationalen Internet-Konferenz <em><a rel=\"noreferrer noopener\" href=\"https:\/\/schillerinstitute.com\/de\/blog\/2020\/08\/13\/conference-war-drive-towards-armageddon-or-a-new-paradigm-among-sovereign-nations-united-by-the-common-aims-of-mankind\/\" target=\"_blank\">&#8222;Kriegstreiberei bis zum Armageddon oder ein neues Paradigma souver\u00e4ner Nationen, geeint durch die gemeinsamen Ziele der Menschheit?&#8220;<\/a><\/em><\/p>\n\n\n\n<figure class=\"wp-block-embed-youtube wp-block-embed is-type-video is-provider-youtube wp-embed-aspect-16-9 wp-has-aspect-ratio\"><div class=\"wp-block-embed__wrapper\">\n<iframe loading=\"lazy\" title=\"Menschlicher Fortschritt: die Entwicklung h\u00f6herer Wissenschafts- und Technologieplattformen\" width=\"960\" height=\"540\" src=\"https:\/\/www.youtube.com\/embed\/lCC_9ItyGbU?feature=oembed\" frameborder=\"0\" allow=\"accelerometer; autoplay; clipboard-write; encrypted-media; gyroscope; picture-in-picture\" allowfullscreen><\/iframe>\n<\/div><\/figure>\n\n\n\n<p><\/p>\n\n\n<p>\u00a0<\/p>\n<p><div class=\"toggle-container\"><a href=\"#\" class=\"toggle\"><span class=\"toggle-sign\"><\/span><span class=\"toggle-title\">Die Rede lesen<\/span><\/a><div class=\"toggle-content\"><\/p>\n<h2>Der Schl\u00fcssel zum menschlichen Fortschritt<\/h2>\n<h3>Die Entwicklung h\u00f6herer Plattformen von Wissenschaft und Technik<\/h3>\n<p>Lyndon LaRouche war w\u00e4hrend seiner gesamten Laufbahn als amerikanischer Politiker f\u00fcr seinen Einsatz f\u00fcr die Kernfusion als den absolut notwendigen n\u00e4chsten Schritt f\u00fcr den Fortschritt der Menschheit besonders bekannt. Mitte der 1970er Jahre gr\u00fcndete LaRouche die Fusion Energy Foundation (FEF), die f\u00fcr die Verwirklichung der Kernfusion k\u00e4mpfte. Die FEF gab eine Zeitschrift, ein Magazin und B\u00fccher heraus, und ihre Mitglieder waren Teil des Gesetzgebungsprozesses und der Diskussionen mit [US-Pr\u00e4sident] Ronald Reagan \u00fcber das, was Reagan dann unter dem Namen Strategische Verteidigungsinitiative (SDI) vorschlug.<\/p>\n<p>LaRouche war \u00fcberzeugt, da\u00df wir nur durch den Sprung \u00fcber die Wissenschaft und Technik der Vergangenheit hinaus die Armut vollst\u00e4ndig beseitigen, das Problem der Ressourcenersch\u00f6pfung \u00fcberwinden und die Menschheit in die Lage versetzen k\u00f6nnen, die n\u00e4chste Generation von Experimenten durchzuf\u00fchren, um die n\u00e4chste Generation wissenschaftlicher Prinzipien zu entdecken. Das ist ein Proze\u00df des unendlichen Wachstums der menschlichen Gattung, der die Entwicklungen widerspiegelt, die wir sowohl in der Biosph\u00e4re mit der zunehmenden Komplexit\u00e4t und Energieintensit\u00e4t des Lebens gesehen haben, als auch im Universum als Ganzem mit der Entstehung komplexer Himmelsstrukturen, deren Geheimnisse wir gerade erst zu erforschen begonnen haben.<\/p>\n<p>In diesem Vortrag werden wir drei Themen aufgreifen:<\/p>\n<p>1. den wirtschaftlichen Wert des wissenschaftlichen Fortschritts,<\/p>\n<p>2. die infrastrukturelle, industrielle, politische und kulturelle Plattform, durch die der wissenschaftliche Fortschritt unser Leben ver\u00e4ndert, und<\/p>\n<p>3. wie gro\u00dfe Visionen wissenschaftlichen und technologischen Fortschritts uns zu einem Verst\u00e4ndnis der Universalit\u00e4t der potentiellen Unsterblichkeit des individuellen menschlichen Geistes f\u00fchren.<\/p>\n<h3>1. Der wirtschaftliche Wert des wissenschaftlichen Fortschritts<\/h3>\n<p>Die menschliche Wirtschaft existiert durch das, was uns grunds\u00e4tzlich von den Tieren unterscheidet: die F\u00e4higkeit des individuellen menschlichen Geistes, eine Hypothese zu entwickeln \u2013 eine Idee, die etwas verk\u00f6rpert, was nicht von den Sinnen wahrgenommen wird, aber auf die wahrgenommene Welt einwirkt \u2013 also universelle physikalische Prinzipien.<\/p>\n<p>Diese Entdeckungen sind wie Werkzeuge, aber sie sind nicht physisch. Ein Affe mag einen Stock benutzen, um Termiten als Mahlzeit aus einem Erdh\u00fcgel herauszuholen, und ein Seeotter mag Steine benutzen, um Muscheln zum Verzehr zu knacken, aber nur Menschen nutzen Elektromagnetismus, Navigation, Geometrie, Poesie, Feuer, Mathematik und Musik. Nur unsere sch\u00f6ne Gattung, die wie kein Tier eine Universalit\u00e4t der Kr\u00e4fte unseres Geistes teilt, hat<\/p>\n<ul>\n<li>Bew\u00e4sserungsanlagen gebaut, um den Zugang zu Nahrungsmitteln zu verbessern,<\/li>\n<li>andere Arten durch selektive Z\u00fcchtung ver\u00e4ndert, die uns modernes Getreide, Obst, Gem\u00fcse und sogar Tiere beschert hat,<\/li>\n<li>die Kraft der Kohle zur Erzeugung von Bewegung freigesetzt \u2013 mit der Dampfmaschine \u2013 und so die Menschen von m\u00fchseliger Plackerei befreit und die Produktion von G\u00fctern f\u00fcr jeden erm\u00f6glicht,<\/li>\n<li>Verkehrsnetze geschaffen, um unsere Gesellschaften einander n\u00e4her zu bringen, und<\/li>\n<li>sogar diesen Planeten verlassen, um den Mond zu betreten, den die Tiere zwar sehen, aber nicht verstehen oder besuchen k\u00f6nnen \u2013 es sei denn, wir bringen Haustiere mit.<\/li>\n<\/ul>\n<p>Wissenschaftliche Hypothesen, mit denen wir die Unvollkommenheit unseres Verst\u00e4ndnisses der Welt um uns herum verringern, sind die eigentliche Quelle wirtschaftlichen Reichtums, das Mittel, mit dem wir die Produktivit\u00e4t unserer Arbeit verbessern, und das Sprungbrett f\u00fcr die Entwicklung noch besserer Hypothesen.<\/p>\n<p>Wie werden diese Entdeckungen gemacht? Und wie sicher k\u00f6nnen wir in unserem Wissen sein?<\/p>\n<p>Betrachten wir das Problem der Induktion. Wenn ich beobachte, da\u00df etwas hundertmal immer wieder geschieht, kann ich dann sicher sein, da\u00df es auch beim 101. Mal wieder geschieht? Stellen Sie sich einen Truthahn vor, der f\u00fcr Thanksgiving gem\u00e4stet wird. Jeden Tag wird er gut gef\u00fcttert und versorgt, jeden Tag erh\u00e4lt er mehr Beweise daf\u00fcr, da\u00df das Leben gut ist &#8230; bis Thanksgiving kommt!<\/p>\n<p>Wiederholte Erfahrung ist also nicht die Grundlage des Wissens.<\/p>\n<p>Der Ausweg aus dem Induktionsproblem ist das Konzept des entscheidenden Experiments, bei dem jemand die hypothetische <i>Ursache<\/i> anwendet, um etwas zu schaffen, was <i>noch nie<\/i> zuvor geschehen ist. Wie oft mu\u00df man einen Elektromotor bei der Arbeit beobachten, um zu erfahren, da\u00df es einen Zusammenhang zwischen Elektrizit\u00e4t und Magnetismus gibt? Man braucht keine hundert Experimente, um sich vom Satz des Pythagoras zu \u00fcberzeugen, wenn man geometrisch nachgewiesen hat, warum er <i>immer<\/i> wahr sein mu\u00df. Wie viele Wasserstoffbomben mu\u00dften explodieren, um das grundlegende Verst\u00e4ndnis, das zu ihnen f\u00fchrte, zu best\u00e4tigen?<\/p>\n<p>Einstein hat die Welt vor etwas mehr als einem Jahrhundert daran erinnert, da\u00df unser Wissen nie vollkommen ist, sich aber vervollkommnen l\u00e4\u00dft. Das Universum belohnt unser Wissen \u2013 das weniger unvollkommene Wissen als fr\u00fcher \u2013 mit der verbesserten F\u00e4higkeit, die physische Welt umzugestalten, unsere Lebensgrundlagen zu verbessern und noch mehr zu entdecken. Im Gegensatz zu den Tieren ist unsere Bev\u00f6lkerungsdichte weder begrenzt noch vorherbestimmt. Der Fortschritt f\u00fchrt zu einer h\u00f6heren <i>potentiellen<\/i> Bev\u00f6lkerungsdichte f\u00fcr die Menschheit.<\/p>\n<p>Damit kommen wir zum zweiten Thema: wie wissenschaftliche Entdeckungen in Gesellschaften umgesetzt werden.<\/p>\n<h3>2. Plattformen und Produktivit\u00e4t<\/h3>\n<p>Wie wird eine Entdeckung in der Gesellschaft wirksam? Wie manifestiert sich ein Gedanke in verbesserten Lebensbedingungen?<\/p>\n<p>LaRouche er\u00f6rterte den Zusammenhang zwischen Entdeckungen, Infrastruktur und Produktion in seiner 2005 erschienenen Schrift <i>Science, the Power to Prosper (Wissenschaft, die Kraft zum Gedeihen)<\/i>:<\/p>\n<p>\u201eAlle entdeckten, g\u00fcltigen Begriffe eines universellen physikalischen Prinzips definieren implizit ein <i>Feld<\/i> \u2013 ein Feld, das der funktionale Begriff der Ausdehnung der Wirksamkeit dieses Prinzips auf das Universum als Ganzes ist. Die Wirkung, die sich in der Auswirkung des in einem Feld ausgedr\u00fcckten Potentials auf das Umfeld \u00e4u\u00dfert, in dem die Produktion stattfindet, ist der Schwerpunkt unseres Anliegens in diesem Bericht&#8230;<\/p>\n<p>Beispielsweise wird durch die Anwendung des Dirichlet-Prinzips auf ein beliebiges Wirkungsfeld die experimentelle Sichtweise auf eine h\u00f6here Ebene gehoben, von einer Sammlung von Berechnungen zu einem einzigen Akt konzeptuellen Denkens, einem Gedanken, der wie Keplers Begriff der universellen Gravitation alle relevanten, detaillierten Berechnungen effizient und implizit zusammenfa\u00dft. Es ist unm\u00f6glich, einen kompetenten Einblick in die Art und Weise zu entwickeln, wie eine moderne Wirtschaft physikalisch funktioniert, wenn man das Feld nicht in der Art und Weise betrachtet, wie es Riemann in seiner Abhandlung \u00fcber das, was er Dirichlets Prinzip nennt, tut.<\/p>\n<p>Das Verst\u00e4ndnis dieses Punktes, den ich hier entwickle, erm\u00f6glicht es uns zu verstehen, warum die Verlagerung der Produktion eines Produktes \u2013 selbst wenn die gleiche Technologie f\u00fcr Konstruktion und Produktion benutzt wird \u2013 von einer entwickelten Wirtschaft in eine weniger entwickelte Wirtschaft im letzten Vierteljahrhundert in der Regel zu einem Nettoeinbruch der Erzeugungsrate der Pro-Kopf-Produktivit\u00e4t in der Welt insgesamt gef\u00fchrt hat! Die Verlagerung der Produktion aus einem Land mit einer gut ausgebauten Infrastruktur in ein Land \u00e4rmerer Menschen mit einer schlecht ausgebauten allgemeinen Infrastruktur f\u00fchrt tendenziell zu einem Zusammenbruch der physischen Wirtschaft des Planeten als Ganzer. Die Rolle des Feldes, das die grundlegende wirtschaftliche Infrastruktur darstellt, wird ignoriert, und das kann letztlich f\u00fcr alle Beteiligten fatale wirtschaftliche Folgen haben.<\/p>\n<p>Indem man sich f\u00fcr ein Anwendungsfeld entscheidet, das an sich eine Zone mit geringerem Potential darstellt, wird die effektive Arbeitsproduktivit\u00e4t pro Kopf und pro Quadratkilometer relativ gesenkt.\u201c<\/p>\n<p>Nehmen wir als Fallstudie die Einf\u00fchrung von Elektrizit\u00e4t in den l\u00e4ndlichen Gebieten der Vereinigten Staaten, um zu untersuchen, wie eine verbesserte Infrastrukturplattform die Gesellschaft und die Produktivit\u00e4t ver\u00e4ndert.<\/p>\n<p>Die Rural Electrification Administration (REA), die 1935 durch eine Exekutivanordnung von Franklin Roosevelt geschaffen und durch den Rural Electrification Act von 1936 finanziert wurde, entstand zu einer Zeit, als Elektrizit\u00e4t in den amerikanischen St\u00e4dten weit verbreitet war, aber fast 90% der amerikanischen Farmen keinen Stromanschlu\u00df hatten. Die Kosten der Anbindung dieser Farmen an das Stromnetz galten angesichts des geringen Stromverbrauchs pro Haushalt, den die Elektrizit\u00e4tswerke prognostizierten, als unerschwinglich. Sie glaubten nicht, da\u00df es sich rentieren w\u00fcrde, den Farmen Strom zu liefern.<\/p>\n<p>Die REA vergab Kredite an Bauerngenossenschaften, damit sie ihre eigenen Stromleitungen bauen und sogar Ger\u00e4te und Ausr\u00fcstungen kaufen konnten. Die Resultate waren erstaunlich. Der Strom wurde nicht einfach in eine ansonsten unver\u00e4nderte Geometrie eingespeist, er wurde nicht nur zum Betreiben der Radios, Waschmaschinen und Gl\u00fchbirnen verwendet wie bei den Stadtbewohnern. Vielmehr war der Effekt, da\u00df das Produktionspotential der Farmen auf eine ganz neue Ebene angehoben wurde.<\/p>\n<p><em>Abb. 1: Beispiele landwirtschaftlicher Anwendungen von elektrischem Strom in den 1930er Jahren:<\/em><\/p>\n<p><div class=\"one-third\"><\/p>\n<p><img decoding=\"async\" class=\"b1\" src=\"https:\/\/solidaritaet.com\/images23\/ross1a.jpg\" \/><\/p>\n<p><em>a) Elektrische K\u00fchlung: Der elektrische Milch- k\u00fchler h\u00e4lt mit 1 kWh Strom pro Tag rund 38 l Milch frisch.<\/em><\/p>\n<p><\/div><br \/><div class=\"one-third\"><\/p>\n<p><img decoding=\"async\" class=\"b1\" src=\"https:\/\/solidaritaet.com\/images23\/ross1b.jpg\" \/><\/p>\n<p><em>b) Elektrischer Br\u00fcter: Mit 0,5 kWh pro Huhn kann mit einem Br\u00fcter eine ganze Brut aufgezogen werden. <\/em><\/p>\n<p><\/div><br \/><div class=\"one-third last\"><\/p>\n<p><img decoding=\"async\" class=\"b1\" src=\"https:\/\/solidaritaet.com\/images23\/ross1c.jpg\" \/><\/p>\n<p><em>c) Elektrische Pumpe: Mit 25 kWh\/Monat kann der gesamte Wasserbedarf der Farm und des Wohnhauses gepumpt werden.<\/em><\/p>\n<p><\/div><div class=\"clearfix\"><\/div><\/p>\n<hr \/>\n<p>Drei Beispiele:<\/p>\n<ul>\n<li>Durch die K\u00fchlung sank die Zahl der Erkrankungen durch verdorbene Lebensmittel, und weil weniger verdarb, konnte von den landwirtschaftlichen Produkten mehr konsumiert werden.<\/li>\n<li>Durch die Beleuchtung in den H\u00fchnerst\u00e4llen stieg die Eierproduktion erheblich, insbesondere in den k\u00e4lteren, dunkleren Wintermonaten. An den H\u00fchnern \u00e4nderte sich nichts, aber ihre Umgebung, das Feld, in dem sie lebten, \u00e4nderte sich.<\/li>\n<li>Durch die elektrischen Pumpen sparte eine Familie im Vergleich zu den fr\u00fcheren handbetriebenen Wasserpumpen jedes Jahr viele Arbeitsstunden.<\/li>\n<\/ul>\n<p>Bis 1953 hatte sich das Verh\u00e4ltnis umgekehrt: Statt 90% der amerikanischen Farmen ohne Strom, waren nun 90% am Netz.<\/p>\n<p>Das war eine unglaubliche Steigerung der potentiellen Produktivit\u00e4t, wenn eine fortschrittlichere Infrastrukturplattform als eine Basis existierte, die in vielf\u00e4ltiger Weise genutzt werden kann.<\/p>\n<p>Bedenken Sie nun, was die Kernfusion f\u00fcr die Welt bedeuten wird. Es geht nicht nur um billigeren Strom oder darum, all das, was wir jetzt schon tun, zu erleichtern \u2013 denken Sie an all das <i>Neue<\/i>, das wir tun k\u00f6nnen:<\/p>\n<ul>\n<li>Der Fusionsbrenner kann Abfall verdampfen und trennen und ihn in seine einzelnen Atome zerlegen.\u00a0\u00a0<\/li>\n<li>Heute erfordert praktisch jede Produktion von neuem (nicht recyceltem) Metall aus Gesteinerzen, die wir aus der Erde abbauen, den Einsatz von Kohle, nicht nur wegen des Energiegehalts, sondern auch wegen ihrer chemischen Aktivit\u00e4t beim Entziehen des Sauerstoffs. Diese uralte Methode kann durch die Energien ersetzt werden, die die Fusion bringen kann.<\/li>\n<li>Die Raumfahrt wird nicht mehr auf die Energiedichte chemischer Brennstoffe beschr\u00e4nkt sein, die sich nicht mehr wesentlich \u00fcber das heutige Niveau hinaus verbessern l\u00e4\u00dft (<i>Abbildung 2<\/i>). Anstatt neun Monate auf dem Weg zum Mars zu verbringen, k\u00f6nnen wir in wenigen Wochen dorthin fliegen, indem wir das Triebwerk auf dem ganzen Weg eingeschaltet lassen, anstatt es wie jetzt nur am Anfang zu benutzen und im Schwebeflug zum Zielort zu gelangen.\u00a0\u00a0\u00a0\u00a0\u00a0\u00a0\u00a0\u00a0\u00a0\u00a0\u00a0\u00a0\u00a0<\/li>\n<\/ul>\n<p>\u00a0\u00a0\u00a0\u00a0\u00a0\u00a0\u00a0\u00a0\u00a0\u00a0\u00a0\u00a0\u00a0\u00a0\u00a0\u00a0\u00a0\u00a0\u00a0\u00a0\u00a0\u00a0\u00a0\u00a0\u00a0\u00a0\u00a0\u00a0\u00a0\u00a0\u00a0\u00a0\u00a0\u00a0\u00a0\u00a0\u00a0\u00a0\u00a0\u00a0\u00a0\u00a0\u00a0\u00a0\u00a0\u00a0\u00a0\u00a0\u00a0\u00a0\u00a0\u00a0\u00a0\u00a0\u00a0\u00a0\u00a0\u00a0\u00a0\u00a0\u00a0\u00a0\u00a0\u00a0\u00a0\u00a0\u00a0\u00a0\u00a0\u00a0\u00a0\u00a0\u00a0\u00a0\u00a0\u00a0\u00a0\u00a0\u00a0\u00a0\u00a0\u00a0\u00a0\u00a0\u00a0\u00a0\u00a0\u00a0\u00a0\u00a0\u00a0\u00a0\u00a0\u00a0\u00a0\u00a0\u00a0\u00a0\u00a0\u00a0\u00a0\u00a0\u00a0\u00a0\u00a0\u00a0\u00a0\u00a0\u00a0\u00a0\u00a0\u00a0\u00a0\u00a0\u00a0\u00a0\u00a0\u00a0\u00a0\u00a0\u00a0\u00a0\u00a0\u00a0\u00a0\u00a0\u00a0\u00a0\u00a0\u00a0\u00a0\u00a0 <div class=\"one-half\"><\/p>\n<p>\u00a0<\/p>\n<p><em>Abb. 2: Fast 92% der Masse einer Saturn-V-Rakete sind Treibstoff, nur knapp 2% der Masse entfallen auf das Steuer- und Dienstleistungsmodul.<\/em><\/p>\n<p><\/div><br \/><div class=\"one-half last\"><\/p>\n<p>\u00a0<\/p>\n<p><img loading=\"lazy\" decoding=\"async\" class=\"w500 b1\" src=\"https:\/\/solidaritaet.com\/images23\/ross2.jpg\" width=\"318\" height=\"178\" vspace=\"3\" \/>\u00a9 NASA<\/p>\n<p><\/div><div class=\"clearfix\"><\/div><em> \u00a0\u00a0\u00a0\u00a0\u00a0\u00a0\u00a0\u00a0\u00a0\u00a0\u00a0\u00a0\u00a0\u00a0\u00a0\u00a0\u00a0\u00a0\u00a0\u00a0\u00a0\u00a0\u00a0\u00a0\u00a0\u00a0\u00a0\u00a0\u00a0\u00a0\u00a0\u00a0\u00a0\u00a0\u00a0\u00a0\u00a0\u00a0\u00a0\u00a0\u00a0\u00a0\u00a0\u00a0\u00a0\u00a0\u00a0\u00a0\u00a0\u00a0\u00a0\u00a0\u00a0\u00a0\u00a0\u00a0\u00a0\u00a0\u00a0\u00a0\u00a0\u00a0\u00a0\u00a0\u00a0\u00a0\u00a0\u00a0\u00a0\u00a0\u00a0\u00a0\u00a0\u00a0\u00a0\u00a0\u00a0\u00a0\u00a0\u00a0\u00a0\u00a0\u00a0\u00a0\u00a0\u00a0\u00a0\u00a0\u00a0\u00a0\u00a0\u00a0\u00a0\u00a0\u00a0\u00a0\u00a0\u00a0\u00a0\u00a0\u00a0\u00a0\u00a0\u00a0\u00a0\u00a0\u00a0\u00a0\u00a0\u00a0\u00a0\u00a0\u00a0\u00a0\u00a0\u00a0\u00a0\u00a0\u00a0\u00a0\u00a0\u00a0\u00a0\u00a0\u00a0\u00a0\u00a0\u00a0\u00a0\u00a0\u00a0\u00a0\u00a0\u00a0\u00a0\u00a0\u00a0\u00a0 <\/em><\/p>\n<ul>\n<li>Wasserknappheit wird weltweit zu einem immer gr\u00f6\u00dferen Problem, da die Grundwasservorr\u00e4te schneller abgebaut als wieder aufgef\u00fcllt werden. Aber es gibt reichlich Wasser in den Ozeanen. Die Kernfusion w\u00fcrde es wirtschaftlich machen, Meerwasser und Brackwasser im gro\u00dfen Ma\u00dfstab f\u00fcr die Landwirtschaft zu entsalzen, in einem Ausma\u00df, das die heute existierenden kleinen Projekte, die vor allem dem st\u00e4dtischen Verbrauch dienen, bei weitem \u00fcbertreffen w\u00fcrde.<\/li>\n<li>Energieintensive Herstellungsverfahren, die starke Str\u00f6me oder Hochleistungslaser verwenden, werden eine neue Generation von Produktionsverfahren einl\u00e4uten.<\/li>\n<\/ul>\n<p>Die Fusionsenergie als Plattform wird enorme Verbesserungen in der Produktion erm\u00f6glichen. Wir sollten nach solchen Fortschritten Ausschau halten, die nicht nur kleine marginale Gewinne, sondern eine Verbesserung um das Zehnfache bewirken k\u00f6nnen.<\/p>\n<p>Hier ist, was Lyndon LaRouche 2010 zu diesem Thema geschrieben hat:<\/p>\n<p><em>\u201eDabei sollte man erkennen, da\u00df der Aufbau einer grundlegenden wirtschaftlichen Infrastruktur schon immer darauf hinauslief, anstelle einer vermeintlich ,nat\u00fcrlichen&#8216; Umgebung eine ,bewohnbare\u2019, ,k\u00fcnstliche\u2019 Umgebung zu schaffen, um das menschliche Leben und Handeln zu bestimmten Zeiten der Existenz unserer Gattung zu verbessern oder \u00fcberhaupt erst zu erm\u00f6glichen&#8230;<\/em><\/p>\n<p><em>Der Mensch als sch\u00f6pferisches Wesen im Abbild des gro\u00dfen Sch\u00f6pfers verwirklicht sich darin, da\u00df er ,k\u00fcnstliche Umgebungen\u2019 schafft, die wir manchmal ,Infrastruktur\u2019 nennen, wovon der Fortschritt und sogar schon der Fortbestand einer zivilisierten Gesellschaft abh\u00e4ngt.\u201c<sup>1<\/sup><\/em><\/p>\n<p>Zus\u00e4tzlich zu den neuen Plattformen, die mit der Fusionsenergie m\u00f6glich sind, sollte uns die gegenw\u00e4rtige Pandemie daran erinnern, wie wichtig es ist, Durchbr\u00fcche in der Biologie zu erzielen.<\/p>\n<p>Welche Folgen hat es, wenn man in einer dem Fortschritt verpflichteten Gesellschaft lebt, in der jedes Jahrzehnt ein besseres Leben als in der Vergangenheit bringt? Ganz klar eine gro\u00dfe Freude dar\u00fcber, leichter leben zu k\u00f6nnen, aber auch einen kulturellen Zugang zum sch\u00f6nen Potential der menschlichen Spezies an sich \u2013 dem dritten und letzten Thema dieses Vortrags.<\/p>\n<h3>3. Unsterblichkeit<\/h3>\n<p>Lyndon LaRouche schrieb 2004:<\/p>\n<p><em>\u201eDer auff\u00e4llige Mangel an ansonsten talentierten F\u00fchrungspers\u00f6nlichkeiten unter uns besteht darin, da\u00df wir zu einer Nation geworden sind, die trotz ihres derzeitigen Geschw\u00e4tzes \u00fcber Religion keine wirkliche Vorstellung von einer wirklichen Form der Unsterblichkeit hat. In dieser von Massenunterhaltung durchtr\u00e4nkten ,Wo ist mein Geld?\u2019-B\u00fcrgerschaft von heute gibt es nur wenige Jeanne d&#8217;Arcs, Abraham Lincolns oder Reverend Martin Luther Kings unter uns, die bereit sind, alles Sterbliche in sich als Talent auf den Altar des Dienstes f\u00fcr das absehbare Wohl der Zukunft der Menschheit zu legen.\u201c <\/em><br \/><em>\u2013 Lyndon LaRouche, Re-Animating the World\u2019s Economy (\u201eDie Weltwirtschaft wiederbeleben\u201c, 2004).<\/em><\/p>\n<p>Au\u00dfergew\u00f6hnliche F\u00fchrungspers\u00f6nlichkeiten, wie die in diesem Zitat erw\u00e4hnten, handeln in der Gegenwart, um die Zukunft, aber auch die Vergangenheit zu ver\u00e4ndern. Die Beitr\u00e4ge der Menschen, die in der Amerikanischen Revolution den Sieg \u00fcber die wichtigste Quelle des \u00dcbels in der Welt, das Britische Empire, errungen haben, erhielten neue Bedeutung durch Lincolns Erfolg bei der Verteidigung der Union und durch Kings Leistung, das Land in gr\u00f6\u00dfere \u00dcbereinstimmung mit den Ideen von \u201eGleichheit und Streben nach Gl\u00fcckseligkeit\u201c zu f\u00fchren, die damals seine Gr\u00fcndung motiviert hatten.<\/p>\n<p>In dieser Zeit, in der die \u201eIdentit\u00e4tspolitik\u201c einen fieberhaften H\u00f6hepunkt erreicht und die Menschen entzweit werden unter einem mikroskopischen Intersektionalismus<sup>2<\/sup> von Vererbung, Religion, geographischem Hintergrund, sexueller Orientierung und sogenannter Rasse ist es wichtiger denn je, den Menschen die Herausforderung nahe zu bringen, nach unserer Universalit\u00e4t zu handeln.<\/p>\n<p>Die Entdeckungen gro\u00dfer Denker bleiben auch nach ihrem Tod g\u00fcltig. Louis Pasteur ist tot, aber seine Entdeckungen leben weiter. Der K\u00f6rper von Marie Curie ist nicht mehr, aber ihre Durchbr\u00fcche beleben weiter unser Streben nach Wahrheit. Albert Einstein ist gestorben, aber seine monumentale Neukonzipierung von Raum, Zeit, Energie und Materie bietet immer neue R\u00e4tsel, die unsere Vorstellungskraft anregen, mehr \u00fcber das Universum zu entdecken.<\/p>\n<p>Bei einer funktionalen Unsterblichkeit geht es nicht um Sterben und M\u00e4rtyrertum. Bereit sein, zu sterben, um eine Zahnarztpraxis, einen Sandwich-Laden oder ein M\u00f6belgesch\u00e4ft zu verteidigen \u2013 oder niederzubrennen \u2013, geht am Thema vorbei.<\/p>\n<p>Werden wir die Armut \u00fcberall auf diesem Planeten beseitigen? Werden wir einen Schutz vor Kometen und Coronaviren entwickeln? Werden wir f\u00fcr unsere Kinder und Enkel eine Zukunft schaffen, in der sie die M\u00f6glichkeit haben, ihre Gedanken auf neue wissenschaftliche Untersuchungen zu richten, und auf eine Kultur, die dieses Streben f\u00f6rdert? Die Antwort liegt bei uns.<\/p>\n<p>Dieser Ansatz, tiefgreifende wissenschaftliche Entdeckungen zu machen und umzusetzen, ist der einzige Weg, alle Menschen auf diesem Planeten sowohl physisch als auch kulturell zu Lebensbedingungen zu f\u00fchren, die mit der W\u00fcrde des menschlichen Individuums vereinbar sind. Gr\u00fcne Technologie \u2013 wie die jahrhundertealte Technik der Windenergie \u2013 wird nicht der Antrieb unserer Zukunft sein, weder auf der Erde noch \u00fcber der Erde.<\/p>\n<p>\u00a0<\/p>\n<hr \/>\n<p><b>Anmerkungen<\/b><\/p>\n<p>1. In seiner Schrift <i>Das Geheimnis der Wirtschaft<\/i>, <a href=\"https:\/\/shop.eir.de\/produkt\/das-geheimnis-der-wirtschaft\/\" target=\"_blank\" rel=\"noopener noreferrer\">https:\/\/shop.eir.de\/produkt\/das-geheimnis-der-wirtschaft\/<\/a><\/p>\n<p>2. Diskriminierung gegen\u00fcber einer Person aufgrund mehrerer, sich \u00fcberschneidender Kategorien.<\/p>\n<p>\u00a0<\/p>\n<p><\/div><\/div><\/p>\n<p>\u00a0<\/p>\n<p>\u00a0<\/p><!-- AddThis Advanced Settings generic via filter on the_content --><!-- AddThis Share Buttons generic via filter on the_content -->","protected":false},"excerpt":{"rendered":"<p>Sehen Sie hier die Rede von Jason Ross, wissenschaftlicher Berater des Schiller-Instituts im Rahmen der internationalen Internet-Konferenz &#8222;Kriegstreiberei bis zum Armageddon oder ein neues Paradigma souver\u00e4ner Nationen, geeint durch die gemeinsamen Ziele der Menschheit?&#8220; \u00a0 Die Rede lesen Der Schl\u00fcssel zum menschlichen Fortschritt Die Entwicklung&hellip;<!-- AddThis Advanced Settings generic via filter on get_the_excerpt --><!-- AddThis Share Buttons generic via filter on get_the_excerpt --><\/p>\n","protected":false},"author":33,"featured_media":0,"parent":0,"menu_order":0,"comment_status":"closed","ping_status":"closed","template":"","meta":{"_lmt_disableupdate":"no","_lmt_disable":"","footnotes":""},"categories":[],"tags":[],"class_list":["post-62475","page","type-page","status-publish","hentry"],"featured_image_src":null,"_links":{"self":[{"href":"https:\/\/schillerinstitute.com\/de\/wp-json\/wp\/v2\/pages\/62475","targetHints":{"allow":["GET"]}}],"collection":[{"href":"https:\/\/schillerinstitute.com\/de\/wp-json\/wp\/v2\/pages"}],"about":[{"href":"https:\/\/schillerinstitute.com\/de\/wp-json\/wp\/v2\/types\/page"}],"author":[{"embeddable":true,"href":"https:\/\/schillerinstitute.com\/de\/wp-json\/wp\/v2\/users\/33"}],"replies":[{"embeddable":true,"href":"https:\/\/schillerinstitute.com\/de\/wp-json\/wp\/v2\/comments?post=62475"}],"version-history":[{"count":6,"href":"https:\/\/schillerinstitute.com\/de\/wp-json\/wp\/v2\/pages\/62475\/revisions"}],"predecessor-version":[{"id":62859,"href":"https:\/\/schillerinstitute.com\/de\/wp-json\/wp\/v2\/pages\/62475\/revisions\/62859"}],"wp:attachment":[{"href":"https:\/\/schillerinstitute.com\/de\/wp-json\/wp\/v2\/media?parent=62475"}],"wp:term":[{"taxonomy":"category","embeddable":true,"href":"https:\/\/schillerinstitute.com\/de\/wp-json\/wp\/v2\/categories?post=62475"},{"taxonomy":"post_tag","embeddable":true,"href":"https:\/\/schillerinstitute.com\/de\/wp-json\/wp\/v2\/tags?post=62475"}],"curies":[{"name":"wp","href":"https:\/\/api.w.org\/{rel}","templated":true}]}}