{"id":45450,"date":"2018-02-06T18:14:06","date_gmt":"2018-02-06T17:14:06","guid":{"rendered":"http:\/\/newparadigm.schillerinstitute.com\/?page_id=45450\/"},"modified":"2019-01-16T15:52:25","modified_gmt":"2019-01-16T14:52:25","slug":"die-neue-seidenstrase-wird-zur-weltlandbrucke","status":"publish","type":"page","link":"https:\/\/schillerinstitute.com\/de\/die-neue-seidenstrase-wird-zur-weltlandbrucke\/","title":{"rendered":"Die Neue Seidenstra\u00dfe wird zur Weltlandbr\u00fccke"},"content":{"rendered":"<p>&nbsp;<\/p>\n<div class=\"big-title\">\n<div class=\"bar\"><\/div>\n<h2><strong>Die Neue Seidenstra\u00dfe wird zur Weltlandbr\u00fccke<\/strong><\/h2>\n<p class=\"sub-title-empty\">&nbsp;<\/p>\n<\/div>\n<h3>Die umfassende Studie zu Chinas Megaprojekt\u00a0Neue Seidenstra\u00dfe (Belt &amp; Road Initiative) und dessen Transformation in eine globale Weltlandbr\u00fccke als internationale Entwicklungs- und Friedensperspektive.<\/h3>\n<div class=\"hr\">\n<hr \/>\n<\/div>\n<h3>Der Bericht ist nichts weniger als ein konzeptioneller \u201eFahrplan\u201c zu einer neuen Weltwirtschaftsordnung und zu einer neuen wirtschaftlichen Landkarte der Welt.<\/h3>\n<h3>Nach diesem \u201eFahrplan\u201c geht China mit gro\u00dfem Einsatz voran und hat so bereits eine globale Dynamik f\u00fcr realwirtschaftliche Entwicklung erzeugt. Viele neue Kreditinstitutionen wurden geschaffen und Hochtechnologie-Gro\u00dfprojekte in Gang gesetzt.<\/h3>\n<h3>In dem EIR-Bericht wird nach Regionen geordnet der gewaltige Fortschritt dokumentiert, der bisher bei der Umsetzung der Eurasischen Landbr\u00fccke gemacht wurde, seit die chinesische Regierung 1996 dieses Konzept als Neue Seidenstra\u00dfe beschlossen hatte. Viele weitere L\u00e4nder haben sich in den letzten Jahren dieser Entwicklung angeschlossen.<\/h3>\n<h3>Die Studie hat 384 Seiten mit vielen farbigen Karten.<\/h3>\n<p>&nbsp;<\/p>\n<div class=\"one-third\">\n<p><img loading=\"lazy\" decoding=\"async\" class=\"alignnone wp-image-45598 size-medium\" src=\"http:\/\/newparadigm.schillerinstitute.com\/wp-content\/uploads\/2018\/02\/wlb-map-2-of-3-300x213.jpg\" alt=\"wlb-map-2-of-3\" width=\"300\" height=\"213\" srcset=\"https:\/\/schillerinstitute.com\/wp-content\/uploads\/2018\/02\/wlb-map-2-of-3-300x213.jpg 300w, https:\/\/schillerinstitute.com\/wp-content\/uploads\/2018\/02\/wlb-map-2-of-3.jpg 338w\" sizes=\"auto, (max-width: 300px) 100vw, 300px\" \/><\/p>\n<\/div>\n<div class=\"one-third\">\n<p><img loading=\"lazy\" decoding=\"async\" class=\"alignnone wp-image-45588 size-medium\" src=\"http:\/\/newparadigm.schillerinstitute.com\/wp-content\/uploads\/2018\/02\/wlb-map-1-of-3-300x213.jpg\" alt=\"wlb-map-1-of-3\" width=\"300\" height=\"213\" srcset=\"https:\/\/schillerinstitute.com\/wp-content\/uploads\/2018\/02\/wlb-map-1-of-3-300x213.jpg 300w, https:\/\/schillerinstitute.com\/wp-content\/uploads\/2018\/02\/wlb-map-1-of-3.jpg 338w\" sizes=\"auto, (max-width: 300px) 100vw, 300px\" \/><\/p>\n<\/div>\n<div class=\"one-third last\">\n<p><img loading=\"lazy\" decoding=\"async\" class=\"alignnone wp-image-45608 size-medium\" src=\"http:\/\/newparadigm.schillerinstitute.com\/wp-content\/uploads\/2018\/02\/wlb-map-3-of-3-300x213.jpg\" alt=\"wlb-map-3-of-3\" width=\"300\" height=\"213\" srcset=\"https:\/\/schillerinstitute.com\/wp-content\/uploads\/2018\/02\/wlb-map-3-of-3-300x213.jpg 300w, https:\/\/schillerinstitute.com\/wp-content\/uploads\/2018\/02\/wlb-map-3-of-3.jpg 338w\" sizes=\"auto, (max-width: 300px) 100vw, 300px\" \/><\/p>\n<\/div>\n<div class=\"clearfix\"><\/div>\n<p>&nbsp;<\/p>\n<div id=\"vfb-form-26\" class=\"visual-form-builder-container\"><form id=\"wlb-report-de-26\" class=\"visual-form-builder vfb-form-26 \" method=\"post\" enctype=\"multipart\/form-data\">\n\t  \t<input type=\"hidden\" name=\"form_id\" value=\"26\" \/><fieldset class=\"vfb-fieldset vfb-fieldset-1 bitte-schicken-sie-mir-eine-kostenlose-leseprobe-als-pdf-zu \" id=\"item-vfb-335\"><div class=\"vfb-legend\"><h3>Bitte schicken Sie mir eine Kostenlose Leseprobe als PDF zu.<\/h3><\/div><ul class=\"vfb-section vfb-section-1\"><li class=\"vfb-item vfb-item-radio  vfb-three-column \" id=\"item-vfb-342\"><label class=\"vfb-desc\">Anrede  <span class=\"vfb-required-asterisk\">*<\/span><\/label><div><span class=\"vfb-span\"><input type=\"radio\" name=\"vfb-342\" id=\"vfb-342-1\" value=\"Frau\" class=\"vfb-radio  required \" \/><label for=\"vfb-342-1\" class=\"vfb-choice\">Frau<\/label><\/span><span class=\"vfb-span\"><input type=\"radio\" name=\"vfb-342\" id=\"vfb-342-2\" value=\"Herr\" class=\"vfb-radio  required \" \/><label for=\"vfb-342-2\" class=\"vfb-choice\">Herr<\/label><\/span><div style=\"clear:both\"><\/div><\/div><\/li><li class=\"vfb-item vfb-item-text  \" id=\"item-vfb-339\"><label for=\"vfb-339\" class=\"vfb-desc\">Name  <span class=\"vfb-required-asterisk\">*<\/span><\/label><input type=\"text\" name=\"vfb-339\" id=\"vfb-339\" value=\"\" class=\"vfb-text  vfb-medium  required  \" \/><\/li><li class=\"vfb-item vfb-item-email  \" id=\"item-vfb-341\"><label for=\"vfb-341\" class=\"vfb-desc\">Email  <span class=\"vfb-required-asterisk\">*<\/span><\/label><input type=\"email\" name=\"vfb-341\" id=\"vfb-341\" value=\"\" class=\"vfb-text  vfb-medium  required  email \" \/><\/li><li class=\"vfb-item vfb-item-text  \" id=\"item-vfb-340\"><label for=\"vfb-340\" class=\"vfb-desc\">Telefon <\/label><input type=\"text\" name=\"vfb-340\" id=\"vfb-340\" value=\"\" class=\"vfb-text  vfb-medium   \" \/><\/li><\/ul>&nbsp;<\/fieldset><fieldset class=\"vfb-fieldset vfb-fieldset-2 verifizierung \" id=\"item-vfb-336\" style=\"display:block\"><div class=\"vfb-legend\"><h3>Verifizierung<\/h3><\/div><ul class=\"vfb-section vfb-section-2\"><li class=\"vfb-item vfb-item-secret\"  style=\"display:block\"><label for=\"vfb-337\" class=\"vfb-desc\">Bitte geben Sie zwei beliebige Ziffern ein <span class=\"vfb-required-asterisk\">*<\/span><\/label><input type=\"hidden\" name=\"_vfb-secret\" value=\"vfb-337\" \/><span class=\"vfb-span\"><input type=\"text\" name=\"vfb-337\" id=\"vfb-337\" value=\"\" class=\"vfb-text  vfb-medium  required {digits:true,maxlength:2,minlength:2} \" style=\"display:block\" \/><label>Beispiel: 12<\/label><\/span><li style=\"display:none;\"><label>This box is for spam protection - &lt;strong&gt;please leave it blank&lt;\/strong&gt;:<\/label><div><input name=\"vfb-spam\" \/><\/div><\/li>\n\t\t\t<li class=\"vfb-item vfb-item-submit\" id=\"item-vfb-338\">\n\t\t\t\t<input type=\"submit\" name=\"vfb-submit\" id=\"vfb-338\" value=\"Kostenlose Leseprobe\" class=\"vfb-submit  button-leseprobe\" \/>\n\t\t\t\t<\/li><\/ul>\n\t\t\t<\/fieldset><input type=\"hidden\" name=\"_wp_http_referer\" value=\"\/de\/wp-json\/wp\/v2\/pages\/45450\" \/><\/form><\/div> <!-- .visual-form-builder-container -->\n<p>&nbsp;<\/p>\n<div class=\"call-to-action-bar-wrapper no-excerpt\">\n<div class=\"call-to-action-bar\">\n<h3><strong>Bericht als PDF f\u00fcr 35,- \u20ac herunterladen &gt;<\/strong><\/h3>\n<p><a href=\"https:\/\/shop.eir.de\/produkt\/die-neue-seidenstrasse-wird-zur-weltlandbruecke-pdf\/\" class=\"custom-button medium\">Bestellen<\/a><\/div>\n<\/div>\n<p>&nbsp;<\/p>\n<div class=\"call-to-action-bar-wrapper no-excerpt\">\n<div class=\"call-to-action-bar\">\n<h3><strong>Bericht als Printausgabe f\u00fcr 50,- \u20ac zzgl. Versand &gt;<\/strong><\/h3>\n<p><a href=\"https:\/\/shop.eir.de\/produkt\/die-neue-seidenstrasse-wird-zur-weltlandbruecke\/\" class=\"custom-button medium\">Bestellen<\/a><\/div>\n<\/div>\n<p>&nbsp;<\/p>\n<p>&nbsp;<\/p>\n<div class=\"small-title\">\n<h3>Rezensionen<\/h3>\n<div class=\"long-bar\"><\/div>\n<\/div>\n<div class=\"testimonial-container\">\n<div class=\"testimonial-content\" style=\"\">\n<p>\n&#8222;In diesem Bericht geht es darum, die Zukunft zu prognostizieren, anstatt nur die Vergangenheit zu erkl\u00e4ren.&#8220;\n<\/p>\n<div class=\"triangle\" style=\"\"><\/div>\n<\/div>\n<div class=\"testimonial-meta\"><span class=\"testimonial-person\"><strong>Liu Ying<\/strong>, Direktor f\u00fcr Kooperative Forschung, Chongyang Institute<\/span><\/div>\n<\/div>\n<div class=\"testimonial-container\">\n<div class=\"testimonial-content\" style=\"\">\n<p>\n&#8222;Geopolitik hat zur heutigen gef\u00e4hrlichen Lage gef\u00fchrt. Das Ziel dieses Berichtes ist es, ein Konzept zu entwickeln, da\u00df die Geopolitik abl\u00f6st. Ein solches Konzept habe ich in diesem Buch gefunden. Auf der anderen Seite ist der wirtschaftliche Aspekt des Berichtes, welcher den Fokus auf den Bau von Infrastruktur setzt. Wir m\u00fcssen den Infrastrukturbedarf anderer L\u00e4nder betrachten. Ich bin zuversichtlich \u00fcber die Entwicklung der Landbr\u00fccke und denke, Frau LaRouche hat mit ihren Ideen gro\u00dfen Fortschritt gemacht.&#8220;\n<\/p>\n<div class=\"triangle\" style=\"\"><\/div>\n<\/div>\n<div class=\"testimonial-meta\"><span class=\"testimonial-person\"><strong>Prof. Shi Ze<\/strong>, China Institute of International Studies<\/span><\/div>\n<\/div>\n<div class=\"testimonial-container\">\n<div class=\"testimonial-content\" style=\"\">\n<p>\n&#8222;Ohne &#8222;New Deal&#8220;-\u00e4hnliche, gro\u00df angelegte \u00f6ffentliche Investitionen, um wirtschaftliche Infrastruktur zu bauen und\/oder zu verbessern, was die Basis f\u00fcr den n\u00e4chsten Schritt der wirtschaftlichen Entwicklung f\u00fcr die ganze Menschheit w\u00e4re, wird die Realwirtschaft der Welt nicht stimuliert. Von diesem Gesichtspunkt enth\u00e4lt dieser Bericht essentielle Elemente f\u00fcr die Welt, um aus der jetzigen Situation herauszukommen und eine Aufspaltung zwischen L\u00e4ndern zu verhindern. Aus diesem Grund bef\u00fcrworte ich diesen Bericht sehr.&#8220;\n<\/p>\n<div class=\"triangle\" style=\"\"><\/div>\n<\/div>\n<div class=\"testimonial-meta\"><span class=\"testimonial-person\"><strong>Daisuke Kotegawa<\/strong>, ehem. Direktor Japans beim IWF, Direktor des CANON Institute for Global Studies<\/span><\/div>\n<\/div>\n<div class=\"testimonial-container\">\n<div class=\"testimonial-content\" style=\"\">\n<p>\n&#8222;Diese Seidenstra\u00dfe hat nichts mit Militarismus zu tun. Diese Seidenstra\u00dfe ist vorgesehen, um den asiatischen und europ\u00e4ischen Kontinent durch Eurasien wirtschaftlich zu vereinen &#8211; es w\u00e4re ein System von Eisenbahntransport, Stra\u00dfen, Investitionen und w\u00fcrde durch s\u00fcdlich vertikale Verl\u00e4ngerungen nach Arabien und Iran ausgeweitet. Schauen Sie den gesamten Plan an, Executive Intelligence Review (E.I.R.) hat ein Buch dazu herausgebracht, das mit seinen Details einfach fantastisch ist. Dieser Bericht ist die Geschichte des 21. Jahrhunderts, wie sie sein sollte.&#8220;\n<\/p>\n<div class=\"triangle\" style=\"\"><\/div>\n<\/div>\n<div class=\"testimonial-meta\"><span class=\"testimonial-person\"><strong>Mike Gravel<\/strong>, ehem. US-Senator aus Alaska<\/span><\/div>\n<\/div>\n<p>&nbsp;<\/p>\n<p>&nbsp;<\/p>\n<!-- AddThis Advanced Settings generic via filter on the_content --><!-- AddThis Share Buttons generic via filter on the_content -->","protected":false},"excerpt":{"rendered":"<p>&nbsp; Die Neue Seidenstra\u00dfe wird zur Weltlandbr\u00fccke &nbsp; Die umfassende Studie zu Chinas Megaprojekt\u00a0Neue Seidenstra\u00dfe (Belt &amp; Road Initiative) und dessen Transformation in eine globale Weltlandbr\u00fccke als internationale Entwicklungs- und Friedensperspektive. Der Bericht ist nichts weniger als ein konzeptioneller \u201eFahrplan\u201c zu einer neuen Weltwirtschaftsordnung und&hellip;<!-- AddThis Advanced Settings generic via filter on get_the_excerpt --><!-- AddThis Share Buttons generic via filter on get_the_excerpt --><\/p>\n","protected":false},"author":15,"featured_media":0,"parent":0,"menu_order":0,"comment_status":"closed","ping_status":"closed","template":"template_fullwidth.php","meta":{"_lmt_disableupdate":"","_lmt_disable":"","footnotes":""},"categories":[],"tags":[],"class_list":["post-45450","page","type-page","status-publish","hentry"],"featured_image_src":null,"_links":{"self":[{"href":"https:\/\/schillerinstitute.com\/de\/wp-json\/wp\/v2\/pages\/45450","targetHints":{"allow":["GET"]}}],"collection":[{"href":"https:\/\/schillerinstitute.com\/de\/wp-json\/wp\/v2\/pages"}],"about":[{"href":"https:\/\/schillerinstitute.com\/de\/wp-json\/wp\/v2\/types\/page"}],"author":[{"embeddable":true,"href":"https:\/\/schillerinstitute.com\/de\/wp-json\/wp\/v2\/users\/15"}],"replies":[{"embeddable":true,"href":"https:\/\/schillerinstitute.com\/de\/wp-json\/wp\/v2\/comments?post=45450"}],"version-history":[{"count":32,"href":"https:\/\/schillerinstitute.com\/de\/wp-json\/wp\/v2\/pages\/45450\/revisions"}],"predecessor-version":[{"id":51265,"href":"https:\/\/schillerinstitute.com\/de\/wp-json\/wp\/v2\/pages\/45450\/revisions\/51265"}],"wp:attachment":[{"href":"https:\/\/schillerinstitute.com\/de\/wp-json\/wp\/v2\/media?parent=45450"}],"wp:term":[{"taxonomy":"category","embeddable":true,"href":"https:\/\/schillerinstitute.com\/de\/wp-json\/wp\/v2\/categories?post=45450"},{"taxonomy":"post_tag","embeddable":true,"href":"https:\/\/schillerinstitute.com\/de\/wp-json\/wp\/v2\/tags?post=45450"}],"curies":[{"name":"wp","href":"https:\/\/api.w.org\/{rel}","templated":true}]}}