{"id":45235,"date":"2018-01-27T19:38:47","date_gmt":"2018-01-27T18:38:47","guid":{"rendered":"http:\/\/newparadigm.schillerinstitute.com\/?page_id=45235\/"},"modified":"2021-09-24T09:10:56","modified_gmt":"2021-09-24T13:10:56","slug":"berichterstattung","status":"publish","type":"page","link":"https:\/\/schillerinstitute.com\/de\/berichterstattung\/","title":{"rendered":"Berichterstattung"},"content":{"rendered":"<div class=\"big-title\">\n<div class=\"bar\"><\/div>\n<h2>Berichterstattung<strong>.<\/strong><\/h2>\n<p class=\"sub-title-empty\">&nbsp;<\/p>\n<\/div>\n<div class=\"cpt-alm-main\" id=\"cptalm_69e2061a0aea0\"><div class=\"cpt-alm-wrapper  cpt-alm-grid-1\" data-id=\"cptalm_69e2061a0aea0\"data-post-type=\"post\"data-post-status=\"publish\"data-posts-per-page=\"3\"data-init-load=\"6\"data-category=\"coverage-de,old-coverage,coverage\"data-category--and=\"\"data-category--not-in=\"\"data-tag=\"\"data-tag--and=\"\"data-tag--not-in=\"\"data-taxonomy=\"\"data-taxonomy-terms=\"\"data-taxonomy-operator=\"\"data-taxonomy-relation=\"\"data-order=\"DESC\"data-orderby=\"date\"data-offset=\"6\"data-template=\"default\"data-default-css=\"yes\"data-scroll=\"\"data-grid=\"1\"data-item-class=\"\"data-container-class=\"\"data-button-text=\"Load More\"data-button-color=\"#6bd298\"data-loading-style=\"normal\"data-loading-text=\"Loading...\"data-found-posts=\"78\"><div class=\"cpt-alm-item cpt-alm-col-12 \"><div class=\"cpt-list-box\">\r\n\t<div class=\"cpt-list-box-img\" style=\"background: url(https:\/\/schillerinstitute.com\/wp-content\/uploads\/2023\/05\/Helga.Zepp-LaRouche.-mic-e1683121640253.png)\">\r\n\t\t<a href=\"https:\/\/schillerinstitute.com\/de\/blog\/2024\/10\/23\/berliner-china-europa-konferenz-fuer-menschenrechte-helga-zepp-larouche-warnt-vor-der-gefahr-eines-atomkriegs\/\">\r\n\t\t\t<span class=\"cpt-list-details\">Read More<\/span>\r\n\t\t<\/a>\r\n\t<\/div>\r\n\t<div class=\"cpt-list-box-text\">\r\n\t\t<a href=\"https:\/\/schillerinstitute.com\/de\/blog\/2024\/10\/23\/berliner-china-europa-konferenz-fuer-menschenrechte-helga-zepp-larouche-warnt-vor-der-gefahr-eines-atomkriegs\/\"><h3>Berliner China-Europa-Konferenz f\u00fcr Menschenrechte: Helga Zepp-LaRouche warnt vor der Gefahr eines Atomkriegs<\/h3>\r\n\t\t\t<p>22. Oktober 2024 (EIRNS) \u2013 60 Wissenschaftler aus 16 L\u00e4ndern versammelten sich heute in Berlin zu einer Konferenz zum Thema \u201eDer Schutz neuer und aufkommender Rechte: Ansichten aus China und Europa\u201c. Eine der Hauptrednerinnen war Helga Zepp-La... <\/p>\r\n\t\t\t<div class=\"cpt-list-metainfo\">\r\n\t\t\t\t<div class=\"cpt-post-meta\">\r\n\t\t\t\t\t<span class=\"cpt-user\"><i class=\"cpt-icon cpt-user-icon\"><\/i> By tobi<\/span>\r\n\t\t\t\t\t<span class=\"cpt-comments\"><i class=\"cpt-icon cpt-comments-icon\"><\/i> No comments<\/span>\r\n\t\t\t\t<\/div>\r\n\t\t\t<\/div>\r\n\t\t<\/a>\r\n\t<\/div>\r\n\t<div class=\"clear\"><\/div>\r\n<\/div><\/div><div class=\"cpt-alm-item cpt-alm-col-12 \"><div class=\"cpt-list-box\">\r\n\t<div class=\"cpt-list-box-img\" style=\"background: url(https:\/\/schillerinstitute.com\/wp-content\/uploads\/2022\/12\/freedom-image-600x432.jpg)\">\r\n\t\t<a href=\"https:\/\/schillerinstitute.com\/de\/blog\/2022\/12\/12\/mexikos-journalistenclub-ehrt-schiller-institut-mit-preis-fuer-meinungsfreiheit-3\/\">\r\n\t\t\t<span class=\"cpt-list-details\">Read More<\/span>\r\n\t\t<\/a>\r\n\t<\/div>\r\n\t<div class=\"cpt-list-box-text\">\r\n\t\t<a href=\"https:\/\/schillerinstitute.com\/de\/blog\/2022\/12\/12\/mexikos-journalistenclub-ehrt-schiller-institut-mit-preis-fuer-meinungsfreiheit-3\/\"><h3>Mexikos Journalistenclub ehrt Schiller-Institut mit Preis f\u00fcr Meinungsfreiheit<\/h3>\r\n\t\t\t<p>Von Gerardo Castilleja Ch\u00e1vez und Gretchen Small Der Journalistenclub von Mexiko hat die Ergebnisse seines prestigetr\u00e4chtigen 70. nationalen und internationalen Journalistenwettbewerbs bekanntgegeben, bei dem 46 Auszeichnungen an mexikanische und i... <\/p>\r\n\t\t\t<div class=\"cpt-list-metainfo\">\r\n\t\t\t\t<div class=\"cpt-post-meta\">\r\n\t\t\t\t\t<span class=\"cpt-user\"><i class=\"cpt-icon cpt-user-icon\"><\/i> By madeleine<\/span>\r\n\t\t\t\t\t<span class=\"cpt-comments\"><i class=\"cpt-icon cpt-comments-icon\"><\/i> No comments<\/span>\r\n\t\t\t\t<\/div>\r\n\t\t\t<\/div>\r\n\t\t<\/a>\r\n\t<\/div>\r\n\t<div class=\"clear\"><\/div>\r\n<\/div><\/div><div class=\"cpt-alm-item cpt-alm-col-12 \"><div class=\"cpt-list-box\">\r\n\t<div class=\"cpt-list-box-img\" style=\"background: url(https:\/\/schillerinstitute.com\/wp-content\/uploads\/2022\/12\/HZL-Mexiko-600x600.jpeg)\">\r\n\t\t<a href=\"https:\/\/schillerinstitute.com\/de\/blog\/2022\/12\/09\/helga-zepp-larouche-zur-verleihung-des-preises-des-mexikanischen-journalistenclubs\/\">\r\n\t\t\t<span class=\"cpt-list-details\">Read More<\/span>\r\n\t\t<\/a>\r\n\t<\/div>\r\n\t<div class=\"cpt-list-box-text\">\r\n\t\t<a href=\"https:\/\/schillerinstitute.com\/de\/blog\/2022\/12\/09\/helga-zepp-larouche-zur-verleihung-des-preises-des-mexikanischen-journalistenclubs\/\"><h3>Helga Zepp-LaRouche zur Verleihung des Preises des mexikanischen Journalistenclubs<\/h3>\r\n\t\t\t<p>7. Dezember 2022 (EIRNS)&#8211;{Im Folgenden der Text einer kurzen Videobotschaft von Helga Zepp-LaRouche mit spanischen Untertiteln, die bei der Preisverleihung des mexikanischen Journalistenclubs am 7. Dezember 2022 abgespielt wurde.} Mein herzlich... <\/p>\r\n\t\t\t<div class=\"cpt-list-metainfo\">\r\n\t\t\t\t<div class=\"cpt-post-meta\">\r\n\t\t\t\t\t<span class=\"cpt-user\"><i class=\"cpt-icon cpt-user-icon\"><\/i> By madeleine<\/span>\r\n\t\t\t\t\t<span class=\"cpt-comments\"><i class=\"cpt-icon cpt-comments-icon\"><\/i> No comments<\/span>\r\n\t\t\t\t<\/div>\r\n\t\t\t<\/div>\r\n\t\t<\/a>\r\n\t<\/div>\r\n\t<div class=\"clear\"><\/div>\r\n<\/div><\/div><div class=\"cpt-alm-item cpt-alm-col-12 \"><div class=\"cpt-list-box\">\r\n\t<div class=\"cpt-list-box-img\" style=\"background: url(https:\/\/schillerinstitute.com\/wp-content\/uploads\/2022\/12\/Journalistenpreis-600x600.jpeg)\">\r\n\t\t<a href=\"https:\/\/schillerinstitute.com\/de\/blog\/2022\/12\/09\/mexikos-journalistenclub-ehrt-schiller-institut-mit-preis-fuer-meinungsfreiheit\/\">\r\n\t\t\t<span class=\"cpt-list-details\">Read More<\/span>\r\n\t\t<\/a>\r\n\t<\/div>\r\n\t<div class=\"cpt-list-box-text\">\r\n\t\t<a href=\"https:\/\/schillerinstitute.com\/de\/blog\/2022\/12\/09\/mexikos-journalistenclub-ehrt-schiller-institut-mit-preis-fuer-meinungsfreiheit\/\"><h3>Mexikos Journalistenclub ehrt Schiller-Institut mit Preis f\u00fcr Meinungsfreiheit<\/h3>\r\n\t\t\t<p>7. Dez. 2022 (EIRNS)&#8211;Der mexikanische Journalistenclub gab heute die Ergebnisse seines 70. nationalen und internationalen Journalistenwettbewerbs bekannt und zeichnete mexikanische und internationale Journalisten, Medien und Institutionen aus, ... <\/p>\r\n\t\t\t<div class=\"cpt-list-metainfo\">\r\n\t\t\t\t<div class=\"cpt-post-meta\">\r\n\t\t\t\t\t<span class=\"cpt-user\"><i class=\"cpt-icon cpt-user-icon\"><\/i> By madeleine<\/span>\r\n\t\t\t\t\t<span class=\"cpt-comments\"><i class=\"cpt-icon cpt-comments-icon\"><\/i> No comments<\/span>\r\n\t\t\t\t<\/div>\r\n\t\t\t<\/div>\r\n\t\t<\/a>\r\n\t<\/div>\r\n\t<div class=\"clear\"><\/div>\r\n<\/div><\/div><div class=\"cpt-alm-item cpt-alm-col-12 \"><div class=\"cpt-list-box\">\r\n\t<div class=\"cpt-list-box-img\" style=\"background: url(https:\/\/schillerinstitute.com\/wp-content\/uploads\/2022\/12\/Helga-on-Russian-TV-Talk-program_2022-600x600.png)\">\r\n\t\t<a href=\"https:\/\/schillerinstitute.com\/de\/blog\/2022\/12\/09\/soloviev-live-interviewt-helga-zepp-larouche-zu-zehn-prinzipien\/\">\r\n\t\t\t<span class=\"cpt-list-details\">Read More<\/span>\r\n\t\t<\/a>\r\n\t<\/div>\r\n\t<div class=\"cpt-list-box-text\">\r\n\t\t<a href=\"https:\/\/schillerinstitute.com\/de\/blog\/2022\/12\/09\/soloviev-live-interviewt-helga-zepp-larouche-zu-zehn-prinzipien\/\"><h3>\u201eSoloviev Live&#8220; interviewt Helga Zepp-LaRouche zu zehn Prinzipien<\/h3>\r\n\t\t\t<p>7. Dezember 2022 (EIRNS)-Wladimir Solowojew hat am 7. Dezember ein 21-min\u00fctiges Interview mit Helga Zepp-LaRouche gesendet. Das Interview im englischen Original finden Sie hier. WLADIMIR SOLOWOJEW: Nun, leider war es das mit meinem Deutsch, wenn Sie... <\/p>\r\n\t\t\t<div class=\"cpt-list-metainfo\">\r\n\t\t\t\t<div class=\"cpt-post-meta\">\r\n\t\t\t\t\t<span class=\"cpt-user\"><i class=\"cpt-icon cpt-user-icon\"><\/i> By madeleine<\/span>\r\n\t\t\t\t\t<span class=\"cpt-comments\"><i class=\"cpt-icon cpt-comments-icon\"><\/i> No comments<\/span>\r\n\t\t\t\t<\/div>\r\n\t\t\t<\/div>\r\n\t\t<\/a>\r\n\t<\/div>\r\n\t<div class=\"clear\"><\/div>\r\n<\/div><\/div><div class=\"cpt-alm-item cpt-alm-col-12 \"><div class=\"cpt-list-box\">\r\n\t<div class=\"cpt-list-box-img\" style=\"background: url(https:\/\/schillerinstitute.com\/wp-content\/uploads\/2022\/08\/2022-08-05_The-Hindu_LHL_HZL-600x600.png)\">\r\n\t\t<a href=\"https:\/\/schillerinstitute.com\/de\/blog\/2022\/08\/08\/the-hindu-interview-mit-helga-zepp-larouche-schiller-institut-fordert-ein-neues-bretton-woods\/\">\r\n\t\t\t<span class=\"cpt-list-details\">Read More<\/span>\r\n\t\t<\/a>\r\n\t<\/div>\r\n\t<div class=\"cpt-list-box-text\">\r\n\t\t<a href=\"https:\/\/schillerinstitute.com\/de\/blog\/2022\/08\/08\/the-hindu-interview-mit-helga-zepp-larouche-schiller-institut-fordert-ein-neues-bretton-woods\/\"><h3>The Hindu: Interview mit Helga Zepp-LaRouche \u2013 Schiller-Institut fordert ein neues Bretton Woods<\/h3>\r\n\t\t\t<p>Aug. 6 (EIRNS)- Unter der \u00dcberschrift \u201eSchiller-Institut fordert neues Bretton Woods zur Beendigung von Krieg und Wirtschaftskrise\u201c ver\u00f6ffentlichte die f\u00fchrende indische Tageszeitung The Hindu am 6. August einen ausf\u00fchrlichen Artikel \u00fcber ei... <\/p>\r\n\t\t\t<div class=\"cpt-list-metainfo\">\r\n\t\t\t\t<div class=\"cpt-post-meta\">\r\n\t\t\t\t\t<span class=\"cpt-user\"><i class=\"cpt-icon cpt-user-icon\"><\/i> By madeleine<\/span>\r\n\t\t\t\t\t<span class=\"cpt-comments\"><i class=\"cpt-icon cpt-comments-icon\"><\/i> No comments<\/span>\r\n\t\t\t\t<\/div>\r\n\t\t\t<\/div>\r\n\t\t<\/a>\r\n\t<\/div>\r\n\t<div class=\"clear\"><\/div>\r\n<\/div><\/div><\/div>\r\n\t\t\t<div class=\"cpt-alm-read-more\">\r\n\t\t\t\t<div class=\"cpt-alm-loader cpt-custom-loader\"><div class=\"cpt-loading-icon loading-normal-inner\">\r\n\t\t\t\t<div><\/div><div><\/div><div><\/div><div><\/div><div><\/div><div><\/div><div><\/div><div><\/div><div><\/div><div><\/div><div><\/div><div><\/div><\/div><\/div>\r\n\t\t\t\t<a href=\"javascript:void(0)\" class=\"cpt-alm-btn-load-more\">\r\n\t\t\t\tLoad More\r\n\t\t\t\t<\/a>\r\n\t\t\t<\/div><\/div>\n<!-- AddThis Advanced Settings generic via filter on the_content --><!-- AddThis Share Buttons generic via filter on the_content -->","protected":false},"excerpt":{"rendered":"<p>Berichterstattung. &nbsp;<!-- AddThis Advanced Settings generic via filter on get_the_excerpt --><!-- AddThis Share Buttons generic via filter on get_the_excerpt --><\/p>\n","protected":false},"author":26,"featured_media":0,"parent":0,"menu_order":0,"comment_status":"closed","ping_status":"closed","template":"template_fullwidth.php","meta":{"_lmt_disableupdate":"no","_lmt_disable":"","footnotes":""},"categories":[],"tags":[],"class_list":["post-45235","page","type-page","status-publish","hentry"],"featured_image_src":null,"_links":{"self":[{"href":"https:\/\/schillerinstitute.com\/de\/wp-json\/wp\/v2\/pages\/45235","targetHints":{"allow":["GET"]}}],"collection":[{"href":"https:\/\/schillerinstitute.com\/de\/wp-json\/wp\/v2\/pages"}],"about":[{"href":"https:\/\/schillerinstitute.com\/de\/wp-json\/wp\/v2\/types\/page"}],"author":[{"embeddable":true,"href":"https:\/\/schillerinstitute.com\/de\/wp-json\/wp\/v2\/users\/26"}],"replies":[{"embeddable":true,"href":"https:\/\/schillerinstitute.com\/de\/wp-json\/wp\/v2\/comments?post=45235"}],"version-history":[{"count":2,"href":"https:\/\/schillerinstitute.com\/de\/wp-json\/wp\/v2\/pages\/45235\/revisions"}],"predecessor-version":[{"id":70858,"href":"https:\/\/schillerinstitute.com\/de\/wp-json\/wp\/v2\/pages\/45235\/revisions\/70858"}],"wp:attachment":[{"href":"https:\/\/schillerinstitute.com\/de\/wp-json\/wp\/v2\/media?parent=45235"}],"wp:term":[{"taxonomy":"category","embeddable":true,"href":"https:\/\/schillerinstitute.com\/de\/wp-json\/wp\/v2\/categories?post=45235"},{"taxonomy":"post_tag","embeddable":true,"href":"https:\/\/schillerinstitute.com\/de\/wp-json\/wp\/v2\/tags?post=45235"}],"curies":[{"name":"wp","href":"https:\/\/api.w.org\/{rel}","templated":true}]}}