{"id":43537,"date":"2017-12-01T17:19:16","date_gmt":"2017-12-01T16:19:16","guid":{"rendered":"http:\/\/newparadigm.schillerinstitute.com\/resolution-end-war-humanitarian-crisis-yemen\/"},"modified":"2017-12-02T13:35:14","modified_gmt":"2017-12-02T12:35:14","slug":"resolution-end-war-humanitarian-crisis-yemen","status":"publish","type":"page","link":"https:\/\/schillerinstitute.com\/de\/resolution-end-war-humanitarian-crisis-yemen\/","title":{"rendered":"Resolution: RESOLUTION ZUM KRIEG GEGEN JEMEN"},"content":{"rendered":"<p><em>26. 11. 2017<\/em><\/p>\n<p>Die Teilnehmer der Internationalen Konferenz des Schiller-Instituts, die am 25.-26. November 2017 in Bad Soden stattfand, verabschiedeten einstimmig die folgende Resolution \u00fcber den Krieg im Jemen.<\/p>\n<p>\u201eAngesichts der unbestreitbaren Tatsache, da\u00df der Krieg, den die von Saudi-Arabien angef\u00fchrte Koalition gegen den Jemen f\u00fchrt, eine beispiellose humanit\u00e4re Krise infolge der Bombardierung der Infrastruktur des Landes und der totalen See-, Land- und Luftblockade hervorgerufen hat, fordern wir:<\/p>\n<p>1. Einen sofortigen Waffenstillstand aller Parteien,<\/p>\n<p>2. Die Aufhebung der gegen das Land verh\u00e4ngten Blockade, besonders gegen den Hafen Hodeidah und den internationalen Flughafen von Sanaa, so da\u00df sofort humanit\u00e4re Hilfe ins Land kommen kann.<\/p>\n<p>3. R\u00fcckkehr zu dem nationalen Vers\u00f6hnungsproze\u00df und Dialog, der bereits im Gange war, aber vom Krieg unterbrochen wurde. (Dieser Verhandlungsproze\u00df mu\u00df unter dem Schirm der UNO nur von den nationalen Fraktionen des Jemens ohne Einmischung regionaler oder globaler M\u00e4chte, aber unter Aufsicht von Ru\u00dfland, China und den Vereinigten Staaten als Garanten der Umsetzung des Endergebnisses des Dialogs gef\u00fchrt werden.) Ziel der Verhandlungen ist es, eine politische L\u00f6sung f\u00fcr die Krise im Jemen zu finden.<\/p>\n<p>4. Unterst\u00fctzung f\u00fcr den Jemen beim raschen und umfassenden Wiederaufbau vor allem der Infrastruktur, um dem Land seine Existenzgrundlage zur\u00fcckzugeben, und die Integration des Jemens in die Belt and Road Initiative.<\/p>\n<div id=\"vfb-form-25\" class=\"visual-form-builder-container\"><form id=\"bad-soden-resolution-yemen-de-25\" class=\"visual-form-builder vfb-form-25 \" method=\"post\" enctype=\"multipart\/form-data\">\n\t  \t<input type=\"hidden\" name=\"form_id\" value=\"25\" \/><fieldset class=\"vfb-fieldset vfb-fieldset-1 unterschreiben-sie-die-resolution-hier \" id=\"item-vfb-324\"><div class=\"vfb-legend\"><h3>Unterschreiben Sie die Resolution hier!<\/h3><\/div><ul class=\"vfb-section vfb-section-1\"><li class=\"vfb-item vfb-item-text  \" id=\"item-vfb-328\"><label for=\"vfb-328\" class=\"vfb-desc\">Vorname  <span class=\"vfb-required-asterisk\">*<\/span><\/label><input type=\"text\" name=\"vfb-328\" id=\"vfb-328\" value=\"\" class=\"vfb-text  vfb-medium  required  \" \/><\/li><li class=\"vfb-item vfb-item-text  \" id=\"item-vfb-329\"><label for=\"vfb-329\" class=\"vfb-desc\">Nachname  <span class=\"vfb-required-asterisk\">*<\/span><\/label><input type=\"text\" name=\"vfb-329\" id=\"vfb-329\" value=\"\" class=\"vfb-text  vfb-medium  required  \" \/><\/li><li class=\"vfb-item vfb-item-email  \" id=\"item-vfb-330\"><label for=\"vfb-330\" class=\"vfb-desc\">Email <\/label><input type=\"email\" name=\"vfb-330\" id=\"vfb-330\" value=\"\" class=\"vfb-text  vfb-medium   email \" \/><\/li><li class=\"vfb-item vfb-item-phone  \" id=\"item-vfb-331\"><label for=\"vfb-331\" class=\"vfb-desc\">Telefon  <span class=\"vfb-required-asterisk\">*<\/span><\/label><input type=\"tel\" name=\"vfb-331\" id=\"vfb-331\" value=\"\" class=\"vfb-text  vfb-medium  required  phone \" \/><\/li><li class=\"vfb-item vfb-item-text  \" id=\"item-vfb-332\"><label for=\"vfb-332\" class=\"vfb-desc\">Titel\/Organisation <\/label><input type=\"text\" name=\"vfb-332\" id=\"vfb-332\" value=\"\" class=\"vfb-text  vfb-medium   \" \/><\/li><li class=\"vfb-item vfb-item-address  \" id=\"item-vfb-333\"><label class=\"vfb-desc\">Adresse  <span class=\"vfb-required-asterisk\">*<\/span><\/label><div><span class=\"vfb-full\"><input type=\"text\" name=\"vfb-333[address]\" id=\"vfb-333-address\" maxlength=\"150\" class=\"vfb-text vfb-medium  required \" \/><label for=\"vfb-333-address\">Street Address<\/label><\/span><span class=\"vfb-full\"><input type=\"text\" name=\"vfb-333[address-2]\" id=\"vfb-333-address-2\" maxlength=\"150\" class=\"vfb-text vfb-medium  \" \/><label for=\"vfb-333-address-2\">Apt, Suite, Bldg. (optional)<\/label><\/span><span class=\"vfb-left\"><input type=\"text\" name=\"vfb-333[city]\" id=\"vfb-333-city\" maxlength=\"150\" class=\"vfb-text vfb-medium  required \" \/><label for=\"vfb-333-city\">City<\/label><\/span><span class=\"vfb-right\"><input type=\"text\" name=\"vfb-333[state]\" id=\"vfb-333-state\" maxlength=\"150\" class=\"vfb-text vfb-medium  required \" \/><label for=\"vfb-333-state\">State \/ Province \/ Region<\/label><\/span><span class=\"vfb-left\"><input type=\"text\" name=\"vfb-333[zip]\" id=\"vfb-333-zip\" maxlength=\"150\" class=\"vfb-text vfb-medium  required \" \/><label for=\"vfb-333-zip\">Postal \/ Zip Code<\/label><\/span><span class=\"vfb-right\"><select name=\"vfb-333[country]\" class=\"vfb-select  required \" id=\"vfb-333-country\"><option value=\"\" selected='selected'><\/option><option value=\"Afghanistan\">Afghanistan<\/option><option value=\"Albania\">Albania<\/option><option value=\"Algeria\">Algeria<\/option><option value=\"Andorra\">Andorra<\/option><option value=\"Angola\">Angola<\/option><option value=\"Antigua and Barbuda\">Antigua and Barbuda<\/option><option value=\"Argentina\">Argentina<\/option><option value=\"Armenia\">Armenia<\/option><option value=\"Australia\">Australia<\/option><option value=\"Austria\">Austria<\/option><option value=\"Azerbaijan\">Azerbaijan<\/option><option value=\"Bahamas\">Bahamas<\/option><option value=\"Bahrain\">Bahrain<\/option><option value=\"Bangladesh\">Bangladesh<\/option><option value=\"Barbados\">Barbados<\/option><option value=\"Belarus\">Belarus<\/option><option value=\"Belgium\">Belgium<\/option><option value=\"Belize\">Belize<\/option><option value=\"Benin\">Benin<\/option><option value=\"Bhutan\">Bhutan<\/option><option value=\"Bolivia\">Bolivia<\/option><option value=\"Bosnia and Herzegovina\">Bosnia and Herzegovina<\/option><option value=\"Botswana\">Botswana<\/option><option value=\"Brazil\">Brazil<\/option><option value=\"Brunei\">Brunei<\/option><option value=\"Bulgaria\">Bulgaria<\/option><option value=\"Burkina Faso\">Burkina Faso<\/option><option value=\"Burundi\">Burundi<\/option><option value=\"Cambodia\">Cambodia<\/option><option value=\"Cameroon\">Cameroon<\/option><option value=\"Canada\">Canada<\/option><option value=\"Cape Verde\">Cape Verde<\/option><option value=\"Central African Republic\">Central African Republic<\/option><option value=\"Chad\">Chad<\/option><option value=\"Chile\">Chile<\/option><option value=\"China\">China<\/option><option value=\"Colombia\">Colombia<\/option><option value=\"Comoros\">Comoros<\/option><option value=\"Congo (Brazzaville)\">Congo (Brazzaville)<\/option><option value=\"Congo\">Congo<\/option><option value=\"Costa Rica\">Costa Rica<\/option><option value=\"Cote d\\'Ivoire\">Cote d\\'Ivoire<\/option><option value=\"Croatia\">Croatia<\/option><option value=\"Cuba\">Cuba<\/option><option value=\"Cyprus\">Cyprus<\/option><option value=\"Czech Republic\">Czech Republic<\/option><option value=\"Denmark\">Denmark<\/option><option value=\"Djibouti\">Djibouti<\/option><option value=\"Dominica\">Dominica<\/option><option value=\"Dominican Republic\">Dominican Republic<\/option><option value=\"East Timor (Timor Timur)\">East Timor (Timor Timur)<\/option><option value=\"Ecuador\">Ecuador<\/option><option value=\"Egypt\">Egypt<\/option><option value=\"El Salvador\">El Salvador<\/option><option value=\"Equatorial Guinea\">Equatorial Guinea<\/option><option value=\"Eritrea\">Eritrea<\/option><option value=\"Estonia\">Estonia<\/option><option value=\"Ethiopia\">Ethiopia<\/option><option value=\"Fiji\">Fiji<\/option><option value=\"Finland\">Finland<\/option><option value=\"France\">France<\/option><option value=\"Gabon\">Gabon<\/option><option value=\"Gambia, The\">Gambia, The<\/option><option value=\"Georgia\">Georgia<\/option><option value=\"Germany\">Germany<\/option><option value=\"Ghana\">Ghana<\/option><option value=\"Greece\">Greece<\/option><option value=\"Grenada\">Grenada<\/option><option value=\"Guatemala\">Guatemala<\/option><option value=\"Guinea\">Guinea<\/option><option value=\"Guinea-Bissau\">Guinea-Bissau<\/option><option value=\"Guyana\">Guyana<\/option><option value=\"Haiti\">Haiti<\/option><option value=\"Honduras\">Honduras<\/option><option value=\"Hungary\">Hungary<\/option><option value=\"Iceland\">Iceland<\/option><option value=\"India\">India<\/option><option value=\"Indonesia\">Indonesia<\/option><option value=\"Iran\">Iran<\/option><option value=\"Iraq\">Iraq<\/option><option value=\"Ireland\">Ireland<\/option><option value=\"Israel\">Israel<\/option><option value=\"Italy\">Italy<\/option><option value=\"Jamaica\">Jamaica<\/option><option value=\"Japan\">Japan<\/option><option value=\"Jordan\">Jordan<\/option><option value=\"Kazakhstan\">Kazakhstan<\/option><option value=\"Kenya\">Kenya<\/option><option value=\"Kiribati\">Kiribati<\/option><option value=\"Korea, North\">Korea, North<\/option><option value=\"Korea, South\">Korea, South<\/option><option value=\"Kuwait\">Kuwait<\/option><option value=\"Kyrgyzstan\">Kyrgyzstan<\/option><option value=\"Laos\">Laos<\/option><option value=\"Latvia\">Latvia<\/option><option value=\"Lebanon\">Lebanon<\/option><option value=\"Lesotho\">Lesotho<\/option><option value=\"Liberia\">Liberia<\/option><option value=\"Libya\">Libya<\/option><option value=\"Liechtenstein\">Liechtenstein<\/option><option value=\"Lithuania\">Lithuania<\/option><option value=\"Luxembourg\">Luxembourg<\/option><option value=\"Macedonia\">Macedonia<\/option><option value=\"Madagascar\">Madagascar<\/option><option value=\"Malawi\">Malawi<\/option><option value=\"Malaysia\">Malaysia<\/option><option value=\"Maldives\">Maldives<\/option><option value=\"Mali\">Mali<\/option><option value=\"Malta\">Malta<\/option><option value=\"Marshall Islands\">Marshall Islands<\/option><option value=\"Mauritania\">Mauritania<\/option><option value=\"Mauritius\">Mauritius<\/option><option value=\"Mexico\">Mexico<\/option><option value=\"Micronesia\">Micronesia<\/option><option value=\"Moldova\">Moldova<\/option><option value=\"Monaco\">Monaco<\/option><option value=\"Mongolia\">Mongolia<\/option><option value=\"Montenegro\">Montenegro<\/option><option value=\"Morocco\">Morocco<\/option><option value=\"Mozambique\">Mozambique<\/option><option value=\"Myanmar\">Myanmar<\/option><option value=\"Namibia\">Namibia<\/option><option value=\"Nauru\">Nauru<\/option><option value=\"Nepal\">Nepal<\/option><option value=\"Netherlands\">Netherlands<\/option><option value=\"New Zealand\">New Zealand<\/option><option value=\"Nicaragua\">Nicaragua<\/option><option value=\"Niger\">Niger<\/option><option value=\"Nigeria\">Nigeria<\/option><option value=\"Norway\">Norway<\/option><option value=\"Oman\">Oman<\/option><option value=\"Pakistan\">Pakistan<\/option><option value=\"Palestinian Territory\">Palestinian Territory<\/option><option value=\"Palau\">Palau<\/option><option value=\"Panama\">Panama<\/option><option value=\"Papua New Guinea\">Papua New Guinea<\/option><option value=\"Paraguay\">Paraguay<\/option><option value=\"Peru\">Peru<\/option><option value=\"Philippines\">Philippines<\/option><option value=\"Poland\">Poland<\/option><option value=\"Portugal\">Portugal<\/option><option value=\"Qatar\">Qatar<\/option><option value=\"Romania\">Romania<\/option><option value=\"Russia\">Russia<\/option><option value=\"Rwanda\">Rwanda<\/option><option value=\"Saint Kitts and Nevis\">Saint Kitts and Nevis<\/option><option value=\"Saint Lucia\">Saint Lucia<\/option><option value=\"Saint Vincent\">Saint Vincent<\/option><option value=\"Samoa\">Samoa<\/option><option value=\"San Marino\">San Marino<\/option><option value=\"Sao Tome and Principe\">Sao Tome and Principe<\/option><option value=\"Saudi Arabia\">Saudi Arabia<\/option><option value=\"Senegal\">Senegal<\/option><option value=\"Serbia\">Serbia<\/option><option value=\"Seychelles\">Seychelles<\/option><option value=\"Sierra Leone\">Sierra Leone<\/option><option value=\"Singapore\">Singapore<\/option><option value=\"Slovakia\">Slovakia<\/option><option value=\"Slovenia\">Slovenia<\/option><option value=\"Solomon Islands\">Solomon Islands<\/option><option value=\"Somalia\">Somalia<\/option><option value=\"South Africa\">South Africa<\/option><option value=\"Spain\">Spain<\/option><option value=\"Sri Lanka\">Sri Lanka<\/option><option value=\"Sudan\">Sudan<\/option><option value=\"Suriname\">Suriname<\/option><option value=\"Swaziland\">Swaziland<\/option><option value=\"Sweden\">Sweden<\/option><option value=\"Switzerland\">Switzerland<\/option><option value=\"Syria\">Syria<\/option><option value=\"Taiwan\">Taiwan<\/option><option value=\"Tajikistan\">Tajikistan<\/option><option value=\"Tanzania\">Tanzania<\/option><option value=\"Thailand\">Thailand<\/option><option value=\"Togo\">Togo<\/option><option value=\"Tonga\">Tonga<\/option><option value=\"Trinidad and Tobago\">Trinidad and Tobago<\/option><option value=\"Tunisia\">Tunisia<\/option><option value=\"Turkey\">Turkey<\/option><option value=\"Turkmenistan\">Turkmenistan<\/option><option value=\"Tuvalu\">Tuvalu<\/option><option value=\"Uganda\">Uganda<\/option><option value=\"Ukraine\">Ukraine<\/option><option value=\"United Arab Emirates\">United Arab Emirates<\/option><option value=\"United Kingdom\">United Kingdom<\/option><option value=\"United States of America\">United States of America<\/option><option value=\"Uruguay\">Uruguay<\/option><option value=\"Uzbekistan\">Uzbekistan<\/option><option value=\"Vanuatu\">Vanuatu<\/option><option value=\"Vatican City\">Vatican City<\/option><option value=\"Venezuela\">Venezuela<\/option><option value=\"Vietnam\">Vietnam<\/option><option value=\"Western Sahara\">Western Sahara<\/option><option value=\"Western Samoa\">Western Samoa<\/option><option value=\"Yemen\">Yemen<\/option><option value=\"Zambia\">Zambia<\/option><option value=\"Zimbabwe\">Zimbabwe<\/option><\/select><label for=\"vfb-333-country\">Country<\/label><\/span><\/div><\/li><li class=\"vfb-item vfb-item-textarea  \" id=\"item-vfb-334\"><label for=\"vfb-334\" class=\"vfb-desc\">Kommentar <\/label><div><textarea name=\"vfb-334\" id=\"vfb-334\" class=\"vfb-textarea  vfb-medium  \"><\/textarea><\/div><\/li><\/ul>&nbsp;<\/fieldset><fieldset class=\"vfb-fieldset vfb-fieldset-2 verification \" id=\"item-vfb-325\" style=\"display:block\"><div class=\"vfb-legend\"><h3>Verification<\/h3><\/div><ul class=\"vfb-section vfb-section-2\"><li class=\"vfb-item vfb-item-secret\"  style=\"display:block\"><label for=\"vfb-326\" class=\"vfb-desc\">Please enter any two digits <span class=\"vfb-required-asterisk\">*<\/span><\/label><input type=\"hidden\" name=\"_vfb-secret\" value=\"vfb-326\" \/><span class=\"vfb-span\"><input type=\"text\" name=\"vfb-326\" id=\"vfb-326\" value=\"\" class=\"vfb-text  vfb-medium  required {digits:true,maxlength:2,minlength:2} \" style=\"display:block\" \/><label>Example: 12<\/label><\/span><li style=\"display:none;\"><label>This box is for spam protection - &lt;strong&gt;please leave it blank&lt;\/strong&gt;:<\/label><div><input name=\"vfb-spam\" \/><\/div><\/li>\n\t\t\t<li class=\"vfb-item vfb-item-submit\" id=\"item-vfb-327\">\n\t\t\t\t<input type=\"submit\" name=\"vfb-submit\" id=\"vfb-327\" value=\"Submit\" class=\"vfb-submit \" \/>\n\t\t\t\t<\/li><\/ul>\n\t\t\t<\/fieldset><input type=\"hidden\" name=\"_wp_http_referer\" value=\"\/de\/wp-json\/wp\/v2\/pages\/43537\" \/><\/form><\/div> <!-- .visual-form-builder-container -->\n<!-- AddThis Advanced Settings generic via filter on the_content --><!-- AddThis Share Buttons generic via filter on the_content -->","protected":false},"excerpt":{"rendered":"<p>26. 11. 2017 Die Teilnehmer der Internationalen Konferenz des Schiller-Instituts, die am 25.-26. November 2017 in Bad Soden stattfand, verabschiedeten einstimmig die folgende Resolution \u00fcber den Krieg im Jemen. \u201eAngesichts der unbestreitbaren Tatsache, da\u00df der Krieg, den die von Saudi-Arabien angef\u00fchrte Koalition gegen den Jemen&hellip;<!-- AddThis Advanced Settings generic via filter on get_the_excerpt --><!-- AddThis Share Buttons generic via filter on get_the_excerpt --><\/p>\n","protected":false},"author":15,"featured_media":0,"parent":0,"menu_order":0,"comment_status":"closed","ping_status":"closed","template":"","meta":{"_lmt_disableupdate":"","_lmt_disable":"","footnotes":""},"categories":[],"tags":[],"class_list":["post-43537","page","type-page","status-publish","hentry"],"featured_image_src":null,"_links":{"self":[{"href":"https:\/\/schillerinstitute.com\/de\/wp-json\/wp\/v2\/pages\/43537","targetHints":{"allow":["GET"]}}],"collection":[{"href":"https:\/\/schillerinstitute.com\/de\/wp-json\/wp\/v2\/pages"}],"about":[{"href":"https:\/\/schillerinstitute.com\/de\/wp-json\/wp\/v2\/types\/page"}],"author":[{"embeddable":true,"href":"https:\/\/schillerinstitute.com\/de\/wp-json\/wp\/v2\/users\/15"}],"replies":[{"embeddable":true,"href":"https:\/\/schillerinstitute.com\/de\/wp-json\/wp\/v2\/comments?post=43537"}],"version-history":[{"count":4,"href":"https:\/\/schillerinstitute.com\/de\/wp-json\/wp\/v2\/pages\/43537\/revisions"}],"predecessor-version":[{"id":43549,"href":"https:\/\/schillerinstitute.com\/de\/wp-json\/wp\/v2\/pages\/43537\/revisions\/43549"}],"wp:attachment":[{"href":"https:\/\/schillerinstitute.com\/de\/wp-json\/wp\/v2\/media?parent=43537"}],"wp:term":[{"taxonomy":"category","embeddable":true,"href":"https:\/\/schillerinstitute.com\/de\/wp-json\/wp\/v2\/categories?post=43537"},{"taxonomy":"post_tag","embeddable":true,"href":"https:\/\/schillerinstitute.com\/de\/wp-json\/wp\/v2\/tags?post=43537"}],"curies":[{"name":"wp","href":"https:\/\/api.w.org\/{rel}","templated":true}]}}