{"id":43420,"date":"2017-11-29T21:06:08","date_gmt":"2017-11-29T20:06:08","guid":{"rendered":"http:\/\/newparadigm.schillerinstitute.com\/fulfilling-dream-mankind-2\/"},"modified":"2017-12-28T14:17:41","modified_gmt":"2017-12-28T13:17:41","slug":"fulfilling-dream-mankind-2","status":"publish","type":"page","link":"https:\/\/schillerinstitute.com\/de\/fulfilling-dream-mankind-2\/","title":{"rendered":"Bad Soden \u2022 25.- 26. November 2017"},"content":{"rendered":"<div class=\"big-title\">\n<div class=\"bar\"><\/div>\n<h2>Grundsatzrede: <strong>Die Neue Seidenstra\u00dfe &#8211; ein neues Modell f\u00fcr die internationalen Beziehungen<\/strong><\/h2>\n<p class=\"sub-title-empty\">&nbsp;<\/p>\n<\/div>\n<p> 25 &#8211; 26 Nov<\/p>\n<div class=\"three-fourth\">\n<p><iframe loading=\"lazy\" width=\"960\" height=\"540\" src=\"https:\/\/www.youtube.com\/embed\/j6g723mIDFY?feature=oembed\" frameborder=\"0\" gesture=\"media\" allow=\"encrypted-media\" allowfullscreen><\/iframe><\/p>\n<\/div>\n<div class=\"one-fourth last\">\n<h3>Helga Zepp-LaRouche<\/h3>\n<p>Gr\u00fcnderin des internationalen Schiller-Instituts<\/p>\n<p>Die Er\u00f6ffnungsrede der internationalen Konferenz des Schiller-Instituts am 25.\/26. November 2017 in Deutschland.<\/p>\n<\/div>\n<div class=\"clearfix\"><\/div>\n<div class=\"hr\">\n<hr \/>\n<\/div>\n<div class=\"small-title\">\n<h3>Konferenz-Resolutionen<\/h3>\n<div class=\"long-bar\"><\/div>\n<\/div>\n<div class=\"toggle-container toggle-container-open\"><a href=\"#\" class=\"toggle\"><span class=\"toggle-sign\"><\/span><span class=\"toggle-title\">Europa mu\u00df 120 Millionen Menschen aus der Armut befreien &#8211; bis 2020!<\/span><\/a><\/p>\n<div class=\"toggle-content\">\n<p>Auf unserer Konferenz &#8218;Den Traum der Menschheit verwirklichen!&#8216; haben wir \u00fcber die unglaubliche Transformation der Welt gesprochen, die durch die chinesische Initiative der Neuen Seidenstra\u00dfe in Gang gesetzt wurde. Die Belt and Road Initiative hat Optimismus in Asien, Afrika, Lateinamerika, mehreren L\u00e4ndern in Europa und nach Pr\u00e4sident Trumps Staatsbesuch in China auch in mehreren Bundesstaaten der USA ausgel\u00f6st.<\/p>\n<p>Die Belt and Road Initiative bietet eine konkrete Perspektive, wie Armut und Unterentwicklung durch Investitionen in Infrastruktur, Industrie und Landwirtschaft auf Grundlage des wissenschaftlichen und technologischen Fortschritts \u00fcberwunden werden k\u00f6nnen. Die chinesische Regierung, die in den letzten 30 Jahren bereits 700 Mio. Menschen aus der Armut befreit hat, hat jetzt das Ziel vorgegeben, bis zum Jahr 2020 die verbleibenden 42 Mio. in Armut lebenden Chinesen aus ihrem Zustand zu holen und der gesamten chinesischen Bev\u00f6lkerung einen angemessenen Lebensstandard zu bieten.<\/p>\n<p>In der Europ\u00e4ischen Union leben etwa 120 Mio. Menschen unter der Armutsgrenze, gemessen an unseren eigenen Kriterien der Lebenshaltungskosten. Angesichts der Tatsache, da\u00df Europa immer noch wirtschaftlich stark ist, gibt es keinen einsichtigen Grund, warum Europa diese 120 Mio. Menschen nicht auch bis 2020 aus der Armut befreien kann.<\/p>\n<p>Der beste Weg f\u00fcr die EU dorthin w\u00e4re, da\u00df alle europ\u00e4ischen L\u00e4nder das chinesische Angebot annehmen, mit China in der Belt and Road Initiative auf \u201eWin-Win-Basis\u201c zusammenzuarbeiten. Wir, die Teilnehmer der Konferenz des Schiller-Instituts, rufen alle gew\u00e4hlten Amtstr\u00e4ger auf, sich diesem Appell an die europ\u00e4ischen Regierungen anzuschlie\u00dfen. Sollten wir in Europa nicht stolz genug sein, zu sagen: &#8218;Wenn die Chinesen das k\u00f6nnen, k\u00f6nnen wir das auch?<\/p>\n<p><a href=\"http:\/\/newparadigm.schillerinstitute.com\/de\/resolution-europe-must-end-poverty-120-million-poor-2020\/\" class=\"custom-button medium\">Unterschreiben Sie die Resolution hier &gt;&gt;<\/a> <a href=\"http:\/\/newparadigm.schillerinstitute.com\/wp-content\/uploads\/2017\/11\/2017_bad-soden_DE.pdf\" class=\"custom-button medium\" data-newwindow=\"true\" data-txtcolor=\"#fff\" data-bgcolor=\"#c56017\">PDF herunterladen<\/a><\/p>\n<\/div>\n<\/div>\n<div class=\"toggle-container\"><a href=\"#\" class=\"toggle\"><span class=\"toggle-sign\"><\/span><span class=\"toggle-title\">Resolution zum Krieg gegen Jemen<\/span><\/a><\/p>\n<div class=\"toggle-content\">\n<p>Die Teilnehmer der Internationalen Konferenz des Schiller-Instituts, die am 25.-26. November 2017 in Bad Soden stattfand, verabschiedeten einstimmig die folgende Resolution \u00fcber den Krieg im Jemen.<\/p>\n<p>\u201eAngesichts der unbestreitbaren Tatsache, da\u00df der Krieg, den die von Saudi-Arabien angef\u00fchrte Koalition gegen den Jemen f\u00fchrt, eine beispiellose humanit\u00e4re Krise infolge der Bombardierung der Infrastruktur des Landes und der totalen See-, Land- und Luftblockade hervorgerufen hat, fordern wir:<\/p>\n<p>1. Einen sofortigen Waffenstillstand aller Parteien,<\/p>\n<p>2. Die Aufhebung der gegen das Land verh\u00e4ngten Blockade, besonders gegen den Hafen Hodeidah und den internationalen Flughafen von Sanaa, so da\u00df sofort humanit\u00e4re Hilfe ins Land kommen kann.<\/p>\n<p>3. R\u00fcckkehr zu dem nationalen Vers\u00f6hnungsproze\u00df und Dialog, der bereits im Gange war, aber vom Krieg unterbrochen wurde. (Dieser Verhandlungsproze\u00df mu\u00df unter dem Schirm der UNO nur von den nationalen Fraktionen des Jemens ohne Einmischung regionaler oder globaler M\u00e4chte, aber unter Aufsicht von Ru\u00dfland, China und den Vereinigten Staaten als Garanten der Umsetzung des Endergebnisses des Dialogs gef\u00fchrt werden.) Ziel der Verhandlungen ist es, eine politische L\u00f6sung f\u00fcr die Krise im Jemen zu finden.<\/p>\n<p>4. Unterst\u00fctzung f\u00fcr den Jemen beim raschen und umfassenden Wiederaufbau vor allem der Infrastruktur, um dem Land seine Existenzgrundlage zur\u00fcckzugeben, und die Integration des Jemens in die Belt and Road Initiative.<\/p>\n<p><a href=\"http:\/\/newparadigm.schillerinstitute.com\/de\/resolution-end-war-humanitarian-crisis-yemen\/\/\" class=\"custom-button medium\">Unterschreiben Sie die Resolution hier &gt;&gt;<\/a> <a href=\"http:\/\/newparadigm.schillerinstitute.com\/wp-content\/uploads\/2017\/11\/2017_bad-soden_jemen_DE.pdf\" class=\"custom-button medium\" data-newwindow=\"true\" data-txtcolor=\"#fff\" data-bgcolor=\"#c56017\">PDF herunterladen<\/a><\/p>\n<\/div>\n<\/div>\n<p><a href=\"http:\/\/newparadigm.schillerinstitute.com\/wp-content\/uploads\/2017\/11\/konf-pgm_2017_de-2.pdf.pdf\" target=\"_blank\">Konferenzprogramm<\/a><\/p>\n<p>Alle Konferenzbeitr\u00e4ge werden in den n\u00e4chsten Tagen hier ver\u00f6ffentlicht.<\/p>\n<p><i>\u00a0<\/i><\/p>\n<!-- AddThis Advanced Settings generic via filter on the_content --><!-- AddThis Share Buttons generic via filter on the_content -->","protected":false},"excerpt":{"rendered":"<p>Grundsatzrede: Die Neue Seidenstra\u00dfe &#8211; ein neues Modell f\u00fcr die internationalen Beziehungen &nbsp; 25 &#8211; 26 Nov Helga Zepp-LaRouche Gr\u00fcnderin des internationalen Schiller-Instituts Die Er\u00f6ffnungsrede der internationalen Konferenz des Schiller-Instituts am 25.\/26. November 2017 in Deutschland. Konferenz-Resolutionen Europa mu\u00df 120 Millionen Menschen aus der Armut&hellip;<!-- AddThis Advanced Settings generic via filter on get_the_excerpt --><!-- AddThis Share Buttons generic via filter on get_the_excerpt --><\/p>\n","protected":false},"author":26,"featured_media":0,"parent":0,"menu_order":0,"comment_status":"closed","ping_status":"closed","template":"template_portfolio1column.php","meta":{"_lmt_disableupdate":"","_lmt_disable":"","footnotes":""},"categories":[],"tags":[],"class_list":["post-43420","page","type-page","status-publish","hentry"],"featured_image_src":null,"_links":{"self":[{"href":"https:\/\/schillerinstitute.com\/de\/wp-json\/wp\/v2\/pages\/43420","targetHints":{"allow":["GET"]}}],"collection":[{"href":"https:\/\/schillerinstitute.com\/de\/wp-json\/wp\/v2\/pages"}],"about":[{"href":"https:\/\/schillerinstitute.com\/de\/wp-json\/wp\/v2\/types\/page"}],"author":[{"embeddable":true,"href":"https:\/\/schillerinstitute.com\/de\/wp-json\/wp\/v2\/users\/26"}],"replies":[{"embeddable":true,"href":"https:\/\/schillerinstitute.com\/de\/wp-json\/wp\/v2\/comments?post=43420"}],"version-history":[{"count":15,"href":"https:\/\/schillerinstitute.com\/de\/wp-json\/wp\/v2\/pages\/43420\/revisions"}],"predecessor-version":[{"id":44601,"href":"https:\/\/schillerinstitute.com\/de\/wp-json\/wp\/v2\/pages\/43420\/revisions\/44601"}],"wp:attachment":[{"href":"https:\/\/schillerinstitute.com\/de\/wp-json\/wp\/v2\/media?parent=43420"}],"wp:term":[{"taxonomy":"category","embeddable":true,"href":"https:\/\/schillerinstitute.com\/de\/wp-json\/wp\/v2\/categories?post=43420"},{"taxonomy":"post_tag","embeddable":true,"href":"https:\/\/schillerinstitute.com\/de\/wp-json\/wp\/v2\/tags?post=43420"}],"curies":[{"name":"wp","href":"https:\/\/api.w.org\/{rel}","templated":true}]}}