{"id":41376,"date":"2017-05-15T13:28:53","date_gmt":"2017-05-15T11:28:53","guid":{"rendered":"http:\/\/newparadigm.schillerinstitute.com\/belt-road-forum-may-14-15-2017\/"},"modified":"2017-05-20T12:24:04","modified_gmt":"2017-05-20T10:24:04","slug":"belt-road-forum-may-14-15-2017","status":"publish","type":"page","link":"https:\/\/schillerinstitute.com\/de\/belt-road-forum-may-14-15-2017\/","title":{"rendered":"Belt and Road Forum: 14. &#8211; 15. Mai 2017"},"content":{"rendered":"<div class=\"big-title\">\n<div class=\"bar\"><\/div>\n<h2>Beijing BRI-Forum: <strong>Deutschland mu\u00df aktiver Partner der Neuen Seidenstra\u00dfe werden!<\/strong><\/h2>\n<p class=\"sub-title\">Pressemitteilung, 18.5.2017<\/p>\n<\/div>\n<p>W\u00e4hrend unter Teilnehmern der zweit\u00e4gigen Gipfelkonferenz zur Neuen Seidenstra\u00dfe in Beijing die politische Zur\u00fcckhaltung der Bundesregierung mit Verwunderung aufgenommen wurde, fand das engagierte Eintreten von Helga Zepp-LaRouche, der deutschen Pr\u00e4sidentin des internationalen Schiller-Instituts, f\u00fcr das Seidenstra\u00dfenprojekt breite Zustimmung. Am ersten Konferenztag nahm sie an der Podiumsdiskussion zum Thema \u201eG\u00fcrtel und Stra\u00dfe zur F\u00f6rderung einer starken, ausgeglichenen, inklusiven und tragf\u00e4higen Wirtschaft\u201c teil, und am zweiten Tag sprach sie beim 5. Global Think Tank Summit, der unter dem Thema stand: \u201eEinsichten sammeln zur F\u00f6rderung globalen Wachstums.\u201c<\/p>\n<div class=\"one-half\">\n<p>In ihrer Rede mit dem Titel \u201eDie Neue Seidenstra\u00dfe wird zur Weltlandbr\u00fccke\u201c, betonte Helga Zepp-LaRouche, man d\u00fcrfe das Gro\u00dfprojekt der Seidenstra\u00dfe \u201enicht aus der Sicht eines Buchhalters betrachten, der seinen statistischen Standpunkt von Kosten\/Nutzen in die Zukunft projiziert\u201c, sondern vielmehr als Vision f\u00fcr die \u201eGemeinschaft einer gemeinsamen Zukunft\u201c sehen. Diese Zukunft er\u00f6ffne f\u00fcr die Menschheit insgesamt die M\u00f6glichkeit, bisher unheilbare Krankheiten auf der Erde erfolgreich zu bek\u00e4mpfen, das globale Energieproblem \u00fcber die Entwicklung der Kernfusion zu l\u00f6sen, in den Weltraum auszugreifen und D\u00f6rfer auf dem Mond zu bauen. Neben dem zweifellos wichtigen infrastrukturellen und materiellen Aspekt mu\u00df die Neue Seidenstra\u00dfe so wie ihre antike Vorl\u00e4uferin, so Frau Zepp-LaRouche, auch \u201ezum Austausch der sch\u00f6nsten Ideale der Kulturen aller teilnehmenden Nationen f\u00fchren. Die wahre Bedeutung einer Win-Win-Kooperation ist \u2026 voller Freude andere Kulturen zu entdecken, die Sch\u00f6nheit der klassischen Musik, Poesie und Malerei kennenzulernen und dadurch unsere Liebe zur ganzen Menschheit zu st\u00e4rken.\u201c<\/p>\n<\/div>\n<div class=\"one-half last\">\n<div id=\"attachment_41426\" style=\"width: 470px\" class=\"wp-caption alignnone\"><a href=\"#CGTN\"><img loading=\"lazy\" decoding=\"async\" aria-describedby=\"caption-attachment-41426\" class=\"wp-image-41426\" src=\"http:\/\/newparadigm.schillerinstitute.com\/wp-content\/uploads\/2017\/05\/Helga-Zepp-LaRouche-on-CGTN.jpg\" alt=\"Helga-Zepp-LaRouche-on-CGTN\" width=\"460\" height=\"259\" srcset=\"https:\/\/schillerinstitute.com\/wp-content\/uploads\/2017\/05\/Helga-Zepp-LaRouche-on-CGTN.jpg 720w, https:\/\/schillerinstitute.com\/wp-content\/uploads\/2017\/05\/Helga-Zepp-LaRouche-on-CGTN-300x169.jpg 300w\" sizes=\"auto, (max-width: 460px) 100vw, 460px\" \/><\/a><p id=\"caption-attachment-41426\" class=\"wp-caption-text\">Am 15. Mai wurde Helga Zepp-LaRouche in der Fernsehsendung \u201eDialog mit Yang Rui\u201c des China Global Television Network unter dem Titel \u201eDer Beginn einer neuen \u00c4ra\u201c live zur besten Sendezeit interviewt<\/p><\/div>\n<\/div>\n<div class=\"clearfix\"><\/div>\n<p>Am 15. Mai wurde Helga Zepp-LaRouche in der Fernsehsendung <a href=\"#CGTN\"><strong><em>\u201eDialog mit Yang Rui\u201c<\/em><\/strong><\/a> des China Global Television Network unter dem Titel \u201eDer Beginn einer neuen \u00c4ra\u201c live zur besten Sendezeit interviewt und fa\u00dfte die Konferenz mit den Worten zusammen: \u201eGestern war ein phantastischer, ein historischer Moment. Wir befinden uns in einem Phasenwechsel f\u00fcr die Menschheit.\u201c Mit ihr im Studio war Su Ge, Pr\u00e4sident des China Institutes f\u00fcr Internationale Studien, das mit dem chinesischen Au\u00dfenministerium verbunden ist.<\/p>\n<div class=\"toggle-container\"><a href=\"#\" class=\"toggle\"><span class=\"toggle-sign\"><\/span><span class=\"toggle-title\">Weiterlesen<\/span><\/a><\/p>\n<div class=\"toggle-content\">\n<p>In einem weiteren, in deutscher Sprache ausgestrahlten Interview des Senders People Television wertete Helga Zepp-LaRouche die Konferenz als \u201edie wichtigste strategische Initiative auf diesem Planeten\u201c, was von den Menschen in Afrika, Asien und Lateinamerika auch so verstanden w\u00fcrde. Die starke Zur\u00fcckhaltung in Europa sei eine Ausnahme, die Bev\u00f6lkerung dort w\u00fcrde auch gar nicht \u00fcber die Bedeutung des Projekts und dieser Konferenz informiert. Besonders f\u00fcr Deutschland, das mit seinem produktiven Mittelstand sehr viel in den Ausbau der Neuen Seidenstra\u00dfe einbringen k\u00f6nne, sei dies nicht hinnehmbar. Das Schiller-Institut werde sich jedenfalls noch mehr als bisher f\u00fcr eine deutsche Rolle in dem Projekt engagieren. \u201eHeute ist Geschichte geschrieben worden, ein neues Kapitel der Menschheit ist aufgeschlagen worden\u201c, sagte Frau Zepp-LaRouche.<\/p>\n<p>In einem weiteren Interview mit Xinhua erkl\u00e4rte Helga Zepp-LaRouche am 14. Mai, die Neue Seidenstra\u00dfe werde \u201enicht nur wirtschaftlichen Wohlstand f\u00fcr alle teilnehmenden L\u00e4nder bringen, sondern auch als Grundlage f\u00fcr eines Friedensordnung des 21. Jahrhunderts dienen\u201c. Sie sei, so Frau Zepp-LaRouche, optimistisch, da\u00df schlie\u00dflich auch die bisherige Zur\u00fcckhaltung in Europa und den USA fallen werde, da\u00df man dort den Vorteil einer guten Zusammenarbeit mit China bei diesem Gro\u00dfprojekt der Menschheit auch f\u00fcr die eigene Wirtschaft erkennen werde.<\/p>\n<p>Wie aus Beijing zum Abschlu\u00df der Konferenz berichtet wurde, haben 68 L\u00e4nder entschieden, sich an der Seidenstra\u00dfe zu Land und zur See zu beteiligen, und obwohl die EU die Abschlu\u00dferkl\u00e4rung nicht unterzeichnen wollte, haben einige EU-Regierungen wie Tschechien, Griechenland, Ungarn, Italien und Spanien die Konferenztage zum Abschlu\u00df von konkreten Vereinbarungen oder von Absichtserkl\u00e4rungen zum Ausbau wirtschaftlich-kultureller Beziehungen zu China genutzt.<\/p>\n<p><em>F\u00fcr Interviewanfragen und weitere Informationen wenden Sie sich bitte an:<\/em><\/p>\n<p><em>Rainer Apel, 0611-7365122 (Wiesbaden); Leona Meyer, 01577-2993166 (Berlin); si@schiller-institut.de<\/em><\/p>\n<p><em>Reden und Interviews (englisch und deutsch) auf www.newparadigm.schillerinstitute.com<\/em><\/p>\n<\/div>\n<\/div>\n<p>&nbsp;<\/p>\n<div class=\"hr\">\n<hr \/>\n<\/div>\n<div class=\"big-title\">\n<div class=\"bar\"><\/div>\n<h2><strong>Helga Zepp-LaRouche beim Seidenstra\u00dfengipfel in Beijng: Interview mit PTV<\/strong><\/h2>\n<p class=\"sub-title\"><strong>16. Mai 2017<\/strong><\/p>\n<\/div>\n<div class=\"two-third\">\n<p><a href=\"http:\/\/tv.people.com.cn\/n1\/2017\/0516\/c177969-29278601.html\" target=\"_blank\"><img loading=\"lazy\" decoding=\"async\" class=\"alignnone wp-image-41379 size-full\" src=\"http:\/\/newparadigm.schillerinstitute.com\/wp-content\/uploads\/2017\/05\/Interveiw-mit-HZL-Deutsch.jpg\" alt=\"Interveiw-mit-HZL-Deutsch\" width=\"640\" height=\"360\" srcset=\"https:\/\/schillerinstitute.com\/wp-content\/uploads\/2017\/05\/Interveiw-mit-HZL-Deutsch.jpg 640w, https:\/\/schillerinstitute.com\/wp-content\/uploads\/2017\/05\/Interveiw-mit-HZL-Deutsch-300x169.jpg 300w\" sizes=\"auto, (max-width: 640px) 100vw, 640px\" \/><\/a><\/p>\n<\/div>\n<div class=\"one-third last\">\n<h3>Interview mit Helga Zepp-LaRouche von PTV (tv.people.com.cn)<\/h3>\n<p><strong>(auf Deutsch)<\/strong><\/p>\n<p><a href=\"http:\/\/tv.people.com.cn\/n1\/2017\/0516\/c177969-29278601.html\" class=\"custom-button medium\">Interview &gt;&gt;<\/a><\/p>\n<\/div>\n<div class=\"clearfix\"><\/div>\n<p><a name=\"CGTN\"><\/a><\/p>\n<div class=\"hr\">\n<hr \/>\n<\/div>\n<div class=\"big-title\">\n<div class=\"bar\"><\/div>\n<h2><strong>Helga Zepp-LaRouche in CGTN &#8218;Dialogue&#8216;<\/strong><\/h2>\n<p class=\"sub-title\"><strong>14. Mai 2017<\/strong><\/p>\n<\/div>\n<p><iframe loading=\"lazy\" width=\"960\" height=\"540\" src=\"https:\/\/www.youtube.com\/embed\/DBBi1Axcx-c?feature=oembed\" frameborder=\"0\" allowfullscreen><\/iframe><\/p>\n<p><strong>(auf Englisch)<\/strong><\/p>\n<div class=\"hr\">\n<hr \/>\n<\/div>\n<p><a href=\"http:\/\/newparadigm.schillerinstitute.com\/wp-content\/uploads\/2017\/05\/May-14-Agenda_BRF-Thematic-Session-on-Think-Tank-Exchanges.pdf\" class=\"custom-button medium\" data-newwindow=\"true\">BRF Agenda (pdf)<\/a> <a href=\"http:\/\/newparadigm.schillerinstitute.com\/wp-content\/uploads\/2017\/05\/May-15-Agenda_Global-Think-Tank-Summit.pdf\" class=\"custom-button medium\" data-newwindow=\"true\">The Fifth Global Think Tank Summit (pdf)<\/a><\/p>\n<h3>Helga Zepp-LaRouche, Vorsitzende des Schiller-Instituts, spricht beim Seidenstra\u00dfen-Forum in Bejing<\/h3>\n<p>Helga Zepp-LaRouche, die Vorsitzende des Schiller-Instituts, war am 14.-15. Mai geladene Rednerin bei den \u201eThemensitzungen f\u00fcr den Austausch zwischen Denkfabriken\u201d im Rahmen des G\u00fcrtel- und Stra\u00dfen-Forums. Am ersten Tag nahm sie teil an der Podiumsdiskussion zum Thema \u201eG\u00fcrtel und Stra\u00dfe zur F\u00f6rderung einer starken, ausgeglichenen, inklusiven und tragf\u00e4higen Weltwirtschaft\u201d, am zweiten Tag sprach sie beim 5. Global Think Tank Summit \u201eEinsichten sammeln zur F\u00f6rderung globalen Wachstums\u201d.<\/p>\n<p>In ihrer Rede sagte sie:<\/p>\n<p>\u201eIn den dreieinhalb Jahren, seit Pr\u00e4sident Xi Jinping sie 2013 ank\u00fcndigte, gibt es eine atemberaubende Dynamik der Neuen Seidenstra\u00dfe. Die G\u00fcrtel- und Stra\u00dfen-Initiative (BRI) hat offensichtlich das Potential, sich rasch zu einer Weltlandbr\u00fccke auszuweiten, die alle Kontinente durch Infrastruktur wie Tunnels und Br\u00fccken verbindet, verst\u00e4rkt durch die Maritime Seidenstra\u00dfe. Sie stellt daher eine neue Form der Globalisierung dar, die jedoch nicht von den Kriterien der Profitmaximierung f\u00fcr den Finanzsektor bestimmt ist, sondern von der harmonischen Entwicklung aller beteiligten L\u00e4nder auf der Grundlage der Win-Win-Kooperation.<\/p>\n<p>Deshalb ist es wichtig, die BRI nicht aus der Sicht eines Buchhalters zu betrachten, der seinen statistischen Standpunkt von Kosten\/Nutzen in die Zukunft projiziert, sondern da\u00df wir sie uns als eine ,Vision f\u00fcr die Gemeinschaft einer gemeinsamen Zukunft\u2019 vorstellen. Wo soll die Menschheit als ganze in zehn, hundert oder sogar tausend Jahren stehen? Ist es nicht das nat\u00fcrliche Schicksal der Menschheit &#8211; als die bisher einzige bekannte sch\u00f6pferische Spezies im Universum -, da\u00df wir D\u00f6rfer auf dem Mond bauen werden, da\u00df wir ein tieferes Verst\u00e4ndnis der Billionen Galaxien in unserem Universum entwickeln werden, die Probleme noch unheilbarer Krankheiten l\u00f6sen werden oder das Problem der Energie- und Rohstoffsicherheit durch die Entwicklung der Kernfusion l\u00f6sen werden? Indem wir uns auf die gemeinsamen Ziele der Menschheit konzentrieren, werden wir in der Lage sein, die Geopolitik zu \u00fcberwinden und auf eine h\u00f6here Ebene der Vernunft zum Vorteil aller Menschen aufzusteigen.<\/p>\n<div class=\"toggle-container\"><a href=\"#\" class=\"toggle\"><span class=\"toggle-sign\"><\/span><span class=\"toggle-title\">weiterlesen<\/span><\/a><\/p>\n<div class=\"toggle-content\">\n<p>&nbsp;<\/p>\n<p>Die Weltlandbr\u00fccke ist offensichtlich das ideale Projekt, um die landeingeschlossenen Bereiche unseres Planeten zu entwickeln. Die Kolonisierung des Weltraums wird die n\u00e4chste offensichtliche Phase der infrastrukturellen Erweiterung des menschlichen Habitats sein.\u201c<\/p>\n<p>Helga Zepp-LaRouche ging in ihrer Rede auch auf die Rolle der USA ein. Sie k\u00f6nnten ein zentraler Bestandteil eines Infrastrukturkorridors werden, der S\u00fcd- und Nordamerika und \u00fcber einen Tunnel unter der Beringstra\u00dfe mit dem eurasischen Transportsystem verbindet. Da Pr\u00e4sident Xi Pr\u00e4sident Trump eingeladen hat, sich der Seidenstra\u00dfeninitiative anzuschlie\u00dfen, sei jetzt ein Vorschlag auf dem Tisch, bei dem die USA ein Bestandteil der Weltlandbr\u00fccke werden kann. Man k\u00f6nne die 1,4 Billionen Dollar, die China in Form von US Staatsanleihen h\u00e4lt, in Infrastrukturkredite f\u00fcr die US Wirtschaft umwandeln.<\/p>\n<p>\u201eDie US-Wirtschaft w\u00fcrde durch Infrastruktur-Investitionen in diesem gro\u00dfen Ma\u00dfstab einen gewaltigen Aufschwung erleben und k\u00f6nnte ihrerseits auf den schnell wachsenden chinesischen Markt exportieren. Und wenn die Konkurrenz durch Kooperation ersetzt wird, sind die Gelegenheiten zu Gemeinschaftsunternehmungen der USA und Chinas in Drittl\u00e4ndern enorm.<\/p>\n<p>Da Pr\u00e4sident Trump seine Absicht erkl\u00e4rt hat, wieder das Amerikanische System der \u00d6konomie von Alexander Hamilton, Henry C. Carey und Abraham Lincoln einzuf\u00fchren, und auch Franklin D. Roosevelts Glass-Steagall-Gesetz, r\u00fcckt die M\u00f6glichkeit einer baldigen Gr\u00fcndung einer Nationalbank und eines Kreditsystems, um chinesische Mittel in Infrastrukturinvestitionen zu lenken, in greifbare N\u00e4he.\u201c<\/p>\n<p>Sie betonte, da\u00df es auch im Interesse der europ\u00e4ischen Nationen sei, sich an der BRI zu beteiligen:<\/p>\n<p>\u201eW\u00e4hrend mehr und mehr europ\u00e4ische Nationen &#8211; sowohl au\u00dferhalb als auch innerhalb der EU &#8211; die gewaltigen Potentiale der BRI erkennen und die Absicht zum Ausdruck bringen, Umschlagspl\u00e4tze f\u00fcr die eurasische Kooperation zu werden, blieb die EU selbst reserviert, um es diplomatisch auszudr\u00fccken.<\/p>\n<p>Es gibt jedoch eine gro\u00dfe Herausforderung, wo die Mitgliedstaaten der EU \u00fcberzeugt werden k\u00f6nnten, mit der BRI zu kooperieren, und das ist die Fl\u00fcchtlingskrise. Die einzige Grundlage, wie diese moralische Wunde Europas geheilt werden kann, ist die aktive Integration der europ\u00e4ischen Nationen in das Grand Design eines Entwicklungsplans f\u00fcr ganz Afrika mit Hilfe der BRI.<\/p>\n<p>Die positive neue Aussicht auf eine amerikanisch-russische Deeskalation und milit\u00e4rische Kooperation in Syrien, zusammen mit dem Astana-Proze\u00df, r\u00fcckt nun die Stabilisierung der gesamten Region ins Blickfeld. Es gibt bereits Angebote, die Neue Seidenstra\u00dfe nach S\u00fcdwestasien auszuweiten.\u201c<\/p>\n<p>Am Ende ihres Beitrages erkl\u00e4rte Frau LaRouche die tiefere Bedeutung der Weltlandbr\u00fccke:<\/p>\n<p>\u201eWenn die Initiative der Neuen Seidenstra\u00dfe zum Erfolg f\u00fchren soll, mu\u00df sie &#8211; wie es auch der antiken Seidenstra\u00dfe war &#8211; zum Austausch der sch\u00f6nsten Ideale der Kulturen aller teilnehmenden Nationen f\u00fchren. Die wahre Bedeutung einer Win-Win-Kooperation ist nicht nur der materielle Vorteil aus Infrastruktureller und industrieller Entwicklung, sondern, voller Freude andere Kulturen zu entdecken, die Sch\u00f6nheit ihrer klassischen Musik, Poesie und Malerei kennenzulernen und dadurch unsere Liebe zur ganzen Menschheit zu st\u00e4rken.<\/p>\n<p>W\u00e4hrend des Ausbaus der Weltlandbr\u00fccke werden alle Nationen gemeinsam studieren, wie man die Naturgesetze der Noosph\u00e4re auf die Schaffung dauerhafter Formen von Selbstverwaltung anwenden kann. Die Entwicklung der kreativ-geistigen F\u00e4higkeiten aller Menschen in allen Nationen werden den Menschen das Gef\u00fchl der Einheit und die Zielgerichtetheit geben, welche unsere Gattung wahrhaft menschlich machen wird. Wenn wir unsere Gesellschaften um wissenschaftliche und k\u00fcnstlerische Entdeckungen herum organisieren, werden wir unser Wissen dar\u00fcber vervollkommnen, wie wir kontinuierlich den Proze\u00df der Weiterentwicklung der Menschheit intellektuell, moralisch und \u00e4sthetisch voranbringen k\u00f6nnen. Wir werden unsere Freiheit in der Notwendigkeit finden und unsere Pflicht mit Leidenschaft erf\u00fcllen.\u201c<\/p>\n<\/div>\n<\/div>\n<p>&nbsp;<\/p>\n<p>&nbsp;<\/p>\n<p>&nbsp;<\/p>\n<p>&nbsp;<\/p>\n<p>&nbsp;<\/p>\n<!-- AddThis Advanced Settings generic via filter on the_content --><!-- AddThis Share Buttons generic via filter on the_content -->","protected":false},"excerpt":{"rendered":"<p>Beijing BRI-Forum: Deutschland mu\u00df aktiver Partner der Neuen Seidenstra\u00dfe werden! Pressemitteilung, 18.5.2017 W\u00e4hrend unter Teilnehmern der zweit\u00e4gigen Gipfelkonferenz zur Neuen Seidenstra\u00dfe in Beijing die politische Zur\u00fcckhaltung der Bundesregierung mit Verwunderung aufgenommen wurde, fand das engagierte Eintreten von Helga Zepp-LaRouche, der deutschen Pr\u00e4sidentin des internationalen Schiller-Instituts,&hellip;<!-- AddThis Advanced Settings generic via filter on get_the_excerpt --><!-- AddThis Share Buttons generic via filter on get_the_excerpt --><\/p>\n","protected":false},"author":15,"featured_media":0,"parent":0,"menu_order":0,"comment_status":"closed","ping_status":"closed","template":"template_fullwidth.php","meta":{"_lmt_disableupdate":"","_lmt_disable":"","footnotes":""},"categories":[],"tags":[],"class_list":["post-41376","page","type-page","status-publish","hentry"],"featured_image_src":null,"_links":{"self":[{"href":"https:\/\/schillerinstitute.com\/de\/wp-json\/wp\/v2\/pages\/41376","targetHints":{"allow":["GET"]}}],"collection":[{"href":"https:\/\/schillerinstitute.com\/de\/wp-json\/wp\/v2\/pages"}],"about":[{"href":"https:\/\/schillerinstitute.com\/de\/wp-json\/wp\/v2\/types\/page"}],"author":[{"embeddable":true,"href":"https:\/\/schillerinstitute.com\/de\/wp-json\/wp\/v2\/users\/15"}],"replies":[{"embeddable":true,"href":"https:\/\/schillerinstitute.com\/de\/wp-json\/wp\/v2\/comments?post=41376"}],"version-history":[{"count":0,"href":"https:\/\/schillerinstitute.com\/de\/wp-json\/wp\/v2\/pages\/41376\/revisions"}],"wp:attachment":[{"href":"https:\/\/schillerinstitute.com\/de\/wp-json\/wp\/v2\/media?parent=41376"}],"wp:term":[{"taxonomy":"category","embeddable":true,"href":"https:\/\/schillerinstitute.com\/de\/wp-json\/wp\/v2\/categories?post=41376"},{"taxonomy":"post_tag","embeddable":true,"href":"https:\/\/schillerinstitute.com\/de\/wp-json\/wp\/v2\/tags?post=41376"}],"curies":[{"name":"wp","href":"https:\/\/api.w.org\/{rel}","templated":true}]}}