{"id":34646,"date":"2016-06-28T12:39:00","date_gmt":"2016-06-28T10:39:00","guid":{"rendered":"http:\/\/newparadigm.schillerinstitute.com\/de\/conference-berlin-2016-june-25-26\/"},"modified":"2019-10-29T11:44:02","modified_gmt":"2019-10-29T10:44:02","slug":"conference-berlin-2016-june-25-26","status":"publish","type":"page","link":"https:\/\/schillerinstitute.com\/de\/conference-berlin-2016-june-25-26\/","title":{"rendered":"Conference Berlin 2016 June 25-26"},"content":{"rendered":"<p>&nbsp;<\/p>\n<div class=\"big-title\">\n<div class=\"bar\"><\/div>\n<h2>Presseerkl\u00e4rung<\/h2>\n<p class=\"sub-title\">\u201eF\u00fcr eine gemeinsame Zukunft der Menschheit und eine Renaissance der klassischen Kulturen\u201c<\/p>\n<\/div>\n<p>28. Juni 2016 \u2013 Auf der zweit\u00e4gigen internationalen Konferenz des Schiller-Instituts in Berlin versammelten sich mehr als 300 G\u00e4ste aus 24 Nationen und vier Kontinenten zu einem intensiven und fundierten Dialog dar\u00fcber, wie die unmittelbare Weltkriegsgefahr gestoppt und statt dessen ein neues Paradigma weltweiter Zusammenarbeit und Entwicklung auf Grundlage eines Dialogs der Zivilisationen und der einzigartigen menschlichen Kreativit\u00e4t geschaffen werden kann. Die Konferenzteilnehmer waren extrem besorgt \u00fcber die eskalierende geopolitische Konfrontation des Westens gegen Ru\u00dfland und China und die daraus resultierende Gefahr eines thermonuklearen Krieges. In einer Resolution forderten sie ein sofortiges Ende der Sanktionen gegen Ru\u00dfland und Syrien. Die Beendigung des Krieges in Syrien und der Wiederaufbau dieses kriegszerr\u00fctteten Landes wie auch der Gesamtregion S\u00fcdwestasiens war einer der Schwerpunkte der Konferenz. Sehr eindringlich \u00e4u\u00dferte sich hierzu per Videobotschaft Frau Dr. Bouthaina Shaaban, Beraterin und Sprecherin der Pr\u00e4sidentschaft der Syrischen Arabischen Republik, die anschlie\u00dfend per Livestream Fragen aus dem Publikum beantwortete.<\/p>\n<div class=\"toggle-container\"><a href=\"#\" class=\"toggle\"><span class=\"toggle-sign\"><\/span><span class=\"toggle-title\">weiterlesen<\/span><\/a><\/p>\n<div class=\"toggle-content\">\n<p>Die Konferenzteilnehmer waren auch zu einem gemeinsam von NICE e.V. und dem Schiller-Institut ausgerichteten \u201eMusikalischen Dialog der Kulturen\u201c eingeladen, der als Konzert mit freiem Eintritt in einer Gemeindekirche stattfand. Vor fast 500 Zuh\u00f6rern f\u00fchrten die Camerata Geminiani, der Chor des internationalen Schiller-Instituts und andere Musiker klassische Werke in der Verdi-Stimmung auf, und zwei weitere Ch\u00f6re pr\u00e4sentierten Volkslieder aus Ru\u00dfland, der Ukraine und China. Es wurde deutlich, da\u00df nur durch die Schaffung eines neuen Paradigmas f\u00fcr die Menschheit, eine Renaissance des Sch\u00f6nen, mit der die kulturellen H\u00f6hepunkte der jeweiligen Zivilisationen bekannt gemacht und gef\u00f6rdert werden, die Menschheit vor dem Abgrund gerettet werden kann.<\/p>\n<h3>Die Konferenz-Panels<\/h3>\n<p>Das erste von f\u00fcnf Panels \u201eDie strategische Krise ist gef\u00e4hrlicher als auf dem H\u00f6hepunkt des Kalten Krieges\u201c wurde eingeleitet von Helga Zepp-LaRouche, Gr\u00fcnderin und Pr\u00e4sidentin des Schiller-Instituts. Weitere Redner waren Chas Freeman, ehemaliger US-Botschafter in Saudi-Arabien, Oberst i.R. Alain Corvez, ehemaliger Berater des franz\u00f6sischen Verteidigungs- und Innenministeriums, OTL a.D. Ulrich Scholz, ehemaliger Luftwaffenoffizier, NATO-Planer und Dozent \u00fcber Luftkampff\u00fchrung, sowie der amerikanische \u00d6konom und Staatsmann Lyndon LaRouche.<\/p>\n<p>Sprecher des zweiten Panels \u201eDie Krise des transatlantischen Finanzsystems und ihre L\u00f6sung\u201c waren Jacques Cheminade, franz\u00f6sischer Pr\u00e4sidentschaftskandidat, Marco Zanni, Leiter der M5S-Delegation im Ausschu\u00df des Europaparlaments f\u00fcr Wirtschafts- und W\u00e4hrungsfragen, Daisuke Kotegawa vom Canon Institute und ehemaliger Vertreter Japans beim Weltw\u00e4hrungsfonds, und Leonidas Chrysanthopoulos, ehemaliger Botschafter Griechenlands in Polen, Kanada und Armenien und ehemaliger Generalsekret\u00e4r der Organisation f\u00fcr Schwarzmeer-Wirtschaftskooperation.<\/p>\n<p>Im dritten Panel \u201eDie Neue Seidenstra\u00dfe \u2013 Inbegriff des neuen Paradigma\u201c sprachen Dr. Ren Lin von der chinesischen Akademie f\u00fcr Sozialwissenschaften (CSS) mit der \u201eEin G\u00fcrtel, eine Stra\u00dfe\u201c-Politik Chinas als Forschungsschwerpunkt, S.E. Hamid Sidig, Botschafter und Au\u00dferordentlicher Repr\u00e4sentant der Islamischen Republik Afghanistan in Deutschland, und Egbert Drews, Vorstandsmitglied der Marwiko AG, Berlin.<\/p>\n<p>Die Konferenzberatungen am Sonntag setzten das Panel \u00fcber die Neue Seidenstra\u00dfe fort, mit besonderer Betonung der Syrien-Krise und der Notwendigkeit, die geopolitische Konfrontation und<\/p>\n<p>den vom Ausland finanzierten Terrorismus zu beenden. Nach einem vorbereiteten Videobeitrag \u00fcber die Lage in Syrien von Frau Dr. Bouthaina Shaaban hatten die Teilnehmer Gelegenheit zu einem bewegenden 30min\u00fctigen Livedialog direkt aus Damaskus mit Frau Dr. Shaaban, die dazu aufrief, statt Krieg und Zerst\u00f6rung ein neues Paradigma kreativer menschlicher Entwicklung (\u201eeine intellektuelle Seidenstra\u00dfe\u201c) zu schaffen.<\/p>\n<p>Michel Raimbaud (ehemaliger franz\u00f6sischer Botschafter in der arabischen Welt, Afrika und Lateinamerika und ehemaliger Direktor des Franz\u00f6sischen Amts f\u00fcr den Schutz von Fl\u00fcchtlingen und Staatenlosen) hatte zuvor das Panel mit einem leidenschaftlichen Appell er\u00f6ffnet, den Frieden in \u00dcbereinstimmung mit dem V\u00f6lkerrecht wiederherzustellen &#8211; in Syrien und \u00fcberall sonst. Hussein Askary, Arabien-Korrespondent von EIR, pr\u00e4sentierte ein Video \u00fcber den Wiederaufbau von Aleppo im Kontext der Neuen Seidenstra\u00dfe, gefolgt von einem Beitrag von Prof. Talal Moualla, Aufsichtsrat des Syrischen Entwicklungsfonds und Vorstandsdirektor des Projekts \u201eTransformation des syrischen kulturellen Erbes\u201c im syrischen Kultusministerium. Abgeschlossen wurde die Vortragsrunde von Bereket Simon, Vorsitzender der Commercial Bank of Ethopia und Berater des \u00e4thiopischen Premierministers, und einer Videobotschaft von Fouad Al-Ghaffari, Vorsitzender des Beratenden Komitees f\u00fcr die Koordinierung mit den BRICS-Staaten aus dem kriegsgesch\u00fcttelten Jemen.<\/p>\n<p>Sprecher des vierten Panels \u201eDie Pioniergebiete der Wissenschaft: Die neue Wirtschaftsplattform auf der Grundlage der Kernfusion und die Zukunft der Menschheit im Weltraum\u201c waren Adeline Djeutie, ehemalige Mitarbeiterin der IAEA und jetzt selbst\u00e4ndige Beraterin in Wien, Alain Gachet, Vorsitzender von Radar Technologies International aus Frankreich, und Rainer Sandau, Technischer Direktor f\u00fcr Satelliten und Weltraumanwendungen der Internationalen Akademie der Astronautik (IAA).<\/p>\n<p>Nach einer musikalischen Einleitung mit klassischer Musik erl\u00e4uterte der Geiger Gian Marco Sanna, Gr\u00fcnder und k\u00fcnstlerischer Leiter des Camerata-Projekts in London, im letzten Panel die Bedeutung der wissenschaftlichen Stimmung von A=432 Hz (\u201eVerdi-Stimmung\u201c), f\u00fcr die sich das Schiller-Institut seit Jahrzehnten einsetzt. Hussein Askary pr\u00e4sentierte die \u201eElefantenuhr\u201c als Beispiel der Sch\u00f6nheit der islamischen Renaissance und deren Beziehung zur alten Seidenstra\u00dfe. Danach kamen die Podiumsredner mit Frau Zepp-LaRouche und Lyndon LaRouche zu einer abschlie\u00dfenden Diskussionsrunde dar\u00fcber zusammen, wie eine globale Zusammenarbeit f\u00fcr die gemeinsamen Ziele der Menschheit erreicht werden kann. Die Hauptaussage dabei war, da\u00df die derzeitige t\u00f6dliche Gefahr f\u00fcr die Zivilisation nur abgewendet werden kann, wenn das sch\u00f6pferische Potential in jedem einzelnen Menschen gef\u00f6rdert wird.<\/p>\n<p><em>F\u00fcr weitere Informationen:<\/em><\/p>\n<p><em>Frau Leona Meyer-Kasai, Schiller-Institut, Berlin, mail: <strong>konferenz2016@schiller-institut.de<\/strong><\/em><\/p>\n<p>&nbsp;<\/p>\n<\/div>\n<\/div>\n<p>&nbsp;<\/p>\n<div class=\"big-title\">\n<div class=\"bar\"><\/div>\n<h2>Musikalischer Dialog der Kulturen<\/h2>\n<p class=\"sub-title\">Konzert in der Verdi-Stimmung (a = 432 Hz)<\/p>\n<\/div>\n<h4><a href=\"https:\/\/schillerinstitute.com\/musical-dialogue-cultures\/\">Hier ansehen<\/a><\/h4>\n<p>&nbsp;<\/p>\n<div class=\"big-title\">\n<div class=\"bar\"><\/div>\n<h2>Pr\u00e4sentationen<\/h2>\n<p class=\"sub-title\">Dialog der Kulturen<\/p>\n<\/div>\n<p><img loading=\"lazy\" decoding=\"async\" class=\"alignnone wp-image-35689\" src=\"http:\/\/newparadigm.schillerinstitute.com\/wp-content\/uploads\/2016\/07\/Screenshot-IT.png\" alt=\"Screenshot-IT\" width=\"960\" height=\"267\" srcset=\"https:\/\/schillerinstitute.com\/wp-content\/uploads\/2016\/07\/Screenshot-IT.png 1080w, https:\/\/schillerinstitute.com\/wp-content\/uploads\/2016\/07\/Screenshot-IT-300x83.png 300w, https:\/\/schillerinstitute.com\/wp-content\/uploads\/2016\/07\/Screenshot-IT-768x213.png 768w, https:\/\/schillerinstitute.com\/wp-content\/uploads\/2016\/07\/Screenshot-IT-1024x284.png 1024w\" sizes=\"auto, (max-width: 960px) 100vw, 960px\" \/><\/p>\n<ul class=\"tabs\" data-tab-id=\"\">\n<li><a href=\"#tab1\">Konferenzprogramm<\/a><\/li>\n<li><a href=\"#tab2\">Resolution (Jemen)<\/a><\/li>\n<li><a href=\"#tab3\">Resolution (Ru\u00dfland\/Syrien)<\/a><\/li>\n<\/ul>\n<div class=\"tab-container\">\n<div class=\"tab-content\">\n<p><strong>Panel 1 : Die strategische Krise ist \u201egef\u00e4hrlicher\u00a0als auf dem H\u00f6hepunkt des Kalten Krieges\u201c <\/strong><\/p>\n<p><strong>Panel 2 : Die Krise des transatlantischen Finanzsystems\u00a0und ihre L\u00f6sung<\/strong><\/p>\n<p><strong>Panel 3 : Die Neue Seidenstra\u00dfe \u2013 Inbegriff des neuen\u00a0Paradigma<\/strong><\/p>\n<p><strong>Panel 4 : Die Pioniergebiete der Wissenschaft: die neue\u00a0Wirtschaftsplattform auf der Grundlage der Kernfusion und\u00a0die Zukunft der Menschheit im Weltraum<\/strong><\/p>\n<p><strong>Panel 5 : Die positiven historischen Traditionen und\u00a0Renaissanceperioden, die Europa mit China, Ru\u00dfland,\u00a0Amerika und der arabischen Welt verbinden <\/strong><\/p>\n<p><a href=\"http:\/\/newparadigm.schillerinstitute.com\/wp-content\/uploads\/2016\/06\/Konf-Pgm_Berlin-2016_05_DE-revised.pdf\" class=\"custom-button small\">PDF Programm<\/a><\/p>\n<\/div>\n<div class=\"tab-content\">\n<h3>Resolution zur Lage im Jemen<\/h3>\n<p><em>Die Konferenzteilnehmer beschlossen die folgende Resolution zur Lage im Jemen:<\/em><\/p>\n<p>\u201eDie Konferenz des Schiller-Instituts in Berlin am 25.-26. Juni \u00fcbermittelt der gro\u00dfartigen Nation des Jemen und der Studiengruppe um Fouad Al-Ghaffari ihre herzlichsten Gr\u00fc\u00dfe. Ihre mutige intellektuelle F\u00fchrung, buchst\u00e4blich unter dem Bombardement satanischer Kr\u00e4fte, ist eine Inspiration f\u00fcr Tausende von Menschen in den Vereinigten Staaten, Lateinamerika und Europa. Wir verpflichten uns feierlich, f\u00fcr die Verl\u00e4ngerung der Neuen Seidenstra\u00dfe zum Wiederaufbau des Jemen zu k\u00e4mpfen, damit das Leben so vieler M\u00e4nner, Frauen und Kinder, die ermordet werden, in einer Renaissance des Jemen gew\u00fcrdigt wird, die seine wundersch\u00f6nen alten St\u00e4dte und Architektur wieder aufbauen wird. Der Jemen mu\u00df und wird schon bald wieder eine Perle unter den Nationen S\u00fcdwestasiens und der Welt sein!\u201c<\/p>\n<\/div>\n<div class=\"tab-content\">\n<h3 class=\"ecxMsoNormal\">Resolution: Die Sanktionen gegen Syrien und Ru\u00dfland aufheben, um Frieden zu schaffen<\/h3>\n<p><em>Die internationale Konferenz des Schiller-Instituts in Berlin am 25.-26. Juni 2016 beschlo\u00df per Akklamation die folgende Resolution:<\/em><\/p>\n<p class=\"ecxMsoNormal\">Wir, die Teilnehmer der Konferenz des Schiller-Instituts \u201eF\u00fcr eine gemeinsame Zukunft der Menschheit und eine Renaissance der klassischen Kulturen\u201c, fordern die sofortige Aufhebung der Sanktionen gegen Syrien und Ru\u00dfland, die nichts anderes sind als ein aggressives Instrument der westlichen M\u00e4chte zur N\u00f6tigung und Eskalation zum Weltkrieg. Derartige Sanktionen verk\u00f6rpern die geopolitische Tradition des Britischen Empire, gegen das im Westf\u00e4lischen Frieden definierte Prinzip der nationalen Souver\u00e4nit\u00e4t und des Vorteils des anderen.<\/p>\n<p class=\"ecxMsoNormal\">Stattdessen rufen wir zu einer internationalen Konferenz f\u00fcr den Wiederaufbau Syriens auf der Grundlage des \u201eWin-Win-Konzepts\u201c von Chinas Neuer Seidenstra\u00dfe auf, und wir fordern die europ\u00e4ischen L\u00e4nder und die Vereinigten Staaten auf, sich dem chinesischen Vorschlag anzuschlie\u00dfen, Syrien aus der Zerst\u00f6rung, die ihre Kriege der ganzen Nahostregion gebracht haben, wieder aufzubauen.<\/p>\n<p class=\"ecxMsoNormal\">Nat\u00fcrlich mu\u00df man zuerst den Terrorismus beseitigen, und wir m\u00fcssen uns vom gemeinsamen Einsatz der Religionen, Kulturen und Zivilisationen f\u00fcr den Aufbau einer besseren Welt f\u00fcr uns alle inspirieren lassen. M\u00f6ge Syrien, ausgehend von seiner Geschichte nationaler Einheit auf der Grundlage der Ann\u00e4herung des Besten aus verschiedenen Kulturen, zum leuchtenden Sinnbild f\u00fcr die Sache des Weltfriedens durch unsere gemeinschaftliche Entwicklung und unsere gemeinsame Kreativit\u00e4t werden.<\/p>\n<\/div>\n<\/div>\n<div class=\"clearfix\"><\/div>\n<!-- AddThis Advanced Settings generic via filter on the_content --><!-- AddThis Share Buttons generic via filter on the_content -->","protected":false},"excerpt":{"rendered":"<p>&nbsp; Presseerkl\u00e4rung \u201eF\u00fcr eine gemeinsame Zukunft der Menschheit und eine Renaissance der klassischen Kulturen\u201c 28. Juni 2016 \u2013 Auf der zweit\u00e4gigen internationalen Konferenz des Schiller-Instituts in Berlin versammelten sich mehr als 300 G\u00e4ste aus 24 Nationen und vier Kontinenten zu einem intensiven und fundierten Dialog&hellip;<!-- AddThis Advanced Settings generic via filter on get_the_excerpt --><!-- AddThis Share Buttons generic via filter on get_the_excerpt --><\/p>\n","protected":false},"author":15,"featured_media":0,"parent":0,"menu_order":0,"comment_status":"closed","ping_status":"closed","template":"template_portfolio1column.php","meta":{"_lmt_disableupdate":"","_lmt_disable":"","footnotes":""},"categories":[],"tags":[],"class_list":["post-34646","page","type-page","status-publish","hentry"],"featured_image_src":null,"_links":{"self":[{"href":"https:\/\/schillerinstitute.com\/de\/wp-json\/wp\/v2\/pages\/34646","targetHints":{"allow":["GET"]}}],"collection":[{"href":"https:\/\/schillerinstitute.com\/de\/wp-json\/wp\/v2\/pages"}],"about":[{"href":"https:\/\/schillerinstitute.com\/de\/wp-json\/wp\/v2\/types\/page"}],"author":[{"embeddable":true,"href":"https:\/\/schillerinstitute.com\/de\/wp-json\/wp\/v2\/users\/15"}],"replies":[{"embeddable":true,"href":"https:\/\/schillerinstitute.com\/de\/wp-json\/wp\/v2\/comments?post=34646"}],"version-history":[{"count":2,"href":"https:\/\/schillerinstitute.com\/de\/wp-json\/wp\/v2\/pages\/34646\/revisions"}],"predecessor-version":[{"id":74055,"href":"https:\/\/schillerinstitute.com\/de\/wp-json\/wp\/v2\/pages\/34646\/revisions\/74055"}],"wp:attachment":[{"href":"https:\/\/schillerinstitute.com\/de\/wp-json\/wp\/v2\/media?parent=34646"}],"wp:term":[{"taxonomy":"category","embeddable":true,"href":"https:\/\/schillerinstitute.com\/de\/wp-json\/wp\/v2\/categories?post=34646"},{"taxonomy":"post_tag","embeddable":true,"href":"https:\/\/schillerinstitute.com\/de\/wp-json\/wp\/v2\/tags?post=34646"}],"curies":[{"name":"wp","href":"https:\/\/api.w.org\/{rel}","templated":true}]}}