{"id":33542,"date":"2016-03-10T17:15:09","date_gmt":"2016-03-10T16:15:09","guid":{"rendered":"http:\/\/newparadigm.schillerinstitute.com\/de\/helga-zepp-larouche-international-prominence\/"},"modified":"2016-03-22T16:08:26","modified_gmt":"2016-03-22T15:08:26","slug":"helga-zepp-larouche-international-prominence","status":"publish","type":"page","link":"https:\/\/schillerinstitute.com\/de\/helga-zepp-larouche-international-prominence\/","title":{"rendered":"HZL : weltweite Aktivit\u00e4ten f\u00fcr die Neue Seidenstra\u00dfe"},"content":{"rendered":"<div class=\"big-title\">\n<div class=\"bar\"><\/div>\n<h2><strong>2016<\/strong><\/h2>\n<p class=\"sub-title\"><strong>Zepp-LaRouche in Indien<\/strong><\/p>\n<\/div>\n<div class=\"small-title\">\n<h3>Helga Zepp-LaRouche spricht beim Raisina-Dialog in Neu-Delhi<\/h3>\n<div class=\"long-bar\"><\/div>\n<\/div>\n<p><iframe loading=\"lazy\" src=\"https:\/\/www.youtube.com\/embed\/QfGj2bf_DdE?start=985\" width=\"560\" height=\"315\" frameborder=\"0\" allowfullscreen=\"allowfullscreen\"><\/iframe><\/p>\n<p>(*Pr\u00e4sentation auf Englisch)<\/p>\n<h2>2. M\u00e4rz 2016<\/h2>\n<h3>Helga Zepp-LaRouche spricht beim Raisina-Dialog in Neu-Delhi<\/h3>\n<p>Eine Konferenz in Neu-Delhi befa\u00dfte sich mit den physischen, wirtschaftlichen, menschlichen und digitalen Verbindungen in Asien und den<br \/>\nHerausforderungen dieses Jahrhunderts.<\/p>\n<p><a href=\"http:\/\/newparadigm.schillerinstitute.com\/de\/blog\/2016\/03\/17\/helga-zepp-larouche-spricht-beim-raisina-dialog-in-neu-delhi\/\" class=\"custom-button medium\">weiterlesen<\/a><\/p>\n<h3>Die Krise, die Neue Seidenstra\u00dfe und Indiens Rolle<\/h3>\n<p><em>von Helga Zepp-LaRouche<\/em><\/p>\n<p>Beim Raisina-Dialog in Neu-Delhi, einer Konferenz mit 600 Teilnehmern aus rund 40 L\u00e4ndern, die gemeinsam vom indischen Au\u00dfenministerium und der Observer Research Foundation in Neu-Delhi veranstaltet wurde, hielt die Vorsitzende des Schiller-Instituts, Helga Zepp-LaRouche am 2. M\u00e4rz den folgenden Vortrag.<\/p>\n<p><a href=\"http:\/\/newparadigm.schillerinstitute.com\/de\/blog\/2016\/03\/17\/die-krise-die-neue-seidenstrase-und-indiens-rolle\/\" class=\"custom-button medium\">weiterlesen<\/a><\/p>\n<div class=\"hr\">\n<hr \/>\n<\/div>\n<h2>26. Februar 2016<\/h2>\n<h3>Programm zum Wiederaufbau S\u00fcdwestasiens und zur Entfesselung der Kreativit\u00e4t<\/h3>\n<p>Die arabische Fassung des <i>EIR<\/i>-Berichts \u00fcber die Neue Seidenstra\u00dfe und Weltlandbr\u00fccke, der von Hussein Askary \u00fcbersetzt wurde, wird ab Mitte M\u00e4rz in gedruckter Form vorliegen und kann im <i>EIR<\/i>-Webshop (<strong><i><a href=\"http:\/\/www.eirshop.de\/\" target=\"_blank\">eirshop.de<\/a><\/i><\/strong>) erworben werden. Der Bericht enth\u00e4lt ein zus\u00e4tzliches Kapitel \u00fcber den Wiederaufbau S\u00fcdwestasiens und ein spezielles Vorwort von Helga Zepp-LaRouche, datiert vom 26. Februar 2016. Wir zitieren es im Wortlaut:<\/p>\n<p><a href=\"http:\/\/newparadigm.schillerinstitute.com\/de\/blog\/2016\/03\/18\/programm-zum-wiederaufbau-sudwestasiens-und-zur-entfesselung-der-kreativitat\/\" class=\"custom-button medium\">weiterlesen<\/a><\/p>\n<div class=\"hr\">\n<hr \/>\n<\/div>\n<h2>26. Januar 2016<\/h2>\n<h3>Krieg verhindern mit Wirtschaftsaufbau und kultureller Renaissance<\/h3>\n<p>Helga Zepp-LaRouche hat auf einem EIR-Forum im National Press Club in Washington am 26. Januar (wir berichteten) die folgenden Ausf\u00fchrungen gemacht. Ihr Vorredner war Thomas Wysmuller, fr\u00fcherer NASA-Meteorologe und Aktivist von \u201eThe Right Climate Stuff\u201c, einem Zusammenschlu\u00df ehemaliger Astronauten, Wissenschaftler und Ingenieuren der NASA, die gegen den Schwindel des menschengemachten Klimawandels k\u00e4mpfen.<\/p>\n<p><a href=\"http:\/\/newparadigm.schillerinstitute.com\/de\/blog\/2016\/03\/18\/krieg-verhindern-mit-wirtschaftsaufbau-und-kultureller-renaissance\/\" class=\"custom-button medium\">weiterlesen<\/a><\/p>\n<div class=\"hr\">\n<hr \/>\n<\/div>\n<h3>Arabische Tageszeitung: Helga Zepp-LaRouches Projekt der Neuen Seidenstra\u00dfe wird Realit\u00e4t<\/h3>\n<div class=\"one-half\">\n<p><a href=\"https:\/\/schillerinstitute.com\/blog\/2016\/03\/11\/arabic-daily-hails-zepp-larouches-role-in-new-silk-road\/\" target=\"_blank\"><img loading=\"lazy\" decoding=\"async\" class=\"alignnone wp-image-33478\" src=\"http:\/\/newparadigm.schillerinstitute.com\/wp-content\/uploads\/2016\/03\/Arabic-Coverage-01.png\" alt=\"Arabic-Coverage-01\" width=\"340\" height=\"213\" srcset=\"https:\/\/schillerinstitute.com\/wp-content\/uploads\/2016\/03\/Arabic-Coverage-01.png 800w, https:\/\/schillerinstitute.com\/wp-content\/uploads\/2016\/03\/Arabic-Coverage-01-300x188.png 300w, https:\/\/schillerinstitute.com\/wp-content\/uploads\/2016\/03\/Arabic-Coverage-01-768x481.png 768w\" sizes=\"auto, (max-width: 340px) 100vw, 340px\" \/><\/a><\/p>\n<\/div>\n<div class=\"one-half last\">\n<h2>21. Januar 2016<\/h2>\n<p>Die in den Vereinigten Arabischen Emiraten erscheinende Tageszeitung <em>Al-Ittihad<\/em> druckte am 21. Januar eine Kolumne des Wissenschafts- und Technologieberaters Mohammed Aref \u00fcber den Besuch des chinesischen Pr\u00e4sidenten Xi Jinping in Saudi Arabien, \u00c4gypten und Iran ab, in welchem der Autor die Urheberschaft dieser neuen, vision\u00e4ren Politik dem Schiller-Institut und seiner Pr\u00e4sidentin, der \u201eSeidenstra\u00dfen-Lady\u201c Helga Zepp-LaRouche, zugute h\u00e4lt.<\/p>\n<p><a href=\"http:\/\/newparadigm.schillerinstitute.com\/de\/blog\/2016\/01\/21\/arabic-daily-hails-zepp-larouches-role-in-new-silk-road\/\" class=\"custom-button medium\">weiterlesen<\/a><\/p>\n<\/div>\n<div class=\"clearfix\"><\/div>\n<div class=\"hr\">\n<hr \/>\n<\/div>\n<div class=\"big-title\">\n<div class=\"bar\"><\/div>\n<h2><strong>2015<\/strong><\/h2>\n<p class=\"sub-title\"><strong>Zepp-LaRouche<\/strong><b> in Japan<\/b><\/p>\n<\/div>\n<div class=\"small-title\">\n<h3>HZL spricht beim <em>Asia Innovation Forum<\/em> in Tokyo<\/h3>\n<div class=\"long-bar\"><\/div>\n<\/div>\n<p><iframe loading=\"lazy\" width=\"960\" height=\"540\" src=\"https:\/\/www.youtube.com\/embed\/XXX8n1Im7BM?feature=oembed\" frameborder=\"0\" allowfullscreen><\/iframe><\/p>\n<p>(*Pr\u00e4sentation auf Englisch)<\/p>\n<h2>2. Dezember 2015<\/h2>\n<h3>Helga Zepp-LaRouche spricht vor japanischen Wirtschaftslenkern<\/h3>\n<p>Helga Zepp-LaRouche spricht vor japanischen Wirtschaftslenkern<br \/>\nAuch in Japan erkennen f\u00fchrende Kreise, da\u00df Japan nicht einen Konflikt mit China suchen sollte, sondern Anschlu\u00df an die Neue Seidenstra\u00dfe.<\/p>\n<p><a href=\"http:\/\/newparadigm.schillerinstitute.com\/de\/blog\/2016\/03\/17\/helga-zepp-larouche-spricht-vor-japanischen-wirtschaftslenkern\/\" class=\"custom-button medium\">weiterlesen<\/a><\/p>\n<h3><\/h3>\n<div class=\"small-title\">\n<h3>HZL spricht beim <em>Canon Institute<\/em> in Tokyo<\/h3>\n<div class=\"long-bar\"><\/div>\n<\/div>\n<p><iframe loading=\"lazy\" width=\"960\" height=\"540\" src=\"https:\/\/www.youtube.com\/embed\/dO7Rwrhv0HY?feature=oembed\" frameborder=\"0\" allowfullscreen><\/iframe><\/p>\n<p>(*Pr\u00e4sentation auf Englisch)<\/p>\n<h2>2. Dezember 2015<\/h2>\n<h3>Die Notwendigkeit von Gro\u00dfprojekten: Die Neue Seidenstra\u00dfe wird zur Weltlandbr\u00fccke<\/h3>\n<p>Die Notwendigkeit von Gro\u00dfprojekten: Die Neue Seidenstra\u00dfe wird zur Weltlandbr\u00fccke<br \/>\nDen folgenden Vortrag hielt Helga Zepp-LaRouche am 2. Dezember 2015 vor Unternehmern und Managern am Canon Institute for Global Studies in Tokio.<\/p>\n<p><a href=\"http:\/\/newparadigm.schillerinstitute.com\/de\/blog\/2015\/12\/07\/zepp-larouche-the-need-of-global-public-works-the-new-silk-road-becomes-the-world-land-bridge\/\" class=\"custom-button medium\">weiterlesen<\/a><\/p>\n<div class=\"hr\">\n<hr \/>\n<\/div>\n<div class=\"small-title\">\n<h3>Zepp-LaRouche spricht bei Seidenstra\u00dfenkonferenz in Yiwu\/China<\/h3>\n<div class=\"long-bar\"><\/div>\n<\/div>\n<p><iframe loading=\"lazy\" width=\"960\" height=\"540\" src=\"https:\/\/www.youtube.com\/embed\/IJh5JRRfQI8?feature=oembed\" frameborder=\"0\" allowfullscreen><\/iframe><\/p>\n<p>(*Pr\u00e4sentation auf Englisch)<\/p>\n<h2>18 &#8211; 19. Juni 2015<\/h2>\n<h3>Zepp-LaRouche spricht bei Seidenstra\u00dfenkonferenz in Yiwu\/China<\/h3>\n<p>Beim \u201eInternationalen Forum der St\u00e4dte des Wirtschaftsg\u00fcrtels der Neuen Seidenstra\u00dfe\u201c, das vom 18.-19. Juni in Yiwu in der chinesischen Provinz Zhejiang stattfand, sprach Helga Zepp-LaRouche vor mehreren hundert chinesischen und internationalen G\u00e4sten \u00fcber die strategische Weltlage.<\/p>\n<p><a href=\"http:\/\/newparadigm.schillerinstitute.com\/de\/blog\/2016\/03\/17\/zepp-larouche-spricht-bei-seidenstrasenkonferenz-in-yiwuchina\/\" class=\"custom-button medium\">weiterlesen<\/a><\/p>\n<h3>Deutschlands entscheidende Rolle f\u00fcr die Neue Seidenstra\u00dfe<\/h3>\n<p><em>von Helga Zepp-LaRouche<\/em><\/p>\n<p>Die Neue Seidenstra\u00dfe ist nicht nur eine sehr wichtige wirtschaftliche Initiative. Als Win-Win-Perspektive ist sie auch als eine Antwort auf die zwei gr\u00f6\u00dften gegenw\u00e4rtigen Gefahren zu verstehen: Die Gefahr eines Finanzkollapses des transatlantischen Sektors und die Gefahr eines globalen Krieges.<\/p>\n<p><a href=\"http:\/\/newparadigm.schillerinstitute.com\/de\/blog\/2016\/03\/17\/deutschlands-entscheidende-rolle-fur-die-neue-seidenstrase\/\" class=\"custom-button medium\">weiterlesen<\/a><\/p>\n<h3>ZEPP-LAROUCHE STELLT CHINESISCHE WELTLANDBR\u00dcCKEN-STUDIE VOR<\/h3>\n<p>Die chinesische Ausgabe der EIR-Studie<i>The New Silk Road Becomes The World Land-Bridge<\/i> (\u201eDie Neue Seidenstra\u00dfe wird zur Weltlandbr\u00fccke\u201c) wurde am 29. September von der Gr\u00fcnderin des Schiller-Instituts, Helga Zepp-LaRouche, bei einem Symposium in Beijing, das vom Chongyang Institute for Financial Studies der Renmin-Universit\u00e4t veranstaltet wurde, offiziell vorgestellt. Das Chongyang-Institut ist auch Mitherausgeber der chinesischen Ausgabe der Studie.<\/p>\n<p><a href=\"http:\/\/newparadigm.schillerinstitute.com\/de\/blog\/2016\/03\/17\/zepp-larouche-stellt-chinesische-weltlandbrucken-studie-vor\/\" class=\"custom-button medium\">weiterlesen<\/a><\/p>\n<div class=\"hr\">\n<hr \/>\n<\/div>\n<h2>13 &#8211; 14. Juni 2015<\/h2>\n<h3>Aufbau der Wirtschaft statt Geopolitik und Malthusianismus<\/h3>\n<p>Am 13. und 14. Juni sprachen in Paris hochrangige Vertreter aus drei der f\u00fcnf L\u00e4nder der BRICS-Gruppe (Brasilien, Ru\u00dfland, Indien, China und S\u00fcdafrika) und mit ihr kooperierender Staaten auf einer au\u00dfergew\u00f6hnlichen internationalen Konferenz des Schiller-Instituts mit dem Titel \u201eWiederaufbau der Welt in der BRICS-\u00c4ra\u201c.<\/p>\n<p><a href=\"http:\/\/newparadigm.schillerinstitute.com\/de\/blog\/2016\/03\/17\/aufbau-der-wirtschaft-statt-geopolitik-und-malthusianismus\/\" class=\"custom-button medium\">weiterlesen<\/a><\/p>\n<p><a href=\"https:\/\/schillerinstitute.com\/de\/schiller-institute-conference-%e2%80%a2-paris-%e2%80%a2-june-13th-14th-2015\/\"><img loading=\"lazy\" decoding=\"async\" class=\"alignnone wp-image-33621\" src=\"http:\/\/newparadigm.schillerinstitute.com\/wp-content\/uploads\/2016\/03\/Paris-snap-02.png\" alt=\"\" width=\"720\" height=\"116\" srcset=\"https:\/\/schillerinstitute.com\/wp-content\/uploads\/2016\/03\/Paris-snap-02.png 1920w, https:\/\/schillerinstitute.com\/wp-content\/uploads\/2016\/03\/Paris-snap-02-300x48.png 300w, https:\/\/schillerinstitute.com\/wp-content\/uploads\/2016\/03\/Paris-snap-02-768x124.png 768w, https:\/\/schillerinstitute.com\/wp-content\/uploads\/2016\/03\/Paris-snap-02-1024x165.png 1024w\" sizes=\"auto, (max-width: 720px) 100vw, 720px\" \/><\/a><\/p>\n<div class=\"hr\">\n<hr \/>\n<\/div>\n<h2>24 &#8211; 26. April\u00a02015<\/h2>\n<h3>Ost-West-Dialog f\u00fcr den Aufbau der gemeinsamen Zukunft!<\/h3>\n<p><em>Ein Bericht vom diesj\u00e4hrigen russisch-deutschen Kultur- und Business-Forum in Baden Baden.<\/em><\/p>\n<p>\u201eOst-West-Dialog\u201c &#8211; so lautete das diesj\u00e4hrige Thema des von der Agentur Art-Assemblee organisierten IV. Kultur- und Business-Forums. Zu der hochrangigen Veranstaltung vom 24.-26. April 2015 in Baden-Baden waren Politiker, Unternehmer, Experten, Wissenschaftler, K\u00fcnstler und Vertreter der Zivilgesellschaft eingeladen, darunter Helga Zepp-LaRouche, die Vorsitzende des Schiller-Instituts. Ihre prominenten Redebeitr\u00e4ge, in denen sie eindringlich vor einer strategischen nuklearen Eskalation gegen Ru\u00dfland und einem neuen Faschismus als Folge der Zusammenbruchskrise des transatlantischen westlichen Finanzsystems warnte, stie\u00dfen auf gro\u00dfe Resonanz, weil sie genau das ungeschminkt aussprach, was viele Teilnehmer dachten.<\/p>\n<p><a href=\"http:\/\/newparadigm.schillerinstitute.com\/de\/blog\/2016\/03\/18\/ost-west-dialog-fur-den-aufbau-der-gemeinsamen-zukunft\/\" class=\"custom-button medium\">weiterlesen<\/a><\/p>\n<h3>\u201eDas allerwichtigste ist die Besch\u00e4ftigung mit der menschlichen Kreativit\u00e4t\u201c<\/h3>\n<h4>von Helga Zepp-LaRouche<\/h4>\n<p><i>Die Vorsitzende des Schiller-Instituts hielt vor dem Kultur- und Businessforum \u201eOst-West-Dialog\u201c in Baden-Baden am 24. April die folgende Rede.<\/i><\/p>\n<p><a href=\"http:\/\/newparadigm.schillerinstitute.com\/de\/blog\/2016\/03\/18\/das-allerwichtigste-ist-die-beschaftigung-mit-der-menschlichen-kreativitat-2\/\" class=\"custom-button medium\">weiterlesen<\/a><\/p>\n<div class=\"hr\">\n<hr \/>\n<\/div>\n<div class=\"big-title\">\n<div class=\"bar\"><\/div>\n<h2><strong>2014<\/strong><\/h2>\n<p class=\"sub-title\"><strong>Zepp-LaRouche in China<\/strong><\/p>\n<\/div>\n<div class=\"small-title\">\n<h3>CCTV Interview mit Helga Zepp-LaRouche<\/h3>\n<div class=\"long-bar\"><\/div>\n<\/div>\n<p><iframe loading=\"lazy\" width=\"960\" height=\"540\" src=\"https:\/\/www.youtube.com\/embed\/zRz40SGhmaw?feature=oembed\" frameborder=\"0\" allowfullscreen><\/iframe><\/p>\n<h2>14. April 2014<\/h2>\n<h3>Die Seidenstra\u00dfe f\u00fcr das 21. Jahrhundert &#8212;\u00a0CCTV Interview mit Helga Zepp-LaRouche [dt. Untertitel]<\/h3>\n<p>14. April 2014 &#8212; Die Gr\u00fcnderin und Pr\u00e4sidentin des internationalen Schiller-Institutes, Helga Zepp-LaRouche im Interview mit Yang Rui im chinesischen Fernsehsender CCTV. Das Interview wurde w\u00e4hrend ihres j\u00fcngsten China-Besuchs im Februar diesen Jahres aufgezeichnet und am 14. April ausgestrahlt.<\/p>\n<div class=\"hr\">\n<hr \/>\n<\/div>\n<p>&nbsp;<\/p>\n<!-- AddThis Advanced Settings generic via filter on the_content --><!-- AddThis Share Buttons generic via filter on the_content -->","protected":false},"excerpt":{"rendered":"<p>2016 Zepp-LaRouche in Indien Helga Zepp-LaRouche spricht beim Raisina-Dialog in Neu-Delhi (*Pr\u00e4sentation auf Englisch) 2. M\u00e4rz 2016 Helga Zepp-LaRouche spricht beim Raisina-Dialog in Neu-Delhi Eine Konferenz in Neu-Delhi befa\u00dfte sich mit den physischen, wirtschaftlichen, menschlichen und digitalen Verbindungen in Asien und den Herausforderungen dieses Jahrhunderts.&hellip;<!-- AddThis Advanced Settings generic via filter on get_the_excerpt --><!-- AddThis Share Buttons generic via filter on get_the_excerpt --><\/p>\n","protected":false},"author":15,"featured_media":0,"parent":0,"menu_order":0,"comment_status":"closed","ping_status":"closed","template":"","meta":{"_lmt_disableupdate":"","_lmt_disable":"","footnotes":""},"categories":[],"tags":[],"class_list":["post-33542","page","type-page","status-publish","hentry"],"featured_image_src":null,"_links":{"self":[{"href":"https:\/\/schillerinstitute.com\/de\/wp-json\/wp\/v2\/pages\/33542","targetHints":{"allow":["GET"]}}],"collection":[{"href":"https:\/\/schillerinstitute.com\/de\/wp-json\/wp\/v2\/pages"}],"about":[{"href":"https:\/\/schillerinstitute.com\/de\/wp-json\/wp\/v2\/types\/page"}],"author":[{"embeddable":true,"href":"https:\/\/schillerinstitute.com\/de\/wp-json\/wp\/v2\/users\/15"}],"replies":[{"embeddable":true,"href":"https:\/\/schillerinstitute.com\/de\/wp-json\/wp\/v2\/comments?post=33542"}],"version-history":[{"count":0,"href":"https:\/\/schillerinstitute.com\/de\/wp-json\/wp\/v2\/pages\/33542\/revisions"}],"wp:attachment":[{"href":"https:\/\/schillerinstitute.com\/de\/wp-json\/wp\/v2\/media?parent=33542"}],"wp:term":[{"taxonomy":"category","embeddable":true,"href":"https:\/\/schillerinstitute.com\/de\/wp-json\/wp\/v2\/categories?post=33542"},{"taxonomy":"post_tag","embeddable":true,"href":"https:\/\/schillerinstitute.com\/de\/wp-json\/wp\/v2\/tags?post=33542"}],"curies":[{"name":"wp","href":"https:\/\/api.w.org\/{rel}","templated":true}]}}