{"id":32417,"date":"2015-10-21T19:05:24","date_gmt":"2015-10-21T17:05:24","guid":{"rendered":"http:\/\/newparadigm.schillerinstitute.com\/de\/?page_id=32417"},"modified":"2023-02-05T05:35:32","modified_gmt":"2023-02-05T10:35:32","slug":"mitglied-werden","status":"publish","type":"page","link":"https:\/\/schillerinstitute.com\/de\/mitglied-werden\/","title":{"rendered":"Jetzt Spenden"},"content":{"rendered":"<div class=\"big-title\">\n<div class=\"bar\"><\/div>\n<h2>Unterst\u00fctzen Sie das Schiller-Institut mit einer Mitgliedschaft oder Spende!<\/h2>\n<p class=\"sub-title-empty\">&nbsp;<\/p>\n<\/div>\n<p><em><strong>Das Schiller-Institut\u00a0e. V. <\/strong><\/em>erh\u00e4lt seine Finanzmittel weder durch staatliche Finanzierung, noch von gro\u00dfen kommerziellen Geldgebern. Wir finanzieren uns ausschlie\u00dflich durch Mitgliedsbeitr\u00e4ge und Spenden \u2014 deshalb brauchen wir Ihre Unterst\u00fctzung!<\/p>\n<h3><b>Sie k\u00f6nnen entweder direkt \u00fcber den PayPal-Button, das Scannen des QR-Codes eine Spende \u00fcberweisen<\/b><\/h3>\n<div class=\"one-third\"> <a href=\"https:\/\/www.paypal.com\/donate\/?cmd=_s-xclick&amp;hosted_button_id=JEC9V86T7Z7L6&amp;source=qr\" target=\"_blank\" rel=\"noopener\"><img loading=\"lazy\" decoding=\"async\" class=\"alignnone wp-image-94756 \" src=\"https:\/\/schillerinstitute.com\/wp-content\/uploads\/2023\/02\/btn_donateCC_LG.gif\" alt=\"\" width=\"260\" height=\"97\" \/><\/a><\/p>\n<form action=\"https:\/\/www.paypal.com\/cgi-bin\/webscr\" method=\"post\" target=\"_top\"><input name=\"hosted_button_id\" type=\"hidden\" value=\"JEC9V86T7Z7L6\" \/>\n<\/div>\n<div class=\"two-third last\"><img loading=\"lazy\" decoding=\"async\" class=\"size-full wp-image-52373 alignleft\" src=\"https:\/\/schillerinstitute.com\/wp-content\/uploads\/2015\/10\/QR-SI-PayPal.png\" alt=\"QR-SI-PayPal\" width=\"128\" height=\"128\" \/><\/div>\n<div class=\"clearfix\"><\/div>\n<\/form>\n<h3><b>oder die folgenden Formulare benutzen.<\/b><\/h3>\n<blockquote><p>Der Mindestbeitrag f\u00fcr eine Mitgliedschaft betr\u00e4t 120,-\/ Jahr. Als Mitglied des Schiller-Instituts erhalten Sie zwei Mal im Jahr das <a href=\"https:\/\/www.ibykuszeit.de\/\" target=\"_blank\" rel=\"noopener\">Ibykus-Magazin<\/a>, die Zeitschrift Poesie, Wissenschaft und Staatskunst. Die angegebenen Beitr\u00e4ge sind Richtwerte, Sie k\u00f6nnen einen Beitrag Ihrer Wahl im Kommentarbereich angeben.<\/p><\/blockquote>\n<div class=\"one-half\">\n<div id=\"vfb-form-14\" class=\"visual-form-builder-container\"><form id=\"werden-sie-mitglied-de-14\" class=\"visual-form-builder vfb-form-14 \" method=\"post\" enctype=\"multipart\/form-data\">\n\t  \t<input type=\"hidden\" name=\"form_id\" value=\"14\" \/><fieldset class=\"vfb-fieldset vfb-fieldset-1 ja-ich-mochte-mitglied-werden \" id=\"item-vfb-178\"><div class=\"vfb-legend\"><h3>Ja, ich m\u00f6chte Mitglied werden!<\/h3><\/div><ul class=\"vfb-section vfb-section-1\"><li class=\"vfb-item vfb-item-text   vfb-left-half\" id=\"item-vfb-185\"><label for=\"vfb-185\" class=\"vfb-desc\">VORNAME  <span class=\"vfb-required-asterisk\">*<\/span><\/label><input type=\"text\" name=\"vfb-185\" id=\"vfb-185\" value=\"\" class=\"vfb-text  vfb-medium  required  \" \/><\/li><li class=\"vfb-item vfb-item-text   vfb-right-half\" id=\"item-vfb-187\"><label for=\"vfb-187\" class=\"vfb-desc\">NACHNAME  <span class=\"vfb-required-asterisk\">*<\/span><\/label><input type=\"text\" name=\"vfb-187\" id=\"vfb-187\" value=\"\" class=\"vfb-text  vfb-medium  required  \" \/><\/li><li class=\"vfb-item vfb-item-email   vfb-left-half\" id=\"item-vfb-186\"><label for=\"vfb-186\" class=\"vfb-desc\">Email  <span class=\"vfb-required-asterisk\">*<\/span><\/label><input type=\"email\" name=\"vfb-186\" id=\"vfb-186\" value=\"\" class=\"vfb-text  vfb-medium  required  email \" \/><\/li><li class=\"vfb-item vfb-item-phone   vfb-right-half\" id=\"item-vfb-188\"><label for=\"vfb-188\" class=\"vfb-desc\">Telefon  <span class=\"vfb-required-asterisk\">*<\/span><\/label><input type=\"tel\" name=\"vfb-188\" id=\"vfb-188\" value=\"\" class=\"vfb-text  vfb-medium  required  phone \" \/><\/li><li class=\"vfb-item vfb-item-text  \" id=\"item-vfb-189\"><label for=\"vfb-189\" class=\"vfb-desc\">Beruf, ggf. Firma oder Institution <\/label><input type=\"text\" name=\"vfb-189\" id=\"vfb-189\" value=\"\" class=\"vfb-text  vfb-medium   \" \/><\/li><li class=\"vfb-item vfb-item-text  \" id=\"item-vfb-183\"><label for=\"vfb-183\" class=\"vfb-desc\">Stra\u00dfe, Hausnummer, PLZ, Ort  <span class=\"vfb-required-asterisk\">*<\/span><\/label><input type=\"text\" name=\"vfb-183\" id=\"vfb-183\" value=\"\" class=\"vfb-text  vfb-medium  required  \" \/><\/li><li class=\"vfb-item vfb-item-text  \" id=\"item-vfb-182\"><label for=\"vfb-182\" class=\"vfb-desc\">Staat  <span class=\"vfb-required-asterisk\">*<\/span><\/label><input type=\"text\" name=\"vfb-182\" id=\"vfb-182\" value=\"\" class=\"vfb-text  vfb-medium  required  \" \/><\/li><li class=\"vfb-item vfb-item-textarea  \" id=\"item-vfb-184\"><label for=\"vfb-184\" class=\"vfb-desc\">Kommentar (optional) <\/label><div><textarea name=\"vfb-184\" id=\"vfb-184\" class=\"vfb-textarea  vfb-medium  \"><\/textarea><\/div><\/li><li class=\"vfb-item vfb-item-checkbox   vfb-left-half\" id=\"item-vfb-364\"><label class=\"vfb-desc\">Ich m\u00f6chte Mitglied werden <\/label><div><span class=\"vfb-span\"><input type=\"checkbox\" name=\"vfb-364[]\" id=\"vfb-364-0\" value=\"120 \u20ac\" class=\"vfb-checkbox  \" \/><label for=\"vfb-364-0\" class=\"vfb-choice\">120 \u20ac<\/label><\/span><span class=\"vfb-span\"><input type=\"checkbox\" name=\"vfb-364[]\" id=\"vfb-364-1\" value=\"240 \u20ac\" class=\"vfb-checkbox  \" \/><label for=\"vfb-364-1\" class=\"vfb-choice\">240 \u20ac<\/label><\/span><span class=\"vfb-span\"><input type=\"checkbox\" name=\"vfb-364[]\" id=\"vfb-364-2\" value=\"480 \u20ac\" class=\"vfb-checkbox  \" \/><label for=\"vfb-364-2\" class=\"vfb-choice\">480 \u20ac<\/label><\/span><div style=\"clear:both\"><\/div><\/div><\/li><li class=\"vfb-item vfb-item-checkbox   vfb-right-half\" id=\"item-vfb-366\"><label class=\"vfb-desc\">Turnus <\/label><div><span class=\"vfb-span\"><input type=\"checkbox\" name=\"vfb-366[]\" id=\"vfb-366-0\" value=\"monatlich\" class=\"vfb-checkbox  \" \/><label for=\"vfb-366-0\" class=\"vfb-choice\">monatlich<\/label><\/span><span class=\"vfb-span\"><input type=\"checkbox\" name=\"vfb-366[]\" id=\"vfb-366-1\" value=\"viertelj\u00e4hrlich\" class=\"vfb-checkbox  \" \/><label for=\"vfb-366-1\" class=\"vfb-choice\">viertelj\u00e4hrlich<\/label><\/span><span class=\"vfb-span\"><input type=\"checkbox\" name=\"vfb-366[]\" id=\"vfb-366-2\" value=\"halbj\u00e4hrlich\" class=\"vfb-checkbox  \" \/><label for=\"vfb-366-2\" class=\"vfb-choice\">halbj\u00e4hrlich<\/label><\/span><div style=\"clear:both\"><\/div><\/div><\/li><li class=\"vfb-item vfb-item-instructions  \" id=\"item-vfb-193\"><label class=\"vfb-desc\">auf das Schiller-Institut-Konto : <\/label><strong>BIC: HELADEF1822<\/strong><br>\r\n<strong>IBAN: DE30500502010000360635<\/strong><br>\r\n<strong>Frankfurter Sparkasse<\/strong><br><\/li><\/ul>&nbsp;<\/fieldset><fieldset class=\"vfb-fieldset vfb-fieldset-2 bestatigung \" id=\"item-vfb-179\" style=\"display:block\"><div class=\"vfb-legend\"><h3>Best\u00e4tigung<\/h3><\/div><ul class=\"vfb-section vfb-section-2\"><li class=\"vfb-item vfb-item-secret\"  style=\"display:block\"><label for=\"vfb-180\" class=\"vfb-desc\">Bitte zwei Ziffern eingeben<\/label><input type=\"hidden\" name=\"_vfb-required-secret\" value=\"0\" \/><input type=\"hidden\" name=\"_vfb-secret\" value=\"vfb-180\" \/><span class=\"vfb-span\"><input type=\"text\" name=\"vfb-180\" id=\"vfb-180\" value=\"\" class=\"vfb-text  vfb-medium  {digits:true,maxlength:2,minlength:2} \" style=\"display:block\" \/><label>Beispiel: 12<\/label><\/span><li style=\"display:none;\"><label>This box is for spam protection - &lt;strong&gt;please leave it blank&lt;\/strong&gt;:<\/label><div><input name=\"vfb-spam\" \/><\/div><\/li>\n\t\t\t<li class=\"vfb-item vfb-item-submit\" id=\"item-vfb-181\">\n\t\t\t\t<input type=\"submit\" name=\"vfb-submit\" id=\"vfb-181\" value=\"Formular absenden\" class=\"vfb-submit \" \/>\n\t\t\t\t<\/li><\/ul>\n\t\t\t<\/fieldset><input type=\"hidden\" name=\"_wp_http_referer\" value=\"\/de\/wp-json\/wp\/v2\/pages\/32417\" \/><\/form><\/div> <!-- .visual-form-builder-container -->\n<\/div>\n<div class=\"one-half last\">\n<div id=\"vfb-form-27\" class=\"visual-form-builder-container\"><form id=\"werden-sie-mitglied-de-copy-27\" class=\"visual-form-builder vfb-form-27 \" method=\"post\" enctype=\"multipart\/form-data\">\n\t  \t<input type=\"hidden\" name=\"form_id\" value=\"27\" \/><fieldset class=\"vfb-fieldset vfb-fieldset-1 ja-ich-mochte-spenden \" id=\"item-vfb-346\"><div class=\"vfb-legend\"><h3>Ja, ich m\u00f6chte spenden!<\/h3><\/div><ul class=\"vfb-section vfb-section-1\"><li class=\"vfb-item vfb-item-text   vfb-left-half\" id=\"item-vfb-353\"><label for=\"vfb-353\" class=\"vfb-desc\">VORNAME  <span class=\"vfb-required-asterisk\">*<\/span><\/label><input type=\"text\" name=\"vfb-353\" id=\"vfb-353\" value=\"\" class=\"vfb-text  vfb-medium  required  \" \/><\/li><li class=\"vfb-item vfb-item-text   vfb-right-half\" id=\"item-vfb-355\"><label for=\"vfb-355\" class=\"vfb-desc\">NACHNAME  <span class=\"vfb-required-asterisk\">*<\/span><\/label><input type=\"text\" name=\"vfb-355\" id=\"vfb-355\" value=\"\" class=\"vfb-text  vfb-medium  required  \" \/><\/li><li class=\"vfb-item vfb-item-email   vfb-left-half\" id=\"item-vfb-354\"><label for=\"vfb-354\" class=\"vfb-desc\">Email  <span class=\"vfb-required-asterisk\">*<\/span><\/label><input type=\"email\" name=\"vfb-354\" id=\"vfb-354\" value=\"\" class=\"vfb-text  vfb-medium  required  email \" \/><\/li><li class=\"vfb-item vfb-item-phone   vfb-right-half\" id=\"item-vfb-356\"><label for=\"vfb-356\" class=\"vfb-desc\">Telefon  <span class=\"vfb-required-asterisk\">*<\/span><\/label><input type=\"tel\" name=\"vfb-356\" id=\"vfb-356\" value=\"\" class=\"vfb-text  vfb-medium  required  phone \" \/><\/li><li class=\"vfb-item vfb-item-text  \" id=\"item-vfb-357\"><label for=\"vfb-357\" class=\"vfb-desc\">Beruf, ggf. Firma oder Institution <\/label><input type=\"text\" name=\"vfb-357\" id=\"vfb-357\" value=\"\" class=\"vfb-text  vfb-medium   \" \/><\/li><li class=\"vfb-item vfb-item-text  \" id=\"item-vfb-351\"><label for=\"vfb-351\" class=\"vfb-desc\">Stra\u00dfe, Hausnummer, PLZ, Ort  <span class=\"vfb-required-asterisk\">*<\/span><\/label><input type=\"text\" name=\"vfb-351\" id=\"vfb-351\" value=\"\" class=\"vfb-text  vfb-medium  required  \" \/><\/li><li class=\"vfb-item vfb-item-text  \" id=\"item-vfb-350\"><label for=\"vfb-350\" class=\"vfb-desc\">Staat  <span class=\"vfb-required-asterisk\">*<\/span><\/label><input type=\"text\" name=\"vfb-350\" id=\"vfb-350\" value=\"\" class=\"vfb-text  vfb-medium  required  \" \/><\/li><li class=\"vfb-item vfb-item-textarea  \" id=\"item-vfb-352\"><label for=\"vfb-352\" class=\"vfb-desc\">Kommentar (optional) <\/label><div><textarea name=\"vfb-352\" id=\"vfb-352\" class=\"vfb-textarea  vfb-medium  \"><\/textarea><\/div><\/li><li class=\"vfb-item vfb-item-checkbox   vfb-left-half\" id=\"item-vfb-358\"><label class=\"vfb-desc\">Ich spende : <\/label><div><span class=\"vfb-span\"><input type=\"checkbox\" name=\"vfb-358[]\" id=\"vfb-358-0\" value=\"50 \u20ac\" class=\"vfb-checkbox  \" \/><label for=\"vfb-358-0\" class=\"vfb-choice\">50 \u20ac<\/label><\/span><span class=\"vfb-span\"><input type=\"checkbox\" name=\"vfb-358[]\" id=\"vfb-358-1\" value=\"100 \u20ac\" class=\"vfb-checkbox  \" \/><label for=\"vfb-358-1\" class=\"vfb-choice\">100 \u20ac<\/label><\/span><span class=\"vfb-span\"><input type=\"checkbox\" name=\"vfb-358[]\" id=\"vfb-358-2\" value=\"200 \u20ac\" class=\"vfb-checkbox  \" \/><label for=\"vfb-358-2\" class=\"vfb-choice\">200 \u20ac<\/label><\/span><span class=\"vfb-span\"><input type=\"checkbox\" name=\"vfb-358[]\" id=\"vfb-358-3\" value=\"500 \u20ac\" class=\"vfb-checkbox  \" \/><label for=\"vfb-358-3\" class=\"vfb-choice\">500 \u20ac<\/label><\/span><span class=\"vfb-span\"><input type=\"checkbox\" name=\"vfb-358[]\" id=\"vfb-358-4\" value=\"1000 \u20ac\" class=\"vfb-checkbox  \" \/><label for=\"vfb-358-4\" class=\"vfb-choice\">1000 \u20ac<\/label><\/span><div style=\"clear:both\"><\/div><\/div><\/li><li class=\"vfb-item vfb-item-checkbox   vfb-right-half\" id=\"item-vfb-359\"><label class=\"vfb-desc\">\u00dcberweisung : <\/label><div><span class=\"vfb-span\"><input type=\"checkbox\" name=\"vfb-359[]\" id=\"vfb-359-0\" value=\"j\u00e4hrlich\" class=\"vfb-checkbox  \" \/><label for=\"vfb-359-0\" class=\"vfb-choice\">j\u00e4hrlich<\/label><\/span><span class=\"vfb-span\"><input type=\"checkbox\" name=\"vfb-359[]\" id=\"vfb-359-1\" value=\"halbj\u00e4hrlich\" class=\"vfb-checkbox  \" \/><label for=\"vfb-359-1\" class=\"vfb-choice\">halbj\u00e4hrlich<\/label><\/span><span class=\"vfb-span\"><input type=\"checkbox\" name=\"vfb-359[]\" id=\"vfb-359-2\" value=\"viertelj\u00e4hrelich\" class=\"vfb-checkbox  \" \/><label for=\"vfb-359-2\" class=\"vfb-choice\">viertelj\u00e4hrelich<\/label><\/span><span class=\"vfb-span\"><input type=\"checkbox\" name=\"vfb-359[]\" id=\"vfb-359-3\" value=\"monatlich\" class=\"vfb-checkbox  \" \/><label for=\"vfb-359-3\" class=\"vfb-choice\">monatlich<\/label><\/span><span class=\"vfb-span\"><input type=\"checkbox\" name=\"vfb-359[]\" id=\"vfb-359-4\" value=\"einmalig\" class=\"vfb-checkbox  \" \/><label for=\"vfb-359-4\" class=\"vfb-choice\">einmalig<\/label><\/span><div style=\"clear:both\"><\/div><\/div><\/li><li class=\"vfb-item vfb-item-instructions  \" id=\"item-vfb-360\"><label class=\"vfb-desc\">auf das Schiller-Institut-Konto : <\/label><strong>BIC: HELADEF1822<\/strong><br>\r\n<strong>IBAN: DE30500502010000360635<\/strong><br>\r\n<strong>Frankfurter Sparkasse<\/strong><br><\/li><\/ul>&nbsp;<\/fieldset><fieldset class=\"vfb-fieldset vfb-fieldset-2 bestatigung \" id=\"item-vfb-347\" style=\"display:block\"><div class=\"vfb-legend\"><h3>Best\u00e4tigung<\/h3><\/div><ul class=\"vfb-section vfb-section-2\"><li class=\"vfb-item vfb-item-secret\"  style=\"display:block\"><label for=\"vfb-348\" class=\"vfb-desc\">Bitte zwei Ziffern eingeben<\/label><input type=\"hidden\" name=\"_vfb-required-secret\" value=\"0\" \/><input type=\"hidden\" name=\"_vfb-secret\" value=\"vfb-348\" \/><span class=\"vfb-span\"><input type=\"text\" name=\"vfb-348\" id=\"vfb-348\" value=\"\" class=\"vfb-text  vfb-medium  {digits:true,maxlength:2,minlength:2} \" style=\"display:block\" \/><label>Beispiel: 12<\/label><\/span><li style=\"display:none;\"><label>This box is for spam protection - &lt;strong&gt;please leave it blank&lt;\/strong&gt;:<\/label><div><input name=\"vfb-spam\" \/><\/div><\/li>\n\t\t\t<li class=\"vfb-item vfb-item-submit\" id=\"item-vfb-349\">\n\t\t\t\t<input type=\"submit\" name=\"vfb-submit\" id=\"vfb-349\" value=\"Formular absenden\" class=\"vfb-submit \" \/>\n\t\t\t\t<\/li><\/ul>\n\t\t\t<\/fieldset><input type=\"hidden\" name=\"_wp_http_referer\" value=\"\/de\/wp-json\/wp\/v2\/pages\/32417\" \/><\/form><\/div> <!-- .visual-form-builder-container -->\n<\/div>\n<div class=\"clearfix\"><\/div>\n<!-- AddThis Advanced Settings generic via filter on the_content --><!-- AddThis Share Buttons generic via filter on the_content -->","protected":false},"excerpt":{"rendered":"<p>Unterst\u00fctzen Sie das Schiller-Institut mit einer Mitgliedschaft oder Spende! &nbsp; Das Schiller-Institut\u00a0e. V. erh\u00e4lt seine Finanzmittel weder durch staatliche Finanzierung, noch von gro\u00dfen kommerziellen Geldgebern. Wir finanzieren uns ausschlie\u00dflich durch Mitgliedsbeitr\u00e4ge und Spenden \u2014 deshalb brauchen wir Ihre Unterst\u00fctzung! Sie k\u00f6nnen entweder direkt \u00fcber den&hellip;<!-- AddThis Advanced Settings generic via filter on get_the_excerpt --><!-- AddThis Share Buttons generic via filter on get_the_excerpt --><\/p>\n","protected":false},"author":15,"featured_media":0,"parent":0,"menu_order":0,"comment_status":"closed","ping_status":"closed","template":"template_fullwidth.php","meta":{"_lmt_disableupdate":"no","_lmt_disable":"","footnotes":""},"categories":[],"tags":[],"class_list":["post-32417","page","type-page","status-publish","hentry"],"featured_image_src":null,"_links":{"self":[{"href":"https:\/\/schillerinstitute.com\/de\/wp-json\/wp\/v2\/pages\/32417","targetHints":{"allow":["GET"]}}],"collection":[{"href":"https:\/\/schillerinstitute.com\/de\/wp-json\/wp\/v2\/pages"}],"about":[{"href":"https:\/\/schillerinstitute.com\/de\/wp-json\/wp\/v2\/types\/page"}],"author":[{"embeddable":true,"href":"https:\/\/schillerinstitute.com\/de\/wp-json\/wp\/v2\/users\/15"}],"replies":[{"embeddable":true,"href":"https:\/\/schillerinstitute.com\/de\/wp-json\/wp\/v2\/comments?post=32417"}],"version-history":[{"count":7,"href":"https:\/\/schillerinstitute.com\/de\/wp-json\/wp\/v2\/pages\/32417\/revisions"}],"predecessor-version":[{"id":94766,"href":"https:\/\/schillerinstitute.com\/de\/wp-json\/wp\/v2\/pages\/32417\/revisions\/94766"}],"wp:attachment":[{"href":"https:\/\/schillerinstitute.com\/de\/wp-json\/wp\/v2\/media?parent=32417"}],"wp:term":[{"taxonomy":"category","embeddable":true,"href":"https:\/\/schillerinstitute.com\/de\/wp-json\/wp\/v2\/categories?post=32417"},{"taxonomy":"post_tag","embeddable":true,"href":"https:\/\/schillerinstitute.com\/de\/wp-json\/wp\/v2\/tags?post=32417"}],"curies":[{"name":"wp","href":"https:\/\/api.w.org\/{rel}","templated":true}]}}