{"id":1677,"date":"2013-01-02T11:54:53","date_gmt":"2013-01-02T10:54:53","guid":{"rendered":"http:\/\/schillerinstitut.com\/?page_id=1677"},"modified":"2021-07-04T15:01:47","modified_gmt":"2021-07-04T19:01:47","slug":"grun-bedeutet-tod","status":"publish","type":"page","link":"https:\/\/schillerinstitute.com\/de\/unsere-kampagne\/grun-bedeutet-tod\/","title":{"rendered":"&#8222;Gr\u00fcn&#8220; bedeutet Tod"},"content":{"rendered":"<p><div class=\"one-half\"><\/p>\n<p>Der erfolgreiche Wirtschaftswissenschaftler und Prognosenersteller Lyndon LaRouche mobilisiert seit der Gr\u00fcndung seiner politischen und philosophischen Bewegung in den sp\u00e4ten 1960er Jahren gegen die Politik des anglo-amerikanischen Establishments, die sich u.a. aus Nullwachstum und technologiefeindlichem &#8222;Umweltschutz&#8220; \u00a0zusammensetzt. Diese Politik, so LaRouche, bedeutet V\u00f6lkermord, besonders f\u00fcr die Dritte Welt. Diese Nationen brauchen moderne Technik und Bildung f\u00fcr ihre Entwicklung, um ihre potentielle relative Bev\u00f6lkerungsdichte zu steigern; stattdessen werden sie bewu\u00dft immer verheerenderen Spardiktaten und &#8222;Entv\u00f6lkerungskriegen&#8220; unterworfen, um das Wachstum ihrer Bev\u00f6lkerungen in Schach zu halten. Das Festhalten an Ideologien, die solche Politik rechtfertigt, ist es, was viele sonst progressive und humane Aktivisten davon abh\u00e4lt, der Menschheit zu helfen.<\/p>\n<p><\/div><\/p>\n<p><div class=\"one-half last\"><\/p>\n<p><div class=\"testimonial-container\"><div class=\"testimonial-content\" style=\"\"><p><br \/>Die relativ einfachste Veranschaulichung dieses Punktes ist die Geschichte der immer neuen sprunghaften Steigerungen der relativen Energieflu\u00dfdichte, die man braucht, um eine menschliche Kultur auch nur auf demselben kulturellen Energieflu\u00dfdichte-Zustand der Gesamtbev\u00f6lkerung zu halten. Ein Nullwachstum der Energieflu\u00dfdichte in der Gesellschaft bedeutet den kulturellen Tod, und wenn dieser Proze\u00df, wie vom WBGU gefordert, uneinsichtig bis zum bitteren Ende fortgef\u00fchrt wird, ist das ein Rezept f\u00fcr den Untergang jedweder menschlicher Kultur, letztlich sogar f\u00fcr das Aussterben der menschlichen Gattung.<br \/><\/p><div class=\"triangle\" style=\"\"><\/div><\/div><div class=\"testimonial-meta\"><span class=\"testimonial-person\">Lyndon LaRouche: &#8218;Was nicht nachhaltig sein kann&#8216;, Mai 2011<\/span><\/div><\/div><\/p>\n<p><\/div><div class=\"clearfix\"><\/div><\/p>\n<p><div class=\"hr\"><hr \/><\/div><\/p>\n<p><div class=\"one-half\"><\/p>\n<h3><span style=\"color: #208ac7;\"><strong>Resolution f\u00fcr einen weltweiten Widerstand gegen globalen Faschismus: Stoppt die Machterergreifung der Zentralbanken!<\/strong> <\/span><\/h3>\n<h3><img loading=\"lazy\" decoding=\"async\" class=\"alignnone wp-image-64537\" src=\"https:\/\/schillerinstitute.com\/wp-content\/uploads\/2020\/11\/city-of-london-300x169.jpg\" alt=\"\" width=\"400\" height=\"225\" srcset=\"https:\/\/schillerinstitute.com\/wp-content\/uploads\/2020\/11\/city-of-london-300x169.jpg 300w, https:\/\/schillerinstitute.com\/wp-content\/uploads\/2020\/11\/city-of-london-1024x576.jpg 1024w, https:\/\/schillerinstitute.com\/wp-content\/uploads\/2020\/11\/city-of-london-768x432.jpg 768w, https:\/\/schillerinstitute.com\/wp-content\/uploads\/2020\/11\/city-of-london.jpg 1280w\" sizes=\"auto, (max-width: 400px) 100vw, 400px\" \/><\/h3>\n<p><\/div><br \/><div class=\"one-half last\"><\/p>\n<p><strong>Sie nennen es <em>\u201eGreat Reset\u201c<\/em>, den <em>\u201eGro\u00dfen Neustart\u201c<\/em>. Unter dem Vorwand, die Weltwirtschaft nach der COVID-19-Pandemie wieder aufzubauen, wollen die f\u00fchrenden Privatbankiers und Milliard\u00e4re einen globalen <em>\u201eRegimewechsel\u201c<\/em> durchf\u00fchren, bei dem die Geld- und Finanzpolitik nicht mehr von gew\u00e4hlten Regierungen, sondern direkt von den privaten Zentralbanken und f\u00fchrenden Finanzakteuren bestimmt werden soll. Es ist die letzte Phase der jahrzehntelangen neomalthusianischen Politik, um die v\u00f6llige Kontrolle \u00fcber alle Investitionen zugunsten der Spekulanten zu \u00fcbernehmen und sie ausschlie\u00dflich in sog. \u201egr\u00fcne Technologien\u201c zu lenken, w\u00e4hrend alle Investitionen in den produktiven Sektor, die Hochtechnologie-Energie, Industrie, Landwirtschaft und Infrastruktur unterbunden werden.<\/strong><\/p>\n<p><a href=\"https:\/\/schillerinstitute.com\/de\/weltweiter-widerstand-gegen-globalen-faschismus-stoppt-die-machtergreifung-der-zentralbanken\/\" class=\"custom-button small\" data-newwindow=\"true\"><strong>Weiterlesen und Unterschreiben<\/strong><\/a><\/p>\n<p><\/div><div class=\"clearfix\"><\/div><\/p>\n<p><div class=\"hr\"><hr \/><\/div><\/p>\n<p><div class=\"info-box\"><h3 class=\"info-box-title\" style=\"\">Helfen Sie uns, den Gr\u00fcnen Tod zu beenden.<\/h3><div class=\"info-box-content\" style=\"\"><p><\/p>\n<p><blockquote><\/p>\n<p><strong>Der menschliche Geist und technologischer Fortschritt mu\u00df wieder in den Mittelpunkt!<\/strong><\/p>\n<p><strong>Nat\u00fcrlich ist Klimawandel real &#8211; das Klima der Erde ver\u00e4ndert sich st\u00e4ndig! Was ist der gr\u00f6\u00dfte Treiber f\u00fcr diese Ver\u00e4nderung? Im Gegensatz zu den L\u00fcgen der Nullwachstums-Ludditen ist es nicht menschliche industrielle Aktivit\u00e4t, sondern Einfl\u00fcsse aus dem Sonnensystem und dem galaktischen System der Erde. Gehen uns die Ressourcen aus? Ist der Planet \u00fcberbev\u00f6lkert? F\u00fchrt CO2 zu einer au\u00dfer Kontrolle geratenen Erw\u00e4rmung? Nutzen Sie die untenstehenden Ressourcen, um sich und andere \u00fcber den Betrug der heutigen &#8222;gr\u00fcnen&#8220; Wissenschaft und Politik aufzukl\u00e4ren und bauen Sie Ihr Wissen \u00fcber die wirkliche Klimawissenschaft aus: die Wissenschaft der Wechselwirkungen der Erde mit der Sonne und der Galaxie.<\/strong><\/p>\n<p><\/blockquote><\/p>\n<p><\/p><\/div><\/div><\/p>\n<p><div class=\"hr\"><hr \/><\/div><\/p>\n<p><div class=\"one-third\"><\/p>\n<h3 style=\"text-align: center;\"><a href=\"https:\/\/schillerinstitute.com\/de\/gruen-bedeutet-tod-es-gibt-keine-grenzen-des-wachstums-praesentationen\/\" target=\"_blank\" rel=\"noopener noreferrer\"><strong><span style=\"color: #208ac7;\">Pr\u00e4sentationen<\/span><\/strong><\/a><\/h3>\n<p><a href=\"https:\/\/schillerinstitute.com\/de\/gruen-bedeutet-tod-es-gibt-keine-grenzen-des-wachstums-praesentationen\/\" target=\"_blank\" rel=\"noopener noreferrer\"><img loading=\"lazy\" decoding=\"async\" class=\"wp-image-66278\" src=\"https:\/\/schillerinstitute.com\/wp-content\/uploads\/2021\/01\/Artboard-1.png\" alt=\"\" width=\"227\" height=\"233\" \/><\/a><\/p>\n<p><\/div><br \/><div class=\"one-third\"><\/p>\n<h3 style=\"text-align: center;\"><a href=\"https:\/\/schillerinstitute.com\/de\/gruen-bedeutet-tod-es-gibt-keine-grenzen-des-wachstums-2\/\" target=\"_blank\" rel=\"noopener\"><span style=\"color: #208ac7;\"><strong>Interviews<\/strong><\/span><\/a><\/h3>\n<p><a href=\"https:\/\/schillerinstitute.com\/de\/gruen-bedeutet-tod-es-gibt-keine-grenzen-des-wachstums-2\/\"><img loading=\"lazy\" decoding=\"async\" class=\"alignnone wp-image-66313\" src=\"https:\/\/schillerinstitute.com\/wp-content\/uploads\/2021\/01\/Artboard-3.png\" alt=\"\" width=\"227\" height=\"233\" \/><\/a><\/p>\n<p><\/div><br \/><div class=\"one-third last\"><\/p>\n<h3 style=\"text-align: center;\"><a href=\"https:\/\/schillerinstitute.com\/de\/gruen-bedeutet-tod-es-gibt-keine-grenzen-des-wachstums\/\" target=\"_blank\" rel=\"noopener\"><strong><span style=\"color: #208ac7;\">Artikel<\/span><\/strong><\/a><\/h3>\n<p><a href=\"https:\/\/schillerinstitute.com\/de\/gruen-bedeutet-tod-es-gibt-keine-grenzen-des-wachstums\/\" target=\"_blank\" rel=\"noopener\"><img loading=\"lazy\" decoding=\"async\" class=\"wp-image-66325\" src=\"https:\/\/schillerinstitute.com\/wp-content\/uploads\/2021\/01\/Artboard-4.png\" alt=\"\" width=\"227\" height=\"233\" \/><\/a><\/p>\n<p><\/div><div class=\"clearfix\"><\/div><\/p>\n<p><div class=\"hr\"><hr \/><\/div><\/p>\n<p><div class=\"hr\"><hr \/><\/div><\/p>\n<p><div class=\"call-to-action-big\"><h2><strong>Meldungen<\/strong><\/h2><p class=\"excerpt\"><strong>Gr\u00fcn bedeutet Tod<\/strong><\/p><p><a href=\"https:\/\/schillerinstitute.com\/de\/gruen-bedeutet-tod\/\" class=\"custom-button large\" data-newwindow=\"true\"><strong>Zu den Meldungen<\/strong> \u2192<\/a><\/p><\/div><\/p>\n<p><div class=\"hr\"><hr \/><\/div><\/p>\n<p><div class=\"big-title\"><div class=\"bar\"><\/div><h2><strong>Stoppt den gr\u00fcnen Tod.<\/strong><\/h2><p class=\"sub-title\">Den menschlichen Geist und technologischen Fortschritt wieder in den Mittelpunkt stellen!<\/p><\/div><\/p>\n<p><a href=\"contact\" class=\"custom-button large\">Melden Sie sich bei uns<\/a><\/p>\n\n\n<p><\/p>\n<!-- AddThis Advanced Settings generic via filter on the_content --><!-- AddThis Share Buttons generic via filter on the_content -->","protected":false},"excerpt":{"rendered":"<p>Der erfolgreiche Wirtschaftswissenschaftler und Prognosenersteller Lyndon LaRouche mobilisiert seit der Gr\u00fcndung seiner politischen und philosophischen Bewegung in den sp\u00e4ten 1960er Jahren gegen die Politik des anglo-amerikanischen Establishments, die sich u.a. aus Nullwachstum und technologiefeindlichem &#8222;Umweltschutz&#8220; \u00a0zusammensetzt. Diese Politik, so LaRouche, bedeutet V\u00f6lkermord, besonders f\u00fcr die&hellip;<!-- AddThis Advanced Settings generic via filter on get_the_excerpt --><!-- AddThis Share Buttons generic via filter on get_the_excerpt --><\/p>\n","protected":false},"author":33,"featured_media":0,"parent":1664,"menu_order":3,"comment_status":"open","ping_status":"closed","template":"template_fullwidth.php","meta":{"_lmt_disableupdate":"no","_lmt_disable":"","footnotes":""},"categories":[],"tags":[],"class_list":["post-1677","page","type-page","status-publish","hentry"],"featured_image_src":null,"_links":{"self":[{"href":"https:\/\/schillerinstitute.com\/de\/wp-json\/wp\/v2\/pages\/1677","targetHints":{"allow":["GET"]}}],"collection":[{"href":"https:\/\/schillerinstitute.com\/de\/wp-json\/wp\/v2\/pages"}],"about":[{"href":"https:\/\/schillerinstitute.com\/de\/wp-json\/wp\/v2\/types\/page"}],"author":[{"embeddable":true,"href":"https:\/\/schillerinstitute.com\/de\/wp-json\/wp\/v2\/users\/33"}],"replies":[{"embeddable":true,"href":"https:\/\/schillerinstitute.com\/de\/wp-json\/wp\/v2\/comments?post=1677"}],"version-history":[{"count":11,"href":"https:\/\/schillerinstitute.com\/de\/wp-json\/wp\/v2\/pages\/1677\/revisions"}],"predecessor-version":[{"id":76234,"href":"https:\/\/schillerinstitute.com\/de\/wp-json\/wp\/v2\/pages\/1677\/revisions\/76234"}],"up":[{"embeddable":true,"href":"https:\/\/schillerinstitute.com\/de\/wp-json\/wp\/v2\/pages\/1664"}],"wp:attachment":[{"href":"https:\/\/schillerinstitute.com\/de\/wp-json\/wp\/v2\/media?parent=1677"}],"wp:term":[{"taxonomy":"category","embeddable":true,"href":"https:\/\/schillerinstitute.com\/de\/wp-json\/wp\/v2\/categories?post=1677"},{"taxonomy":"post_tag","embeddable":true,"href":"https:\/\/schillerinstitute.com\/de\/wp-json\/wp\/v2\/tags?post=1677"}],"curies":[{"name":"wp","href":"https:\/\/api.w.org\/{rel}","templated":true}]}}