{"id":1498,"date":"2012-12-31T12:37:52","date_gmt":"2012-12-31T11:37:52","guid":{"rendered":"http:\/\/schillerinstitut.com\/?page_id=1498"},"modified":"2012-12-31T12:43:51","modified_gmt":"2012-12-31T11:43:51","slug":"thema-1-grosraum-nahost","status":"publish","type":"page","link":"https:\/\/schillerinstitute.com\/de\/internationale-konferenz-24-25-november-2012\/thema-1-grosraum-nahost\/","title":{"rendered":"Thema 1: Gro\u00dfraum Nahost"},"content":{"rendered":"<div class=\"portfolio-shortcode\">\n<ul class=\"portfolio-2-columns-list portfolio-scale clearfix\">\n<li class=\"portfolio-item\"><a class=\"portfolio-image\" href=\"http:\/\/www.youtube.com\/watch?v=szBiBhq_uDg\" title=\"Helga Zepp-LaRouche: Nur ein vollst\u00e4ndiger Wechsel des Paradigmas kann eine Katastrophe verhindern\" data-rel=\"lightbox[portfolio]\"><img loading=\"lazy\" decoding=\"async\" src=\"https:\/\/schillerinstitute.com\/wp-content\/uploads\/2012\/12\/20121125-zepplarouche-podium-2-470x280-crop.jpg\" width=\"470\" height=\"280\" alt=\"Helga Zepp-LaRouche, President of the international Schiller Institute\" \/><\/a>\n<div class=\"long-bar\"><\/div>\n<div class=\"portfolio-info\"><a class=\"portfolio-title\" href=\"https:\/\/schillerinstitute.com\/de\/media\/helga-zepp-larouche-nur-ein-vollstandiger-wechsel-des-paradigmas-kann-eine-katastrophe-verhindern\/\" >Helga Zepp-LaRouche: Nur ein vollst\u00e4ndiger Wechsel des Paradigmas kann eine Katastrophe verhindern<\/a><\/div>\n<\/li>\n<li class=\"portfolio-item\"><a class=\"portfolio-image\" href=\"http:\/\/www.youtube.com\/watch?v=7oYXspNOmbE&#038;width=640&#038;height=360\" title=\"Hussein Askary: Ein revolution\u00e4rer Entwicklungsplan f\u00fcr den Nahen und Mittleren Osten\" data-rel=\"lightbox[portfolio]\"><img loading=\"lazy\" decoding=\"async\" src=\"https:\/\/schillerinstitute.com\/wp-content\/uploads\/2012\/12\/20121124-askary-470x280-crop.jpg\" width=\"470\" height=\"280\" alt=\"Hussein, Askary\" \/><\/a>\n<div class=\"long-bar\"><\/div>\n<div class=\"portfolio-info\"><a class=\"portfolio-title\" href=\"https:\/\/schillerinstitute.com\/de\/media\/hussein-askary-ein-revolutionarer-entwicklungsplan-fur-den-nahen-und-mittleren-osten\/\" >Hussein Askary: Ein revolution\u00e4rer Entwicklungsplan f\u00fcr den Nahen und Mittleren Osten<\/a><\/div>\n<\/li>\n<li class=\"portfolio-item\"><a class=\"portfolio-image\" href=\"http:\/\/www.youtube.com\/watch?v=szBiBhq_uDg&#038;width=640&#038;height=360\" title=\"S.E. Ali Reza Sheik Attar: Die globalen Konsequenzen von Instabilit\u00e4t im Mittleren Osten\" data-rel=\"lightbox[portfolio]\"><img loading=\"lazy\" decoding=\"async\" src=\"https:\/\/schillerinstitute.com\/wp-content\/uploads\/2012\/12\/20121124-ambassador-attar-2-470x280-crop.jpg\" width=\"470\" height=\"280\" alt=\"Ali Reza Sheikh Attar, Ambassador of the Islamic Republic of Iran to Germany\" \/><\/a>\n<div class=\"long-bar\"><\/div>\n<div class=\"portfolio-info\"><a class=\"portfolio-title\" href=\"https:\/\/schillerinstitute.com\/de\/media\/s-e-ali-reza-sheik-attar-die-globalen-konsequenzen-von-instabilitat-im-mittleren-osten\/\" >S.E. Ali Reza Sheik Attar: Die globalen Konsequenzen von Instabilit\u00e4t im Mittleren Osten<\/a><\/div>\n<\/li>\n<li class=\"portfolio-item\"><a class=\"portfolio-image\" href=\"http:\/\/www.youtube.com\/watch?v=uBwUV1fpzXc&#038;width=640&#038;height=360\" title=\"Ghoncheh Tazmini: Eine neue Perspektive f\u00fcr den Iran\" data-rel=\"lightbox[portfolio]\"><img loading=\"lazy\" decoding=\"async\" src=\"https:\/\/schillerinstitute.com\/wp-content\/uploads\/2012\/12\/20121124-tazmini-470x280-crop.jpg\" width=\"470\" height=\"280\" alt=\"Ghoncheh Tazmini\" \/><\/a>\n<div class=\"long-bar\"><\/div>\n<div class=\"portfolio-info\"><a class=\"portfolio-title\" href=\"https:\/\/schillerinstitute.com\/de\/media\/ghoncheh-tazmini-eine-neue-perspektive-fur-den-iran\/\" >Ghoncheh Tazmini: Eine neue Perspektive f\u00fcr den Iran<\/a><\/div>\n<\/li>\n<li class=\"portfolio-item\"><a class=\"portfolio-image\" href=\"http:\/\/www.youtube.com\/watch?v=FbyKERTmZqU&#038;width=640&#038;height=360\" title=\"Prof. Bassam Tahhan: Eine Friedensperspektive f\u00fcr Syrien und die Region\" data-rel=\"lightbox[portfolio]\"><img loading=\"lazy\" decoding=\"async\" src=\"https:\/\/schillerinstitute.com\/wp-content\/uploads\/2012\/12\/20121124-tahhan-470x280-crop.jpg\" width=\"470\" height=\"280\" alt=\"Prof. Bassam Tahhan\" \/><\/a>\n<div class=\"long-bar\"><\/div>\n<div class=\"portfolio-info\"><a class=\"portfolio-title\" href=\"https:\/\/schillerinstitute.com\/de\/media\/prof-bassam-tahhan-eine-friedensperspektive-fur-syrien-und-die-region\/\" >Prof. Bassam Tahhan: Eine Friedensperspektive f\u00fcr Syrien und die Region<\/a><\/div>\n<\/li>\n<\/ul>\n<\/div>\n<div class=\"hr to-top\">\n<hr \/>\n<p><span class=\"to-top\">To Top<\/span><\/div>\n<!-- AddThis Advanced Settings generic via filter on the_content --><!-- AddThis Share Buttons generic via filter on the_content -->","protected":false},"excerpt":{"rendered":"<p>Helga Zepp-LaRouche: Nur ein vollst\u00e4ndiger Wechsel des Paradigmas kann eine Katastrophe verhindern Hussein Askary: Ein revolution\u00e4rer Entwicklungsplan f\u00fcr den Nahen und Mittleren Osten S.E. Ali Reza Sheik Attar: Die globalen Konsequenzen von Instabilit\u00e4t im Mittleren Osten Ghoncheh Tazmini: Eine neue Perspektive f\u00fcr den Iran Prof.&hellip;<!-- AddThis Advanced Settings generic via filter on get_the_excerpt --><!-- AddThis Share Buttons generic via filter on get_the_excerpt --><\/p>\n","protected":false},"author":33,"featured_media":0,"parent":1489,"menu_order":1,"comment_status":"open","ping_status":"closed","template":"template_fullwidth.php","meta":{"_lmt_disableupdate":"","_lmt_disable":"","footnotes":""},"categories":[],"tags":[],"class_list":["post-1498","page","type-page","status-publish","hentry"],"featured_image_src":null,"_links":{"self":[{"href":"https:\/\/schillerinstitute.com\/de\/wp-json\/wp\/v2\/pages\/1498","targetHints":{"allow":["GET"]}}],"collection":[{"href":"https:\/\/schillerinstitute.com\/de\/wp-json\/wp\/v2\/pages"}],"about":[{"href":"https:\/\/schillerinstitute.com\/de\/wp-json\/wp\/v2\/types\/page"}],"author":[{"embeddable":true,"href":"https:\/\/schillerinstitute.com\/de\/wp-json\/wp\/v2\/users\/33"}],"replies":[{"embeddable":true,"href":"https:\/\/schillerinstitute.com\/de\/wp-json\/wp\/v2\/comments?post=1498"}],"version-history":[{"count":0,"href":"https:\/\/schillerinstitute.com\/de\/wp-json\/wp\/v2\/pages\/1498\/revisions"}],"up":[{"embeddable":true,"href":"https:\/\/schillerinstitute.com\/de\/wp-json\/wp\/v2\/pages\/1489"}],"wp:attachment":[{"href":"https:\/\/schillerinstitute.com\/de\/wp-json\/wp\/v2\/media?parent=1498"}],"wp:term":[{"taxonomy":"category","embeddable":true,"href":"https:\/\/schillerinstitute.com\/de\/wp-json\/wp\/v2\/categories?post=1498"},{"taxonomy":"post_tag","embeddable":true,"href":"https:\/\/schillerinstitute.com\/de\/wp-json\/wp\/v2\/tags?post=1498"}],"curies":[{"name":"wp","href":"https:\/\/api.w.org\/{rel}","templated":true}]}}