{"id":1244,"date":"2012-12-17T17:06:55","date_gmt":"2012-12-17T16:06:55","guid":{"rendered":"http:\/\/schillerinstitut.com\/?page_id=1244"},"modified":"2025-06-06T11:29:43","modified_gmt":"2025-06-06T15:29:43","slug":"start","status":"publish","type":"page","link":"https:\/\/schillerinstitute.com\/de\/","title":{"rendered":"Start"},"content":{"rendered":"<div class=\"sp-styles-warning\" style=\"width: 450px; background-color: #FFF; color: #F00; border: 1px solid #F00; padding: 10px; font-size: 14px;\">\n\t\t\t<span style=\"font-weight: bold;\">Warning: The stylesheets were not loaded!<\/span> \n\t\t\tYou will need to change the <i>Load stylesheets<\/i> setting from <i>Automatically<\/i> to <i>On homepage<\/i> or <i>On all pages<\/i>. \n\t\t\tYou can set that <a style=\"text-decoration: underline; color: #F00;\" href=\"https:\/\/schillerinstitute.com\/wp-admin\/admin.php?page=sliderpro-settings\">here<\/a>.\n\t\t\t<\/div>\r\n<div id=\"slider-pro-12\" class=\"slider-pro sp-no-js\" style=\"width: 1920px; height: 450px;\">\r\n\t<div class=\"sp-slides\">\r\n\t\t\r\n\t\t<div class=\"sp-slide\">\r\n\t\t\t<a class=\"\" href=\"https:\/\/schillerinstitute.com\/de\/blog\/2026\/04\/20\/das-ende-der-500jaehrigen-kolonialepoche-fuer-einen-dialog-der-zivilisationen\/\" target=\"_self\">\r\n\t\t\t\t<img loading=\"lazy\" decoding=\"async\" class=\"sp-image\" src=\"http:\/\/schillerinstitute.com\/wp-content\/uploads\/2026\/04\/banner-Mai-Konferenz-Berlin-2.jpg\" width=\"1920\" height=\"1440\" \/>\r\n\t\t\t<\/a>\r\n\t\t\t<img decoding=\"async\" class=\"sp-thumbnail\" src=\"https:\/\/schillerinstitute.com\/wp-content\/uploads\/2026\/04\/banner-Mai-Konferenz-Berlin-2-300x225.jpg\" \/>\r\n\t\t<\/div>\r\n\t\t<div class=\"sp-slide\">\r\n\t\t\t<a class=\"\" href=\"https:\/\/schillerinstitute.com\/de\/blog\/2026\/04\/04\/zepp-larouche-ein-scheinbar-bodenloser-sumpf\/\" target=\"_self\">\r\n\t\t\t\t<img loading=\"lazy\" decoding=\"async\" class=\"sp-image\" src=\"http:\/\/schillerinstitute.com\/wp-content\/uploads\/2026\/04\/gutter-banner-deutsch.jpg\" width=\"1920\" height=\"1440\" \/>\r\n\t\t\t<\/a>\r\n\t\t\t<img decoding=\"async\" class=\"sp-thumbnail\" src=\"https:\/\/schillerinstitute.com\/wp-content\/uploads\/2026\/04\/gutter-banner-deutsch-300x225.jpg\" \/>\r\n\t\t<\/div>\r\n\t\t<div class=\"sp-slide\">\r\n\t\t\t<a class=\"\" href=\"https:\/\/schillerinstitute.com\/de\/blog\/2026\/03\/10\/zepp-larouche-fordert-papst-leo-xiv-auf-auf-der-ebene-von-nikolaus-von-kues-zu-intervenieren\/\" target=\"_self\">\r\n\t\t\t\t<img loading=\"lazy\" decoding=\"async\" class=\"sp-image\" src=\"http:\/\/schillerinstitute.com\/wp-content\/uploads\/2026\/03\/2026-Leo-Cusa-banner-german.jpg\" width=\"1920\" height=\"1440\" \/>\r\n\t\t\t<\/a>\r\n\t\t\t<img decoding=\"async\" class=\"sp-thumbnail\" src=\"https:\/\/schillerinstitute.com\/wp-content\/uploads\/2026\/03\/2026-Leo-Cusa-banner-german-300x225.jpg\" \/>\r\n\t\t<\/div>\r\n\t\t<div class=\"sp-slide\">\r\n\t\t\t<a class=\"\" href=\"https:\/\/schillerinstitute.com\/de\/schliessen-sie-sich-der-internationalen-friedenskoalition-an\/\" target=\"_self\">\r\n\t\t\t\t<img loading=\"lazy\" decoding=\"async\" class=\"sp-image\" src=\"http:\/\/schillerinstitute.com\/wp-content\/uploads\/2024\/02\/IPC-Banner-1-1.png\" width=\"2708\" height=\"2032\" \/>\r\n\t\t\t<\/a>\r\n\t\t\t<img decoding=\"async\" class=\"sp-thumbnail\" src=\"https:\/\/schillerinstitute.com\/wp-content\/uploads\/2024\/02\/IPC-Banner-1-1-300x225.png\" \/>\r\n\t\t<\/div>\r\n\t\t<div class=\"sp-slide\">\r\n\t\t\t<a class=\"\" href=\"https:\/\/schillerinstitute.com\/de\/blog\/2024\/02\/14\/petition-unterstuetzung-des-larouche-oasenplans-fuer-frieden-und-entwicklung-in-suedwestasien\/\" target=\"_self\">\r\n\t\t\t\t<img loading=\"lazy\" decoding=\"async\" class=\"sp-image\" src=\"http:\/\/schillerinstitute.com\/wp-content\/uploads\/2024\/02\/Oasenplan-Petition.png\" width=\"1920\" height=\"1440\" \/>\r\n\t\t\t<\/a>\r\n\t\t\t<img decoding=\"async\" class=\"sp-thumbnail\" src=\"https:\/\/schillerinstitute.com\/wp-content\/uploads\/2024\/02\/Oasenplan-Petition-300x225.png\" \/>\r\n\t\t<\/div>\r\n\t\t<div class=\"sp-slide\">\r\n\t\t\t<a class=\"\" href=\"https:\/\/schillerinstitute.com\/de\/blog\/2022\/11\/30\/zehn-prinzipien-fuer-eine-neue-internationale-sicherheits-und-entwicklungsarchitektur\/\" target=\"_self\">\r\n\t\t\t\t<img loading=\"lazy\" decoding=\"async\" class=\"sp-image\" src=\"http:\/\/schillerinstitute.com\/wp-content\/uploads\/2024\/04\/Banner-10-Prinzipien.png\" width=\"1920\" height=\"1440\" \/>\r\n\t\t\t<\/a>\r\n\t\t\t<img decoding=\"async\" class=\"sp-thumbnail\" src=\"https:\/\/schillerinstitute.com\/wp-content\/uploads\/2024\/04\/Banner-10-Prinzipien-300x225.png\" \/>\r\n\t\t<\/div>\r\n\t<\/div>\r\n<\/div>\n<p><div class=\"one-third\"><\/p>\n<p><a href=\"https:\/\/schillerinstitute.com\/de\/helga-zepp-larouche\/\" target=\"_blank\" rel=\"noopener\"><img loading=\"lazy\" decoding=\"async\" class=\"alignnone wp-image-63279 size-medium\" src=\"http:\/\/schillerinstitute.com\/wp-content\/uploads\/2020\/10\/D7-HZL-profile-bueso-new-300x300.jpg\" alt=\"\" width=\"300\" height=\"300\" srcset=\"https:\/\/schillerinstitute.com\/wp-content\/uploads\/2020\/10\/D7-HZL-profile-bueso-new-300x300.jpg 300w, https:\/\/schillerinstitute.com\/wp-content\/uploads\/2020\/10\/D7-HZL-profile-bueso-new-150x150.jpg 150w, https:\/\/schillerinstitute.com\/wp-content\/uploads\/2020\/10\/D7-HZL-profile-bueso-new.jpg 600w\" sizes=\"auto, (max-width: 300px) 100vw, 300px\" \/><\/a><\/p>\n<p><a href=\"https:\/\/schillerinstitute.com\/de\/helga-zepp-larouche\/\" class=\"custom-button small\" data-newwindow=\"true\">Artikel, Erkl\u00e4rungen, Videos und Interviews mit Helga Zepp-LaRouche<\/a><\/p>\n<p><\/div><br \/><div class=\"two-third last\"><\/p>\n<p><a href=\"https:\/\/schillerinstitute.com\/de\/berichterstattung\/\"><img loading=\"lazy\" decoding=\"async\" class=\"wp-image-45239  alignleft\" src=\"https:\/\/schillerinstitute.com\/wp-content\/uploads\/2012\/12\/berichterstattung-button.jpg\" alt=\"berichterstattung-button\" width=\"623\" height=\"343\" srcset=\"https:\/\/schillerinstitute.com\/wp-content\/uploads\/2012\/12\/berichterstattung-button.jpg 394w, https:\/\/schillerinstitute.com\/wp-content\/uploads\/2012\/12\/berichterstattung-button-300x165.jpg 300w\" sizes=\"auto, (max-width: 623px) 100vw, 623px\" \/><\/a><a href=\"de\/berichterstattung\/\" class=\"custom-button small\" data-newwindow=\"true\">Internationale Berichterstattung \u00fcber das Schiller-Institut<\/a> <\/div><div class=\"clearfix\"><\/div><\/p>\n<p><div class=\"big-title\"><div class=\"bar\"><\/div><h2><strong>W\u00f6chentlicher Webcast<\/strong><\/h2><p class=\"sub-title\">mit Helga Zepp-LaRouche<\/p><\/div><\/p>\n<div class=\"cpt-alm-main\" id=\"Webcastde\"><div class=\"cpt-alm-wrapper  cpt-alm-grid-1\" data-id=\"Webcastde\"data-post-type=\"post\"data-post-status=\"publish\"data-posts-per-page=\"3\"data-init-load=\"1\"data-category=\"webcast-mit-helga-zepp-larouche\"data-category--and=\"\"data-category--not-in=\"468\"data-tag=\"\"data-tag--and=\"\"data-tag--not-in=\"\"data-taxonomy=\"\"data-taxonomy-terms=\"\"data-taxonomy-operator=\"\"data-taxonomy-relation=\"\"data-order=\"DESC\"data-orderby=\"date\"data-offset=\"1\"data-template=\"schiller1-de\"data-default-css=\"yes\"data-scroll=\"false\"data-grid=\"1\"data-item-class=\"\"data-container-class=\"\"data-button-text=\"Mehr\"data-button-color=\"#208ac7\"data-loading-style=\"normal\"data-loading-text=\"Loading...\"data-found-posts=\"334\"><div class=\"cpt-alm-item cpt-alm-col-12 \"><div class=\"cpt-list-box\">\r\n\t<div class=\"cpt-list-box-img\" style=\"background: url(https:\/\/schillerinstitute.com\/wp-content\/uploads\/2026\/04\/webcast-29.-April-600x600.jpg)\">\r\n\t\t<a href=\"https:\/\/schillerinstitute.com\/de\/blog\/2026\/04\/28\/live-mit-helga-zepp-larouche-wenn-russland-der-feind-ist-wer-ist-dann-unser-freund-29-04-2026-18-30-uhr\/\">\r\n\t\t\t<span class=\"cpt-list-details\" style=\"width:auto;-webkit-border-radius:10px 0 0 0px;\">Mehr<\/span>\r\n\t\t<\/a>\r\n\t<\/div>\r\n\t<div class=\"cpt-list-box-text\" style=\"float:right;padding-bottom:10px;\">\r\n\t\t<a href=\"https:\/\/schillerinstitute.com\/de\/blog\/2026\/04\/28\/live-mit-helga-zepp-larouche-wenn-russland-der-feind-ist-wer-ist-dann-unser-freund-29-04-2026-18-30-uhr\/\"><h3 style=\"margin-bottom:3pt;\">Live mit Helga Zepp-LaRouche: Wenn Russland der Feind ist, wer ist dann unser Freund?, 29.04.2026, 18.30 Uhr<\/h3>\r\n\t\t\t<p style=\"padding-bottom:0;\">28. April 2026<\/p>\r\n\t\t\t<p>Schlie\u00dfen Sie sich&nbsp;Helga&nbsp;Zepp-LaRouche&nbsp;in ihrem Live-Dialog an und diskutieren Sie die Themen und L\u00f6sungen, die die Welt und die Menschen bewegen. Senden Sie Ihre Fragen, Kommentare und Berichte an&nbsp;fragen@bueso.de&nbsp;oder stellen Sie diese im n\u00e4chsten Live-Stream. Bitte verbreiten Sie die Einladung in Ihrem Freundes,- Bekannten- und Kollegenkreis,&hellip;<!-- AddThis Advanced Settings generic via filter on get_the_excerpt --><!-- AddThis Share Buttons generic via filter on get_the_excerpt --><\/p>\r\n\t\t<\/a>\r\n\t<\/div>\r\n\t<div class=\"clear\"><\/div>\r\n<\/div><\/div><\/div>\r\n\t\t\t<div class=\"cpt-alm-read-more\">\r\n\t\t\t\t<div class=\"cpt-alm-loader cpt-custom-loader\"><div class=\"cpt-loading-icon loading-normal-inner\">\r\n\t\t\t\t<div><\/div><div><\/div><div><\/div><div><\/div><div><\/div><div><\/div><div><\/div><div><\/div><div><\/div><div><\/div><div><\/div><div><\/div><\/div><\/div>\r\n\t\t\t\t<a href=\"javascript:void(0)\" class=\"cpt-alm-btn-load-more\">\r\n\t\t\t\tMehr\r\n\t\t\t\t<\/a>\r\n\t\t\t<\/div><\/div>\n<p style=\"text-align: center; padding-top: 1em;\"><a href=\"\/de\/webcast-mit-helga-zepp-larouche-2\/\" class=\"custom-button large\">Webcasts-Seite &gt;&gt;<\/a><\/p>\n<p><div class=\"big-title\"><div class=\"bar\"><\/div><h2><strong>Meldungen<\/strong><\/h2><p class=\"sub-title-empty\">&nbsp;<\/p><\/div><\/p>\n<div class=\"cpt-alm-main\" id=\"Meldungen\"><div class=\"cpt-alm-wrapper  cpt-alm-grid-1\" data-id=\"Meldungen\"data-post-type=\"post\"data-post-status=\"publish\"data-posts-per-page=\"3\"data-init-load=\"3\"data-category=\"\"data-category--and=\"\"data-category--not-in=\"468\"data-tag=\"\"data-tag--and=\"\"data-tag--not-in=\"\"data-taxonomy=\"\"data-taxonomy-terms=\"\"data-taxonomy-operator=\"\"data-taxonomy-relation=\"\"data-order=\"DESC\"data-orderby=\"date\"data-offset=\"3\"data-template=\"schiller1-de\"data-default-css=\"yes\"data-scroll=\"false\"data-grid=\"1\"data-item-class=\"\"data-container-class=\"\"data-button-text=\"Mehr\"data-button-color=\"#208ac7\"data-loading-style=\"normal\"data-loading-text=\"Loading...\"data-found-posts=\"1686\"><div class=\"cpt-alm-item cpt-alm-col-12 \"><div class=\"cpt-list-box\">\r\n\t<div class=\"cpt-list-box-img\" style=\"background: url(https:\/\/schillerinstitute.com\/wp-content\/uploads\/2026\/05\/IPC-152-BERICHT.jpg)\">\r\n\t\t<a href=\"https:\/\/schillerinstitute.com\/de\/blog\/2026\/05\/04\/des-kaisers-neue-kleider-bericht-vom-152-treffen-der-internationalen-friedenskoalition\/\">\r\n\t\t\t<span class=\"cpt-list-details\" style=\"width:auto;-webkit-border-radius:10px 0 0 0px;\">Mehr<\/span>\r\n\t\t<\/a>\r\n\t<\/div>\r\n\t<div class=\"cpt-list-box-text\" style=\"float:right;padding-bottom:10px;\">\r\n\t\t<a href=\"https:\/\/schillerinstitute.com\/de\/blog\/2026\/05\/04\/des-kaisers-neue-kleider-bericht-vom-152-treffen-der-internationalen-friedenskoalition\/\"><h3 style=\"margin-bottom:3pt;\">Des Kaisers neue Kleider, Bericht vom 152. Treffen der Internationalen Friedenskoalition<\/h3>\r\n\t\t\t<p style=\"padding-bottom:0;\">04. Mai 2026<\/p>\r\n\t\t\t<p>Die 152. w\u00f6chentliche Online-Sitzung der Internationalen Friedenskoalition (IPC) am 1. Mai begann mit einem aktuellen Bericht der Initiatorin der Koalition und Gr\u00fcnderin des Schiller-Instituts,&nbsp;Helga Zepp-LaRouche. Sie sagte: \u201eWas wir Tag f\u00fcr Tag erleben, wird man in den Geschichtsb\u00fcchern wahrscheinlich als den Untergang der Pr\u00e4sidentschaft von&hellip;<!-- AddThis Advanced Settings generic via filter on get_the_excerpt --><!-- AddThis Share Buttons generic via filter on get_the_excerpt --><\/p>\r\n\t\t<\/a>\r\n\t<\/div>\r\n\t<div class=\"clear\"><\/div>\r\n<\/div><\/div><div class=\"cpt-alm-item cpt-alm-col-12 \"><div class=\"cpt-list-box\">\r\n\t<div class=\"cpt-list-box-img\" style=\"background: url(https:\/\/schillerinstitute.com\/wp-content\/uploads\/2026\/04\/IPC-152-Einladung-600x600.jpg)\">\r\n\t\t<a href=\"https:\/\/schillerinstitute.com\/de\/blog\/2026\/04\/30\/internationale-friedenskoalition-152-01-05-2026-17-00-uhr\/\">\r\n\t\t\t<span class=\"cpt-list-details\" style=\"width:auto;-webkit-border-radius:10px 0 0 0px;\">Mehr<\/span>\r\n\t\t<\/a>\r\n\t<\/div>\r\n\t<div class=\"cpt-list-box-text\" style=\"float:right;padding-bottom:10px;\">\r\n\t\t<a href=\"https:\/\/schillerinstitute.com\/de\/blog\/2026\/04\/30\/internationale-friedenskoalition-152-01-05-2026-17-00-uhr\/\"><h3 style=\"margin-bottom:3pt;\">Internationale Friedenskoalition #152, 01.05.2026, 17.00 Uhr<\/h3>\r\n\t\t\t<p style=\"padding-bottom:0;\">30. April 2026<\/p>\r\n\t\t\t<p>Travestie: Trump rollt den roten Teppich f\u00fcr den britischen Malthusianer aus Amerikaner mit Gewissen suchen vielleicht nach einem Ausdruck f\u00fcr das absto\u00dfende Spektakel dieser Woche, bei dem K\u00f6nig Charles und K\u00f6nigin Camilla vom US-Pr\u00e4sidenten, einer gemeinsamen Sitzung des US-Kongresses und fast der gesamten unterw\u00fcrfigen Establishment-Presse&hellip;<!-- AddThis Advanced Settings generic via filter on get_the_excerpt --><!-- AddThis Share Buttons generic via filter on get_the_excerpt --><\/p>\r\n\t\t<\/a>\r\n\t<\/div>\r\n\t<div class=\"clear\"><\/div>\r\n<\/div><\/div><div class=\"cpt-alm-item cpt-alm-col-12 \"><div class=\"cpt-list-box\">\r\n\t<div class=\"cpt-list-box-img\" style=\"background: url(https:\/\/schillerinstitute.com\/wp-content\/uploads\/2026\/04\/webcast-29.-April-600x600.jpg)\">\r\n\t\t<a href=\"https:\/\/schillerinstitute.com\/de\/blog\/2026\/04\/28\/live-mit-helga-zepp-larouche-wenn-russland-der-feind-ist-wer-ist-dann-unser-freund-29-04-2026-18-30-uhr\/\">\r\n\t\t\t<span class=\"cpt-list-details\" style=\"width:auto;-webkit-border-radius:10px 0 0 0px;\">Mehr<\/span>\r\n\t\t<\/a>\r\n\t<\/div>\r\n\t<div class=\"cpt-list-box-text\" style=\"float:right;padding-bottom:10px;\">\r\n\t\t<a href=\"https:\/\/schillerinstitute.com\/de\/blog\/2026\/04\/28\/live-mit-helga-zepp-larouche-wenn-russland-der-feind-ist-wer-ist-dann-unser-freund-29-04-2026-18-30-uhr\/\"><h3 style=\"margin-bottom:3pt;\">Live mit Helga Zepp-LaRouche: Wenn Russland der Feind ist, wer ist dann unser Freund?, 29.04.2026, 18.30 Uhr<\/h3>\r\n\t\t\t<p style=\"padding-bottom:0;\">28. April 2026<\/p>\r\n\t\t\t<p>Schlie\u00dfen Sie sich&nbsp;Helga&nbsp;Zepp-LaRouche&nbsp;in ihrem Live-Dialog an und diskutieren Sie die Themen und L\u00f6sungen, die die Welt und die Menschen bewegen. Senden Sie Ihre Fragen, Kommentare und Berichte an&nbsp;fragen@bueso.de&nbsp;oder stellen Sie diese im n\u00e4chsten Live-Stream. Bitte verbreiten Sie die Einladung in Ihrem Freundes,- Bekannten- und Kollegenkreis,&hellip;<!-- AddThis Advanced Settings generic via filter on get_the_excerpt --><!-- AddThis Share Buttons generic via filter on get_the_excerpt --><\/p>\r\n\t\t<\/a>\r\n\t<\/div>\r\n\t<div class=\"clear\"><\/div>\r\n<\/div><\/div><\/div>\r\n\t\t\t<div class=\"cpt-alm-read-more\">\r\n\t\t\t\t<div class=\"cpt-alm-loader cpt-custom-loader\"><div class=\"cpt-loading-icon loading-normal-inner\">\r\n\t\t\t\t<div><\/div><div><\/div><div><\/div><div><\/div><div><\/div><div><\/div><div><\/div><div><\/div><div><\/div><div><\/div><div><\/div><div><\/div><\/div><\/div>\r\n\t\t\t\t<a href=\"javascript:void(0)\" class=\"cpt-alm-btn-load-more\">\r\n\t\t\t\tMehr\r\n\t\t\t\t<\/a>\r\n\t\t\t<\/div><\/div>\n<p style=\"text-align: center; padding-top: 1em;\"><a href=\"\/de\/recent-news\/\" class=\"custom-button large\">Meldungen-Seite &gt;&gt;<\/a><\/p>\n<p><div class=\"wide-bar white-text\" style=\"background-color: #e6e3e3; background-image: url('http:\/\/vanguard.unispheredesign.com\/wp-content\/uploads\/2012\/11\/noisy_grid.png'); background-position: center center; background-repeat: repeat; padding-top: 20px; padding-bottom: 20px; margin-bottom: 0px; \"><\/p>\n<p style=\"text-align: center;\"><a href=\"https:\/\/schillerinstitute.com\/de\/mitglied-werden\/\" class=\"custom-button large\"><strong>Werden Sie Mitglied<\/strong><\/a> <\/div><\/p>\n<p style=\"text-align: right;\"><div class=\"small-title\"><h3><strong>Lyndon LaRouche<\/strong><\/h3><div class=\"long-bar\"><\/div><\/div> <div class=\"one-half\"> <div class=\"call-to-action-big\"><h2><strong>Wer ist Lyndon LaRouche<\/strong><\/h2><p><a href=\"https:\/\/schillerinstitute.com\/de\/blog\/2018\/12\/21\/wer-ist-lyndon-larouche\/\" class=\"custom-button large\" data-newwindow=\"true\">Weiterlesen \u2192<\/a><\/p><\/div> <\/div><br \/><div class=\"one-half last\"><\/p>\n<p><img loading=\"lazy\" decoding=\"async\" class=\"aligncenter\" src=\"https:\/\/schillerinstitute.com\/wp-content\/uploads\/2018\/01\/SI-Lyndon-LaRouche-710x438.jpg\" alt=\"\" width=\"476\" height=\"294\" \/><\/p>\n<p><\/div><div class=\"clearfix\"><\/div> <div class=\"small-title\"><h3><\/h3><div class=\"long-bar\"><\/div><\/div> <div class=\"big-title\"><div class=\"bar\"><\/div><h2><strong>Die Seidenstra\u00dfe wird zur Weltlandbr\u00fccke<\/strong><\/h2><p class=\"sub-title-empty\">&nbsp;<\/p><\/div> <div class=\"one-half\"><\/p>\n<p><a href=\"https:\/\/schillerinstitute.com\/de\/die-neue-seidenstrase-wird-zur-weltlandbrucke\/\" target=\"_blank\" rel=\"noopener\"><img loading=\"lazy\" decoding=\"async\" class=\"wp-image-51294 alignleft\" src=\"http:\/\/schillerinstitute.com\/wp-content\/uploads\/2012\/12\/wlb_DE_thumbnail.png\" sizes=\"auto, (max-width: 340px) 100vw, 340px\" srcset=\"http:\/\/schillerinstitute.com\/wp-content\/uploads\/2012\/12\/wlb_DE_thumbnail.png 537w, https:\/\/schillerinstitute.com\/wp-content\/uploads\/2012\/12\/wlb_DE_thumbnail-279x300.png 279w\" alt=\"wlb_DE_thumbnail\" width=\"354\" height=\"380\" \/><\/a><\/p>\n<p><\/div> <div class=\"one-half last\"><\/p>\n<h3>Die umfassende Studie zu Chinas Megaprojekt Neue Seidenstra\u00dfe (Belt &amp; Road Initiative) und dessen Transformation in eine globale Weltlandbr\u00fccke als internationale Entwicklungs- und Friedensperspektive. <\/div><div class=\"clearfix\"><\/div> <div class=\"wide-bar\" style=\"background-color: #e6e3e3; background-image: url('\/wp-content\/uploads\/2017\/02\/BG-Helga-image005.jpg'); background-position: center center; background-repeat: repeat; padding-top: 20px; padding-bottom: 20px; margin-bottom: 0px; \"><\/h3>\n<div class=\"tweak-homepage-news-header\"><div class=\"big-title\"><div class=\"bar\"><\/div><h2>Was ist das Schiller-Institut?<\/h2><p class=\"sub-title\"> <\/p><\/div><\/div>\n<p><div class=\"info-box\"><h3 class=\"info-box-title\" style=\"\">Unsere Mission<\/h3><div class=\"info-box-content\" style=\"\"><p><br \/>Seit \u00fcber 30 Jahren setzt sich das Schiller-Institut daf\u00fcr ein, die alte geopolitische Weltordnung mit einem neuen Paradigma zu ersetzen, das auf gegenseitigem Respekt und der Entwicklung von vollkommen souver\u00e4nen Nationalstaaten basiert.<\/p><\/div><\/div><\/p>\n<p><div class=\"info-box\"><h3 class=\"info-box-title\" style=\"\">Wer ist Schiller?<\/h3><div class=\"info-box-content\" style=\"\"><p><br \/>Das Institut ist nach dem gro\u00dfen deutschen Dichter und Dramatiker des 18. Jahrhunderts Friedrich Schiller benannt, dessen Arbeiten die republikanische Opposition gegen die weltweite oligarchische Tyrannei inspirierte.<br \/><\/p><\/div><\/div><\/p>\n<p><div class=\"info-box\"><h3 class=\"info-box-title\" style=\"\">Unsere Konferenzen<\/h3><div class=\"info-box-content\" style=\"\"><p><br \/>Das Schiller-Institut hat Hunderte von internationalen Konferenzen organisiert.<br \/><\/p><\/div><\/div><\/p>\n<p><div class=\"info-box\"><h3 class=\"info-box-title\" style=\"\">Unsere Errungenschaften<\/h3><div class=\"info-box-content\" style=\"\"><p><br \/>Unsere Konferenzen und politischen Aktivit\u00e4ten haben bei vielen Amtstr\u00e4gern und Regierungen Anerkennung gefunden, wie beispielsweise in Mexiko, Malaysia, Jemen, Indien und aufgrund unserer Konzeption der sogenannten Neuen Seidenstra\u00dfe insbesondere in China.<\/p>\n<p><\/p><\/div><\/div><\/p>\n<p><\/div> <div class=\"big-title\"><div class=\"bar\"><\/div><h2><strong>Die Weltlandbr\u00fccke<\/strong><\/h2><p class=\"sub-title\">Die wichtigsten Verbindungen und Korridore<\/p><\/div> <div class=\"one-half\"> <a href=\"\/wp-content\/uploads\/2012\/12\/WLB_EN_website_Bueso.jpg\" title=\"Die Weltlandbr\u00fccke - Die wichtigsten Verbindungen und Korridore\" data-rel=\"lightbox\" class=\"\"  target=\"_self\"  style=\"overflow: hidden; display: inline-block;\"><img decoding=\"async\" src=\"\/wp-content\/uploads\/2012\/12\/WLB_DE_website_Bueso_HOME.jpg\" alt=\"Die Weltlandbr\u00fccke - Die wichtigsten Verbindungen und Korridore\" title=\"Die Weltlandbr\u00fccke - Die wichtigsten Verbindungen und Korridore\"  style=\"display: block;\" \/><\/a> <\/div> <div class=\"one-half last\"><\/p>\n<h3>Beschreibungen \u00fcber den Stand jener 27 Projekte, die auf der nebenstehenden Karte verzeichnet und f\u00fcr das Entstehen des weltweiten Verkehrsnetzes f\u00fcr Entwicklung wichtig sind<\/h3>\n<p><em><strong>KLICKEN SIE AUF DIE KARTE, UM DIE DETAILS ZU SEHEN<\/strong><\/em><\/p>\n<p><\/div><div class=\"clearfix\"><\/div><\/p>\n<p><div class=\"wide-bar\" style=\"background-color: #e6e3e3; background-image: url('http:\/\/vanguard.unispheredesign.com\/wp-content\/uploads\/2012\/11\/noisy_grid.png'); background-position: center center; background-repeat: repeat; padding-top: 20px; padding-bottom: 20px; margin-bottom: 0px; \"> <div class=\"big-title\"><div class=\"bar\"><\/div><h2><strong>Fokus<\/strong><\/h2><p class=\"sub-title-empty\">&nbsp;<\/p><\/div> <div class=\"two-third\"><\/p>\n<p><iframe loading=\"lazy\" title=\"Die Seidenstra\u00dfe f\u00fcr das 21. Jahrhundert --\u00a0CCTV Interview mit Helga Zepp-LaRouche [dt. Untertitel]\" width=\"960\" height=\"720\" src=\"https:\/\/www.youtube.com\/embed\/icdHhw1Vid4?feature=oembed\" frameborder=\"0\" allow=\"accelerometer; autoplay; clipboard-write; encrypted-media; gyroscope; picture-in-picture; web-share\" referrerpolicy=\"strict-origin-when-cross-origin\" allowfullscreen><\/iframe><\/p>\n<p><\/div> <div class=\"one-third last\"><\/p>\n<h3 id=\"watch-headline-title\" class=\"yt\"><strong><span id=\"eow-title\" class=\"watch-title long-title \" dir=\"ltr\" title=\"Die Seidenstra\u00dfe f\u00fcr das 21. Jahrhundert --\u00a0CCTV Interview mit Helga Zepp-LaRouche &#091;dt. Untertitel&#093;\">Die Seidenstra\u00dfe f\u00fcr das 21. Jahrhundert &#8212;\u00a0CCTV Interview mit Helga Zepp-LaRouche [dt. Untertitel]<\/span><\/strong><\/h3>\n<p>14. April 2014 &#8212; Die Gr\u00fcnderin und Pr\u00e4sidentin des internationalen Schiller-Institutes, Helga Zepp-LaRouche im Interview mit Yang Rui im chinesischen Fernsehsender CCTV. Das Interview wurde w\u00e4hrend ihres j\u00fcngsten China-Besuchs im Februar diesen Jahres aufgezeichnet und am 14. April ausgestrahlt.<\/p>\n<p><a href=\"\/our-campaign\/build-the-world-land-bridge\/\" class=\"custom-button medium\">Mehr<\/a><\/p>\n<p><\/div><div class=\"clearfix\"><\/div> <\/div><\/p>\n<p><div class=\"two-third\"> <div class=\"big-title\"><div class=\"bar\"><\/div><h2><strong>30-j\u00e4hriges Jubil\u00e4um<\/strong><\/h2><p class=\"sub-title\">Das Schiller-Institut feiert mit einer neuen Brosch\u00fcre.<\/p><\/div> <em>Januar 2014 <\/em><\/p>\n<p>Diese 36-seitige Brosch\u00fcre detailliert die drei\u00dfigj\u00e4hrige Geschichte des Schiller-Instituts, das durch drei Jahrzehnte hindurch gegen den kulturellen und politischen Barbarismus ank\u00e4mpft und das Ihnen helfen wird andere daf\u00fcr zu gewinnen, den dringendend gebrauchten Paradigmenwandel hervorzubringen. Wir k\u00f6nnen die Menschheit vom Abgrund zur\u00fcckholen, und wir m\u00fcssen eine neue goldene Renaissance erzeugen!\u00a0 <\/div> <div class=\"one-third last\"><\/p>\n<p><a href=\"http:\/\/newparadigm.schillerinstitute.com\/wp-content\/uploads\/2012\/12\/SchillerBrochureCover.png\"><img loading=\"lazy\" decoding=\"async\" class=\"alignnone size-medium wp-image-19307\" src=\"https:\/\/schillerinstitute.com\/wp-content\/uploads\/2012\/12\/SchillerBrochureCover-211x300.png\" alt=\"SchillerBrochureCover\" width=\"211\" height=\"300\" srcset=\"https:\/\/schillerinstitute.com\/wp-content\/uploads\/2012\/12\/SchillerBrochureCover-211x300.png 211w, https:\/\/schillerinstitute.com\/wp-content\/uploads\/2012\/12\/SchillerBrochureCover.png 454w\" sizes=\"auto, (max-width: 211px) 100vw, 211px\" \/><\/a><a href=\"\/de\/blog\/2014\/04\/10\/das-schiller-institut-feiert-sein-30-jubilaum\/\" class=\"custom-button medium\">Jubil\u00e4umsbrosch\u00fcre<\/a> <\/div><div class=\"clearfix\"><\/div><\/p>\n<p style=\"text-align: center;\"><div class=\"wide-bar white-text\" style=\"background-color: #e6e3e3; background-image: url('http:\/\/vanguard.unispheredesign.com\/wp-content\/uploads\/2012\/11\/noisy_grid.png'); background-position: center center; background-repeat: repeat; padding-top: 20px; padding-bottom: 20px; margin-bottom: 0px; \"><\/p>\n<p style=\"text-align: center;\"><a href=\"https:\/\/schillerinstitute.com\/de\/mitglied-werden\/\" class=\"custom-button large\"><strong>Werden Sie Mitglied<\/strong><\/a> <\/div><\/p>\n\n\n<p><\/p>\n","protected":false},"excerpt":{"rendered":"<p>Artikel, Erkl\u00e4rungen, Videos und Interviews mit Helga Zepp-LaRouche Internationale Berichterstattung \u00fcber das Schiller-Institut W\u00f6chentlicher Webcast mit Helga Zepp-LaRouche Webcasts-Seite &gt;&gt; Meldungen &nbsp; Meldungen-Seite &gt;&gt; Werden Sie Mitglied Lyndon LaRouche Wer ist Lyndon LaRouche Weiterlesen \u2192 Die Seidenstra\u00dfe wird zur Weltlandbr\u00fccke &nbsp; Die umfassende Studie zu&hellip;<!-- AddThis Advanced Settings generic via filter on get_the_excerpt --><!-- AddThis Share Buttons generic via filter on get_the_excerpt --><\/p>\n","protected":false},"author":33,"featured_media":0,"parent":0,"menu_order":0,"comment_status":"closed","ping_status":"closed","template":"template_fullwidth.php","meta":{"_lmt_disableupdate":"no","_lmt_disable":"","footnotes":""},"categories":[],"tags":[],"class_list":["post-1244","page","type-page","status-publish","hentry"],"featured_image_src":null,"_links":{"self":[{"href":"https:\/\/schillerinstitute.com\/de\/wp-json\/wp\/v2\/pages\/1244","targetHints":{"allow":["GET"]}}],"collection":[{"href":"https:\/\/schillerinstitute.com\/de\/wp-json\/wp\/v2\/pages"}],"about":[{"href":"https:\/\/schillerinstitute.com\/de\/wp-json\/wp\/v2\/types\/page"}],"author":[{"embeddable":true,"href":"https:\/\/schillerinstitute.com\/de\/wp-json\/wp\/v2\/users\/33"}],"replies":[{"embeddable":true,"href":"https:\/\/schillerinstitute.com\/de\/wp-json\/wp\/v2\/comments?post=1244"}],"version-history":[{"count":140,"href":"https:\/\/schillerinstitute.com\/de\/wp-json\/wp\/v2\/pages\/1244\/revisions"}],"predecessor-version":[{"id":110121,"href":"https:\/\/schillerinstitute.com\/de\/wp-json\/wp\/v2\/pages\/1244\/revisions\/110121"}],"wp:attachment":[{"href":"https:\/\/schillerinstitute.com\/de\/wp-json\/wp\/v2\/media?parent=1244"}],"wp:term":[{"taxonomy":"category","embeddable":true,"href":"https:\/\/schillerinstitute.com\/de\/wp-json\/wp\/v2\/categories?post=1244"},{"taxonomy":"post_tag","embeddable":true,"href":"https:\/\/schillerinstitute.com\/de\/wp-json\/wp\/v2\/tags?post=1244"}],"curies":[{"name":"wp","href":"https:\/\/api.w.org\/{rel}","templated":true}]}}