{"id":107504,"date":"2025-03-08T22:25:08","date_gmt":"2025-03-09T03:25:08","guid":{"rendered":"https:\/\/schillerinstitute.com\/?page_id=107504"},"modified":"2025-03-16T16:23:03","modified_gmt":"2025-03-16T20:23:03","slug":"statt-aufruestung-fuer-den-grossen-krieg-schafft-eine-globale-sicherheitsarchitektur","status":"publish","type":"page","link":"https:\/\/schillerinstitute.com\/de\/statt-aufruestung-fuer-den-grossen-krieg-schafft-eine-globale-sicherheitsarchitektur\/","title":{"rendered":"Statt Aufr\u00fcstung f\u00fcr den gro\u00dfen Krieg: Schafft eine globale Sicherheitsarchitektur!"},"content":{"rendered":"<p><i>Die folgende Erkl\u00e4rung wurde am 8. M\u00e4rz von Helga Zepp-LaRouche, der Gr\u00fcnderin des Schiller-Instituts, zur sofortigen und weiten internationalen Verbreitung und Unterst\u00fctzung herausgegeben. Sie wird zu einer Zeit ver\u00f6ffentlicht, in der Europa an einem historischen Scheideweg steht, an dem dringend eine andere Alternative auf den Tisch gelegt werden mu\u00df, wenn eine Katastrophe vermieden werden soll. Wir ermutigen alle Menschen aus allen Lebensbereichen, diese Erkl\u00e4rung zu unterzeichnen, um dieses Thema so schnell wie m\u00f6glich in die \u00f6ffentliche Debatte zu bringen.<\/i><\/p>\n<p><img decoding=\"async\" src=\"https:\/\/schillerinstitute.com\/wp-content\/uploads\/2025\/03\/Statt-Aufruestung-fuer-den-grossen-Krieg-Schafft-eine-globale-Sicherheitsarchitektur-YouTube-Miniatur-1024x576.png\" alt=\"This image has an empty alt attribute; its file name is Statt-Aufruestung-fuer-den-grossen-Krieg-Schafft-eine-globale-Sicherheitsarchitektur-YouTube-Miniatur-1024x576.png\" \/><\/p>\n<div class=\"big-title\">\n<div class=\"bar\"><\/div>\n<h2>Statt Aufr\u00fcstung f\u00fcr den gro\u00dfen Krieg: Schafft eine globale Sicherheitsarchitektur!<\/h2>\n<p class=\"sub-title\">von Helga Zepp-LaRouche<\/p>\n<\/div>\n<p style=\"text-align: left;\"><a href=\"https:\/\/schillerinstitute.com\/wp-content\/uploads\/2025\/03\/Aufruf_Sicherheitsarchitektur_2025.pdf?x67618\" class=\"custom-button small\" data-newwindow=\"true\">Flugblatt zum Verbreiten<\/a><\/p>\n<p>Die EU und die meisten europ\u00e4ischen Regierungen sind gegenw\u00e4rtig von einer Kriegshysterie erfa\u00dft, die nur mit dem kriegsl\u00fcsternen Wahnsinn zu vergleichen ist, der vor dem Ersten Weltkrieg ausgebrochen war. Astronomische Summen sollen in die Aufr\u00fcstung gesteckt werden: Ursula von der Leyen will unter R\u00fcckgriff auf Artikel 122 des Lissabonner Vertrages am Europa-Parlament vorbei 800 Milliarden (!) in den \u201eRe-arm Europe\u201c-Plan investieren. Friedrich Merz, der vor der Wahl versprochen hatte, mit der CDU werde die Schuldenbremse nicht angetastet, sagt nach der Wahl das genaue Gegenteil: Erstmal 400 Milliarden (!) f\u00fcr Aufr\u00fcstung, 500 Milliarden f\u00fcr \u201eInfrastruktur\u201c, die aber weitgehend milit\u00e4rischen Zwecken dienen soll, aber ohne Obergrenze (!) f\u00fcr die Milit\u00e4rausgaben &#8211; \u201e<em>Whatever it takes!<\/em>\u201c, sagt Merz jetzt. Das waren die ber\u00fcchtigten Worte von Mario Draghi in der Euro-Krise, alle Geldschleusen sollen aufgedreht werden. Und das, w\u00e4hrend sich die deutsche physische Wirtschaft im freien Fall befindet, einige europ\u00e4ische Staaten bereits unter gigantischen Schuldenbergen \u00e4chzen und Europa wirtschaftlich schon weitgehend abgeh\u00e4ngt worden ist.<\/p>\n<p>Und warum diese pl\u00f6tzliche wunderbare Geldvermehrung, als g\u00e4be es kein Morgen? Pr\u00e4sident Trump spricht mit dem russischen Pr\u00e4sidenten Putin und will den Ukraine-Krieg, der milit\u00e4risch l\u00e4ngst verloren ist, durch Verhandlung zu Ende bringen und so das furchtbare Sterben von Ukrainern und Russen endlich beenden. Trump zieht die Welt damit gleichzeitig vom Abgrund eines thermonuklearen Weltkrieges zur\u00fcck, an den wir aufgrund der Eskalation der vorherigen US-Administration bis auf Haaresbreite gekommen sind.<\/p>\n<p>Aber anstatt Trump zu gratulieren und ihn zu unterst\u00fctzen, versuchen die EU &#8211; immerhin Tr\u00e4gerin des Friedensnobelpreises 2012 &#8211; sowie Premierminister Starmer, Pr\u00e4sident Macron und eben Merz, den Ukraine-Krieg fortzusetzen, obwohl dieser Krieg\u00a0 bereits nach Experten-Sch\u00e4tzung \u00fcber eine Million Ukrainer und ca. 300.000 Russen das Leben gekostet hat &#8211; offensichtlich \u201ebis zum letzten Ukrainer\u201c.<\/p>\n<p>Damit versuchen die Europ\u00e4er die Sabotage zu wiederholen, mit der Boris Johnson schon im M\u00e4rz 2022 das Abkommen von Istanbul zwischen Putin und Selenskyj torpediert hat, mit dem der Krieg nach wenigen Wochen h\u00e4tte beendet werden k\u00f6nnen, was f\u00fcr all die Toten seitdem verantwortlich ist.<\/p>\n<p>Gleichzeitig produzieren diverse Geheimdienste in Schweden, D\u00e4nemark, Deutschland etc. Prognosen, denen zufolge Ru\u00dfland angeblich bis 2029-30 seine Aufr\u00fcstung soweit fortgef\u00fchrt haben wird, da\u00df es dann in der Lage sein werde, ein oder mehrere weitere EU-Staaten angreifen zu k\u00f6nnen. Eine rein geopolitisch motivierte Behauptung, f\u00fcr die es keinerlei Beweise gibt, die aber eintreten kann, wenn Europa weiterhin auf Konfrontation setzt &#8211; immer nach dem Motto: \u201eSo wie ich in den Wald hineinrufe, so schallt es heraus!\u201c<\/p>\n<p>Verschiedene Institute, so das Kieler Institut f\u00fcr Weltwirtschaft, weisen darauf hin, da\u00df weder die Bundeswehr, noch die britische oder franz\u00f6sische Armee auch nur ann\u00e4hrend in der Lage w\u00e4ren, die direkte Konfrontation mit der st\u00e4rksten Nuklearmacht der Welt &#8211; Ru\u00dfland &#8211; aufzunehmen. Das Kieler Weltwirtschaftsinstitut z.B. warnte, die Bundeswehr w\u00fcrde bei den aktuellen Beschaffungsraten bis 100 Jahre brauchen, um die Best\u00e4nde von 2004 wieder zu erreichen. Die britische Armee hat gerade mal 219 Panzer, w\u00e4hrend Ru\u00dfland \u00fcber 1000 <em>pro Jahr<\/em> produziert. Die britische Royal Air Force hat gerade mal 173 Kampfflugzeuge! Italien hat beindruckende 150 Kampfpanzer! Macrons Angebot, die franz\u00f6sischen Nuklearwaffen f\u00fcr ganz Europa als Nuklearschirm einzusetzen, kann eher als Provokation Ru\u00dflands betrachtet werden, denn als wirklichen Schutz.<\/p>\n<p>Tom Harrington, Professor Emeritus am amerikanischen Trinity College in Hartford, Connecticut, hat die Reaktion der Europ\u00e4er treffend auf den Punkt gebracht: \u201eWenn Du ein Chihuahua bist und jahrelang im TV einen Doberman gespielt hast, kannst Du vergessen, da\u00df Du in Wirklichkeit ein Chihuahua bist. Dies kann zu allerlei Wahnvorstellungen f\u00fchren, wenn der TV-Produzent die Serie absetzt.\u201c<\/p>\n<p>Wenn die EU und die einzelnen europ\u00e4ischen Staaten jetzt Trumps Absicht sabotieren, den Ukraine-Krieg als den Stellvertreterkrieg zwischen den USA und Ru\u00dfland, der es von Anfang an war, gemeinsam mit Ru\u00dfland zu beenden, dann machen sie eine katastrophale historische Fehlentscheidung. Wenn sie dann zus\u00e4tzlich noch versuchen, den enormen R\u00fcckstand in der milit\u00e4rischen St\u00e4rke durch Geldsch\u00f6pfung au\u00dferhalb der regul\u00e4ren Haushalte zu finanzieren, dann wiederholen sie damit Hjalmar Schachts Politik der Mefo-Wechsel aus den 30er Jahren. Der gro\u00dfe Krieg mit Ru\u00dfland und mit all den Staaten, mit denen Ru\u00dfland sich in einer strategischen Partnerschaft befindet, w\u00fcrde dann eine sich selbst erf\u00fcllende Prophezeiung!<\/p>\n<p>Die europ\u00e4ischen Establishments haben es bisher vers\u00e4umt, ihre eigenen strategischen Fehler der letzten Jahrzehnte zu reflektieren, die zu der f\u00fcr sie gegenw\u00e4rtig unerquicklichen Lage gef\u00fchrt haben. Anstatt die gro\u00dfe historische Chance, die mit dem Fall der Mauer und der deutschen Wiedervereinigung gegeben war, zu nutzen und eine damals absolut m\u00f6gliche Friedensordnung zu errichten, schlo\u00df sich schlie\u00dflich ganz Europa der Politik der anglo-amerikanischen Neocons an. Anstatt die NATO 1991 zusammen mit dem Warschauer Pakt aufzul\u00f6sen, brach der Westen alle Versprechen, die er Gorbatschow gegeben hatte, und weitete die NATO insgesamt sechsmal &#8211; um insgesamt 1000 Kilometer &#8211; bis an die Grenzen Ru\u00dflands aus und schuf damit die Bedingungen einer umgekehrten Kuba-Krise. Die Politik der Sanktionen, Regime-Wechsel und Interventionskriege vor allem in S\u00fcdwestasien tat ein \u00fcbriges, um eine enorme Gegenbewegung des gesamten Globalen S\u00fcdens zu erzeugen.<\/p>\n<p>Aber die europ\u00e4ischen Establishments sind bisher zu einer Reflexion ihrer Fehler nicht f\u00e4hig, weil sie offensichtlich bef\u00fcrchten, da\u00df ihre Kritiker daraus Profit schlagen w\u00fcrden. Vor die Wahl gestellt, sich der neuen US- Friedenspolitik von Trump anzuschlie\u00dfen, folgen sie der britischen Politik &#8211; und damit dem Land, das der Hauptbetreiber der Kriegspolitik ist!<\/p>\n<p>Offensichtlich haben die europ\u00e4ischen proatlantischen Establishments es immer noch nicht realisiert, da\u00df das historische Momentum sich bereits massiv nach Asien verlagert hat. Dort haben mehrere Nationen Wachstumsraten, von denen die europ\u00e4ische Wirtschaft nur tr\u00e4umen kann. Der wirtschaftliche Aufstieg Chinas ist das Resultat seiner korrekten Wirtschaftspolitik, die Investitionen in Infrastruktur, Realwirtschaft, Innovation, Exzellenz in der Bildung und Produktivit\u00e4tssteigerung durch Investitionen in Spitzentechnologien priorisiert.<\/p>\n<p>Chinas Handelspartner profitieren von dieser Politik, die auf einer Win-Win- Kooperation basiert und auch ihnen wirtschaftliche Vorteile bringt. Organisationen wie die BRICS, denen inzwischen 22 Mitglieder angeh\u00f6ren, w\u00e4hrend viele weitere auf eine Mitgliedschaft hoffen, aber auch ASEAN, SCO, EAEU und andere, stellen inzwischen eine attraktive am Gemeinwohl orientierte Alternative zu der auf rein milit\u00e4rische Allianzen und geopolitische Interessen gegr\u00fcndeten unipolaren \u201eregelbasierten\u201c Ordnung dar. Vor allem hat sich herumgesprochen, da\u00df die Anwendung dieser \u201eRegeln\u201c eine h\u00f6chst willk\u00fcrliche Angelegenheit ist.<\/p>\n<p>Europa hat auf die pl\u00f6tzlichen Signale Trumps f\u00fcr eine Beendigung des Ukraine-Krieges und eine Wiederaufnahme von Diplomatie mit Ru\u00dfland mit gro\u00dfer Kopflosigkeit &#8211; und Kriegsgeschrei &#8211; reagiert. Aber noch ist Zeit f\u00fcr eine Korrektur dieser potentiell fatalen Richtung. Wenn Europa aus der gegenw\u00e4rtigen wirtschaftlichen Malaise herauskommen will, dann liegt der Ausweg in der Kooperation mit den Nationen des Globalen S\u00fcdens, der l\u00e4ngst zur Globalen Mehrheit geworden ist.<\/p>\n<p>Die Menschheit ist an dem Punkt angekommen, an dem sie die alten Denkmuster der Geopolitik und des Kalten Krieges \u00fcberwinden und durch eine neue globale Sicherheits- und Entwicklungsarchitektur, die die Interessen aller Nationen auf diesem Planeten ber\u00fccksichtigt, ersetzen mu\u00df. Der Westf\u00e4lische Frieden kann daf\u00fcr ein positives Beispiel sein, der zustande kam, weil die kriegsteilnehmenden Parteien zu dem Schlu\u00df gekommen waren, da\u00df sich bei der Fortf\u00fchrung des Krieges niemand \u00fcber einen Sieg w\u00fcrde freuen k\u00f6nnen, weil es keine \u00dcberlebende geben w\u00fcrde. Um wieviel mehr sollte uns dieses Argument in Zeiten thermonuklearer Waffen \u00fcberzeugen, die bei ihrem Einsatz zu Ausl\u00f6schung der ganzen Menschheit f\u00fchren w\u00fcrden!<\/p>\n<p style=\"text-align: center;\"><em><strong>Wir rufen die europ\u00e4ischen Politiker auf, zur Vernunft zu kommen!<\/strong><\/em><\/p>\n<p style=\"text-align: center;\"><em><strong>Wiederholt nicht die Fehler der 30er Jahre!<\/strong><\/em><\/p>\n<p style=\"text-align: center;\"><em><strong>Die Menschheit steht an ihrem wichtigsten Scheideweg in ihrer Geschichte!<\/strong><\/em><\/p>\n<p style=\"text-align: center;\"><em><strong>F\u00fcr ein neues Paradigma: Kooperation statt Konfrontation!<\/strong><\/em><\/p>\n<p style=\"text-align: center;\"><em><strong>F\u00fcr die sofortige Aufnahme von Verhandlungen zu einem neuen Westf\u00e4lischen Frieden!<\/strong><\/em><\/p>\n<p style=\"text-align: center;\"><em><strong>F\u00fcr die Beendigung des Ukraine-Kriegs durch Verhandlungen und Diplomatie!<\/strong><\/em><\/p>\n<p style=\"text-align: center;\"><em><strong>F\u00fcr die Beendigung des Gaza-Krieges durch Diplomatie, die Anerkennung\u00a0 der Zweistaatenl\u00f6sung und den wirtschaftlichen Aufbau der gesamten Region!<\/strong><\/em><\/p>\n<p style=\"text-align: center;\"><em><strong>Keine Stationierung von amerikanischen Mittelstreckenraketen in Deutschland!<\/strong><\/em><\/p>\n<p><iframe loading=\"lazy\" width=\"1500\" height=\"1800\" src=\"https:\/\/5d8e173e.sibforms.com\/serve\/MUIFAMYVUOAj-7Anx17dAYQAMeRryNLQDQBM-jL6890kbITs22eqHv_OEM0B9nyvpsbgkRaeJW7EI2BcD5TdjS0FbTZ4zRPzQ8E5Qt7tmZDQW1BDtrevwOi-adqwMPhHuM5CMUBCiaiS2cwv4iZveKdkGc5S6Qas6zkoY7_srPzqbDTDX6PvqL_RGK8YJE-LYxuN-yoHsaUn-2Vq\" frameborder=\"0\" scrolling=\"auto\" allowfullscreen style=\"display: block;margin-left: auto;margin-right: auto;max-width: 100%;\"><\/iframe><\/p>\n<!-- AddThis Advanced Settings generic via filter on the_content --><!-- AddThis Share Buttons generic via filter on the_content -->","protected":false},"excerpt":{"rendered":"<p>Die folgende Erkl\u00e4rung wurde am 8. M\u00e4rz von Helga Zepp-LaRouche, der Gr\u00fcnderin des Schiller-Instituts, zur sofortigen und weiten internationalen Verbreitung und Unterst\u00fctzung herausgegeben. Sie wird zu einer Zeit ver\u00f6ffentlicht, in der Europa an einem historischen Scheideweg steht, an dem dringend eine andere Alternative auf den&hellip;<!-- AddThis Advanced Settings generic via filter on get_the_excerpt --><!-- AddThis Share Buttons generic via filter on get_the_excerpt --><\/p>\n","protected":false},"author":33,"featured_media":107527,"parent":0,"menu_order":0,"comment_status":"closed","ping_status":"closed","template":"template_fullwidth.php","meta":{"_lmt_disableupdate":"","_lmt_disable":"","footnotes":""},"categories":[542],"tags":[],"class_list":["post-107504","page","type-page","status-publish","has-post-thumbnail","hentry","category-hzl-text-de"],"featured_image_src":"https:\/\/schillerinstitute.com\/wp-content\/uploads\/2025\/03\/Statt-Aufruestung-fuer-den-grossen-Krieg-Schafft-eine-globale-Sicherheitsarchitektur-YouTube-Miniatur.png","_links":{"self":[{"href":"https:\/\/schillerinstitute.com\/de\/wp-json\/wp\/v2\/pages\/107504","targetHints":{"allow":["GET"]}}],"collection":[{"href":"https:\/\/schillerinstitute.com\/de\/wp-json\/wp\/v2\/pages"}],"about":[{"href":"https:\/\/schillerinstitute.com\/de\/wp-json\/wp\/v2\/types\/page"}],"author":[{"embeddable":true,"href":"https:\/\/schillerinstitute.com\/de\/wp-json\/wp\/v2\/users\/33"}],"replies":[{"embeddable":true,"href":"https:\/\/schillerinstitute.com\/de\/wp-json\/wp\/v2\/comments?post=107504"}],"version-history":[{"count":13,"href":"https:\/\/schillerinstitute.com\/de\/wp-json\/wp\/v2\/pages\/107504\/revisions"}],"predecessor-version":[{"id":107976,"href":"https:\/\/schillerinstitute.com\/de\/wp-json\/wp\/v2\/pages\/107504\/revisions\/107976"}],"wp:featuredmedia":[{"embeddable":true,"href":"https:\/\/schillerinstitute.com\/de\/wp-json\/wp\/v2\/media\/107527"}],"wp:attachment":[{"href":"https:\/\/schillerinstitute.com\/de\/wp-json\/wp\/v2\/media?parent=107504"}],"wp:term":[{"taxonomy":"category","embeddable":true,"href":"https:\/\/schillerinstitute.com\/de\/wp-json\/wp\/v2\/categories?post=107504"},{"taxonomy":"post_tag","embeddable":true,"href":"https:\/\/schillerinstitute.com\/de\/wp-json\/wp\/v2\/tags?post=107504"}],"curies":[{"name":"wp","href":"https:\/\/api.w.org\/{rel}","templated":true}]}}